{"id":7954,"date":"2025-03-22T18:30:43","date_gmt":"2025-03-22T10:30:43","guid":{"rendered":"https:\/\/zojopackaging.com\/?post_type=product&#038;p=7954"},"modified":"2025-03-22T21:02:22","modified_gmt":"2025-03-22T13:02:22","slug":"custom-cosmetic-skincare-shipping-mailer-boxes-wholesale","status":"publish","type":"product","link":"https:\/\/zojopackaging.com\/it\/product\/custom-cosmetic-skincare-shipping-mailer-boxes-wholesale\/","title":{"rendered":"Custom cosmetici skincare spedizione Mailer scatole all'ingrosso"},"content":{"rendered":"<p>Struttura robusta e durevole, mailer box: La mailer box \u00e8 realizzata in cartone ondulato, con una struttura stabile, resistenza alla compressione e agli urti, in grado di proteggere efficacemente cosmetici, prodotti per la cura della pelle, oli essenziali, creme e altri prodotti da schiacciamenti, urti e danni durante il trasporto.<\/p>\n<p>Su misura e ampiamente applicabili: Le nostre scatole mailer sono progettate per cosmetici, prodotti per la cura della pelle, oli essenziali, creme e altri prodotti e possono essere personalizzate all'infinito in base alle dimensioni e alla forma dei vostri prodotti per garantire che i prodotti siano posizionati saldamente ed evitare scosse e attriti.<\/p>\n<p>Personalizzazione esclusiva e personalizzata del marchio: Forniamo servizi di personalizzazione del marchio. Potete stampare il logo del vostro marchio, lo slogan, le informazioni sul prodotto, ecc. sulla scatola dell'imballaggio per creare un imballaggio esclusivo e migliorare il riconoscimento del marchio.<\/p>\n<p>Materiale ecologico, cartone ondulato: Utilizziamo cartone ondulato di alta qualit\u00e0, ecologico e riciclabile, in linea con il concetto di sviluppo sostenibile. Il cartone ondulato ha buone propriet\u00e0 ammortizzanti, pu\u00f2 assorbire efficacemente gli urti e proteggere i vostri prodotti.<\/p>\n<p>Campioni gratuiti, esperienza personale: Per consentirvi di avere una comprensione pi\u00f9 intuitiva della qualit\u00e0 dei nostri prodotti e del nostro servizio, forniamo servizi di campionatura gratuita. Potrete sperimentare di persona i nostri materiali, le finiture e il design per assicurarvi che la scatola di imballaggio soddisfi perfettamente le vostre aspettative.<\/p>\n<p>Fornitore di origine cinese, prezzo pi\u00f9 basso: Siamo fornitori di origine cinese, con un sistema di produzione completo e un sistema di catena di fornitura, in grado di fornirvi il prezzo pi\u00f9 basso, in modo che possiate risparmiare sui costi godendo di prodotti di alta qualit\u00e0.<\/p>\n<p>Controllo di qualit\u00e0 rigoroso, eccellenza: Abbiamo istituito un rigoroso sistema di controllo della qualit\u00e0: dall'approvvigionamento delle materie prime all'ispezione del prodotto finito, ogni passaggio \u00e8 rigorosamente controllato per garantire una qualit\u00e0 stabile e affidabile del prodotto, in modo che possiate utilizzarlo con fiducia.<\/p>\n<p>Certificazione FSC e ISO, tutela dell'ambiente e impegno per la qualit\u00e0: I nostri prodotti hanno superato la certificazione FSC e la certificazione ISO, che rappresentano il nostro impegno per la tutela dell'ambiente e la responsabilit\u00e0 sociale, nonch\u00e9 i requisiti rigorosi per la qualit\u00e0 dei prodotti e il sistema di gestione.<\/p>\n<p>Progettazione gratuita, guida professionale: Forniamo servizi di progettazione gratuiti e progettisti professionisti che realizzeranno soluzioni di packaging su misura per voi. Potete proporre le vostre idee e le vostre esigenze e noi vi forniremo indicazioni e suggerimenti professionali per aiutarvi a creare un packaging di marca unico.<\/p>\n<p>Consegna velocissima, risposta efficiente: Disponiamo di un processo di produzione efficiente e di un team logistico professionale, in grado di fornire la consegna pi\u00f9 rapida, assicurando che il vostro ordine possa essere completato in tempo senza ritardare il vostro piano di vendita.<\/p>\n<p>Produzione rapida di campioni in 2 giorni, per cogliere le opportunit\u00e0 del mercato: Promettiamo di produrre rapidamente campioni in 2 giorni, in modo che possiate confermare rapidamente il piano di progettazione, abbreviare il ciclo di produzione e cogliere l'opportunit\u00e0 del mercato.<\/p>\n<p>Consegna nazionale, comoda e senza preoccupazioni: Forniamo servizi di consegna a livello nazionale. Non importa dove vi troviate, possiamo consegnarvi i prodotti in tutta sicurezza, in modo che possiate godere di un'esperienza di acquisto comoda e senza preoccupazioni.<\/p>\n<p>Specifiche del prodotto:<\/p>\n<p>Materiale: cartone ondulato di alta qualit\u00e0<br \/>\nStampa: Personalizzabile<br \/>\nTipo di scatola: scatola per aereo<br \/>\nCertificazione: Certificazione FSC, certificazione ISO<\/p>\n<p>Caratteristiche:<br \/>\nStruttura della scatola di spedizione, robusta e resistente<br \/>\nProgettato specificamente per i cosmetici e i prodotti per la cura della pelle<br \/>\nPersonalizzazione del marchio, stile esclusivo<br \/>\nServizio di progettazione gratuito<br \/>\nProduzione rapida di campioni in 2 giorni<br \/>\nConsegna nazionale<\/p>\n<p>Scenari applicabili:<\/p>\n<p>Imballaggio per il trasporto del commercio elettronico di cosmetici<br \/>\nConfezioni per la vendita online di prodotti per la cura della pelle<br \/>\nProtezione del trasporto di oli essenziali, creme e altri prodotti<br \/>\nPromozione dell'immagine del marchio<\/p>\n<p>Motivi per scegliere noi:<\/p>\n<p>Servizio di personalizzazione professionale: Disponiamo di un team di progettazione e di produzione professionale, in grado di fornire una gamma completa di servizi personalizzati, dalla progettazione alla produzione, senza preoccupazioni per tutto il processo.<br \/>\nGaranzia di qualit\u00e0 eccellente: Controlliamo rigorosamente tutti i collegamenti di produzione per garantire la qualit\u00e0 stabile e affidabile del prodotto, in modo da poterlo utilizzare con fiducia.<br \/>\nVantaggio di prezzo evidente: Siamo il fornitore di origine e possiamo fornirvi il prezzo pi\u00f9 competitivo, in modo che possiate ottenere una prestazione di costo superiore.<br \/>\nConsegna efficiente e puntuale: Disponiamo di un processo produttivo efficiente e di un team logistico professionale per garantire la consegna puntuale del vostro ordine.<br \/>\nServizio di progettazione gratuito: Forniamo servizi di progettazione gratuiti e soluzioni di imballaggio su misura per voi.<br \/>\nRisposta rapida: Promettiamo di produrre rapidamente campioni e di consegnarli a livello nazionale entro 2 giorni, in modo che possiate sperimentare servizi efficienti e convenienti.<br \/>\nRispettosi dell'ambiente e sostenibili: Utilizziamo carta certificata FSC, sosteniamo la gestione sostenibile delle foreste e contribuiamo a proteggere la Terra.<\/p>","protected":false},"excerpt":{"rendered":"<p>Scatole aeree personalizzate per cosmetici\/cura della pelle, realizzate in carta ondulata, sicure e antiurto. Personalizzazione illimitata delle dimensioni e dei loghi del marchio, adatta per oli essenziali e creme, per creare confezioni esclusive per il trasporto del marchio.<\/p>","protected":false},"featured_media":7956,"template":"","meta":[],"product_brand":[],"product_cat":[31,30,390,433],"product_tag":[462,460,461],"class_list":{"0":"post-7954","1":"product","2":"type-product","3":"status-publish","4":"has-post-thumbnail","6":"product_cat-paper-box-style","7":"product_cat-by-industry","8":"product_cat-custom-cosmetics-boxes","9":"product_cat-shipping-mailer-boxes","10":"product_tag-cosmetic-skincare-boxes-wholesale","11":"product_tag-custom-cosmetic-shipping-boxes","12":"product_tag-skincare-mailer-boxes","14":"first","15":"instock","16":"shipping-taxable","17":"product-type-simple"},"_links":{"self":[{"href":"https:\/\/zojopackaging.com\/it\/wp-json\/wp\/v2\/product\/7954","targetHints":{"allow":["GET"]}}],"collection":[{"href":"https:\/\/zojopackaging.com\/it\/wp-json\/wp\/v2\/product"}],"about":[{"href":"https:\/\/zojopackaging.com\/it\/wp-json\/wp\/v2\/types\/product"}],"version-history":[{"count":2,"href":"https:\/\/zojopackaging.com\/it\/wp-json\/wp\/v2\/product\/7954\/revisions"}],"predecessor-version":[{"id":7969,"href":"https:\/\/zojopackaging.com\/it\/wp-json\/wp\/v2\/product\/7954\/revisions\/7969"}],"wp:featuredmedia":[{"embeddable":true,"href":"https:\/\/zojopackaging.com\/it\/wp-json\/wp\/v2\/media\/7956"}],"wp:attachment":[{"href":"https:\/\/zojopackaging.com\/it\/wp-json\/wp\/v2\/media?parent=7954"}],"wp:term":[{"taxonomy":"product_brand","embeddable":true,"href":"https:\/\/zojopackaging.com\/it\/wp-json\/wp\/v2\/product_brand?post=7954"},{"taxonomy":"product_cat","embeddable":true,"href":"https:\/\/zojopackaging.com\/it\/wp-json\/wp\/v2\/product_cat?post=7954"},{"taxonomy":"product_tag","embeddable":true,"href":"https:\/\/zojopackaging.com\/it\/wp-json\/wp\/v2\/product_tag?post=7954"}],"curies":[{"name":"wp","href":"https:\/\/api.w.org\/{rel}","templated":true}]}}