{"id":7989,"date":"2025-03-23T09:59:02","date_gmt":"2025-03-23T01:59:02","guid":{"rendered":"https:\/\/zojopackaging.com\/?post_type=product&#038;p=7989"},"modified":"2025-03-23T10:28:33","modified_gmt":"2025-03-23T02:28:33","slug":"luxury-premium-chocolate-gift-boxes-from-china-distributor","status":"publish","type":"product","link":"https:\/\/zojopackaging.com\/it\/product\/luxury-premium-chocolate-gift-boxes-from-china-distributor\/","title":{"rendered":"Scatole regalo di cioccolato di lusso Premium dal distributore cinese"},"content":{"rendered":"<h2 id=\"-chocolate-box-with-lid-and-top-cover-unlimited-customization-of-high-end-packaging-solutions-\"><strong>Scatola di cioccolato con coperchio e base di copertura - personalizzazione illimitata di soluzioni di packaging di alta gamma<\/strong><\/h2>\n<p><strong>1. Panoramica del prodotto<\/strong>\u00a0La scatola con coperchio e coperchio superiore \u00e8 un classico design di imballaggio di fascia alta con una struttura di coperchio superiore e inferiore. \u00c8 facile da aprire e chiudere e ha una forte tenuta. \u00c8 perfettamente adatta a prodotti come\u00a0<strong>cioccolato<\/strong>, caramelle e beni di lusso. Il suo aspetto elegante e la sua praticit\u00e0 possono conferire un valore unico al marchio e migliorare l'esperienza di unboxing del consumatore.<\/p>\n<p><strong>2. Vantaggi fondamentali<\/strong><\/p>\n<ul>\n<li><strong>Materiale eccellente<\/strong>: Realizzato in materiale di alta qualit\u00e0\u00a0<strong>materiale di carta patinata<\/strong>Ha una superficie liscia e delicata e una riproduzione dei colori estremamente elevata. Pu\u00f2 stampare motivi complessi o la tecnologia di stampa a caldo per mostrare la texture di alto livello del marchio.<\/li>\n<li><strong>Personalizzazione illimitata<\/strong>: Supporta la personalizzazione di dimensioni, forma, stampa e struttura della fodera per soddisfare le esigenze personalizzate del marchio.\u00a0<a href=\"https:\/\/zojoprint.en.alibaba.com\" target=\"_blank\" rel=\"noopener\">Per i casi di cooperazione, fare riferimento al servizio ODM di <\/a><a href=\"https:\/\/zojoprint.en.alibaba.com\/?spm=a2700.29482153.0.0.f2a871d2PoWaDJ\" target=\"_blank\" rel=\"noopener\">Panoramica dell'azienda - Shenzhen Zojoprint Co., Ltd.<\/a>.<\/li>\n<li><strong>Certificazione ambientale<\/strong>: Superato\u00a0<strong>Certificazione forestale FSC<\/strong>\u00a0per garantire una fonte sostenibile di carta; ottenuto\u00a0<strong>Certificazione del sistema di gestione della qualit\u00e0 ISO<\/strong>\u00a0per garantire la conformit\u00e0 dell'intero processo produttivo.<\/li>\n<\/ul>\n<p><strong>3. Punti salienti del servizio<\/strong><\/p>\n<ul>\n<li><strong>Vantaggi dei fornitori di origine cinese<\/strong>: In qualit\u00e0 di produttore diretto, eliminiamo l'intermediario, forniamo la\u00a0<strong>prezzo pi\u00f9 ragionevole<\/strong>\u00a0(risparmiando 30%+ costi rispetto agli imballaggi importati) e rispondere rapidamente alla domanda.\u00a0<a href=\"https:\/\/zojoprint.en.alibaba.com\/\" target=\"_blank\" rel=\"noopener\">Fare riferimento a https:\/\/zojoprint.en.alibaba.com\/ <\/a>\u00a0per servizi personalizzati one-stop.<\/li>\n<li><strong>Controllo di qualit\u00e0 rigoroso<\/strong>: Adottare un processo di ispezione della qualit\u00e0 a tre livelli: screening delle materie prime, test dei prodotti semilavorati e ispezione completa del prodotto finito per garantire che il tasso di qualificazione della spedizione sia &gt;99%.<\/li>\n<li><strong>Consegna veloce<\/strong>:\u00a0<strong>I campioni sono disponibili entro 3 giorni<\/strong>e l'applicazione di campioni gratuiti \u00e8 supportata per aiutare i clienti a prendere decisioni efficienti.\u00a0<a href=\"https:\/\/zojoprint.en.alibaba.com\/\" target=\"_blank\" rel=\"noopener\">https:\/\/zojoprint.en.alibaba.com\/ <\/a>.<\/li>\n<\/ul>\n<p><strong>4. Scenari di applicazione<\/strong><\/p>\n<ul>\n<li>Scatole regalo di cioccolato (come quelle a tema matrimonio e festivit\u00e0)<\/li>\n<li>Cibi di alta gamma (tartufi, biscotti, ecc.)<\/li>\n<li>Cosmetici e beni di lusso (profumi, gioielli, ecc.)\u00a0<em>(Ispirazione dai diversi casi di imballaggio di <a href=\"https:\/\/zojopackaging.com\/it\/\">https:\/\/zojopackaging.com\/<\/a>)<\/em><\/li>\n<\/ul>\n<hr \/>\n<p><strong>5. Perch\u00e9 scegliere noi?<\/strong><\/p>\n<ul>\n<li><strong>Prezzi trasparenti<\/strong>: Il preventivo comprende l'intero processo di progettazione, revisione e produzione, senza costi nascosti.<\/li>\n<li><strong>Servizi di alta qualit\u00e0<\/strong>: Consulenti esclusivi 1 a 1, supporto completo dall'analisi della domanda al monitoraggio della logistica.<\/li>\n<li><strong>Garanzia dei lotti<\/strong>: Supporto per ordini di prova di piccoli lotti fino alla produzione di massa a livello di milioni, per soddisfare in modo flessibile le esigenze del marchio.<\/li>\n<\/ul>\n<p><strong>Agite subito!\u00a0<\/strong>\u2b07\ufe0f\u00a0<a href=\"https:\/\/zojopackaging.com\/it\/contact-us\/\"><strong>Contattateci<\/strong><\/a>\u00a0per ricevere campioni gratuiti e preventivi esclusivi e iniziare il viaggio di aggiornamento del packaging del vostro marchio! \ud83d\udce6\u2728<\/p>","protected":false},"excerpt":{"rendered":"<p>Scatola di cioccolato con coperchio e base, personalizzata dalla fabbrica di origine! Carta patinata + stampa CMYK, dimensioni e design illimitati, per creare confezioni esclusive<\/p>","protected":false},"featured_media":7990,"template":"","meta":[],"product_brand":[],"product_cat":[31,30,422,425],"product_tag":[467,466,449],"class_list":{"0":"post-7989","1":"product","2":"type-product","3":"status-publish","4":"has-post-thumbnail","6":"product_cat-paper-box-style","7":"product_cat-by-industry","8":"product_cat-custom-gourmet-boxes-by-industry","9":"product_cat-lid-and-base-gift-box","10":"product_tag-chocolate-boxes-distributor","11":"product_tag-luxury-chocolate-gift-boxes","12":"product_tag-premium-chocolate-gift-boxes","14":"first","15":"instock","16":"shipping-taxable","17":"product-type-simple"},"_links":{"self":[{"href":"https:\/\/zojopackaging.com\/it\/wp-json\/wp\/v2\/product\/7989","targetHints":{"allow":["GET"]}}],"collection":[{"href":"https:\/\/zojopackaging.com\/it\/wp-json\/wp\/v2\/product"}],"about":[{"href":"https:\/\/zojopackaging.com\/it\/wp-json\/wp\/v2\/types\/product"}],"version-history":[{"count":1,"href":"https:\/\/zojopackaging.com\/it\/wp-json\/wp\/v2\/product\/7989\/revisions"}],"predecessor-version":[{"id":7996,"href":"https:\/\/zojopackaging.com\/it\/wp-json\/wp\/v2\/product\/7989\/revisions\/7996"}],"wp:featuredmedia":[{"embeddable":true,"href":"https:\/\/zojopackaging.com\/it\/wp-json\/wp\/v2\/media\/7990"}],"wp:attachment":[{"href":"https:\/\/zojopackaging.com\/it\/wp-json\/wp\/v2\/media?parent=7989"}],"wp:term":[{"taxonomy":"product_brand","embeddable":true,"href":"https:\/\/zojopackaging.com\/it\/wp-json\/wp\/v2\/product_brand?post=7989"},{"taxonomy":"product_cat","embeddable":true,"href":"https:\/\/zojopackaging.com\/it\/wp-json\/wp\/v2\/product_cat?post=7989"},{"taxonomy":"product_tag","embeddable":true,"href":"https:\/\/zojopackaging.com\/it\/wp-json\/wp\/v2\/product_tag?post=7989"}],"curies":[{"name":"wp","href":"https:\/\/api.w.org\/{rel}","templated":true}]}}