{"id":8006,"date":"2025-03-23T10:48:38","date_gmt":"2025-03-23T02:48:38","guid":{"rendered":"https:\/\/zojopackaging.com\/?post_type=product&#038;p=8006"},"modified":"2025-03-23T11:16:01","modified_gmt":"2025-03-23T03:16:01","slug":"high-quality-custom-hat-packaging-boxes-wholesale-branding","status":"publish","type":"product","link":"https:\/\/zojopackaging.com\/it\/product\/high-quality-custom-hat-packaging-boxes-wholesale-branding\/","title":{"rendered":"Scatole d'imballaggio per cappelli di alta qualit\u00e0 all'ingrosso di branding"},"content":{"rendered":"<h2 id=\"-core-advantages-of-the-product-\"><strong>I principali vantaggi del prodotto<\/strong><\/h2>\n<ol>\n<li><strong>scatola con chiusura magnetica + maniglia portatile<\/strong><\/li>\n<li>Il coperchio \u00e8 dotato di un foglio magnetico incorporato, che si apre e si chiude in modo silenzioso e fluido, ed \u00e8 dotato di una solida maniglia. \u00c8 adatto per\u00a0<strong>cappelli, vestiti<\/strong>\u00a0e altri prodotti di lusso leggeri, belli e facili da trasportare.<\/li>\n<li>Adatto a scenari di vendita al dettaglio online e offline per migliorare il senso di qualit\u00e0 del prodotto.<\/li>\n<li><strong>Opzioni di personalizzazione illimitate<\/strong><\/li>\n<li><strong>Dimensioni, forma, processo di stampa<\/strong>\u00a0Libera scelta, supporto di stampa a caldo\/UV\/goffratura e altri processi per soddisfare le esigenze personalizzate del marchio.<\/li>\n<li>Realizzato in carta patinata, con pellicola opaca\/luminosa sulla superficie, ha una consistenza delicata e resistente all'usura, presentando perfettamente il design del marchio VI.<\/li>\n<li><strong>Una certificazione autorevole garantisce la qualit\u00e0<\/strong><\/li>\n<li>Con\u00a0<strong>Certificazione forestale FSC<\/strong>\u00a0e\u00a0<strong>Certificazione del sistema di gestione della qualit\u00e0 ISO<\/strong>I materiali sono ecologici e riciclabili e il processo produttivo segue rigorosamente gli standard globali.<\/li>\n<li>Dalle materie prime ai prodotti finiti,\u00a0<strong>100% ispezione completa<\/strong> \u00e8 implementato per garantire l'assenza di difetti in ogni collegamento.<\/li>\n<\/ol>\n<h2 id=\"-service-commitment-\"><strong>Impegno di servizio<\/strong><\/h2>\n<ul>\n<li><strong>Preventivo e progettazione gratuiti<\/strong>: L'esclusivo team di progettazione fornisce rendering 3D e risponde rapidamente alle esigenze di modifica.<\/li>\n<li><strong>Il prezzo pi\u00f9 competitivo<\/strong>: Grazie al supporto della produzione su larga scala e della catena di fornitura locale, l'offerta \u00e8 trasparente e non ci sono costi nascosti.<\/li>\n<li><strong>Esperienza campione gratuita<\/strong>: Prima verificare la qualit\u00e0, poi effettuare gli ordini in lotti per ridurre il rischio di cooperazione.<\/li>\n<li><strong>Consegna lampo<\/strong>: Gli ordini regolari vengono spediti entro\u00a0<strong>15 giorni<\/strong>e gli ordini urgenti vengono consegnati in soli 7 giorni, con il supporto della logistica globale (vedi pagina 5).<a href=\"https:\/\/zojopackaging.com\/it\/\">https:\/\/zojopackaging.com\/<\/a>).<\/li>\n<\/ul>\n<p><strong>Agite ora e iniziate a cooperare!\u00a0<\/strong>\ud83d\udce9\u00a0<strong>Invia le tue esigenze<\/strong>\u00a0\u2192\u00a0<strong>Ricevete gratuitamente soluzioni esclusive e campioni<\/strong>\u00a0\u2192\u00a0<strong>Produzione in serie dopo la verifica della qualit\u00e0<\/strong> \u26a0\ufe0f fiducia nel mondo -- Abbiamo fornito con successo soluzioni di imballaggio per molti marchi internazionali e non vediamo l'ora di diventare il vostro partner a lungo termine!<\/p>\n<hr \/>\n<p><strong>Perch\u00e9 scegliere noi?\u00a0<\/strong>\u2705\u00a0<strong>Una ricca esperienza di esportazione<\/strong>: Esportato in pi\u00f9 di 30 paesi, tra cui Europa, America, Giappone e Corea del Sud, conosce gli standard di imballaggio dei vari paesi. \u2705\u00a0<strong>Tecnologia + servizio doppia garanzia<\/strong>: team di progettazione di 20 persone + linea di produzione completamente automatizzata, efficienza e creativit\u00e0. \u2705\u00a0<strong>Impegno ambientale<\/strong>: Utilizzare materiali cartacei rinnovabili per aiutare i marchi ad attuare gli obiettivi di sviluppo sostenibile.<\/p>","protected":false},"excerpt":{"rendered":"<p>Scatola regalo con maniglia a chiusura magnetica adatta per cappelli\/abbigliamento, materiale in carta patinata C2S che supporta una personalizzazione illimitata, esportatore cinese certificato ISO\/SGS<\/p>","protected":false},"featured_media":8007,"template":"","meta":[],"product_brand":[],"product_cat":[31,30,427,414],"product_tag":[471,472,473],"class_list":{"0":"post-8006","1":"product","2":"type-product","3":"status-publish","4":"has-post-thumbnail","6":"product_cat-paper-box-style","7":"product_cat-by-industry","8":"product_cat-collapsible-gift-boxes","9":"product_cat-custom-apparel-boxes","10":"product_tag-custom-hat-packaging","11":"product_tag-hat-packaging-boxes","12":"product_tag-hat-packaging-wholesale","14":"first","15":"instock","16":"shipping-taxable","17":"product-type-simple"},"_links":{"self":[{"href":"https:\/\/zojopackaging.com\/it\/wp-json\/wp\/v2\/product\/8006","targetHints":{"allow":["GET"]}}],"collection":[{"href":"https:\/\/zojopackaging.com\/it\/wp-json\/wp\/v2\/product"}],"about":[{"href":"https:\/\/zojopackaging.com\/it\/wp-json\/wp\/v2\/types\/product"}],"version-history":[{"count":1,"href":"https:\/\/zojopackaging.com\/it\/wp-json\/wp\/v2\/product\/8006\/revisions"}],"predecessor-version":[{"id":8013,"href":"https:\/\/zojopackaging.com\/it\/wp-json\/wp\/v2\/product\/8006\/revisions\/8013"}],"wp:featuredmedia":[{"embeddable":true,"href":"https:\/\/zojopackaging.com\/it\/wp-json\/wp\/v2\/media\/8007"}],"wp:attachment":[{"href":"https:\/\/zojopackaging.com\/it\/wp-json\/wp\/v2\/media?parent=8006"}],"wp:term":[{"taxonomy":"product_brand","embeddable":true,"href":"https:\/\/zojopackaging.com\/it\/wp-json\/wp\/v2\/product_brand?post=8006"},{"taxonomy":"product_cat","embeddable":true,"href":"https:\/\/zojopackaging.com\/it\/wp-json\/wp\/v2\/product_cat?post=8006"},{"taxonomy":"product_tag","embeddable":true,"href":"https:\/\/zojopackaging.com\/it\/wp-json\/wp\/v2\/product_tag?post=8006"}],"curies":[{"name":"wp","href":"https:\/\/api.w.org\/{rel}","templated":true}]}}