{"id":8027,"date":"2025-03-23T11:47:13","date_gmt":"2025-03-23T03:47:13","guid":{"rendered":"https:\/\/zojopackaging.com\/?post_type=product&#038;p=8027"},"modified":"2025-03-23T16:34:14","modified_gmt":"2025-03-23T08:34:14","slug":"custom-clothing-packaging-apparel-boxes-china-manufacturer","status":"publish","type":"product","link":"https:\/\/zojopackaging.com\/it\/product\/custom-clothing-packaging-apparel-boxes-china-manufacturer\/","title":{"rendered":"Abbigliamento personalizzato imballaggio abbigliamento scatole Cina Produttore"},"content":{"rendered":"<h3 id=\"customized-clothing-packaging-box-chinese-manufacturer-description\">Descrizione del produttore cinese della scatola di imballaggio dell'abbigliamento su misura<\/h3>\n<h4 id=\"1-double-sided-color-printing-professional-visual-shaping\">1. Stampa a colori su entrambi i lati: forma visiva professionale.<\/h4>\n<p>I produttori cinesi utilizzano ampiamente\u00a0<strong>tecnologia di stampa a colori su due lati<\/strong>\u00a0nella personalizzazione delle confezioni di abbigliamento, presentando loghi del marchio, motivi o colori sfumati attraverso una tecnologia di stampa ad alta precisione. Non solo migliora il riconoscimento del prodotto, ma rafforza anche l'unit\u00e0 visiva del marchio attraverso la sovrapposizione dei colori. La stampa fronte\/retro combinata con la tecnologia di laminazione opaca\/lucida fa s\u00ec che la scatola da imballaggio presenti una texture delicata in diversi ambienti luminosi, soddisfacendo la duplice esigenza di professionalit\u00e0 e raffinatezza dei marchi di abbigliamento di fascia alta.<\/p>\n<h4 id=\"2-macron-color-system-emotional-design-language\">2. Sistema cromatico Macron: linguaggio emozionale del design<\/h4>\n<p>In linea con la tendenza di un consumo pi\u00f9 giovane, i produttori incorporano\u00a0<strong>sistema cromatico Macron morbido<\/strong>\u00a0nel design del packaging. Ad esempio, la confezione regalo Qixi in stile INS a gradiente utilizza blu polvere a bassa saturazione, viola chiaro e altre tonalit\u00e0 per creare un effetto visivo da sogno, che soddisfa le richieste dei marchi di abbigliamento femminile per le scene di consumo emotivo. Grazie ai servizi di abbinamento dei colori personalizzati, il sistema di colori Macron \u00e8 combinato con il sistema VI del marchio, che non solo trasmette un tono rilassato e piacevole del marchio, ma migliora anche il senso di rituale dell'utente nell'esperienza di unboxing attraverso la psicologia del colore.<\/p>\n<h4 id=\"3-magnetic-box-structure-high-end-interactive-experience-upgrade\">3. Struttura della scatola magnetica: aggiornamento dell'esperienza interattiva di alto livello.<\/h4>\n<p><strong>Apertura e chiusura magnetica<\/strong>\u00a0\u00e8 diventata una delle tecnologie principali per migliorare il senso del valore dell'imballaggio. La scatola regalo magnetica pieghevole utilizza fibbie magnetiche incorporate per ottenere una chiusura silenziosa. La sua precisa forza di assorbimento non solo garantisce la sicurezza del trasporto, ma offre anche un feedback tattile di alto livello grazie alla sensazione di smorzamento durante l'apertura e la chiusura. Il flip box magnetico combina fibbie metalliche e materiali cartacei speciali per migliorare la comprensione da parte degli utenti del livello di artigianalit\u00e0 del marchio con un design interattivo del tipo \"un tocco per aprire\". Questo tipo di design \u00e8 particolarmente adatto a linee di prodotti come l'abbigliamento di lusso leggero e gli abiti personalizzati che devono enfatizzare il senso del rituale.<\/p>\n<h4 id=\"4-high-strength-material-safety-and-environmental-protection-are-equally-important\">4. Materiale ad alta resistenza: la sicurezza e la protezione dell'ambiente sono ugualmente importanti.<\/h4>\n<p>I produttori utilizzano generalmente una struttura composita di\u00a0<strong>Cartone grigio da 1200 GSM + carta patinata da 157 GSM<\/strong>. La scatola originale in carta kraft colorata ha una capacit\u00e0 di carico di \u226550 kg grazie al rivestimento in cartone grigio, che resiste efficacemente all'estrusione logistica. La scatola regalo con coperchio superiore e inferiore aggiunge un rivestimento ecologico a base d'acqua sulla superficie della carta patinata, che non solo garantisce la saturazione del colore della stampa, ma \u00e8 anche conforme allo standard REACH dell'UE, tenendo conto della durata e della sostenibilit\u00e0. Questa combinazione di materiali rende il tasso di rottura della scatola di imballaggio inferiore a 0,3% nel test di caduta, superando di gran lunga la media del settore.<\/p>\n<h4 id=\"5-full-size-customization-accurately-adapt-to-product-form\">5. Personalizzazione a grandezza naturale: Adattamento preciso alla forma del prodotto<\/h4>\n<p>La catena di approvvigionamento della Cina fornisce\u00a0<strong>Personalizzazione delle dimensioni con precisione millimetrica<\/strong>\u00a0servizi. Ad esempio, la sua scatola per l'imballaggio di abbigliamento supporta una copertura completa da 5cm\u00d75cm a 120cm\u00d780cm, e l'errore delle specifiche speciali \u00e8 controllato entro \u00b10,5mm. Per gli indumenti irregolari (come abiti da sposa e piumini), la struttura regolabile della scatola consente di regolare dinamicamente la profondit\u00e0 della scatola attraverso il design della linea di piegatura, e un singolo lotto pu\u00f2 essere compatibile con 3-5 diversi spessori di indumenti misti.<\/p>\n<h4 id=\"vi-multiple-box-type-system-brand-differentiation-carrier\">6. Sistema di scatole multiple: Vettore di differenziazione del marchio<\/h4>\n<p>I produttori hanno creato una libreria di soluzioni che copre pi\u00f9 di 10 tipi di scatole mainstream:<\/p>\n<ol>\n<li><strong>Cassettiera<\/strong>: Adatto per riporre a strati accessori come sciarpe e cravatte, con slot per carte antiscivolo all'interno;<\/li>\n<li><strong>Scatola di aspirazione magnetica a libro<\/strong>: Imitando il design del dorso di un libro con copertina rigida, adatto al packaging narrativo di marchi di design;<\/li>\n<li><strong>Scatola dell'aereo intercambiabile<\/strong>: La prestampa viene utilizzata per ottenere una rapida conversione del tipo di scatola tra modalit\u00e0 di trasporto e modalit\u00e0 di esposizione.<\/li>\n<\/ol>\n<h4 id=\"vii-functional-inner-tray-product-protection-is-upgraded\">7. Vassoio interno funzionale: La protezione del prodotto \u00e8 migliorata<\/h4>\n<p>Sviluppare sistemi di vassoi interni speciali per diverse categorie di abbigliamento:<\/p>\n<ul>\n<li><strong>Fodera antiumidit\u00e0<\/strong>: Viene utilizzato un tessuto non tessuto rivestito in PE per uso alimentare e la precisione del controllo dell'umidit\u00e0 raggiunge \u00b13%RH, adatto a tessuti delicati come il cashmere e la seta;<\/li>\n<li><strong>Staffa rimovibile<\/strong>: La staffa tridimensionale in materiale PP consente di appendere senza pieghe abiti e vestiti;<\/li>\n<li><strong>Vassoio interno a rilevamento intelligente<\/strong>: Chip RFID incorporato, collegato all'APP del marchio per realizzare la verifica anticontraffazione e il suggerimento di vestizione.<\/li>\n<\/ul>","protected":false},"excerpt":{"rendered":"<p>La scatola per abiti con chiusura magnetica \u00e8 adatta a tutti i tipi di abbigliamento. \u00c8 realizzata in carta patinata C2S e supporta un numero illimitato di disegni personalizzati. \u00c8 prodotta in fabbriche cinesi con garanzia di qualit\u00e0.<\/p>","protected":false},"featured_media":8030,"template":"","meta":[],"product_brand":[],"product_cat":[31,30,414,424],"product_tag":[478,479,477],"class_list":{"0":"post-8027","1":"product","2":"type-product","3":"status-publish","4":"has-post-thumbnail","6":"product_cat-paper-box-style","7":"product_cat-by-industry","8":"product_cat-custom-apparel-boxes","9":"product_cat-magnetic-closure-boxes","10":"product_tag-apparel-boxes-manufacturer","11":"product_tag-apparel-packaging-china","12":"product_tag-custom-clothing-packaging","14":"first","15":"instock","16":"shipping-taxable","17":"product-type-simple"},"_links":{"self":[{"href":"https:\/\/zojopackaging.com\/it\/wp-json\/wp\/v2\/product\/8027","targetHints":{"allow":["GET"]}}],"collection":[{"href":"https:\/\/zojopackaging.com\/it\/wp-json\/wp\/v2\/product"}],"about":[{"href":"https:\/\/zojopackaging.com\/it\/wp-json\/wp\/v2\/types\/product"}],"version-history":[{"count":3,"href":"https:\/\/zojopackaging.com\/it\/wp-json\/wp\/v2\/product\/8027\/revisions"}],"predecessor-version":[{"id":8062,"href":"https:\/\/zojopackaging.com\/it\/wp-json\/wp\/v2\/product\/8027\/revisions\/8062"}],"wp:featuredmedia":[{"embeddable":true,"href":"https:\/\/zojopackaging.com\/it\/wp-json\/wp\/v2\/media\/8030"}],"wp:attachment":[{"href":"https:\/\/zojopackaging.com\/it\/wp-json\/wp\/v2\/media?parent=8027"}],"wp:term":[{"taxonomy":"product_brand","embeddable":true,"href":"https:\/\/zojopackaging.com\/it\/wp-json\/wp\/v2\/product_brand?post=8027"},{"taxonomy":"product_cat","embeddable":true,"href":"https:\/\/zojopackaging.com\/it\/wp-json\/wp\/v2\/product_cat?post=8027"},{"taxonomy":"product_tag","embeddable":true,"href":"https:\/\/zojopackaging.com\/it\/wp-json\/wp\/v2\/product_tag?post=8027"}],"curies":[{"name":"wp","href":"https:\/\/api.w.org\/{rel}","templated":true}]}}