{"id":8035,"date":"2025-03-23T12:14:07","date_gmt":"2025-03-23T04:14:07","guid":{"rendered":"https:\/\/zojopackaging.com\/?post_type=product&#038;p=8035"},"modified":"2025-03-23T16:14:54","modified_gmt":"2025-03-23T08:14:54","slug":"luxury-design-apparel-shirts-clothes-bikini-boxes-wholesale","status":"publish","type":"product","link":"https:\/\/zojopackaging.com\/it\/product\/luxury-design-apparel-shirts-clothes-bikini-boxes-wholesale\/","title":{"rendered":"Lusso Design Abbigliamento Camicie Vestiti Bikini Scatole all'ingrosso"},"content":{"rendered":"<h2 id=\"-fsc-environmentally-friendly-foldable-magnetic-window-packaging-box-special-solution-for-high-end-clothing-shirts-bikinis-wholesale-\"><strong>Scatola d'imballaggio magnetica pieghevole a finestra FSC, rispettosa dell'ambiente<\/strong><\/h2>\n<h3 id=\"-material-and-environmental-certification-the-unity-of-quality-and-responsibility-\"><strong>1. Certificazione materiale e ambientale: l'unit\u00e0 di qualit\u00e0 e responsabilit\u00e0<\/strong><\/h3>\n<ol>\n<li><strong>Cartone grigio 1200GSM + carta patinata FSC 157GSM<\/strong><\/li>\n<li><strong>Pannello grigio ad alta densit\u00e0<\/strong>Capacit\u00e0 di carico di 3 kg, resistenza alla compressione e alla deformazione, ideale per la protezione del trasporto di indumenti di grandi dimensioni (come cappotti e abiti).<\/li>\n<li><strong>Carta patinata ecologica FSC<\/strong>pellicola opaca\/lucida sulla superficie, impermeabile e antiolio, ha superato la certificazione REACH dell'UE, 100% riciclabile e degradabile, soddisfa le esigenze di sviluppo sostenibile dei marchi globali.<\/li>\n<\/ol>\n<h3 id=\"-box-design-minimalist-and-practical-cost-reduction-and-efficiency-improvement-\"><strong>2. design della scatola: minimalista e pratico, riduzione dei costi e miglioramento dell'efficienza<\/strong><\/h3>\n<ol>\n<li><strong>Scatola pieghevole a forma di libro + interruttore magnetico<\/strong><\/li>\n<li>Lo spessore dopo la piegatura \u00e8 di soli 2,5 cm, il volume di trasporto si riduce di 70% e il costo di trasporto di 50%; il design della chiusura magnetica \u00e8 silenzioso e scorrevole da aprire e chiudere e non si deforma dopo un uso ripetuto.<\/li>\n<li><strong>Finestra trasparente (PVC\/PET opzionale)<\/strong>: La posizione e la forma della finestra possono essere personalizzate su richiesta e i dettagli dell'abbigliamento (come lo stile del bikini, il tessuto della camicia) possono essere visualizzati in modo intuitivo, riducendo il tasso di consultazione dei clienti di 30%+.<\/li>\n<li><strong>Tecnologia a superficie minima<\/strong><\/li>\n<li>Nessuna stampa complessa, solo una pellicola opaca\/luminosa ecologica, delicata al tatto e antigraffio, adatta al concetto di design \"less is more\" dei beni di lusso, riducendo i costi di lavorazione di 15%.<\/li>\n<\/ol>\n<h3 id=\"-customized-service-flexible-adaptation-to-all-categories-of-clothing-\"><strong>3. Servizio personalizzato: adattamento flessibile a tutte le categorie di abbigliamento.<\/strong><\/h3>\n<ol>\n<li><strong>Dimensione liberamente definita: <\/strong>Supporta la regolazione completa della lunghezza, della larghezza e dell'altezza della scatola (5-80 cm) e la fodera pu\u00f2 essere dotata di scanalature in EVA, staffe di floccaggio o fibbie pendenti per fissare con precisione parti facilmente deformabili come colletti di camicie e spalline di bikini.<\/li>\n<li><strong>Link di risposta rapida<\/strong>\u00a0<strong>Preventivo intelligente di 10 minuti<\/strong>: Inviate online i requisiti relativi a dimensioni\/finestre e il sistema di intelligenza artificiale generer\u00e0 fogli di preventivo e rendering 3D in tempo reale senza alcuna verifica manuale.<\/li>\n<li><strong>Ispezione di qualit\u00e0 del campione gratuito per 3 giorni<\/strong>: Il proofing include il rapporto di prova dei materiali SGS, supporta 5 modifiche di dettaglio e garantisce l'assenza di errori nella produzione di massa.<\/li>\n<\/ol>\n<h3 id=\"-global-delivery-guarantee-efficient-access-to-end-customers-\"><strong>4. Garanzia di consegna globale: accesso efficiente ai clienti finali<\/strong><\/h3>\n<ol>\n<li><strong><strong>5-7 giorni lavorativi consegna espressa globale<\/strong><\/strong>Cooperazione con giganti della logistica come DHL e FedEx, 5 giorni per gli Stati Uniti\/Europa, 3 giorni per il Sud-Est asiatico e supporto per la consegna diretta dai magazzini Amazon FBA.<\/li>\n<li><strong><strong>Vantaggio del costo dell'ordine in lotti<\/strong><\/strong>Quantit\u00e0 minima ordinabile di 1.000 pezzi, prezzo unitario a partire da\u00a0<strong>$0,89\/pezzo<\/strong> (compresa la logistica globale porta a porta), supporto MOQ 500 pezzi ordine di prova.<\/li>\n<\/ol>\n<h3 id=\"-application-scenarios-and-benefits-\"><strong>5. Scenari di applicazione e vantaggi<\/strong><\/h3>\n<p>\u2705\u00a0<strong>Marchi di abbigliamento di alta gamma<\/strong>: Il design delle vetrine aumenta l'attrattiva dell'esposizione del negozio e la texture opaca della pellicola rafforza il tono del marchio.<br \/>\n\u2705\u00a0<strong>Commercio elettronico transfrontaliero<\/strong>: L'imballaggio piatto riduce il tasso di danni alla logistica e la consegna in 5-7 giorni accelera la rotazione delle scorte.<br \/>\n\u2705\u00a0<strong>Personalizzazione delle confezioni regalo per le festivit\u00e0<\/strong>: Adatto per l'edizione limitata di Natale\/San Valentino, il contenitore di aspirazione magnetico pu\u00f2 essere riutilizzato come contenitore per migliorare l'adesivit\u00e0 del cliente.<\/p>\n<p><strong>Processo di cooperazione<\/strong><\/p>\n<ol>\n<li><strong>Design online<\/strong> \u21922.\u00a0<strong>Preventivo di 10 minuti<\/strong>\u00a0\u2192 3.\u00a0<strong>Conferma del campione in 3 giorni<\/strong>\u00a0\u2192 4.\u00a0<strong>Produzione di massa<\/strong>\u00a0\u2192 5.\u00a0<strong>Consegna globale<\/strong><\/li>\n<\/ol>\n<p><strong>Perch\u00e9 scegliere noi?<\/strong><\/p>\n<ul>\n<li><strong>Fabbrica di origine cinese<\/strong>: Certificazione ISO\/FSC, produzione giornaliera di oltre 200.000 scatole standard, risposta agli ordini di emergenza in 72 ore.<\/li>\n<li><strong>Zero costi nascosti<\/strong>: La quotazione include le spese di stampaggio e le spese logistiche e supporta il regolamento RMB\/USD.<\/li>\n<\/ul>","protected":false},"excerpt":{"rendered":"<p>Scatola di abbigliamento pieghevole con chiusura magnetica, adatta per lo stoccaggio di abbigliamento di fascia alta, materiale ecologico in carta patinata, supporta la personalizzazione del design di dimensioni illimitate. Fabbrica cinese 20 minuti di citazione, 3 giorni di campione<\/p>","protected":false},"featured_media":8036,"template":"","meta":[],"product_brand":[],"product_cat":[31,30,414,424],"product_tag":[480,482,481],"class_list":{"0":"post-8035","1":"product","2":"type-product","3":"status-publish","4":"has-post-thumbnail","6":"product_cat-paper-box-style","7":"product_cat-by-industry","8":"product_cat-custom-apparel-boxes","9":"product_cat-magnetic-closure-boxes","10":"product_tag-apparel-boxes","11":"product_tag-bikini-boxes-wholesale","12":"product_tag-luxury-clothes-boxes","14":"first","15":"instock","16":"shipping-taxable","17":"product-type-simple"},"_links":{"self":[{"href":"https:\/\/zojopackaging.com\/it\/wp-json\/wp\/v2\/product\/8035","targetHints":{"allow":["GET"]}}],"collection":[{"href":"https:\/\/zojopackaging.com\/it\/wp-json\/wp\/v2\/product"}],"about":[{"href":"https:\/\/zojopackaging.com\/it\/wp-json\/wp\/v2\/types\/product"}],"version-history":[{"count":3,"href":"https:\/\/zojopackaging.com\/it\/wp-json\/wp\/v2\/product\/8035\/revisions"}],"predecessor-version":[{"id":8060,"href":"https:\/\/zojopackaging.com\/it\/wp-json\/wp\/v2\/product\/8035\/revisions\/8060"}],"wp:featuredmedia":[{"embeddable":true,"href":"https:\/\/zojopackaging.com\/it\/wp-json\/wp\/v2\/media\/8036"}],"wp:attachment":[{"href":"https:\/\/zojopackaging.com\/it\/wp-json\/wp\/v2\/media?parent=8035"}],"wp:term":[{"taxonomy":"product_brand","embeddable":true,"href":"https:\/\/zojopackaging.com\/it\/wp-json\/wp\/v2\/product_brand?post=8035"},{"taxonomy":"product_cat","embeddable":true,"href":"https:\/\/zojopackaging.com\/it\/wp-json\/wp\/v2\/product_cat?post=8035"},{"taxonomy":"product_tag","embeddable":true,"href":"https:\/\/zojopackaging.com\/it\/wp-json\/wp\/v2\/product_tag?post=8035"}],"curies":[{"name":"wp","href":"https:\/\/api.w.org\/{rel}","templated":true}]}}