{"id":8044,"date":"2025-03-23T13:26:13","date_gmt":"2025-03-23T05:26:13","guid":{"rendered":"https:\/\/zojopackaging.com\/?post_type=product&#038;p=8044"},"modified":"2025-03-23T16:13:21","modified_gmt":"2025-03-23T08:13:21","slug":"custom-high-quality-pen-packaging-box-factory-wholesale","status":"publish","type":"product","link":"https:\/\/zojopackaging.com\/it\/product\/custom-high-quality-pen-packaging-box-factory-wholesale\/","title":{"rendered":"Personalizzato di alta qualit\u00e0 penna Packaging Box fabbrica all'ingrosso"},"content":{"rendered":"<h3 id=\"customized-high-quality-pen-packaging-factory-wholesale-instructions\">Istruzioni personalizzate di alta qualit\u00e0 per l'imballaggio della penna in fabbrica all'ingrosso<\/h3>\n<h4 id=\"1-minimalist-design-and-environmental-sustainability\">1. Design minimalista e sostenibilit\u00e0 ambientale<\/h4>\n<p>Il concetto centrale dell'imballaggio personalizzato per penne di alta qualit\u00e0 \u00e8 l'integrazione di\u00a0<strong>design minimalista<\/strong>\u00a0e\u00a0<strong>sostenibilit\u00e0 ambientale<\/strong>. L'uso di materiali degradabili (come il PLA, la carta ecologica) e di tecnologie leggere pu\u00f2 non solo ridurre lo spreco di risorse, ma anche i costi di trasporto. Ad esempio, l'uso di 300 grammi di cartone grigio bianco o di materiale in polpa di cellulosa riciclata non solo soddisfa la richiesta di protezione ambientale del consumatore moderno, ma migliora anche l'efficacia dei costi semplificando il design strutturale (ad esempio riducendo il rivestimento ridondante).<\/p>\n<h4 id=\"2-classic-color-matching-white-and-gray\">2. Abbinamento classico dei colori: bianco e grigio<\/h4>\n<p>La combinazione di colori bianco e grigio \u00e8 un\u00a0<strong>classico e multi-scenario<\/strong>\u00a0scelta. Il bianco simboleggia la purezza e la semplicit\u00e0, mentre il grigio rappresenta la stabilit\u00e0 e la sensazione di alto livello. La combinazione di questi due elementi pu\u00f2 essere adattata a regali aziendali, cancelleria per studenti e altre scene. Ad esempio, il tipo di scatola con coperchio superiore e inferiore \u00e8 abbinato a un fondo grigio opaco e a un LOGO bianco stampato a caldo, in grado non solo di migliorare il riconoscimento del marchio, ma anche di trasmettere un tono basso e lussuoso del marchio.<\/p>\n<h4 id=\"3-diversified-box-customization\">3. Personalizzazione diversificata della scatola<\/h4>\n<p>La fabbrica supporta\u00a0<strong>design di scatole multiple<\/strong>, tra cui:<\/p>\n<ul>\n<li><strong>Scatole con coperchio superiore e inferiore<\/strong>Adatto alle penne di alta gamma, migliora il senso della cerimonia di apertura della scatola;<\/li>\n<li><strong>Scatole estraibili<\/strong>: conveniente per la visualizzazione di pi\u00f9 set di penne, migliorando l'effetto di visualizzazione;<\/li>\n<li><strong>Scatole di aspirazione magnetiche a ribalta<\/strong>: combinato con un meccanismo di chiusura a magnete, che semplifica l'azione di apertura e chiusura;<\/li>\n<li><strong>Scatole di forma speciale<\/strong>Come le scatole cilindriche o esagonali, per soddisfare le esigenze dei marchi creativi. Grazie al design differenziato delle scatole, \u00e8 possibile rafforzare i punti di memoria del marchio.<\/li>\n<\/ul>\n<h4 id=\"4-magnetic-suction-closing-mechanism\">4. Meccanismo di chiusura ad aspirazione magnetica<\/h4>\n<p><strong>Chiusura magnetica<\/strong>\u00a0non solo offre una comoda esperienza d'uso, ma migliora anche l'interazione con il consumatore grazie al suono \"click\" dell'adsorbimento magnetico. Ad esempio, l'uso di magneti al neodimio ferro boro incorporati, che sono altamente nascosti e hanno una forza di adsorbimento stabile, \u00e8 adatto alle scatole flip-top o alle strutture split-box. Questo design \u00e8 stato ampiamente utilizzato nelle scatole per il confezionamento di strumenti di bellezza per ridurre il tasso di perdita in apertura e chiusura.<\/p>\n<h4 id=\"5-material-selection-and-value-enhancement\">5. Selezione dei materiali e valorizzazione<\/h4>\n<p>La fabbrica fornisce\u00a0<strong>materiali vari<\/strong>\u00a0personalizzazione:<\/p>\n<ul>\n<li><strong>Carta<\/strong>: cartoncino bianco, carta grigia, adatto allo stile business minimalista;<\/li>\n<li><strong>Plastica<\/strong>: PP, PETG scatola trasparente, design del corpo della penna;<\/li>\n<li><strong>Materiale composito<\/strong>: fodera in EVA floccata + guscio rigido, tenendo conto sia della protezione che del tatto;<\/li>\n<li><strong>Protezione dell'ambiente<\/strong>: Materiale biodegradabile PLA, in linea con l'immagine verde del marchio.<\/li>\n<\/ul>\n<h4 id=\"6-inner-tray-customization-and-protection-function\">6. Funzione di personalizzazione e protezione del vassoio interno<\/h4>\n<p><strong>Vassoio interno personalizzato<\/strong>\u00a0\u00e8 la chiave per la protezione e la visualizzazione:<\/p>\n<ul>\n<li><strong>Schiuma EVA<\/strong>modellato secondo la forma della penna, resistente agli urti e alla pressione;<\/li>\n<li><strong>Fodera floccata<\/strong>: migliorare il tocco, adatto a regali di alta gamma;<\/li>\n<li><strong>Design a strati rimovibile<\/strong>: comodo per la classificazione e l'archiviazione di pi\u00f9 penne.<\/li>\n<\/ul>\n<h4 id=\"vii-advantages-of-the-source-factory\">VII. Vantaggi della fabbrica sorgente<\/h4>\n<p>Come\u00a0<strong>fabbrica di origine<\/strong>, forniamo i seguenti servizi:<\/p>\n<ul>\n<li><strong>Prove di stampa e progettazione gratuite<\/strong>: supporto LOGO stampa a caldo, serigrafia e altri processi;<\/li>\n<li><strong>Qualit\u00e0 controllabile<\/strong>: ispezione completa della qualit\u00e0 dall'approvvigionamento delle materie prime alla consegna del prodotto finito;<\/li>\n<li><strong>Risposta rapida<\/strong>: la personalizzazione viene completata entro 7-15 giorni lavorativi.<\/li>\n<\/ul>\n<h4 id=\"viii-fully-automatic-production-and-delivery-guarantee\">VIII. Produzione completamente automatica e garanzia di consegna<\/h4>\n<p>La fabbrica \u00e8 dotata di\u00a0<strong>linee di produzione completamente automatiche<\/strong>, tra cui:<\/p>\n<ul>\n<li><strong>Macchina fustellatrice CNC<\/strong>errore di precisione \u22640,2 mm;<\/li>\n<li><strong>Macchina per lo stampaggio a iniezione ad alta velocit\u00e0<\/strong>La capacit\u00e0 produttiva giornaliera supera 1 milione di pezzi;<\/li>\n<li><strong>Sistema logistico intelligente<\/strong>: impilamento e imballaggio automatici, riducendo l'intervento manuale.<\/li>\n<\/ul>\n<h3 id=\"summary\">Sintesi<\/h3>\n<p>La personalizzazione di scatole per penne di alta qualit\u00e0 richiede di tenere conto di design, funzionalit\u00e0 ed efficienza. Grazie a concetti minimalisti di protezione ambientale, abbinamenti di colori classici, tipi di scatole diversificati, chiusure magnetiche e altri design innovativi, combinati con la produzione su larga scala e il rigoroso controllo di qualit\u00e0 della fabbrica di origine, \u00e8 possibile creare una soluzione di imballaggio che sia pratica e bella per il marchio. Dai campioni gratuiti alla consegna completamente automatica, il servizio one-stop della fabbrica aiuta i marchi a cogliere le opportunit\u00e0 del mercato.<\/p>","protected":false},"excerpt":{"rendered":"<p>Attraverso concetti minimalisti di protezione ambientale, abbinamenti di colori classici, tipi di scatole diversificati, chiusura magnetica e altri design innovativi.<\/p>","protected":false},"featured_media":8047,"template":"","meta":[],"product_brand":[],"product_cat":[31,30,413,424],"product_tag":[487,488,486],"class_list":{"0":"post-8044","1":"product","2":"type-product","3":"status-publish","4":"has-post-thumbnail","6":"product_cat-paper-box-style","7":"product_cat-by-industry","8":"product_cat-consumer-electronics-boxes","9":"product_cat-magnetic-closure-boxes","10":"product_tag-custom-pen-packaging","11":"product_tag-pen-box-wholesale","12":"product_tag-pen-packaging-factory","14":"first","15":"instock","16":"shipping-taxable","17":"product-type-simple"},"_links":{"self":[{"href":"https:\/\/zojopackaging.com\/it\/wp-json\/wp\/v2\/product\/8044","targetHints":{"allow":["GET"]}}],"collection":[{"href":"https:\/\/zojopackaging.com\/it\/wp-json\/wp\/v2\/product"}],"about":[{"href":"https:\/\/zojopackaging.com\/it\/wp-json\/wp\/v2\/types\/product"}],"version-history":[{"count":1,"href":"https:\/\/zojopackaging.com\/it\/wp-json\/wp\/v2\/product\/8044\/revisions"}],"predecessor-version":[{"id":8059,"href":"https:\/\/zojopackaging.com\/it\/wp-json\/wp\/v2\/product\/8044\/revisions\/8059"}],"wp:featuredmedia":[{"embeddable":true,"href":"https:\/\/zojopackaging.com\/it\/wp-json\/wp\/v2\/media\/8047"}],"wp:attachment":[{"href":"https:\/\/zojopackaging.com\/it\/wp-json\/wp\/v2\/media?parent=8044"}],"wp:term":[{"taxonomy":"product_brand","embeddable":true,"href":"https:\/\/zojopackaging.com\/it\/wp-json\/wp\/v2\/product_brand?post=8044"},{"taxonomy":"product_cat","embeddable":true,"href":"https:\/\/zojopackaging.com\/it\/wp-json\/wp\/v2\/product_cat?post=8044"},{"taxonomy":"product_tag","embeddable":true,"href":"https:\/\/zojopackaging.com\/it\/wp-json\/wp\/v2\/product_tag?post=8044"}],"curies":[{"name":"wp","href":"https:\/\/api.w.org\/{rel}","templated":true}]}}