{"id":8050,"date":"2025-03-23T14:37:18","date_gmt":"2025-03-23T06:37:18","guid":{"rendered":"https:\/\/zojopackaging.com\/?post_type=product&#038;p=8050"},"modified":"2025-03-23T14:47:26","modified_gmt":"2025-03-23T06:47:26","slug":"high-quality-low-moq-car-fragrance-packaging-box-gift-package","status":"publish","type":"product","link":"https:\/\/zojopackaging.com\/it\/product\/high-quality-low-moq-car-fragrance-packaging-box-gift-package\/","title":{"rendered":"Alta qualit\u00e0 bassa MOQ auto fragranza imballaggio scatola pacchetto regalo"},"content":{"rendered":"<h2 id=\"high-end-car-perfume-packaging-customization-guide-7-innovations-in-environmental-protection-texture-and-experience\">Guida alla personalizzazione del packaging dei profumi per auto di alta gamma: 7 innovazioni per la protezione dell'ambiente, la consistenza e l'esperienza<\/h2>\n<h3 id=\"introduction\">Introduzione<\/h3>\n<p>Sotto la duplice spinta del miglioramento dei consumi e della tutela dell'ambiente, l'imballaggio dei profumi per auto sta subendo un cambiamento qualitativo da \"contenitore funzionale\" a \"mezzo di comunicazione del marchio\". I dati dimostrano che il tasso di riacquisto dei marchi di profumi per auto che utilizzano imballaggi sostenibili \u00e8 aumentato di 37% e che i design con un'elevata esperienza di unboxing possono aumentare la capacit\u00e0 premium di 50%. Questo articolo combina le tendenze del settore e le pratiche di produzione per analizzare come raggiungere un equilibrio tra protezione dell'ambiente, funzionalit\u00e0 e valore del marchio attraverso soluzioni di personalizzazione a basso QOQ.<\/p>\n<h3 id=\"1-minimalist-design-pioneer-practice-of-sustainable-packaging\">1. Design minimalista: Pratica pionieristica del packaging sostenibile<\/h3>\n<p><strong>Innovazione dei materiali rispettosi dell'ambiente<\/strong><\/p>\n<ul>\n<li><strong>Sistema riciclabile<\/strong>: Utilizzando il cartone ondulato certificato FSC e la plastica PET riciclata, il tasso di riciclaggio delle scatole da imballaggio pu\u00f2 raggiungere 92% e le emissioni di carbonio dovute al trasporto possono essere ridotte di 30% (si veda la tabella seguente).\u00a0<a href=\"https:\/\/sustainablepackaging.org\/\" target=\"_blank\" rel=\"noopener\">Standard di certificazione sostenibile SEA<\/a>).<\/li>\n<li><strong>Soluzione degradabile<\/strong>: Vassoio interno in materiale misto PLA+PBAT, completamente decomposto in 120 giorni in ambiente di compostaggio industriale, evitando l'inquinamento da microplastiche.<\/li>\n<li><strong>Design di riduzione<\/strong>: Grazie all'ingegneria strutturale, il volume dell'imballaggio viene compresso da 18% e viene utilizzato un tipo di scatola senza colla (come la scatola per aeroplani e la scatola con fondo a gancio) per ridurre lo spreco di materiale.<\/li>\n<\/ul>\n<p><strong>Minimalismo visivo<\/strong><\/p>\n<ul>\n<li>Base in stile nordico a tinta unita con LOGO in oro caldo opaco, che mostra un senso di tecnologia come la scatola di dissezione trasparente Dyson;<\/li>\n<li>Il design della finestra parziale utilizza acrilico a base biologica, che non solo mostra la forma del flacone di profumo, ma riduce anche l'uso di inchiostro.<\/li>\n<\/ul>\n<h3 id=\"2-box-matrix-8-major-structures-to-adapt-to-all-scene-needs\">2. Matrice di scatole: 8 strutture principali per adattarsi a tutte le esigenze della scena<\/h3>\n<ol>\n<li><strong>Scatola per testa e coperchio<\/strong>\u00a0(linea di fascia alta): Cartoncino grigio ispessito di 2 mm ricoperto di pellicola tattile, smorzamento dell'apertura e della chiusura paragonabile a quello dei prodotti Apple, adatto a scene di regali aziendali.<\/li>\n<li><strong>Cassettiera<\/strong>\u00a0(collezione): nesting a doppio strato + traccia magnetica, errore di scorrevolezza &lt;0,3 mm, adatto a set di profumi in edizione limitata.<\/li>\n<li><strong>Scatola a forma di libro<\/strong>\u00a0(giunto culturale IP): struttura magnetica ad apertura laterale + stampa a caldo in rilievo, pu\u00f2 essere incorporata con chip AR per mostrare la storia del marchio.<\/li>\n<li><strong>Scatola di forma speciale<\/strong>\u00a0(mercato giovane): Scatola laser esagonale con vernice locale UV, riconoscimento riflettente notturno aumentato da 60%.<\/li>\n<li><strong>Scatola combinata modulare<\/strong>\u00a0(confezione multi-bottiglia): 3-6 bottiglie possono essere liberamente combinate attraverso le fibbie per ridurre i costi di stoccaggio.<\/li>\n<\/ol>\n<h3 id=\"3-the-revolution-of-inner-support-4-types-of-materials-protect-product-safety\">3. La rivoluzione del supporto interno: 4 tipi di materiali proteggono la sicurezza del prodotto<\/h3>\n<table>\n<thead>\n<tr>\n<th>Tipo di materiale<\/th>\n<th>Caratteristiche<\/th>\n<th>Scenari applicabili<\/th>\n<\/tr>\n<\/thead>\n<tbody>\n<tr>\n<td><strong>Punzonatura EVA<\/strong><\/td>\n<td>L'imbottitura a densit\u00e0 30D, la resistenza agli urti supera il cotone perlato<\/td>\n<td>Trasporto di bottiglie di vetro\/di forma speciale<\/td>\n<\/tr>\n<tr>\n<td><strong>Stampaggio della pasta a nido d'ape<\/strong><\/td>\n<td>Cuscinetto 8kg\/m\u00b2, tintura in fibra vegetale personalizzabile<\/td>\n<td>Tema della protezione ambientale in edizione limitata<\/td>\n<\/tr>\n<tr>\n<td><strong>Schiuma di memoria<\/strong><\/td>\n<td>Curva del corpo della bottiglia adattabile, precisione dell'apertura dello stampo \u00b10,1 mm<\/td>\n<td>Bottiglia da taglio in cristallo di alta gamma<\/td>\n<\/tr>\n<tr>\n<td><strong>Velluto ricoperto di seta<\/strong><\/td>\n<td>300 mesh in microfibra, resistente ai graffi e in grado di migliorare la sensazione di apertura della scatola<\/td>\n<td>Modello congiunto di lusso<\/td>\n<\/tr>\n<\/tbody>\n<\/table>\n<h3 id=\"4-brand-imprint-texture-upgrade-of-hot-stamping-process\">4. Impronta del marchio: Aggiornamento della texture del processo di stampa a caldo<\/h3>\n<ul>\n<li><strong>Stampa a caldo tridimensionale<\/strong>: Utilizzare un foglio di alluminio elettrochimico ultrasottile da 0,1 mm per ottenere un effetto di goffratura 3D (come la stampa a caldo a scacchi di BURBERRY);<\/li>\n<li><strong>Laser colorato<\/strong>: Grazie alla tecnologia del nano-transfer, il LOGO pu\u00f2 presentare una sfumatura iridescente con la luce;<\/li>\n<li><strong>UV tattile<\/strong>: Parziale rivestimento opaco serigrafico, sfregamento con la punta delle dita per ottenere una texture scamosciata.\u00a0<em>Caso<\/em>: Un marchio tedesco di profumi per auto utilizza la tecnologia di stampa a caldo + goffratura per aumentare la riconoscibilit\u00e0 del marchio di 43%.<\/li>\n<\/ul>\n<h3 id=\"5-unboxing-experience-5-major-accessories-to-create-memory-points\">5. Esperienza di unboxing: 5 accessori principali per creare punti di memoria<\/h3>\n<ol>\n<li><strong>Nastro magnetico<\/strong>Nastro largo 6 mm con magneti al neodimio, pu\u00f2 essere confezionato ripetutamente e sopportare fino a 2 kg;<\/li>\n<li><strong>Scheda Eco-fragranza<\/strong>: I cartoncini dei semi stampati con inchiostro di soia, innaffiati possono far crescere piante come la lavanda;<\/li>\n<li><strong>Anello di trazione intelligente<\/strong>: Chip NFC incorporato nella maniglia, scansione diretta della pagina di adesione al marchio;<\/li>\n<li><strong>Staffa pieghevole<\/strong>: La scatola di imballaggio si trasforma immediatamente in un espositore per auto e il rivestimento UV resiste all'ingiallimento della luce solare;<\/li>\n<li><strong>Guarnizione olfattiva<\/strong>: Le microcapsule sono preimpostate nella scatola e la fragranza di legno di cedro viene rilasciata all'apertura della scatola.<\/li>\n<\/ol>\n<h3 id=\"vi-flexible-customization-3-major-modes-to-solve-the-minimum-order-quantity-dilemma\">6. Personalizzazione flessibile: 3 modalit\u00e0 principali per risolvere il dilemma della quantit\u00e0 minima d'ordine<\/h3>\n<ol>\n<li><strong>50 pezzi di personalizzazione leggera<\/strong>: stampa digitale + fustellatura al laser, consegna in 72 ore, supporto di 1 immagine principale + 3 tipi di scatola;<\/li>\n<li><strong>Sistema di prezzi dinamici<\/strong>Utilizzate un'offerta a livelli per meno di 500 pezzi e riducete il costo di apertura dello stampo di 30% grazie alla condivisione degli stampi;<\/li>\n<li><strong>Collaborazione di progettazione con l'intelligenza artificiale<\/strong>caricare le dimensioni della bottiglia per generare automaticamente soluzioni di imballaggio in 3D, con oltre 200 combinazioni di materiali e processi.<\/li>\n<\/ol>\n<h3 id=\"vii-factory-direct-sales-4-fold-guarantee-to-build-a-closed-loop-of-trust\">7. Vendite dirette in fabbrica: una garanzia di 4 volte per costruire un circuito chiuso di fiducia.<\/h3>\n<ol>\n<li><strong>Prove ed errori a costo zero<\/strong>: 3 campioni bianchi + 2 campioni di colore sono forniti gratuitamente, a supporto delle prove distruttive di trasporto;<\/li>\n<li><strong>Produzione trasparente<\/strong>Trasmissione in diretta 24 ore su 24 del workshop, push dei progressi su WeChat nei nodi chiave;<\/li>\n<li><strong>Impegno per la qualit\u00e0<\/strong>21 processi di ispezione di qualit\u00e0, l'impegno per il risarcimento completo per il tasso di danni di trasporto&gt; 1%;<\/li>\n<li><strong>Finanza verde<\/strong>: accesso alla piattaforma di finanziamento della catena di fornitura, 30% pagamento anticipato pu\u00f2 iniziare la produzione<\/li>\n<\/ol>\n<h3 id=\"conclusion\">Conclusione<\/h3>\n<p>Quando la tutela dell'ambiente non \u00e8 pi\u00f9 un onere di costo e l'unboxing \u00e8 sublimato in un rituale del marchio, l'imballaggio dei profumi per auto sta diventando un consulente di vendita silenzioso. Dai vassoi interni degradabili a nido d'ape ai nastri magnetici, dalla stampa laser a caldo colorata alla personalizzazione intelligente dell'intelligenza artificiale, ogni innovazione sta ridefinendo il confine del valore del \"packaging\". Scegliere una soluzione di packaging in sintonia con la tecnologia d'avanguardia non \u00e8 solo una decisione commerciale, ma anche un impegno responsabile per un futuro sostenibile.<\/p>","protected":false},"excerpt":{"rendered":"<p>Quando la tutela dell'ambiente non \u00e8 pi\u00f9 un onere di costo e l'unboxing \u00e8 sublimato in un rituale del marchio, l'imballaggio dei profumi per auto sta diventando un consulente di vendita silenzioso.<\/p>","protected":false},"featured_media":8051,"template":"","meta":[],"product_brand":[],"product_cat":[31,30,417,425],"product_tag":[483,485,484],"class_list":{"0":"post-8050","1":"product","2":"type-product","3":"status-publish","4":"has-post-thumbnail","6":"product_cat-paper-box-style","7":"product_cat-by-industry","8":"product_cat-custom-perfume-boxes-by-industry","9":"product_cat-lid-and-base-gift-box","10":"product_tag-car-fragrance-box","11":"product_tag-fragrance-gift-packaging","12":"product_tag-fragrance-packaging-box","14":"first","15":"instock","16":"shipping-taxable","17":"product-type-simple"},"_links":{"self":[{"href":"https:\/\/zojopackaging.com\/it\/wp-json\/wp\/v2\/product\/8050","targetHints":{"allow":["GET"]}}],"collection":[{"href":"https:\/\/zojopackaging.com\/it\/wp-json\/wp\/v2\/product"}],"about":[{"href":"https:\/\/zojopackaging.com\/it\/wp-json\/wp\/v2\/types\/product"}],"version-history":[{"count":1,"href":"https:\/\/zojopackaging.com\/it\/wp-json\/wp\/v2\/product\/8050\/revisions"}],"predecessor-version":[{"id":8057,"href":"https:\/\/zojopackaging.com\/it\/wp-json\/wp\/v2\/product\/8050\/revisions\/8057"}],"wp:featuredmedia":[{"embeddable":true,"href":"https:\/\/zojopackaging.com\/it\/wp-json\/wp\/v2\/media\/8051"}],"wp:attachment":[{"href":"https:\/\/zojopackaging.com\/it\/wp-json\/wp\/v2\/media?parent=8050"}],"wp:term":[{"taxonomy":"product_brand","embeddable":true,"href":"https:\/\/zojopackaging.com\/it\/wp-json\/wp\/v2\/product_brand?post=8050"},{"taxonomy":"product_cat","embeddable":true,"href":"https:\/\/zojopackaging.com\/it\/wp-json\/wp\/v2\/product_cat?post=8050"},{"taxonomy":"product_tag","embeddable":true,"href":"https:\/\/zojopackaging.com\/it\/wp-json\/wp\/v2\/product_tag?post=8050"}],"curies":[{"name":"wp","href":"https:\/\/api.w.org\/{rel}","templated":true}]}}