{"id":8220,"date":"2025-03-25T17:19:48","date_gmt":"2025-03-25T09:19:48","guid":{"rendered":"https:\/\/zojopackaging.com\/?post_type=product&#038;p=8220"},"modified":"2025-03-25T17:19:50","modified_gmt":"2025-03-25T09:19:50","slug":"premium-custom-made-headphone-packaging-boxes-wholesale","status":"publish","type":"product","link":"https:\/\/zojopackaging.com\/it\/product\/premium-custom-made-headphone-packaging-boxes-wholesale\/","title":{"rendered":"Premium Custom Made cuffie imballaggio scatole all'ingrosso"},"content":{"rendered":"<h1>Premium Custom Made cuffie imballaggio scatole all'ingrosso<\/h1>\n<h3 id=\"-1-double-sided-printed-airplane-box-environmental-protection-and-brand-dual-effect-empowerment-\"><strong>1. Scatola mailer stampata su due lati: protezione dell'ambiente e potenziamento del marchio a doppio effetto<\/strong><\/h3>\n<p>La scatola mailer stampata su due lati, prodotta con carta ecologica, si basa su carta di cellulosa grezza certificata FSC ed \u00e8 conforme allo standard di protezione ambientale RoHS dell'UE. La tecnologia di stampa fronte\/retro consente di visualizzare simultaneamente il LOGO del marchio, i punti di vendita del prodotto e il design visivo artistico, formando una copertura a 360\u00b0 delle informazioni sul marchio. Ad esempio, l'imballaggio stampato in pasta delle cuffie Sony WF-1000XM4 riduce l'uso di inchiostro grazie alla tecnologia di stampa in rilievo, raggiungendo un equilibrio tra protezione ambientale ed estetica. Questo design pu\u00f2 aumentare il riconoscimento del marchio di 20%-30%, ed \u00e8 particolarmente adatto ai prodotti elettronici di consumo di fascia alta.<\/p>\n<h3 id=\"-2-tearable-unboxing-design-extremely-fast-experience-upgrade-\"><strong>2. Design a strappo con cerniera: Aggiornamento estremamente rapido dell'esperienza<\/strong><\/h3>\n<p>Innovativa struttura a strappo (come la linea pretagliata + il design della striscia a strappo con cerniera facile) per ottenere un unboxing di 1 secondo, gli utenti possono accedere rapidamente ai prodotti senza attrezzi. Questo design fa riferimento al concetto di processo \"strato idrofobico a foglia di loto\" della custodia protettiva per AirPods di Donglaiye e migliora l'efficienza dell'interazione attraverso l'ottimizzazione della struttura fisica. Secondo le statistiche, questo tipo di design pu\u00f2 aumentare la soddisfazione dell'utente nell'unboxing di 35%, soprattutto in linea con le esigenze degli scenari di consumo frenetici.<\/p>\n<h3 id=\"-three-full-size-customization-service-precise-adaptation-to-multiple-categories-\"><strong>3. Servizio di personalizzazione full-size: adattamento preciso a pi\u00f9 categorie.<\/strong><\/h3>\n<p>Supporta la personalizzazione delle dimensioni dell'intera categoria dell'elettronica di consumo, che comprende:<\/p>\n<ul>\n<li><strong>Auricolari<\/strong>: Adattabile agli auricolari TWS (da 150\u00d7100\u00d740 mm a 300\u00d7200\u00d7100 mm)<\/li>\n<li><strong>Accessori<\/strong>Come i contenitori per la ricarica, i contenitori per la conservazione dei cavi di dati, i contenitori per la ricarica dei cavi di dati.<\/li>\n<li><strong>Estensioni<\/strong>: Soluzioni di imballaggio composite come orologi intelligenti e altoparlanti Bluetooth Grazie alla tecnologia di modellazione con scansione 3D, \u00e8 possibile garantire che l'errore di spazio della cavit\u00e0 interna sia \u22640,3 mm, soddisfacendo l'elevato standard del settore di compressione del volume 66% per l'imballaggio dei telefoni cellulari Sony Xperia.<\/li>\n<\/ul>\n<h3 id=\"-fourth-matte-film-coating-process-triple-protection-system-\"><strong>4. Processo di rivestimento con pellicola opaca: sistema a tripla protezione<\/strong><\/h3>\n<p>Adottando la tecnologia di rivestimento del film opaco a base d'acqua di importazione tedesca:<\/p>\n<ul>\n<li><strong>Protezione fisica<\/strong>: Il livello di impermeabilit\u00e0 raggiunge IPX4 e le prestazioni antiolio superano il test standard ASTM D618.<\/li>\n<li><strong>Ottimizzazione visiva<\/strong>: 7H durezza superficie antigraffio, mantenendo la differenza di colore di stampa di marca \u0394E\u22641.5<\/li>\n<li><strong>Miglioramento tattile<\/strong>: Texture opaca simile alla pelle, che forma una concorrenza differenziata con il tocco di silicone liquido della custodia protettiva per Apple AirPods Pro.<\/li>\n<\/ul>\n<h3 id=\"-five-smart-lining-customization-brand-and-function-resonance-\"><strong>5. Personalizzazione intelligente della fodera: risonanza del marchio e della funzione<\/strong><\/h3>\n<p>Fornire una soluzione passo-passo:<\/p>\n<ol>\n<li><strong>Versione base<\/strong>: Rivestimento antiurto in EVA (riduzione dei costi di 15%-20%)<\/li>\n<li><strong>Versione avanzata<\/strong>: Cotone floccato\/perlato fustellatura speciale (si adatta al contorno degli auricolari curvi)<\/li>\n<li><strong>Versione definitiva<\/strong>: Struttura magnetica intelligente a strati (funzione di archiviazione degli accessori integrata) Supporto dell'impianto di colore del marchio (tasso di copertura del colore spot Pantone 98%), realizzando l'esperienza coinvolgente di \"fuori dalla scatola \u00e8 il marchio\".<\/li>\n<\/ol>\n<h3 id=\"-sixth-corrugated-material-application-cost-and-protection-\"><strong>6. Applicazione del materiale ondulato: costi e protezione<\/strong><\/h3>\n<p>Viene selezionato il cartone ondulato doppio BC (spessore 3,5-5 mm), che presenta le seguenti caratteristiche:<\/p>\n<ul>\n<li><strong>Economico<\/strong>: 30% costo inferiore rispetto al confezionamento in blister tradizionale<\/li>\n<li><strong>Protezione<\/strong>: Resistenza alla pressione sui bordi \u22658KN\/m, in linea con gli standard ISTA 3A per i test di trasporto.<\/li>\n<li><strong>Ambiente<\/strong>: Il tasso di riciclaggio del materiale supera le 95%, le emissioni di carbonio sono ridotte di 62% rispetto all'imballaggio in plastica Grazie alla struttura a nido d'ape, il tasso di danni da trasporto \u00e8 inferiore a 0,5%.<\/li>\n<\/ul>\n<h3 id=\"-seventh-all-black-minimalist-aesthetics-high-end-visual-language-\"><strong>7. Estetica minimalista completamente nera: un linguaggio visivo di alto livello.<\/strong><\/h3>\n<p>Adottando la tecnologia di stampa UV a 8 colori, \u00e8 possibile ottenere:<\/p>\n<ul>\n<li><strong>Prestazioni del colore<\/strong>: Purezza del nero Valore L* \u22642,5, che raggiunge lo standard della cartella colori RAL 9005.<\/li>\n<li><strong>Combinazione di processi<\/strong>: Argento opaco parziale a caldo + goffratura in rilievo (come la lavorazione tridimensionale del logo del marchio)<\/li>\n<li><strong>Estensione di stile<\/strong>: Fare riferimento al concetto di design minimalista della confezione degli auricolari Huawei per rafforzare l'associazione del marchio con il \"nero tecnologico\" e il \"lusso leggero\".<\/li>\n<\/ul>\n<h3 id=\"-eight-china-smart-manufacturing-service-zero-risk-cooperation-model-\"><strong>8. Servizio di produzione intelligente in Cina: Modello di cooperazione a rischio zero<\/strong><\/h3>\n<p>Le fabbriche a gestione diretta della Cintura Industriale del Delta del Fiume delle Perle forniscono:<\/p>\n<ul>\n<li><strong>Supporto gratuito<\/strong>: Preventivo rapido in 48 ore + prova di stampa in 72 ore + progetto originale (comprese 3 serie di proposte)<\/li>\n<li><strong>Sistema di controllo della qualit\u00e0<\/strong>: Certificazione ISO9001\/BSCI superata, tasso di qualificazione dei lotti di produzione di massa \u2265 99,3%<\/li>\n<li><strong>Garanzia di capacit\u00e0<\/strong>20 linee di produzione automatizzate, in grado di supportare ordini flessibili per 500.000 pezzi al mese Basandoci sull'esperienza maturata da aziende locali come Chengguang Color Printing, forniamo una soluzione unica, dalla progettazione alla logistica.<\/li>\n<\/ul>\n<p><strong>Azione immediata<\/strong>:<\/p>\n<ol>\n<li>Rapporto esclusivo sull'ottimizzazione dei costi<\/li>\n<li>Effetto mockup 3D<\/li>\n<li>Servizio di consegna campioni in 48 ore<\/li>\n<\/ol>\n<p>Grazie all'imballaggio personalizzato, il premio del marchio aumenta di 40%+, rendendo ogni momento dell'unboxing un touchpoint d'oro per la comunicazione del marchio.<\/p>","protected":false},"excerpt":{"rendered":"<p>Scatola di carta ondulata con cerniera a strappo per cuffie, personalizzazione illimitata delle dimensioni, fornitura diretta da fabbriche cinesi, spedizione piatta per risparmiare 60% di spazio, marchio di stampa su due lati \u00e8 pi\u00f9 accattivante.<\/p>","protected":false},"featured_media":8222,"template":"","meta":[],"product_brand":[],"product_cat":[413,433],"product_tag":[625,626,627],"class_list":{"0":"post-8220","1":"product","2":"type-product","3":"status-publish","4":"has-post-thumbnail","6":"product_cat-consumer-electronics-boxes","7":"product_cat-shipping-mailer-boxes","8":"product_tag-custom-headphone-packaging","9":"product_tag-headphone-packaging-boxes","10":"product_tag-premium-headphone-boxes-wholesale","12":"first","13":"instock","14":"shipping-taxable","15":"product-type-simple"},"_links":{"self":[{"href":"https:\/\/zojopackaging.com\/it\/wp-json\/wp\/v2\/product\/8220","targetHints":{"allow":["GET"]}}],"collection":[{"href":"https:\/\/zojopackaging.com\/it\/wp-json\/wp\/v2\/product"}],"about":[{"href":"https:\/\/zojopackaging.com\/it\/wp-json\/wp\/v2\/types\/product"}],"version-history":[{"count":2,"href":"https:\/\/zojopackaging.com\/it\/wp-json\/wp\/v2\/product\/8220\/revisions"}],"predecessor-version":[{"id":8230,"href":"https:\/\/zojopackaging.com\/it\/wp-json\/wp\/v2\/product\/8220\/revisions\/8230"}],"wp:featuredmedia":[{"embeddable":true,"href":"https:\/\/zojopackaging.com\/it\/wp-json\/wp\/v2\/media\/8222"}],"wp:attachment":[{"href":"https:\/\/zojopackaging.com\/it\/wp-json\/wp\/v2\/media?parent=8220"}],"wp:term":[{"taxonomy":"product_brand","embeddable":true,"href":"https:\/\/zojopackaging.com\/it\/wp-json\/wp\/v2\/product_brand?post=8220"},{"taxonomy":"product_cat","embeddable":true,"href":"https:\/\/zojopackaging.com\/it\/wp-json\/wp\/v2\/product_cat?post=8220"},{"taxonomy":"product_tag","embeddable":true,"href":"https:\/\/zojopackaging.com\/it\/wp-json\/wp\/v2\/product_tag?post=8220"}],"curies":[{"name":"wp","href":"https:\/\/api.w.org\/{rel}","templated":true}]}}