{"id":8261,"date":"2025-03-25T19:04:36","date_gmt":"2025-03-25T11:04:36","guid":{"rendered":"https:\/\/zojopackaging.com\/?post_type=product&#038;p=8261"},"modified":"2025-03-25T19:08:32","modified_gmt":"2025-03-25T11:08:32","slug":"custom-printed-quality-pen-packaging-gift-boxes-wholesale","status":"publish","type":"product","link":"https:\/\/zojopackaging.com\/it\/product\/custom-printed-quality-pen-packaging-gift-boxes-wholesale\/","title":{"rendered":"Personalizzato stampato qualit\u00e0 penna imballaggio scatole regalo all'ingrosso"},"content":{"rendered":"<h2 id=\"-wholesale-instructions-for-customized-gift-boxes-for-high-end-pens-dual-empowerment-of-craftsmanship-and-brand-value-\"><strong>Istruzioni all'ingrosso per scatole regalo personalizzate per penne di alta gamma<\/strong><\/h2>\n<h3 id=\"-1-environmentally-friendly-and-sturdy-materials-laying-a-high-end-tone-\"><strong>1. Materiali ecologici e robusti, che conferiscono un tono di alta qualit\u00e0.<\/strong><\/h3>\n<ul>\n<li><strong>Cartone grigio da 1200 GSM + carta patinata per arte da 157 GSM<\/strong>: Il doppio materiale ad alto peso garantisce la resistenza del corpo della scatola alla pressione e alla caduta, con una capacit\u00e0 di carico di oltre 5 kg, resistendo efficacemente agli impatti esterni durante il trasporto e riducendo il tasso di danneggiamento del carico.<\/li>\n<li><strong>Certificazione ambientale<\/strong>: La carta ha superato la certificazione FSC, l'inchiostro \u00e8 conforme allo standard REACH dell'UE, \u00e8 riciclabile e degradabile ed \u00e8 in linea con la strategia di sviluppo sostenibile dell'azienda.<\/li>\n<\/ul>\n<h3 id=\"-2-magnetic-book-shaped-box-design-luxury-in-simplicity-\"><strong>2. Design della scatola con chiusura magnetica: il lusso nella semplicit\u00e0<\/strong><\/h3>\n<ul>\n<li><strong>Chiusura magnetica invisibile<\/strong>: Design della chiusura magnetica non esposto, apertura e chiusura fluide e silenziose, che evitano il problema dell'usura e della caduta della fibbia magnetica tradizionale e aumentano la durata di oltre 3 volte.<\/li>\n<li><strong>Struttura della scatola a chiusura magnetica<\/strong>: Aprire la scatola \u00e8 come sfogliare un libro, dando all'utente un senso di rituale, e il corpo della scatola pu\u00f2 essere riutilizzato come contenitore ed espositore per estendere il ciclo di esposizione del marchio.<\/li>\n<li><strong>Sfondo nero opaco completo<\/strong>: Stampa pantone a tinte piatte in nero, sovrapposta a sottili particelle perlescenti, di basso livello e con texture, adatta per il business, il lusso leggero, l'arte e altre tonalit\u00e0 del marchio.<\/li>\n<\/ul>\n<h3 id=\"-three-high-definition-printing-deep-customization-accurate-delivery-of-brand-value-\"><strong>Tre, stampa ad alta definizione + personalizzazione profonda, consegna accurata del valore del marchio<\/strong><\/h3>\n<ol>\n<li><strong>Stampa a doppio zero di differenza cromatica<\/strong><\/li>\n<li>Grazie all'utilizzo di una macchina da stampa UV a 8 colori, la precisione del disegno raggiunge i 300 dpi, le linee di testo sono chiare e prive di sbavature e la transizione del gradiente \u00e8 naturale, garantendo la perfetta presentazione di dettagli come il LOGO del marchio e la texture della stampa a caldo.<\/li>\n<li>La superficie \u00e8 ricoperta da una pellicola opaca\/tattile, resistente ai graffi e all'usura, che non sbiadisce dopo un uso prolungato.<\/li>\n<li><strong>Protezione personalizzata della fodera in EVA<\/strong><\/li>\n<li><strong>Tampone anti-shock<\/strong>: Materiale EVA ad alta densit\u00e0 (durezza 40\u00b0-50\u00b0) corpo della penna fisso e scanalato, adatto a pi\u00f9 set come penne stilografiche, flaconi d'inchiostro, certificati, ecc.<\/li>\n<li><strong>Aggiornamento visivo<\/strong>In opzione, floccatura, fodera in seta per aumentare il senso di lusso all'apertura della scatola o supporto in acrilico trasparente per evidenziare i dettagli artigianali come l'intaglio della punta della penna.<\/li>\n<\/ol>\n<h3 id=\"-fourth-direct-supply-from-chinese-factories-0-risk-customized-service-\"><strong>4. Fornitura diretta dalle fabbriche cinesi, servizio personalizzato a rischio 0<\/strong><\/h3>\n<ul>\n<li><strong>Supporto gratuito alla progettazione<\/strong>: Fornire rendering 3D, prove fisiche, supportare soluzioni personalizzate come la stampa a caldo del LOGO, la texture in rilievo, la corrispondenza del colore del nastro, ecc. e mettere in produzione 72 ore dopo la conferma.<\/li>\n<li><strong>Riduzione del prezzo di 35%<\/strong>: La fabbrica di origine elimina la differenza di prezzo degli intermediari, e il prezzo dell'ordine di 500 pezzi \u00e8 basso come XX yuan, e 10.000 pezzi di ordini godono di uno sconto graduale.<\/li>\n<li><strong>Consegna globale in 15 giorni<\/strong>: Gli ordini nazionali vengono consegnati in 7 giorni, la logistica internazionale di supporto DHL\/FedEx, e la scorta di assicurazione di trasporto completo.<\/li>\n<\/ul>\n<h3 id=\"-highlights-of-cooperation-value-\"><strong>Valore aggiunto della cooperazione<\/strong><\/h3>\n<p>\u2705\u00a0<strong>Marchio premium<\/strong>: La confezione di alta gamma aumenta il prezzo unitario delle penne di 20%-50%, ed \u00e8 particolarmente adatta per le edizioni limitate e il marketing in co-branding\u00a0<strong>Fedelt\u00e0 dell'utente<\/strong>: Il senso dell'apertura della scatola + il design del riuso stimola la condivisione sociale degli utenti e le forme di diffusione secondaria; \u2705\u00a0<strong>Costo controllabile<\/strong>: I materiali resistenti alle alte pressioni riducono le perdite di trasporto e il riutilizzo del rivestimento in EVA riduce i costi di acquisto degli accessori.<\/p>\n<p><strong>Scoprite subito le soluzioni esclusive!\u00a0<\/strong>Fornite le dimensioni della penna, lo stile del design e la quantit\u00e0 minima ordinabile e riceverete rendering e preventivi gratuiti entro 24 ore. Con la massima maestria e il prezzo alla fonte, lasciate che la vostra penna conquisti il mercato di fascia alta fin dalla confezione!<\/p>\n<p><strong>Sceglieteci e lasciate che il packaging diventi il vostro venditore silenzioso!<\/strong><\/p>","protected":false},"excerpt":{"rendered":"<p>La confezione regalo con penna a chiusura magnetica \u00e8 realizzata in materiale ecologico 1200GSM gary board, stampa nera ad alta definizione senza colori, rivestimento personalizzabile, fornitura diretta da fabbriche cinesi, design gratuito!<\/p>","protected":false},"featured_media":8255,"template":"","meta":[],"product_brand":[],"product_cat":[30,413,424],"product_tag":[487,634,635],"class_list":{"0":"post-8261","1":"product","2":"type-product","3":"status-publish","4":"has-post-thumbnail","6":"product_cat-by-industry","7":"product_cat-consumer-electronics-boxes","8":"product_cat-magnetic-closure-boxes","9":"product_tag-custom-pen-packaging","10":"product_tag-pen-boxes-wholesale","11":"product_tag-pen-packaging-gift-boxes","13":"first","14":"instock","15":"shipping-taxable","16":"product-type-simple"},"_links":{"self":[{"href":"https:\/\/zojopackaging.com\/it\/wp-json\/wp\/v2\/product\/8261","targetHints":{"allow":["GET"]}}],"collection":[{"href":"https:\/\/zojopackaging.com\/it\/wp-json\/wp\/v2\/product"}],"about":[{"href":"https:\/\/zojopackaging.com\/it\/wp-json\/wp\/v2\/types\/product"}],"version-history":[{"count":1,"href":"https:\/\/zojopackaging.com\/it\/wp-json\/wp\/v2\/product\/8261\/revisions"}],"predecessor-version":[{"id":8262,"href":"https:\/\/zojopackaging.com\/it\/wp-json\/wp\/v2\/product\/8261\/revisions\/8262"}],"wp:featuredmedia":[{"embeddable":true,"href":"https:\/\/zojopackaging.com\/it\/wp-json\/wp\/v2\/media\/8255"}],"wp:attachment":[{"href":"https:\/\/zojopackaging.com\/it\/wp-json\/wp\/v2\/media?parent=8261"}],"wp:term":[{"taxonomy":"product_brand","embeddable":true,"href":"https:\/\/zojopackaging.com\/it\/wp-json\/wp\/v2\/product_brand?post=8261"},{"taxonomy":"product_cat","embeddable":true,"href":"https:\/\/zojopackaging.com\/it\/wp-json\/wp\/v2\/product_cat?post=8261"},{"taxonomy":"product_tag","embeddable":true,"href":"https:\/\/zojopackaging.com\/it\/wp-json\/wp\/v2\/product_tag?post=8261"}],"curies":[{"name":"wp","href":"https:\/\/api.w.org\/{rel}","templated":true}]}}