{"id":8279,"date":"2025-03-25T21:06:31","date_gmt":"2025-03-25T13:06:31","guid":{"rendered":"https:\/\/zojopackaging.com\/?post_type=product&#038;p=8279"},"modified":"2025-03-25T21:27:58","modified_gmt":"2025-03-25T13:27:58","slug":"custom-luxury-hair-extension-gift-packaging-boxes-wholesale","status":"publish","type":"product","link":"https:\/\/zojopackaging.com\/it\/product\/custom-luxury-hair-extension-gift-packaging-boxes-wholesale\/","title":{"rendered":"Custom Luxury Hair Extension regalo imballaggio scatole all'ingrosso"},"content":{"rendered":"<h2 id=\"customized-luxury-hair-extension-gift-box-wholesale-instructions\">Istruzioni su misura per la confezione regalo di estensione dei capelli di lusso all'ingrosso<\/h2>\n<h3 id=\"-1-military-grade-material-strong-and-load-bearing-fearless-of-transportation-challenges-\"><strong>1. Materiale di tipo militare: resistente e portante, non teme le sfide del trasporto.<\/strong><\/h3>\n<ul>\n<li><strong>Cartone grigio da 1200 GSM + carta patinata per arte da 157 GSM<\/strong>\u2705 Il corpo della scatola pu\u00f2 sopportare fino a 8 kg e la resistenza alla compressione supera di 3 volte lo standard nazionale, il che \u00e8 adatto a prodotti di grande volume come i set di extension per capelli lunghi e i set di strumenti pesanti; \u2705 La superficie \u00e8 ricoperta da una pellicola opaca\/lucida, che \u00e8 impermeabile, antiolio e antigraffio, e pu\u00f2 resistere a rischi come l'umidit\u00e0 di stoccaggio e gli spruzzi della logistica, assicurando che la stampa della superficie della scatola sia durevole e nuova.<\/li>\n<\/ul>\n<hr \/>\n<h3 id=\"-2-magnetic-book-box-design-the-pinnacle-combination-of-visual-aesthetics-and-practicality-\"><strong>2. Design della scatola con chiusura magnetica: il massimo della combinazione di estetica e praticit\u00e0.<\/strong><\/h3>\n<ul>\n<li><strong>Sistema di chiusura magnetica invisibile<\/strong>: I magneti incorporati evitano il problema dell'usura e del degommaggio delle fibbie magnetiche tradizionali; la durata dell'apertura e della chiusura supera le 5.000 volte ed \u00e8 silenziosa e fluida come prima;<\/li>\n<li><strong>Aspetto minimalista in stile business<\/strong>: Nessuna interferenza di accessori ridondanti, base a tinta unita + design LOGO stampato a caldo, in linea con il tono di lusso low-key dei marchi di parrucche di fascia alta.<\/li>\n<\/ul>\n<h3 id=\"-three-deep-customization-service-precise-adaptation-from-size-to-inner-tray-\"><strong>3. Servizio di personalizzazione profonda: adattamento preciso dalle dimensioni al vassoio interno.<\/strong><\/h3>\n<ol>\n<li><strong>Personalizzazione flessibile a grandezza naturale<\/strong><\/li>\n<li>Supporta la personalizzazione di scatole per extension con lunghezze di 30cm-150cm, con strutture a singolo strato, a doppia porta e a cassetto da scegliere liberamente;<\/li>\n<li>Compatibile con pi\u00f9 pezzi: i vassoi interni a strati possono essere progettati per riporre contemporaneamente extension, soluzioni per la cura dei capelli, strumenti da indossare e altri accessori.<\/li>\n<li><strong>Soluzione di vassoio interno di alta gamma<\/strong><\/li>\n<li><strong>Vassoio interno antisismico in EPE<\/strong>: Scanalature precise scolpite in 3D per fissare la curvatura delle extension per evitare la deformazione durante il trasporto;<\/li>\n<li><strong>Vassoio per espositori floccati<\/strong>Fodera in velluto nero\/bordeaux per aumentare il senso di cerimonia all'apertura della scatola, adatta a prodotti per l'estensione dei capelli di fascia alta con un prezzo superiore a 1.000 yuan.<\/li>\n<li><strong>Tecnologia di miglioramento visivo<\/strong><\/li>\n<li><strong>Tecnologia di stampaggio a caldo\/argentatura a caldo<\/strong>: Stampa locale a caldo del LOGO del marchio, della fibbia del nastro, ecc., che rifrange una sottile lucentezza metallica sotto la luce della sorgente;<\/li>\n<li><strong>Aggiornamento degli accessori per nastri<\/strong>: Abbinabile al nastro di seta, al ciondolo con targhetta in metallo, la confezione regalo stimola direttamente il riacquisto.<\/li>\n<\/ol>\n<h3 id=\"-fourth-china-s-smart-manufacturing-strength-extremely-fast-response-and-production-capacity-guarantee-\"><strong>4. La forza della Cina nella produzione intelligente: risposta estremamente rapida e garanzia di capacit\u00e0 produttiva.<\/strong><\/h3>\n<ul>\n<li><strong>Preventivo accurato in 10 minuti<\/strong>: Invia i requisiti (dimensioni, processo, quantit\u00e0) online, il sistema AI calcola i costi in tempo reale, prezzi trasparenti senza spese nascoste;<\/li>\n<li><strong>Linea di produzione completamente automatica<\/strong>: Macchina da stampa tedesca Heidelberg + fustellatrice intelligente, capacit\u00e0 produttiva giornaliera di 1 milione di pezzi, supporto per la consegna di ordini di emergenza in 72 ore;<\/li>\n<li><strong>Tripla garanzia di ispezione della qualit\u00e0<\/strong>: ispezione dell'entrata della materia prima, ispezione di campionamento del processo di produzione, ispezione completa della spedizione del prodotto finito, tasso di difetto controllato al di sotto di 0,1%.<\/li>\n<\/ul>\n<h3 id=\"-v-commercial-value-empowerment-\"><strong>5. Potenziamento del valore commerciale<\/strong><\/h3>\n<p>\u2705\u00a0<strong>Aumento del premio del marchio<\/strong>: Le confezioni di lusso aumentano il prezzo medio dei prodotti per l'estensione dei capelli di 30%-80%, soprattutto per le linee di fascia alta, come le versioni in nero e oro e gli stili delle celebrit\u00e0.\u00a0<strong>Riduzione dei costi di trasporto<\/strong>: Il tipo di scatola resistente alla pressione e il rivestimento impermeabile riducono il tasso di danni al carico a 0,5%, riducendo le controversie post-vendita.\u00a0<strong>Diffusione spontanea dell'utente<\/strong>: Il senso del rituale dell'unboxing spinge a postare sui social media, attirando soprattutto le beauty blogger e i KOL degli hairstylist per una promozione gratuita.<\/p>\n<p><strong>Avviate subito una cooperazione di alto livello!\u00a0<\/strong>Fornite le dimensioni e i requisiti di progettazione dei prodotti per l'estensione dei capelli e otterrete un preventivo + un rendering 3D entro 10 minuti. Con una capacit\u00e0 produttiva di un milione di unit\u00e0 e una qualit\u00e0 militare, le fabbriche cinesi vi aiuteranno a conquistare le vette del mercato delle parrucche di fascia alta!<\/p>\n<h2 id=\"-technical-parameters-\"><strong>Parametri tecnici<\/strong><\/h2>\n<table>\n<thead>\n<tr>\n<th><strong>Progetto<\/strong><\/th>\n<th><strong>Specifiche tecniche<\/strong><\/th>\n<\/tr>\n<\/thead>\n<tbody>\n<tr>\n<td>Capacit\u00e0 di carico massima<\/td>\n<td>8 kg (versione potenziata personalizzabile fino a 12 kg)<\/td>\n<\/tr>\n<tr>\n<td>Processo di laminazione<\/td>\n<td>Pellicola opaca\/Pellicola lucida\/Pellicola tattile (anti-impronta)<\/td>\n<\/tr>\n<tr>\n<td>Precisione di stampa a caldo<\/td>\n<td>Linea sottile da 0,3 mm Stampaggio a caldo senza sbavature<\/td>\n<\/tr>\n<tr>\n<td>Quantit\u00e0 minima d'ordine<\/td>\n<td>500 pezzi (supporto 50 pezzi per la prototipazione)<\/td>\n<\/tr>\n<tr>\n<td>Ciclo di consegna<\/td>\n<td>7-12 giorni (3 giorni per gli ordini spediti)<\/td>\n<\/tr>\n<\/tbody>\n<\/table>\n<p><strong>Scegliete noi e lasciate che ogni parrucca abbia un \"cappotto di lusso\" all'altezza del suo valore!<\/strong><\/p>","protected":false},"excerpt":{"rendered":"<p>Scatola di chiusura magnetica in cartone grigio 1200GSM + carta patinata 157, chiusura magnetica invisibile per evitare l'usura, rivestimento in pellicola per resistere all'acqua e all'olio, personalizzazione del vassoio interno a nastro di dimensioni complete, soluzione di imballaggio professionale per parrucche<\/p>","protected":false},"featured_media":8280,"template":"","meta":[],"product_brand":[],"product_cat":[30,421,424],"product_tag":[643,644,642],"class_list":{"0":"post-8279","1":"product","2":"type-product","3":"status-publish","4":"has-post-thumbnail","6":"product_cat-by-industry","7":"product_cat-custom-hair-extension-boxes","8":"product_cat-magnetic-closure-boxes","9":"product_tag-custom-hair-extension-boxes","10":"product_tag-hair-extension-packaging-wholesale","11":"product_tag-luxury-hair-extension-packaging","13":"first","14":"instock","15":"shipping-taxable","16":"product-type-simple"},"_links":{"self":[{"href":"https:\/\/zojopackaging.com\/it\/wp-json\/wp\/v2\/product\/8279","targetHints":{"allow":["GET"]}}],"collection":[{"href":"https:\/\/zojopackaging.com\/it\/wp-json\/wp\/v2\/product"}],"about":[{"href":"https:\/\/zojopackaging.com\/it\/wp-json\/wp\/v2\/types\/product"}],"version-history":[{"count":1,"href":"https:\/\/zojopackaging.com\/it\/wp-json\/wp\/v2\/product\/8279\/revisions"}],"predecessor-version":[{"id":8286,"href":"https:\/\/zojopackaging.com\/it\/wp-json\/wp\/v2\/product\/8279\/revisions\/8286"}],"wp:featuredmedia":[{"embeddable":true,"href":"https:\/\/zojopackaging.com\/it\/wp-json\/wp\/v2\/media\/8280"}],"wp:attachment":[{"href":"https:\/\/zojopackaging.com\/it\/wp-json\/wp\/v2\/media?parent=8279"}],"wp:term":[{"taxonomy":"product_brand","embeddable":true,"href":"https:\/\/zojopackaging.com\/it\/wp-json\/wp\/v2\/product_brand?post=8279"},{"taxonomy":"product_cat","embeddable":true,"href":"https:\/\/zojopackaging.com\/it\/wp-json\/wp\/v2\/product_cat?post=8279"},{"taxonomy":"product_tag","embeddable":true,"href":"https:\/\/zojopackaging.com\/it\/wp-json\/wp\/v2\/product_tag?post=8279"}],"curies":[{"name":"wp","href":"https:\/\/api.w.org\/{rel}","templated":true}]}}