{"id":8318,"date":"2025-03-26T20:58:19","date_gmt":"2025-03-26T12:58:19","guid":{"rendered":"https:\/\/zojopackaging.com\/?post_type=product&#038;p=8318"},"modified":"2025-03-26T21:47:04","modified_gmt":"2025-03-26T13:47:04","slug":"custom-bakery-cupcake-cookie-packaging-box-manufacturer","status":"publish","type":"product","link":"https:\/\/zojopackaging.com\/it\/product\/custom-bakery-cupcake-cookie-packaging-box-manufacturer\/","title":{"rendered":"Panificio personalizzato Cupcake Cookie Packaging Box Fornitore"},"content":{"rendered":"<h1 id=\"-customized-solution-for-high-end-art-baking-packaging-box-\"><strong>Soluzione personalizzata per la scatola di imballaggio per la cottura di prodotti artistici di alta gamma<\/strong><\/h1>\n<h2 id=\"-1-innovative-box-design-the-craft-aesthetics-of-book-shaped-magnetic-suction-box-\"><strong>1. Design innovativo della scatola: l'estetica artigianale della scatola con chiusura magnetica<\/strong><\/h2>\n<p>\u00c8 stato adottato il design brevettato delle scatole a chiusura magnetica e il sistema di chiusura a magnete incorporato \u00e8 utilizzato per realizzare l'esperienza di apertura \"voltapagina\" e il senso di smorzamento dell'apertura e della chiusura \u00e8 controllato con precisione entro l'intervallo di 0,5N-m. Il design a rapporto aureo del corpo della scatola, combinato con il processo di orlatura a 45\u00b0, fa s\u00ec che la scatola da imballaggio abbia anche la funzione di espositore artistico. Secondo i test di laboratorio, la resistenza alla compressione della struttura raggiunge i 120 kg\/\u33a1, un valore superiore di 40% a quello delle scatole tradizionali.<\/p>\n<h2 id=\"-2-visual-experience-upgrade-macaron-color-double-sided-printing-system-\"><strong>2. Aggiornamento dell'esperienza visiva: sistema di stampa fronte\/retro a colori macaron<\/strong><\/h2>\n<p>Affidandosi all'apparecchiatura tedesca Heidelberg per la stampa UV a 8 colori, realizza la stampa a colori su due lati e il processo di sovrapposizione della vernice UV locale, con un grado di riproduzione dei colori \u0394E\u22641,2 (\u00e8 qualificato lo standard internazionale \u0394E\u22643). La \"libreria di colori macaron a bassa saturazione\", appositamente sviluppata, contiene 12 colori principali curativi + 24 colori di transizione. Il test dell'indice di affaticamento visivo dimostra che questo sistema di colori pu\u00f2 prolungare il tempo di sguardo dei consumatori di 30%. La superficie \u00e8 realizzata in carta patinata atr 157GSM ricoperta da una pellicola opaca ecologica, e il valore di haze \u00e8 controllato nell'intervallo 28-32GU, bilanciando perfettamente la texture e la chiarezza di stampa.<\/p>\n<h2 id=\"-three-military-grade-material-system-structural-protection-solution-\"><strong>3. Sistema di materiali di livello militare: soluzione di protezione strutturale<\/strong><\/h2>\n<p>Il materiale di base adotta una struttura composita di cartone grigio alimentare da 1200GSM (densit\u00e0 0,85g\/cm\u00b3, indice di pressione anulare \u226518kN\/m) e carta patinata a prova di umidit\u00e0. \u00c8 stato certificato dal test di trasporto ISTA 3A e pu\u00f2 resistere a variazioni di temperatura da -20\u2103 a 50\u2103. Il sistema di rivestimento offre tre soluzioni di tamponamento in EPE\/EVA\/PETG stampate con CNC in 3D e personalizza gli slot esclusivi per le schede del prodotto attraverso l'analisi agli elementi finiti FEA. Il test di caduta mostra che il tasso di protezione dei cupcake \u00e8 del 99,7%.<\/p>\n<h2 id=\"-fourth-flexible-intelligent-manufacturing-system-unlimited-customization-driven-by-mes-\"><strong>4. Sistema di produzione intelligente e flessibile: personalizzazione illimitata guidata dal MES.<\/strong><\/h2>\n<p>-\u00a0<strong>Flessibilit\u00e0 delle dimensioni<\/strong>: supporta lo sviluppo di qualsiasi tipo di scatola da 10 mm a 600 mm e l'originale sistema di modellazione parametrica pu\u00f2 completare la prova di stampa 3D entro 24 ore.\u00a0<strong>Visualizzazione della produzione<\/strong>: L'officina implementa il cruscotto intelligente 5G+MES, i clienti possono visualizzare lo stato di avanzamento degli ordini in 12 processi in tempo reale e il tasso di utilizzo delle attrezzature \u00e8 aumentato a 92% -.\u00a0<strong>Produzione verde intelligente<\/strong>: dotato di un sistema di taglio intelligente alimentato da fotovoltaico, il tasso di utilizzo del materiale raggiunge 98,5%, che \u00e8 15% superiore alla media del settore<\/p>\n<h2 id=\"-five-source-factory-service-advantages-\"><strong>5. Vantaggi del servizio di fabbrica alla fonte<\/strong><\/h2>\n<p>In qualit\u00e0 di impresa principale nella cintura dell'industria cinese degli imballaggi per la cottura, forniamo: \u221a Servizio di progettazione gratuito: 10 team di professionisti rispondono entro 48 ore, con pi\u00f9 di 2000 casi di progettazione all'anno \u221a Sistema di prezzi a scaletta: godiamo del prezzo di fabbrica per ordini di 500 pezzi, e il costo degli ordini di oltre 5000 pezzi \u00e8 ridotto di 18% \u221a Impegno per la qualit\u00e0: Superata la doppia certificazione ISO22000\/BRCGS, promessa di una prova rapida di 72 ore e di una tracciabilit\u00e0 della qualit\u00e0 ultra-lunga di 30 giorni.<\/p>\n<h2 id=\"-technical-parameter-comparison-table-\"><strong>Tabella di confronto dei parametri tecnici<\/strong><\/h2>\n<table>\n<thead>\n<tr>\n<th>Indice<\/th>\n<th>Questo prodotto<\/th>\n<th>Standard industriale<\/th>\n<th>Tasso di miglioramento<\/th>\n<\/tr>\n<\/thead>\n<tbody>\n<tr>\n<td>Ciclo di consegna<\/td>\n<td>7-12 giorni lavorativi<\/td>\n<td>15-25 giorni lavorativi<\/td>\n<td>40%<\/td>\n<\/tr>\n<tr>\n<td>Stabilit\u00e0 del colore<\/td>\n<td>\u00b12% differenza di colore<\/td>\n<td>\u00b15% differenza di colore<\/td>\n<td>60%<\/td>\n<\/tr>\n<tr>\n<td>Resistenza alla compressione<\/td>\n<td>120kg\/\u33a1<\/td>\n<td>85kg\/\u33a1<\/td>\n<td>41%<\/td>\n<\/tr>\n<tr>\n<td>Quantit\u00e0 minima ordinabile<\/td>\n<td>100 pezzi<\/td>\n<td>500 pezzi<\/td>\n<td>80%<\/td>\n<\/tr>\n<\/tbody>\n<\/table>","protected":false},"excerpt":{"rendered":"<p>Scatola d'imballaggio con chiusura magnetica di alta qualit\u00e0, stampa bifacciale di colore macaron in stile femminile, logo del marchio chiaro, stile flessibile di dimensioni personalizzate, appositamente progettato per creare scatole regalo accattivanti per torte e biscotti.<\/p>","protected":false},"featured_media":8319,"template":"","meta":[],"product_brand":[],"product_cat":[30,422,424,31],"product_tag":[653,652,651],"class_list":{"0":"post-8318","1":"product","2":"type-product","3":"status-publish","4":"has-post-thumbnail","6":"product_cat-by-industry","7":"product_cat-custom-gourmet-boxes-by-industry","8":"product_cat-magnetic-closure-boxes","9":"product_cat-paper-box-style","10":"product_tag-cookie-packaging-box","11":"product_tag-cupcake-box-manufacturer","12":"product_tag-custom-bakery-packaging","14":"first","15":"instock","16":"shipping-taxable","17":"product-type-simple"},"_links":{"self":[{"href":"https:\/\/zojopackaging.com\/it\/wp-json\/wp\/v2\/product\/8318","targetHints":{"allow":["GET"]}}],"collection":[{"href":"https:\/\/zojopackaging.com\/it\/wp-json\/wp\/v2\/product"}],"about":[{"href":"https:\/\/zojopackaging.com\/it\/wp-json\/wp\/v2\/types\/product"}],"version-history":[{"count":1,"href":"https:\/\/zojopackaging.com\/it\/wp-json\/wp\/v2\/product\/8318\/revisions"}],"predecessor-version":[{"id":8324,"href":"https:\/\/zojopackaging.com\/it\/wp-json\/wp\/v2\/product\/8318\/revisions\/8324"}],"wp:featuredmedia":[{"embeddable":true,"href":"https:\/\/zojopackaging.com\/it\/wp-json\/wp\/v2\/media\/8319"}],"wp:attachment":[{"href":"https:\/\/zojopackaging.com\/it\/wp-json\/wp\/v2\/media?parent=8318"}],"wp:term":[{"taxonomy":"product_brand","embeddable":true,"href":"https:\/\/zojopackaging.com\/it\/wp-json\/wp\/v2\/product_brand?post=8318"},{"taxonomy":"product_cat","embeddable":true,"href":"https:\/\/zojopackaging.com\/it\/wp-json\/wp\/v2\/product_cat?post=8318"},{"taxonomy":"product_tag","embeddable":true,"href":"https:\/\/zojopackaging.com\/it\/wp-json\/wp\/v2\/product_tag?post=8318"}],"curies":[{"name":"wp","href":"https:\/\/api.w.org\/{rel}","templated":true}]}}