{"id":8338,"date":"2025-03-27T10:44:33","date_gmt":"2025-03-27T02:44:33","guid":{"rendered":"https:\/\/zojopackaging.com\/?post_type=product&#038;p=8338"},"modified":"2025-03-27T11:06:25","modified_gmt":"2025-03-27T03:06:25","slug":"oem-luxury-hair-tie-accessories-scrunchies-packaging-box","status":"publish","type":"product","link":"https:\/\/zojopackaging.com\/it\/product\/oem-luxury-hair-tie-accessories-scrunchies-packaging-box\/","title":{"rendered":"OEM lusso capelli cravatta accessori Scrunchies Packaging Box"},"content":{"rendered":"<h3 id=\"oem-luxury-headband-accessories-packaging-box-product-description\">OEM lusso fascia accessori scatola di imballaggio descrizione del prodotto<\/h3>\n<h4 id=\"-i-core-materials-and-process-guarantee-\"><strong>I. Materiali di base e garanzia di processo<\/strong><\/h4>\n<ol>\n<li><strong>Pannello grigio da 1200 GSM + struttura composita di carta patinata artistica da 157 GSM<\/strong><\/li>\n<li>Adottando un cartone grigio ad alta densit\u00e0 da 1200 GSM e un processo composito di carta patinata artistica da 157 GSM, il cartone grigio offre un'eccellente resistenza alla compressione e all'usura e pu\u00f2 sopportare pi\u00f9 di 5 kg, soddisfacendo le esigenze di trasporto su lunga distanza e di impilamento in magazzino.<\/li>\n<li>La superficie della carta patinata \u00e8 rivestita con una pellicola lucida per ottenere una stampa di alta precisione in nero pieno, con una saturazione del nero superiore a 98%, nessuna sbavatura, nessuna differenza di colore, e presenta perfettamente il LOGO del marchio e i dettagli del design.<\/li>\n<\/ol>\n<h4 id=\"-ii-luxury-design-and-functional-innovation-\"><strong>2. Design di lusso e innovazione funzionale<\/strong><\/h4>\n<ol>\n<li><strong>Stampa full black, per interpretare l'estetica del lusso<\/strong><\/li>\n<li>L'intero corpo adotta la tecnologia del nero opaco o del nero lucido, combinata con lamine d'oro, rilievi e altre decorazioni (personalizzabili), trasmettendo un tono di lusso low-key del marchio, che si adatta al posizionamento del prodotto degli accessori di fascia alta.<\/li>\n<li><strong>Scatola con chiusura magnetica, bella e pratica<\/strong><\/li>\n<li>Il design della scatola a chiusura magnetica \u00e8 abbinato a una fibbia magnetica incorporata, che si apre e si chiude senza intoppi. La posizione magnetica \u00e8 nascosta all'interno della scatola per evitare l'usura esterna e migliorare l'integrit\u00e0 visiva complessiva.<\/li>\n<li>Lo spessore dopo la piegatura \u00e8 di solo 1 cm e l'imballaggio piatto riduce il volume di trasporto, con un risparmio di oltre 40% di costi logistici.<\/li>\n<\/ol>\n<h4 id=\"-three-full-dimensional-customization-service-\"><strong>3. Servizio di personalizzazione full-dimensionale<\/strong><\/h4>\n<ol>\n<li><strong>Adattamento flessibile alle dimensioni e al tipo di scatola<\/strong><\/li>\n<li>Supporta la personalizzazione di scatole rettangolari, quadrate e di altro tipo, con una gamma di dimensioni da 5x5x3cm a 50x30x15cm (espandibile), adatte a vari accessori come fasce, accessori per capelli, cerchietti, ecc.<\/li>\n<li><strong>Esclusivo sistema di protezione della fodera<\/strong><\/li>\n<li>Fornisce materiali di rivestimento come spugna EVA, flanella, carta floccata, ecc., apre e personalizza le scanalature in base alla forma del prodotto, fissa gli accessori per evitare scosse e il tasso di danni da trasporto \u00e8 inferiore a 0,5%.<\/li>\n<li>Supporto per la stampa di slogan o motivi del marchio per migliorare l'esperienza dell'unboxing.<\/li>\n<li><strong>Stampa ad alta precisione e valorizzazione del logo del marchio<\/strong><\/li>\n<li>Utilizzando la tecnologia di stampa a colori spot CMYK+Pantone, il controllo della differenza di colore \u0394E\u22641,5, la chiarezza del bordo del LOGO fino a 300dpi, per garantire un elevato riconoscimento del logo del marchio.<\/li>\n<\/ol>\n<h4 id=\"-fourth-factory-advantages-and-service-commitments-\"><strong>4. Vantaggi della fabbrica e impegni di servizio<\/strong><\/h4>\n<ol>\n<li><strong>Produzione su larga scala e consegna estremamente rapida<\/strong><\/li>\n<li><strong>Linea di produzione completamente automatica<\/strong>: dotato di attrezzature integrate per la fustellatura, la laminazione e la stampa a caldo, con una capacit\u00e0 produttiva giornaliera di 1.000.000 di pezzi, in grado di supportare senza problemi ordini di grandi dimensioni e ordini urgenti.<\/li>\n<li><strong>Campioni gratuiti e garanzia di prezzo basso<\/strong>: La prova di stampa viene completata entro 3 giorni lavorativi, gli ordini regolari vengono consegnati entro 7 giorni dalla conferma e gli ordini urgenti possono essere ridotti a 5 giorni.<\/li>\n<li><strong>Impegno di costo-efficacia<\/strong>: Il prezzo dell'ordine per 10.000 pezzi \u00e8 inferiore a US$0,5\/pezzo e supporta vari termini commerciali come FOB e EXW.<\/li>\n<\/ol>\n<h4 id=\"-v-application-scenarios-and-competitiveness-\"><strong>5. Scenari di applicazione e competitivit\u00e0<\/strong><\/h4>\n<ul>\n<li><strong>Campi applicabili<\/strong>: e-commerce transfrontaliero (come Amazon, Shopify, stazione indipendente), vendita al dettaglio di lusso, confezionamento di accessori per capelli in co-branding con celebrit\u00e0.<\/li>\n<li><strong>Vantaggi principali<\/strong>: Grazie all'aggiornamento dei materiali, al design estetico completamente nero e alla personalizzazione flessibile, aiuta i marchi a differenziarsi da prodotti simili e ad aumentare lo spazio premium di 20%-30%.<\/li>\n<\/ul>","protected":false},"excerpt":{"rendered":"<p>All-black scatola di lusso chiusura magnetica, aspirazione magnetica per evitare l'usura. Fodera di dimensioni personalizzate, adatta per la protezione del trasporto di accessori per capelli.<\/p>","protected":false},"featured_media":8339,"template":"","meta":[],"product_brand":[],"product_cat":[30,414,424,31],"product_tag":[660,662,661],"class_list":{"0":"post-8338","1":"product","2":"type-product","3":"status-publish","4":"has-post-thumbnail","6":"product_cat-by-industry","7":"product_cat-custom-apparel-boxes","8":"product_cat-magnetic-closure-boxes","9":"product_cat-paper-box-style","10":"product_tag-hair-tie-packaging","11":"product_tag-oem-scrunchies-packaging","12":"product_tag-tie-accessories-packaging","14":"first","15":"instock","16":"shipping-taxable","17":"product-type-simple"},"_links":{"self":[{"href":"https:\/\/zojopackaging.com\/it\/wp-json\/wp\/v2\/product\/8338","targetHints":{"allow":["GET"]}}],"collection":[{"href":"https:\/\/zojopackaging.com\/it\/wp-json\/wp\/v2\/product"}],"about":[{"href":"https:\/\/zojopackaging.com\/it\/wp-json\/wp\/v2\/types\/product"}],"version-history":[{"count":1,"href":"https:\/\/zojopackaging.com\/it\/wp-json\/wp\/v2\/product\/8338\/revisions"}],"predecessor-version":[{"id":8345,"href":"https:\/\/zojopackaging.com\/it\/wp-json\/wp\/v2\/product\/8338\/revisions\/8345"}],"wp:featuredmedia":[{"embeddable":true,"href":"https:\/\/zojopackaging.com\/it\/wp-json\/wp\/v2\/media\/8339"}],"wp:attachment":[{"href":"https:\/\/zojopackaging.com\/it\/wp-json\/wp\/v2\/media?parent=8338"}],"wp:term":[{"taxonomy":"product_brand","embeddable":true,"href":"https:\/\/zojopackaging.com\/it\/wp-json\/wp\/v2\/product_brand?post=8338"},{"taxonomy":"product_cat","embeddable":true,"href":"https:\/\/zojopackaging.com\/it\/wp-json\/wp\/v2\/product_cat?post=8338"},{"taxonomy":"product_tag","embeddable":true,"href":"https:\/\/zojopackaging.com\/it\/wp-json\/wp\/v2\/product_tag?post=8338"}],"curies":[{"name":"wp","href":"https:\/\/api.w.org\/{rel}","templated":true}]}}