{"id":8354,"date":"2025-03-27T11:34:12","date_gmt":"2025-03-27T03:34:12","guid":{"rendered":"https:\/\/zojopackaging.com\/?post_type=product&#038;p=8354"},"modified":"2025-03-27T12:08:41","modified_gmt":"2025-03-27T04:08:41","slug":"custom-lotion-foundation-cosmetic-makeup-set-box-wholesale","status":"publish","type":"product","link":"https:\/\/zojopackaging.com\/it\/product\/custom-lotion-foundation-cosmetic-makeup-set-box-wholesale\/","title":{"rendered":"Personalizzato lozione Fondazione trucco cosmetico Set Box all'ingrosso"},"content":{"rendered":"<h3 id=\"customized-lotion-foundation-makeup-set-box-wholesale-product-instructions\">Personalizzato lozione fondazione trucco set scatola all'ingrosso<\/h3>\n<h4 id=\"-i-innovative-structural-design-and-functional-optimization-\"><strong>I. Progettazione strutturale innovativa e ottimizzazione funzionale<\/strong><\/h4>\n<ol>\n<li><strong>Sistema di cassettiere per carta<\/strong><\/li>\n<li>Adotta una struttura a strati di tipo a cassetto, con un coefficiente di resistenza allo scorrimento di \u22640,15N, e la scorrevolezza di apertura e chiusura \u00e8 aumentata di 60%. L'operazione di presa dell'oggetto pu\u00f2 essere completata con una sola mano, il che \u00e8 perfettamente adatto a prodotti cilindrici come flaconi di lozione e vasetti di fondotinta.<\/li>\n<li>All'interno del corpo della scatola \u00e8 presente una fibbia antiscivolo, che non si \u00e8 deformata dopo 5000 test con la carta per cassetti, ha una capacit\u00e0 di carico di 3 kg e pu\u00f2 essere impilata per conservare pi\u00f9 articoli di trucco.<\/li>\n<li><strong>Sistema di protezione del rivestimento opaco<\/strong><\/li>\n<li>La superficie adotta un processo di film opaco a base d'acqua per formare uno strato idrofobico su scala nanometrica. \u00c8 stato testato per resistere alla penetrazione di liquidi come l'olio alimentare e il sudore e non si \u00e8 sbiadito o deformato dopo essere stato conservato in un ambiente con umidit\u00e0 di 40\u2103\/75% per 12 mesi.<\/li>\n<li>Grazie alla stampa con inchiostro di soia ecologico, ha superato gli standard di sicurezza alimentare certificati da SGS e pu\u00f2 entrare direttamente in contatto con l'imballaggio esterno dei cosmetici.<\/li>\n<\/ol>\n<h4 id=\"-second-brand-visual-system-construction-\"><strong>2. Costruzione del sistema visivo Drand<\/strong><\/h4>\n<ol>\n<li><strong>Stampa ad alta precisione per la visualizzazione degli ingredienti<\/strong><\/li>\n<li>Utilizzando la tecnologia di stampa offset a sei colori (CMYK + spot color), la differenza di colore \u00e8 controllata a \u0394E\u22641,0, e il diagramma della struttura molecolare e la descrizione dell'efficacia degli ingredienti attivi (come l'acido ialuronico e la niacinamide) sono stampati direttamente sulla superficie della scatola, aumentando la fiducia dei consumatori di 45%.<\/li>\n<li>L'originale design della \"transparent window ingredient label\" apre una finestra trasparente sul lato della scatola per visualizzare simultaneamente i dati reali del prodotto e degli ingredienti all'interno.<\/li>\n<li><strong>Sistema di identificazione del nastro personalizzato<\/strong><\/li>\n<li>Fornisce 8 tipi di materiali per nastri come il raso, il filo di neve e il film laser, supporta la personalizzazione della larghezza da 3 mm a 30 mm e pu\u00f2 incidere al laser slogan di marca o imprimere modelli scuri anticontraffazione.<\/li>\n<li>Innovativa struttura \"slot per la scheda di posizionamento del nastro\" per garantire un tasso di ritenzione della rigidit\u00e0 del nastro dopo la piegatura \u226590%, risolvendo il problema del facile raggrinzimento dei nastri da imballaggio tradizionali.<\/li>\n<\/ol>\n<h4 id=\"-three-full-dimensional-protection-and-customization-services-\"><strong>3. Servizi di protezione e personalizzazione a tutto campo<\/strong><\/h4>\n<ol>\n<li><strong>Sistema di rivestimento antisismico in EVA<\/strong><\/li>\n<li>Adotta un rivestimento in EVA diviso (densit\u00e0 35D\u00b12) e personalizza lo strato di tamponamento a nido d'ape in base alla forma del prodotto. Il test di vibrazione dimostra che \u00e8 in grado di resistere all'impatto del valore G 0,7 e il tasso di danni da trasporto \u00e8 inferiore a 0,2%.<\/li>\n<li>La fodera supporta una struttura composita a doppio strato: lo strato superiore di tessuto floccato \u00e8 antigraffio (coefficiente di attrito \u2264 0,3), mentre lo strato inferiore di cuscinetto in silicone \u00e8 antiscivolo, adatto a prodotti fragili come l'essenza delle bottiglie di vetro.<\/li>\n<li><strong>Soluzione di produzione intelligente e flessibile<\/strong><\/li>\n<li><strong>Adattamento flessibile delle dimensioni<\/strong>: Supporto per la personalizzazione delle dimensioni da 5x5x3cm a 30x20x15cm, per soddisfare le esigenze dei set di rossetti singoli e delle confezioni regalo da dieci pezzi.<\/li>\n<\/ol>\n<h4 id=\"-fourth-factory-direct-supply-service-guarantee-\"><strong>4. Garanzia di servizio di fornitura diretta della fabbrica<\/strong><\/h4>\n<ol>\n<li><strong>Potenziamento della catena di fornitura integrata<\/strong><\/li>\n<li><strong>Risposta rapida<\/strong>: Il team di progettazione produce rendering 3D entro 24 ore, completa le prove di stampa entro 72 ore e il ciclo di produzione di massa si riduce a 7 giorni lavorativi.<\/li>\n<li><strong>Sistema di controllo della qualit\u00e0<\/strong>: Certificazione di qualit\u00e0 ISO9001 superata.<\/li>\n<\/ol>","protected":false},"excerpt":{"rendered":"<p>1. Il design del cassetto e l'apertura scorrevole facilitano l'apertura e la chiusura da parte degli utenti, riducendo il tempo di funzionamento e migliorando l'esperienza di disimballaggio.<br \/>\n2. La superficie \u00e8 ricoperta da una pellicola opaca, impermeabile e antiolio, in modo che il prodotto possa rimanere intatto anche dopo una lunga conservazione.<br \/>\n3. Gli accessori a nastro migliorano la bellezza e il riconoscimento del marchio e rafforzano l'impressione che i consumatori hanno del vostro marchio.<br \/>\n4. Il rivestimento in EVA \u00e8 in grado di attutire e resistere agli urti durante il trasporto, proteggendo i vostri prodotti in modo che possano essere consegnati in tutta sicurezza nelle vostre mani.<\/p>","protected":false},"featured_media":8357,"template":"","meta":[],"product_brand":[],"product_cat":[30,390,31,426],"product_tag":[667,665,666],"class_list":{"0":"post-8354","1":"product","2":"type-product","3":"status-publish","4":"has-post-thumbnail","6":"product_cat-by-industry","7":"product_cat-custom-cosmetics-boxes","8":"product_cat-paper-box-style","9":"product_cat-paper-drawer-boxes","10":"product_tag-cosmetic-makeup-set-box","11":"product_tag-custom-lotion-box","12":"product_tag-foundation-box-wholesale","14":"first","15":"instock","16":"shipping-taxable","17":"product-type-simple"},"_links":{"self":[{"href":"https:\/\/zojopackaging.com\/it\/wp-json\/wp\/v2\/product\/8354","targetHints":{"allow":["GET"]}}],"collection":[{"href":"https:\/\/zojopackaging.com\/it\/wp-json\/wp\/v2\/product"}],"about":[{"href":"https:\/\/zojopackaging.com\/it\/wp-json\/wp\/v2\/types\/product"}],"version-history":[{"count":1,"href":"https:\/\/zojopackaging.com\/it\/wp-json\/wp\/v2\/product\/8354\/revisions"}],"predecessor-version":[{"id":8361,"href":"https:\/\/zojopackaging.com\/it\/wp-json\/wp\/v2\/product\/8354\/revisions\/8361"}],"wp:featuredmedia":[{"embeddable":true,"href":"https:\/\/zojopackaging.com\/it\/wp-json\/wp\/v2\/media\/8357"}],"wp:attachment":[{"href":"https:\/\/zojopackaging.com\/it\/wp-json\/wp\/v2\/media?parent=8354"}],"wp:term":[{"taxonomy":"product_brand","embeddable":true,"href":"https:\/\/zojopackaging.com\/it\/wp-json\/wp\/v2\/product_brand?post=8354"},{"taxonomy":"product_cat","embeddable":true,"href":"https:\/\/zojopackaging.com\/it\/wp-json\/wp\/v2\/product_cat?post=8354"},{"taxonomy":"product_tag","embeddable":true,"href":"https:\/\/zojopackaging.com\/it\/wp-json\/wp\/v2\/product_tag?post=8354"}],"curies":[{"name":"wp","href":"https:\/\/api.w.org\/{rel}","templated":true}]}}