{"id":8362,"date":"2025-03-27T12:10:51","date_gmt":"2025-03-27T04:10:51","guid":{"rendered":"https:\/\/zojopackaging.com\/?post_type=product&#038;p=8362"},"modified":"2025-03-27T13:49:20","modified_gmt":"2025-03-27T05:49:20","slug":"high-quality-custom-drawer-paper-jewellery-boxes-wholesale","status":"publish","type":"product","link":"https:\/\/zojopackaging.com\/it\/product\/high-quality-custom-drawer-paper-jewellery-boxes-wholesale\/","title":{"rendered":"Scatole di gioielli di carta del cassetto su ordinazione di alta qualit\u00e0 all'ingrosso"},"content":{"rendered":"<h3 id=\"high-end-custom-drawer-type-jewelry-box-wholesale-product-instructions\">Scatola di gioielli di carta del cassetto su ordinazione di alta qualit\u00e0 all'ingrosso<\/h3>\n<h4 id=\"-i-innovative-structure-and-material-technology-\"><strong>I. Struttura innovativa e tecnologia dei materiali<\/strong><\/h4>\n<ol>\n<li><strong>Sistema di cassetti a scorrimento per carta<\/strong>\u00a0Adotta una struttura estraibile a strati, con un coefficiente di resistenza allo scorrimento di \u22640,15N, e pu\u00f2 essere aperto e chiuso senza problemi con una sola mano. Il corpo della scatola \u00e8 dotato di una fibbia antigoccia. Non presenta deformazioni dopo 5000 test di estrazione e la capacit\u00e0 di carico raggiunge i 3 kg. \u00c8 adatto per anelli, collane, bracciali e altri gioielli.<\/li>\n<li><strong>Rafforzamento dei materiali<\/strong>: 1200 GSM di cartone grigio ad alta densit\u00e0 e 157 GSM di carta patinata artistica, la durezza del corpo della scatola raggiunge Shaw D85, ha superato la certificazione forestale FSC e gli standard di protezione ambientale RoHS e supporta lo stoccaggio a 5 strati.<\/li>\n<li><strong>Tecnologia di polimerizzazione Spot UV ad alta efficienza<\/strong>\u00a0Il processo di verniciatura UV locale pu\u00f2 raggiungere un'essiccazione rapida di 3 secondi. In combinazione con la linea di laminazione completamente automatica, l'efficienza di essiccazione \u00e8 aumentata di 70% e supporta la stampa continua, la stampa a caldo e la goffratura. Grazie all'operazione di sincronizzazione post-processo, la capacit\u00e0 produttiva giornaliera supera i 50.000 pezzi.<\/li>\n<\/ol>\n<h4 id=\"-2-brand-identification-and-protection-system-\"><strong>2. Sistema di identificazione e protezione del marchio<\/strong><\/h4>\n<ol>\n<li><strong>Sistema visivo a nastro personalizzato<\/strong>\u00a0Fornisce 8 tipi di materiali per nastri come il raso, il filo di neve, il film laser, ecc., supporta la personalizzazione gratuita della larghezza di 3 mm-50 mm, pu\u00f2 incidere al laser il LOGO del marchio o imprimere un motivo scuro anticontraffazione, il design originale della \"fessura di posizionamento del nastro\" e il tasso di ritenzione della rigidit\u00e0 dopo la piegatura \u00e8 \u226590%.<\/li>\n<li><strong>Rivestimento antisismico in flock EVA<\/strong>\u00a0Fodera in EVA spaccata (densit\u00e0 45D\u00b12), scanalature personalizzate in base allo stampo del contorno dei gioielli, in grado di resistere alla forza d'urto del valore G 0,7 e il tasso di danni da trasporto \u00e8 inferiore a 0,3%. Il coefficiente di attrito dello strato di floccaggio superficiale \u00e8 \u22640,3 per evitare graffi su metalli preziosi e pietre preziose.<\/li>\n<\/ol>\n<h4 id=\"-iii-printing-technology-and-environmental-protection-adaptation-\"><strong>3. Tecnologia di stampa e adattamento alla protezione ambientale<\/strong><\/h4>\n<ol>\n<li><strong>Stampa CMYK ad alta precisione<\/strong>\u00a0Viene utilizzata la tecnologia di stampa offset a sei colori (CMYK+spot color) e il controllo della differenza di colore \u0394E\u22641.0 supporta la stampa dei diagrammi della struttura molecolare dei principi attivi e il design a gradiente, ed \u00e8 abbinato all'inchiostro di soia ecologico. Ha superato la certificazione di sicurezza alimentare SGS e pu\u00f2 entrare direttamente in contatto con i gioielli.<\/li>\n<li><strong>Inchiostro ecologico e processo degradabile<\/strong>\u00a0L'inchiostro a base d'acqua rappresenta oltre 80%, le emissioni di VOC sono inferiori a 50g\/L, in linea con le normative REACH dell'UE, e il materiale di rivestimento favorisce la biodegradazione, applicando il concetto di imballaggio ecologico.<\/li>\n<\/ol>\n<h4 id=\"-iv-flexible-customization-and-production-guarantee-\"><strong>4. Personalizzazione flessibile e garanzia di produzione<\/strong><\/h4>\n<ol>\n<li><strong>Servizio di personalizzazione dimensionale illimitato<\/strong><\/li>\n<li><strong>Adattamento delle dimensioni<\/strong>: Copre tutte le specifiche da 5x5x3cm a 30x20x15cm, supportando lo sviluppo simultaneo di pi\u00f9 tipi di scatole, come quelle a libro, a ribalta, con coperchio superiore e inferiore;<\/li>\n<li><strong>Collaborazione al design<\/strong>: Il marchio fornisce immagini o parole chiave di ispirazione e il team di progettazione produce rendering 3D 24 ore su 24, supportando la personalizzazione a tutti gli effetti di LOGO, motivi e testo.<\/li>\n<li><strong>Consegna estremamente rapida e vantaggio in termini di costi<\/strong><\/li>\n<li><strong>Fornitura diretta dalla fabbrica di origine<\/strong>: Basandosi sul cluster industriale del Delta del Fiume delle Perle, il prezzo unitario di 10.000 pezzi di ordini \u00e8 pari a 1,2 yuan\/set, con un risparmio di 30% del costo rispetto al modello tradizionale;<\/li>\n<li><strong>Sistema di verifica dei campioni<\/strong>: La prototipazione e l'ispezione di qualit\u00e0 sono completate entro 3 giorni lavorativi e la consegna della produzione di massa \u00e8 completata entro 5-7 giorni lavorativi dopo la conferma e gli ordini accelerati possono essere ridotti a 72 ore.<\/li>\n<\/ol>\n<h4 id=\"-v-application-scenarios-and-competitiveness-\"><strong>5. Scenari di applicazione e competitivit\u00e0<\/strong><\/h4>\n<ul>\n<li><strong>Valore fondamentale<\/strong>: Grazie all'innovazione della cassettiera, al sistema di nastri di marca e al rivestimento antisismico, i marchi di gioielli possono aumentare il loro premio di 20%-30%;<\/li>\n<li><strong>Campi applicabili<\/strong>: e-commerce transfrontaliero, banchi di lusso, personalizzazione di gioielli da sposa.<\/li>\n<\/ul>","protected":false},"excerpt":{"rendered":"<p>1. Il design del cassetto della scatola di carta, scorrevole per l'apertura, facilita l'apertura e la chiusura, migliorando l'esperienza di unboxing dell'utente.<br \/>\n2. Accessori per nastri I nastri migliorano la bellezza e il riconoscimento del marchio e rafforzano l'impressione che i consumatori hanno del vostro marchio.<br \/>\n3. Spot UV, completamente polimerizzato in pochi secondi, accorcia notevolmente i tempi di asciugatura, supporta la stampa continua e la post-elaborazione, migliorando significativamente l'efficienza produttiva.<\/p>","protected":false},"featured_media":8365,"template":"","meta":[],"product_brand":[],"product_cat":[30,415,31,426],"product_tag":[669,668,670],"class_list":{"0":"post-8362","1":"product","2":"type-product","3":"status-publish","4":"has-post-thumbnail","6":"product_cat-by-industry","7":"product_cat-custom-jewelry-boxes-by-industry","8":"product_cat-paper-box-style","9":"product_cat-paper-drawer-boxes","10":"product_tag-custom-jewellery-boxes","11":"product_tag-jewellery-boxes-wholesale","12":"product_tag-jewellery-drawer-paper-boxes","14":"first","15":"instock","16":"shipping-taxable","17":"product-type-simple"},"_links":{"self":[{"href":"https:\/\/zojopackaging.com\/it\/wp-json\/wp\/v2\/product\/8362","targetHints":{"allow":["GET"]}}],"collection":[{"href":"https:\/\/zojopackaging.com\/it\/wp-json\/wp\/v2\/product"}],"about":[{"href":"https:\/\/zojopackaging.com\/it\/wp-json\/wp\/v2\/types\/product"}],"version-history":[{"count":1,"href":"https:\/\/zojopackaging.com\/it\/wp-json\/wp\/v2\/product\/8362\/revisions"}],"predecessor-version":[{"id":8369,"href":"https:\/\/zojopackaging.com\/it\/wp-json\/wp\/v2\/product\/8362\/revisions\/8369"}],"wp:featuredmedia":[{"embeddable":true,"href":"https:\/\/zojopackaging.com\/it\/wp-json\/wp\/v2\/media\/8365"}],"wp:attachment":[{"href":"https:\/\/zojopackaging.com\/it\/wp-json\/wp\/v2\/media?parent=8362"}],"wp:term":[{"taxonomy":"product_brand","embeddable":true,"href":"https:\/\/zojopackaging.com\/it\/wp-json\/wp\/v2\/product_brand?post=8362"},{"taxonomy":"product_cat","embeddable":true,"href":"https:\/\/zojopackaging.com\/it\/wp-json\/wp\/v2\/product_cat?post=8362"},{"taxonomy":"product_tag","embeddable":true,"href":"https:\/\/zojopackaging.com\/it\/wp-json\/wp\/v2\/product_tag?post=8362"}],"curies":[{"name":"wp","href":"https:\/\/api.w.org\/{rel}","templated":true}]}}