{"id":8370,"date":"2025-03-27T13:49:35","date_gmt":"2025-03-27T05:49:35","guid":{"rendered":"https:\/\/zojopackaging.com\/?post_type=product&#038;p=8370"},"modified":"2025-03-27T14:26:28","modified_gmt":"2025-03-27T06:26:28","slug":"custom-face-cleanser-skin-care-packaging-boxes-wholesale","status":"publish","type":"product","link":"https:\/\/zojopackaging.com\/it\/product\/custom-face-cleanser-skin-care-packaging-boxes-wholesale\/","title":{"rendered":"Custom viso detergente cura della pelle imballaggio scatole all'ingrosso"},"content":{"rendered":"<h3 id=\"high-end-customized-cleanser-skin-care-product-box-with-lid-and-top-cover-wholesale-product-manual\">Scatola di prodotti per la cura della pelle del detergente personalizzato di alta gamma con coperchio e base all'ingrosso<\/h3>\n<h4 id=\"-i-innovative-box-type-and-protection-system-\"><strong>1. Tipo di scatola e sistema di protezione innovativi<\/strong><\/h4>\n<ol>\n<li><strong>Coperchio e scatola di base <\/strong>\u00a0Adotta un design di precisione del coperchio superiore e inferiore, con tolleranza controllata a \u00b10,3 mm, coefficiente di resistenza all'apertura e alla chiusura \u22640,2N e nessuna deformazione dopo 5000 test di apertura e chiusura. Gli slot per schede anticollisione sono inseriti nella scatola per ridurre il tasso di collisione dei prodotti durante il trasporto da parte di 90%.<\/li>\n<li><strong>Rinforzo del materiale<\/strong>: Cartone rigido da 1200 GSM e processo composito di carta patinata artistica da 157 GSM, la durezza del corpo della scatola raggiunge Shaw D85, la levigatezza della superficie \u2265300 secondi (metodo Bekk), e supporta la stampa accurata di colori spot Pantone e colori sfumati.<\/li>\n<li><strong>Sistema di supporto interno in cartone ecologico<\/strong>\u00a0Adotta un rivestimento fustellato in cartone riciclato da 450 GSM certificato FSC, personalizzato in base alla forma del flacone del detergente e con bordi smussati per evitare graffi. In combinazione con lo strato di floccaggio in EVA (coefficiente di attrito \u2264 0,3), si ottiene una doppia protezione ammortizzante e i test di vibrazione dimostrano che \u00e8 in grado di resistere all'impatto di un valore G 0,6.<\/li>\n<\/ol>\n<h4 id=\"-ii-visual-technology-and-brand-recognition-\"><strong>2. Tecnologia visiva e riconoscimento del marchio<\/strong><\/h4>\n<ol>\n<li><strong>Aggiornamento della tecnologia di stampa a caldo<\/strong>\u00a0Adottando la tecnologia di stampa a caldo a trasferimento termico, lo spessore della lamina d'oro \u00e8 di 0,15 mm, la risoluzione minima del testo \u00e8 di 0,2 mm, in combinazione con la tecnologia di copertura del film opaco, la resistenza all'usura \u00e8 superiore a 500 volte. Supporto della stampa a caldo in rilievo 3D, la profondit\u00e0 tridimensionale \u00e8 di 0,5 mm e la memoria tattile del LOGO del marchio \u00e8 migliorata.<\/li>\n<li><strong>Schema di colorazione ecologico<\/strong>\u00a0Utilizzo di inchiostro a base d'acqua con tecnologia di polimerizzazione UV, controllo della differenza di colore \u0394E\u22641.0 (calibrazione dello spettrofotometro), emissioni di VOC inferiori a 50g\/L, in conformit\u00e0 con le normative REACH dell'UE. Supporto per la stampa ad alta definizione dei diagrammi della struttura molecolare dei componenti, per migliorare la fiducia dei consumatori da parte di 45%.<\/li>\n<\/ol>\n<h4 id=\"-three-flexible-intelligent-manufacturing-and-production-efficiency-\"><strong>3. Produzione intelligente flessibile ed efficienza produttiva<\/strong><\/h4>\n<ol>\n<li><strong>Servizio di personalizzazione full-dimensional<\/strong><\/li>\n<li><strong>Adattamento delle dimensioni<\/strong>: Copre le specifiche del detergente da 50ml-200ml, supporta bottiglie cilindriche, bottiglie quadrate, tubi e altre confezioni multiformi;<\/li>\n<li><strong>Sviluppo a scatola chiusa<\/strong>: Fornisce 12 tipi di scatole di base, come scatole a forma di libro, scatole a cassetto, scatole di forma speciale, supporta la modellazione 3D e la prova rapida e consegna campioni fisici entro 72 ore.<\/li>\n<li><strong>Sistema di gestione della produzione MES<\/strong>\u00a0L'officina \u00e8 dotata di un modulo di programmazione intelligente della produzione per ottenere la sincronizzazione in tempo reale dei dati relativi a ordini, programmazione e produzione, ridurre il tempo di cambio stampo a 15 minuti e superare i 30.000 pezzi al giorno. Grazie al monitoraggio delle apparecchiature IoT, il tasso di rendimento dei processi chiave \u00e8 stato aumentato a 99,6%.<\/li>\n<\/ol>\n<h4 id=\"-fourth-direct-supply-from-the-source-and-cost-advantage-\"><strong>4. Fornitura diretta dalla fonte e vantaggio in termini di costi<\/strong><\/h4>\n<ol>\n<li><strong>Sistema di garanzia della qualit\u00e0<\/strong>\u00a0Ha superato la certificazione ISO9001, \u00e8 dotato di un tester di caduta (trasporto simulato ad altezza di 1,2 m) e di una camera a temperatura e umidit\u00e0 costanti (test ambientale 40\u2103\/75%RH), tasso di qualificazione dei lotti \u226599,8%.<\/li>\n<\/ol>\n<h4 id=\"-five-application-scenarios-and-competitiveness-\"><strong>5. Scenari di applicazione e competitivit\u00e0<\/strong><\/h4>\n<ul>\n<li><strong>Valore fondamentale<\/strong>: La struttura protettiva del coperchio superiore e inferiore, il processo di stampa a caldo e la produzione flessibile contribuiscono ad aumentare il premio del marchio di 25%-40%;<\/li>\n<li><strong>Categorie applicabili<\/strong>: Flacone crema detergente, tubo mousse detergente, gel detergente formato viaggio;<\/li>\n<li><strong>Verifica del mercato<\/strong>: Ha servito marchi emergenti come UNNY e AOEO, e il tasso di riacquisto e-commerce transfrontaliero supera gli 82%.<\/li>\n<\/ul>","protected":false},"excerpt":{"rendered":"<p>1. Il tipo di scatola con coperchio e base adotta le strutture del coperchio superiore e inferiore, in grado di impedire efficacemente che gli articoli contenuti nella confezione si scontrino tra loro e causino danni alla superficie del prodotto.<br \/>\n2. Realizzato in cartoncino rigido da 1200 GSM e carta patinata artistica da 157 GSM, la superficie \u00e8 liscia e facile da colorare.<br \/>\n3. Il processo di stampa a caldo in oro \u00e8 in grado di visualizzare chiaramente testi di piccole dimensioni, adatti a marchi di fascia alta.<br \/>\n4. Il cartone fissa e protegge gli articoli da eventuali danni durante il trasporto, mentre il vassoio interno \u00e8 ecologico e bello.<\/p>","protected":false},"featured_media":8371,"template":"","meta":[],"product_brand":[],"product_cat":[30,390,425,31],"product_tag":[673,671,672],"class_list":{"0":"post-8370","1":"product","2":"type-product","3":"status-publish","4":"has-post-thumbnail","6":"product_cat-by-industry","7":"product_cat-custom-cosmetics-boxes","8":"product_cat-lid-and-base-gift-box","9":"product_cat-paper-box-style","10":"product_tag-face-cleanser-boxes-wholesale","11":"product_tag-face-cleanser-packaging","12":"product_tag-skin-care-packaging","14":"first","15":"instock","16":"shipping-taxable","17":"product-type-simple"},"_links":{"self":[{"href":"https:\/\/zojopackaging.com\/it\/wp-json\/wp\/v2\/product\/8370","targetHints":{"allow":["GET"]}}],"collection":[{"href":"https:\/\/zojopackaging.com\/it\/wp-json\/wp\/v2\/product"}],"about":[{"href":"https:\/\/zojopackaging.com\/it\/wp-json\/wp\/v2\/types\/product"}],"version-history":[{"count":1,"href":"https:\/\/zojopackaging.com\/it\/wp-json\/wp\/v2\/product\/8370\/revisions"}],"predecessor-version":[{"id":8377,"href":"https:\/\/zojopackaging.com\/it\/wp-json\/wp\/v2\/product\/8370\/revisions\/8377"}],"wp:featuredmedia":[{"embeddable":true,"href":"https:\/\/zojopackaging.com\/it\/wp-json\/wp\/v2\/media\/8371"}],"wp:attachment":[{"href":"https:\/\/zojopackaging.com\/it\/wp-json\/wp\/v2\/media?parent=8370"}],"wp:term":[{"taxonomy":"product_brand","embeddable":true,"href":"https:\/\/zojopackaging.com\/it\/wp-json\/wp\/v2\/product_brand?post=8370"},{"taxonomy":"product_cat","embeddable":true,"href":"https:\/\/zojopackaging.com\/it\/wp-json\/wp\/v2\/product_cat?post=8370"},{"taxonomy":"product_tag","embeddable":true,"href":"https:\/\/zojopackaging.com\/it\/wp-json\/wp\/v2\/product_tag?post=8370"}],"curies":[{"name":"wp","href":"https:\/\/api.w.org\/{rel}","templated":true}]}}