{"id":8386,"date":"2025-03-27T15:36:36","date_gmt":"2025-03-27T07:36:36","guid":{"rendered":"https:\/\/zojopackaging.com\/?post_type=product&#038;p=8386"},"modified":"2025-03-27T16:01:14","modified_gmt":"2025-03-27T08:01:14","slug":"custom-food-supplements-gift-packaging-boxes-wholesale","status":"publish","type":"product","link":"https:\/\/zojopackaging.com\/it\/product\/custom-food-supplements-gift-packaging-boxes-wholesale\/","title":{"rendered":"Personalizzati integratori alimentari regalo imballaggio scatole all'ingrosso"},"content":{"rendered":"<h3 id=\"high-end-customized-food-supplement-gift-packaging-box-wholesale-products\">Prodotti all'ingrosso della scatola di imballaggio del regalo dell'integratore alimentare personalizzato di alta gamma<\/h3>\n<h4 id=\"-i-box-structure-and-protection-system-\"><strong>I. Struttura del box e sistema di protezione<\/strong><\/h4>\n<ol>\n<li><strong>Doppio sistema di protezione del coperchio e della base<\/strong> Adottando la struttura di precisione del coperchio e del coperchio di base, la tolleranza \u00e8 controllata a \u00b10,3 mm e il corpo della scatola forma una protezione avvolgente a 360\u00b0 quando \u00e8 chiusa. Dopo il test di trasporto ISTA 3A, \u00e8 in grado di resistere alla forza d'urto del valore G 0,7 e la resistenza alla compressione \u00e8 aumentata di 50% rispetto al tipo di scatola tradizionale.<\/li>\n<li><strong>Rinforzo del materiale<\/strong>: 157 g di carta patinata C2S + 1200 g di cartone rigido composito, levigatezza superficiale \u2265300 secondi, differenza di colore di stampa \u0394E\u22641,0, supporto di Pantone spot color e diagramma di struttura molecolare di restauro accurato.<\/li>\n<li><strong>Rivestimento antisismico intelligente in EVA<\/strong>\u00a0Adotta una fodera in schiuma EVA di densit\u00e0 45D (rapporto di schiumatura 8:1), in base alla scanalatura personalizzata del tipo di bottiglia del supplemento, tasso di assorbimento dell'impatto \u226585%. La superficie \u00e8 composta da flanella in microfibra per evitare che le bottiglie di vetro si graffino e ha superato il test di caduta da 1,2 metri.<\/li>\n<\/ol>\n<h4 id=\"-second-sensory-design-and-production-efficiency-\"><strong>2. Design sensoriale ed efficienza produttiva<\/strong><\/h4>\n<ol>\n<li><strong>Sistema di decompressione rosa con dopamina<\/strong>\u00a0L'intera scatola \u00e8 rivestita con Pantone 13-1404 TCX (polvere di nebbia soffice), che \u00e8 stato verificato dalla psicologia del colore per ridurre l'indice di ansia dell'utente di 18%. La superficie \u00e8 abbinata a una pellicola tattile opaca per ottenere la duplice funzione di anti-impronta e di consistenza rispettosa della pelle, con un coefficiente di attrito di 0,3-0,5, e l'esperienza di unboxing \u00e8 paragonabile a quella delle confezioni cosmetiche di fascia alta.<\/li>\n<li><strong>Gestione intelligente della produzione MES<\/strong>\u00a0L'officina \u00e8 dotata di dispositivi IoT e collegata al sistema MES per realizzare la visualizzazione in tempo reale della programmazione degli ordini, della commutazione degli stampi e dei dati di ispezione della qualit\u00e0. Il tempo di cambio stampo si riduce a 15 minuti, il tasso di rendimento dei processi chiave aumenta a 99,6% e il tasso di ritardo nella consegna si riduce a 0,3%.<\/li>\n<\/ol>\n<h4 id=\"-three-flexible-customization-and-production-capacity-guarantee-\"><strong>3. Personalizzazione flessibile e garanzia di capacit\u00e0 produttiva<\/strong><\/h4>\n<ol>\n<li><strong>Servizio di personalizzazione full-dimensional<\/strong><\/li>\n<li><strong>Adattamento delle dimensioni<\/strong>: Copre le specifiche degli integratori da 5ml-500ml e supporta confezioni multiformi come flaconi contagocce, flaconi per capsule, capsule molli, ecc;<\/li>\n<li><strong>Sviluppo a scatola chiusa<\/strong>: Fornisce 12 tipi di scatole di base, come scatole a forma di libro, cassettiere, scatole di forma speciale, ecc., supporta la modellazione 3D e la consegna di campioni fisici in 72 ore.<\/li>\n<li><strong>Sistema di produzione intelligente automatizzato<\/strong>\u00a0Dotata di fustellatrici completamente automatiche (precisione \u00b10,1 mm) e di linee di collegamento per la stampa offset a sei colori, la capacit\u00e0 produttiva giornaliera supera 1.000.000 di pezzi. Superata la doppia certificazione ISO22000 e FSC, il tasso di qualificazione dei lotti \u00e8 \u226599,8%.<\/li>\n<\/ol>\n<h4 id=\"-four-market-competitiveness-and-cost-advantages-\"><strong>4. Competitivit\u00e0 del mercato e vantaggi di costo<\/strong><\/h4>\n<ol>\n<li><strong>Modello di fornitura diretta della fabbrica di origine<\/strong>\u00a0Affidandosi alla catena di fornitura del Pearl River Delta Industrial Cluster (Dongguan\/Guangzhou), il prezzo unitario di 10.000 ordini \u00e8 di soli 0,8 yuan\/set, con una riduzione dei costi di 40% rispetto al modello tradizionale. Supporta la logistica transfrontaliera DDP e il ciclo di trasporto door-to-door in Europa e negli Stati Uniti \u00e8 compresso a 7 giorni.<\/li>\n<li><strong>Meccanismo di risposta rapida<\/strong><\/li>\n<li><strong>Preventivo rapido<\/strong>: Sistema di quotazione intelligente AI con analisi dei costi di feedback entro 1 ora;<\/li>\n<li><strong>Campione gratuito<\/strong>: Completare le prove di stampa entro 3 giorni lavorativi e supportare l'ispezione di qualit\u00e0.<\/li>\n<\/ol>\n<h4 id=\"-v-application-scenarios-and-verification-data-\"><strong>5. Scenari applicativi e dati di verifica<\/strong><\/h4>\n<ul>\n<li><strong>Valore fondamentale<\/strong>: Grazie alla protezione del coperchio superiore e inferiore, al design rosa dopamina e al sistema di produzione intelligente, i marchi di nutrizione aumentano il loro premio di 25%-35%;<\/li>\n<li><strong>Categorie applicabili<\/strong>: Gomme vitaminiche, capsule probiotiche, liquido orale al collagene;<\/li>\n<\/ul>","protected":false},"excerpt":{"rendered":"<p>1. Il tipo di scatola con coperchio e base forma una doppia struttura di protezione per prevenire efficacemente lo schiacciamento durante il trasporto e lo stoccaggio.<br \/>\n2. Realizzato in carta patinata C2S da 157 g + cartoncino rigido da 1200 g, la stampa superficiale \u00e8 chiara e non presenta differenze di colore.<br \/>\n3. Il corpo della scatola \u00e8 disegnato in rosa pieno per favorire la secrezione di dopamina e alleviare l'ansia.<br \/>\n4. Il rivestimento personalizzato in EVA disperde efficacemente la forza d'urto esterna, assorbe le vibrazioni e protegge il prodotto da eventuali danni durante il trasporto.<br \/>\n5. Dimensioni personalizzate e design della scatola per adattarsi a diverse serie di prodotti di integrazione alimentare<\/p>","protected":false},"featured_media":8387,"template":"","meta":[],"product_brand":[],"product_cat":[30,422,425,31],"product_tag":[677,678,679],"class_list":{"0":"post-8386","1":"product","2":"type-product","3":"status-publish","4":"has-post-thumbnail","6":"product_cat-by-industry","7":"product_cat-custom-gourmet-boxes-by-industry","8":"product_cat-lid-and-base-gift-box","9":"product_cat-paper-box-style","10":"product_tag-food-packaging-boxes","11":"product_tag-supplements-boxes-wholesale","12":"product_tag-supplements-gift-boxes","14":"first","15":"instock","16":"shipping-taxable","17":"product-type-simple"},"_links":{"self":[{"href":"https:\/\/zojopackaging.com\/it\/wp-json\/wp\/v2\/product\/8386","targetHints":{"allow":["GET"]}}],"collection":[{"href":"https:\/\/zojopackaging.com\/it\/wp-json\/wp\/v2\/product"}],"about":[{"href":"https:\/\/zojopackaging.com\/it\/wp-json\/wp\/v2\/types\/product"}],"version-history":[{"count":1,"href":"https:\/\/zojopackaging.com\/it\/wp-json\/wp\/v2\/product\/8386\/revisions"}],"predecessor-version":[{"id":8393,"href":"https:\/\/zojopackaging.com\/it\/wp-json\/wp\/v2\/product\/8386\/revisions\/8393"}],"wp:featuredmedia":[{"embeddable":true,"href":"https:\/\/zojopackaging.com\/it\/wp-json\/wp\/v2\/media\/8387"}],"wp:attachment":[{"href":"https:\/\/zojopackaging.com\/it\/wp-json\/wp\/v2\/media?parent=8386"}],"wp:term":[{"taxonomy":"product_brand","embeddable":true,"href":"https:\/\/zojopackaging.com\/it\/wp-json\/wp\/v2\/product_brand?post=8386"},{"taxonomy":"product_cat","embeddable":true,"href":"https:\/\/zojopackaging.com\/it\/wp-json\/wp\/v2\/product_cat?post=8386"},{"taxonomy":"product_tag","embeddable":true,"href":"https:\/\/zojopackaging.com\/it\/wp-json\/wp\/v2\/product_tag?post=8386"}],"curies":[{"name":"wp","href":"https:\/\/api.w.org\/{rel}","templated":true}]}}