{"id":8401,"date":"2025-03-27T16:26:34","date_gmt":"2025-03-27T08:26:34","guid":{"rendered":"https:\/\/zojopackaging.com\/?post_type=product&#038;p=8401"},"modified":"2025-03-27T17:04:04","modified_gmt":"2025-03-27T09:04:04","slug":"oem-custom-drawer-mini-fragrance-perfume-gift-paper-box","status":"publish","type":"product","link":"https:\/\/zojopackaging.com\/it\/product\/oem-custom-drawer-mini-fragrance-perfume-gift-paper-box\/","title":{"rendered":"Cassetto OEM Custom Mini fragranza profumo regalo carta Box"},"content":{"rendered":"<h3 id=\"oem-customized-drawer-style-mini-perfume-gift-box\">OEM personalizzato cassetto carta Mini profumo Gift Box<\/h3>\n<h4 id=\"-i-innovative-box-type-and-user-experience-\"><strong>I. Tipo di scatola innovativa ed esperienza utente<\/strong><\/h4>\n<ol>\n<li><strong>Sistema a cassettiera<\/strong>\u00a0Adotta una struttura di estrazione a binario di precisione, con un coefficiente di resistenza allo scorrimento \u22640,15N, e pu\u00f2 essere aperto e chiuso senza problemi con una sola mano. La fibbia antigoccia \u00e8 posizionata all'interno del corpo della scatola, che non si \u00e8 deformata dopo 5000 test di estrazione, e la capacit\u00e0 di carico \u00e8 di 2 kg, adatta a bottiglie di profumo da 1 ml-50 ml.<\/li>\n<li><strong>Rafforzamento dei materiali<\/strong>: Cartone grigio ad alta densit\u00e0 da 1200 GSM e processo composito di carta patinata da 157 GSM, la durezza raggiunge Shaw D80, ha superato il test di trasporto ISTA 3A e pu\u00f2 essere impilato a 5 strati senza deformazioni.<\/li>\n<li><strong>Dopamina Colore Sistema visivo<\/strong>\u00a0L'intera scatola \u00e8 ricoperta di colori annuali Pantone (come 13-0755 TCX giallo crema, 16-1546 TPX rosa corallo), e il controllo della differenza di colore \u0394E\u22640,8. Secondo la psicologia del colore, il sistema cromatico Macron pu\u00f2 aumentare l'indice di piacere dell'utente di 25%. La superficie \u00e8 rivestita da una pellicola tattile opaca (coefficiente di attrito 0,3-0,5), che \u00e8 anti-impronta e rispettosa della pelle.<\/li>\n<\/ol>\n<h4 id=\"-second-protection-system-and-brand-recognition-\"><strong>2. Sistema di protezione e riconoscimento del marchio<\/strong><\/h4>\n<ol>\n<li><strong>Rivestimento antisismico intelligente in EVA<\/strong>\u00a0Utilizzando un rivestimento in schiuma EVA a densit\u00e0 45D, la scanalatura \u00e8 personalizzata in base al contorno della bottiglia di profumo e il tasso di assorbimento degli urti \u00e8 \u226585%. La superficie \u00e8 composta da flanella in microfibra (coefficiente di attrito \u22640,2) e il tasso di danni da trasporto \u00e8 inferiore a 0,3% dopo un test di caduta da 1,2 m.<\/li>\n<li><strong>Sistema a nastro altamente riconoscibile<\/strong>\u00a0Offre 6 tipi di materiali per nastri, come raso, filo di neve e pellicola laser, e supporta la personalizzazione gratuita di 3mm-30mm di larghezza. L'originale design del \"localizzatore magnetico del nastro\" pu\u00f2 incidere al laser il LOGO del marchio (larghezza minima della linea 0,1 mm). Quando viene tirato, il nastro cade naturalmente formando un punto di riferimento visivo e il riconoscimento del marchio aumenta di 200%.<\/li>\n<\/ol>\n<h4 id=\"-iii-printing-technology-and-flexible-intelligent-manufacturing-\"><strong>3. Tecnologia di stampa e produzione intelligente flessibile<\/strong><\/h4>\n<ol>\n<li><strong>Stampa CMYK ad alta precisione<\/strong>\u00a0Utilizzando la tecnologia di stampa offset a sei colori (CMYK+spot color), il controllo della differenza di colore \u0394E\u22641.0, supporta la stampa ad alta definizione dei diagrammi della struttura molecolare degli ingredienti dei profumi e dei motivi artistici. Utilizzando un inchiostro di soia ecologico, che supera gli standard di sicurezza alimentare certificati da SGS, pu\u00f2 entrare direttamente in contatto con il prodotto.<\/li>\n<li><strong>Dimensioni personalizzate illimitate<\/strong><\/li>\n<li><strong>Adattamento delle dimensioni<\/strong>: Copre l'intera gamma di specifiche da 5ml a 100ml, supportando lo sviluppo di bottiglie cilindriche, bottiglie quadrate e bottiglie di forma speciale (come quelle a forma di cuore e di diamante);<\/li>\n<li><strong>Tecnologia di superficie<\/strong>: Fornisce 15 opzioni di processo come la stampa a caldo in rilievo 3D (profondit\u00e0 tridimensionale di 0,5 mm), la verniciatura UV locale e la laminazione laser;<\/li>\n<li><strong>Risposta estrema<\/strong>: La modellazione 3D \u00e8 disponibile in 24 ore, i campioni fisici vengono consegnati in 72 ore e il ciclo di produzione di massa si riduce a 7 giorni lavorativi.<\/li>\n<\/ol>\n<h4 id=\"-fourth-shenzhen-smart-manufacturing-and-cost-advantages-\"><strong>4. I vantaggi della produzione intelligente e dei costi di Shenzhen<\/strong><\/h4>\n<ol>\n<li><strong>Sistema di fornitura diretta dalla fabbrica di origine<\/strong><\/li>\n<li><strong>Garanzia di capacit\u00e0<\/strong>: La capacit\u00e0 produttiva giornaliera supera gli 80.000 pezzi, supportando ordini flessibili di 50-100.000 pezzi;<\/li>\n<li><strong>Vantaggio di prezzo<\/strong>: Il prezzo unitario di 10.000 pezzi \u00e8 di soli 1,2 yuan\/set, con un risparmio di 40% rispetto al modello tradizionale.<\/li>\n<\/ol>\n<h4 id=\"-five-market-competitiveness-and-verification-data-\"><strong>5. Competitivit\u00e0 del mercato e dati di verifica<\/strong><\/h4>\n<ul>\n<li><strong>Valore fondamentale<\/strong>: Grazie all'innovazione del tipo di scatola estraibile, al design del colore dopamina e alla produzione flessibile, aiuta i marchi di profumi ad aumentare il loro premio di 30%-50%;<\/li>\n<li><strong>Categorie applicabili<\/strong>: Profumo leggero EDP, profumo leggero EDT, profumo solido, profumo roller;<\/li>\n<li><strong>Casi di successo<\/strong>: Ha servito marchi come Jo Malone OEM e Bing Xili, e il tasso di riacquisto e-commerce transfrontaliero supera gli 85%.<\/li>\n<\/ul>","protected":false},"excerpt":{"rendered":"<p>1. Il design del cassetto della carta si apre a scorrimento, facilitando l'apertura e la chiusura da parte dell'utente e riducendo il tempo di funzionamento.<br \/>\n2. Con il nastro accessorio, \u00e8 facile disegnare e migliorare il riconoscimento del marchio.<br \/>\n3. La fodera in EVA pu\u00f2 ammortizzare e resistere agli urti durante il trasporto, proteggendo il prodotto da eventuali danni.<\/p>","protected":false},"featured_media":8407,"template":"","meta":[],"product_brand":[],"product_cat":[30,417,31,426],"product_tag":[683,685,684],"class_list":{"0":"post-8401","1":"product","2":"type-product","3":"status-publish","4":"has-post-thumbnail","6":"product_cat-by-industry","7":"product_cat-custom-perfume-boxes-by-industry","8":"product_cat-paper-box-style","9":"product_cat-paper-drawer-boxes","10":"product_tag-mini-fragrance-box","11":"product_tag-oem-perfume-packaging","12":"product_tag-perfume-gift-paper-box","14":"first","15":"instock","16":"shipping-taxable","17":"product-type-simple"},"_links":{"self":[{"href":"https:\/\/zojopackaging.com\/it\/wp-json\/wp\/v2\/product\/8401","targetHints":{"allow":["GET"]}}],"collection":[{"href":"https:\/\/zojopackaging.com\/it\/wp-json\/wp\/v2\/product"}],"about":[{"href":"https:\/\/zojopackaging.com\/it\/wp-json\/wp\/v2\/types\/product"}],"version-history":[{"count":1,"href":"https:\/\/zojopackaging.com\/it\/wp-json\/wp\/v2\/product\/8401\/revisions"}],"predecessor-version":[{"id":8408,"href":"https:\/\/zojopackaging.com\/it\/wp-json\/wp\/v2\/product\/8401\/revisions\/8408"}],"wp:featuredmedia":[{"embeddable":true,"href":"https:\/\/zojopackaging.com\/it\/wp-json\/wp\/v2\/media\/8407"}],"wp:attachment":[{"href":"https:\/\/zojopackaging.com\/it\/wp-json\/wp\/v2\/media?parent=8401"}],"wp:term":[{"taxonomy":"product_brand","embeddable":true,"href":"https:\/\/zojopackaging.com\/it\/wp-json\/wp\/v2\/product_brand?post=8401"},{"taxonomy":"product_cat","embeddable":true,"href":"https:\/\/zojopackaging.com\/it\/wp-json\/wp\/v2\/product_cat?post=8401"},{"taxonomy":"product_tag","embeddable":true,"href":"https:\/\/zojopackaging.com\/it\/wp-json\/wp\/v2\/product_tag?post=8401"}],"curies":[{"name":"wp","href":"https:\/\/api.w.org\/{rel}","templated":true}]}}