{"id":8524,"date":"2025-03-29T10:02:57","date_gmt":"2025-03-29T02:02:57","guid":{"rendered":"https:\/\/zojopackaging.com\/?post_type=product&#038;p=8524"},"modified":"2025-03-29T10:25:48","modified_gmt":"2025-03-29T02:25:48","slug":"custom-game-controller-joystick-packaging-paper-box-wholesale","status":"publish","type":"product","link":"https:\/\/zojopackaging.com\/it\/product\/custom-game-controller-joystick-packaging-paper-box-wholesale\/","title":{"rendered":"Personalizzato gioco controller Joystick imballaggio carta Box all'ingrosso"},"content":{"rendered":"<h2 id=\"controller-joystick-packaging-paper-box-wholesale-product-description-\">Personalizzato gioco controller joystick imballaggio scatola di carta all'ingrosso<\/h2>\n<h3 id=\"-1-350g-high-weight-cardboard-substrate-professional-grade-printing-and-protection-\"><strong>1. Supporto in cartone ad alta grammatura da 350 g: stampa e protezione di livello professionale.<\/strong><\/h3>\n<p>Utilizzando il cartone ad alta densit\u00e0 da 350 g come materiale di base, la superficie \u00e8 lucidata con precisione e la levigatezza raggiunge il livello di stampa standard per garantire la presentazione ad alta definizione di modelli, testi e loghi del marchio. Le caratteristiche del materiale includono:<\/p>\n<ul>\n<li><strong>Elevata capacit\u00e0 di carico<\/strong>: Lo spessore e la densit\u00e0 del cartone sono adattati al peso del controller di gioco (ad esempio, la maniglia in materiale ABS pesa in media 0,2-0,55 kg) e la resistenza alla compressione \u00e8 pari a 1,5 volte lo standard industriale per evitare la deformazione da trasporto.<\/li>\n<li><strong>Riproduzione del colore<\/strong>: Supporto della stampa a colori spot Pantone, controllo della differenza di colore \u22645%, perfetta corrispondenza con il sistema VI del marchio, come il design a gradiente blu e bianco che pu\u00f2 ridurre l'affaticamento visivo e creare un'atmosfera rilassante.<\/li>\n<li><strong>Certificazione ambientale<\/strong>: Ha superato la certificazione di gestione forestale FSC, soddisfa gli standard di esportazione europei e americani e aiuta i marchi a mettere in pratica il concetto di sviluppo sostenibile.<\/li>\n<\/ul>\n<h3 id=\"-second-full-dimensional-customized-design-exclusive-adaptation-from-box-type-to-lining-\"><strong>2. Design personalizzato full-dimensionale: adattamento esclusivo dal tipo di scatola al rivestimento.<\/strong><\/h3>\n<ol>\n<li><strong>Innovazione del tipo di scatola e della struttura<\/strong><\/li>\n<li><strong>Personalizzazione illimitata del tipo di scatola<\/strong>: Supporta i tipi di scatole di base, come i coperchi superiori e inferiori, i flip-top, le scatole a cassetto e cos\u00ec via, e pu\u00f2 anche sviluppare strutture di forma speciale (come gli esagoni adattati agli stili arcade retr\u00f2), e il design dei ganci ottimizza l'utilizzo dello spazio espositivo verticale.<\/li>\n<li><strong>Integrazione delle funzioni<\/strong>: Pu\u00f2 incorporare aperture e chiusure magnetiche, finestre trasparenti (come le coperture superiori in acrilico per visualizzare in modo intuitivo i dettagli del joystick) o riservare aperture per l'interfaccia USB-C per adattarsi alle esigenze di ricarica del controller wireless.<\/li>\n<li><strong>Aggiornamento del processo di superficie<\/strong><\/li>\n<li><strong>Rivestimento in pellicola lucida<\/strong>: La superficie \u00e8 ricoperta da una pellicola lucida per migliorare la saturazione del colore e la resistenza ai graffi, mentre il processo opaco evidenzia il senso tecnologico dei prodotti e-sport.<\/li>\n<li><strong>Effetti speciali<\/strong>: Supporta la goffratura UV locale (come la simulazione della texture dei pulsanti), la stampa a caldo in argento\/oro (come il LOGO tridimensionale del marchio) e aumenta il valore aggiunto dell'imballaggio.<\/li>\n<li><strong>Accoppiamento preciso del rivestimento<\/strong><\/li>\n<li><strong>Rivestimento antivibrazioni<\/strong>: La fodera in EVA \u00e8 standard e si adatta al contorno del joystick (come il rigonfiamento del joystick e la depressione del grilletto) e le prestazioni di ammortizzazione raggiungono lo standard ASTM D4169.<\/li>\n<li><strong>Aggiornamento del marchio<\/strong>: Fodera opzionale in floccato (posizionamento di fascia alta) o in carta alveolare degradabile (posizionamento ambientale); la superficie della fodera pu\u00f2 essere serigrafata con motivi IP dei personaggi del gioco.<\/li>\n<\/ol>\n<h3 id=\"-three-blue-and-white-visual-system-deep-empowerment-from-psychology-to-marketing-\"><strong>3. Sistema visivo blu e bianco: potenziamento profondo dalla psicologia al marketing<\/strong><\/h3>\n<ol>\n<li><strong>Applicazione della scienza del colore<\/strong><\/li>\n<li><strong>Tonalit\u00e0 principale blu e bianca<\/strong>: Grazie alla combinazione di blu a bassa saturazione (Pantone 14-4123) e bianco avorio, l'affaticamento visivo causato dal gioco a lungo termine viene ridotto, in linea con il concetto di e-sport sano.<\/li>\n<li><strong>Gradiente dinamico<\/strong>: La tecnologia di stampa UV viene utilizzata per ottenere un effetto di ombreggiatura blu e bianca, simulando il tema del \"cielo stellato\" o dell'\"aurora\" per migliorare la narrazione della confezione.<\/li>\n<li><strong>Ottimizzazione dell'esposizione al dettaglio<\/strong><\/li>\n<li><strong>Adattabilit\u00e0 del gancio<\/strong>: I ganci in plastica PP sono incorporati nella parte superiore della scatola, compatibili con le scene verticali come gli scaffali dei supermercati e le vetrine degli e-sport, e aumentano il tasso di raggiungimento del flusso di clienti di 30% rispetto al display piatto tradizionale.<\/li>\n<li><strong>Combinazione multi-SKU<\/strong>: Supporta il design dell'imballaggio serializzato (come la scatola di base blu e bianca), formando un effetto matrice sullo scaffale.<\/li>\n<\/ol>\n<h3 id=\"-fourth-china-s-source-factory-advantages-extreme-cost-performance-and-rapid-response-\"><strong>4. I vantaggi della fabbrica di origine cinese: prestazioni a costi estremi e risposta rapida.<\/strong><\/h3>\n<p>In qualit\u00e0 di fabbrica di origine della cintura centrale dell'industria dell'imballaggio nel Delta del Fiume delle Perle in Cina, integriamo i vantaggi della catena industriale:<\/p>\n<ol>\n<li><strong>Controllo dei costi<\/strong>: Grazie all'approvvigionamento su larga scala (il consumo annuale di cartone supera le 5.000 tonnellate) e alle linee di produzione automatizzate, il prezzo della stessa qualit\u00e0 \u00e8 15%-20% inferiore a quello del mercato.<\/li>\n<li><strong>Consegna agile<\/strong><\/li>\n<li><strong>Ciclo di prova<\/strong>: Fornire rendering 3D + scatole campione fisiche entro 3 giorni lavorativi e supportare la videoispezione a distanza.<\/li>\n<li><strong>Produzione di massa<\/strong>: 1.000 pezzi di ordini, 72 ore di consegna estremamente rapida, supporto della modalit\u00e0 \"produzione di ordini + consegna\" e riduzione della pressione sulle scorte dei clienti.<\/li>\n<li><strong>Sistema di controllo qualit\u00e0<\/strong><\/li>\n<li>Test QA di processo completo (compresi colorimetro, drop tester, ecc.), tasso di rendimento \u2265 99,2%.<\/li>\n<li>Fornire soluzioni logistiche transfrontaliere (come la consegna head-end di Amazon FBA), coprendo i mercati principali come Europa, America e Sud-Est asiatico.<\/li>\n<\/ol>\n<p><strong>Casi di successo e adattamento dello scenario<\/strong><\/p>\n<ul>\n<li><strong>Marchio di periferiche per gli sport<\/strong>: Scatola esagonale luminosa su misura per un produttore nazionale di maniglie, rivestita con floccaggio + LOGO del team di stampa a caldo, che aiuta il prodotto premium da 30%.<\/li>\n<li><strong>Console di gioco retr\u00f2<\/strong>: Adattato ai kit arcade stampati in 3D, utilizza una scatola a finestra trasparente per visualizzare la struttura interna, con rivestimento rimovibile per realizzare lo stoccaggio di pi\u00f9 accessori.<\/li>\n<li><strong>Vendita calda transfrontaliera<\/strong>: Scatola a gancio blu e bianca con rivestimento interno in EVA, \u00e8 diventata il prodotto singolo TOP3 nella categoria \"scatola portaoggetti con maniglia\" di Amazon, con un tasso di riacquisto di oltre 40%.<\/li>\n<\/ul>","protected":false},"excerpt":{"rendered":"<p>1. 350g Cartoncino, superficie liscia, adatto per la stampa di alta qualit\u00e0, colori brillanti, dettagli chiari.<br \/>\n2. Personalizzazione illimitata del tipo di scatola, del materiale, del colore, delle dimensioni, del processo di stampa superficiale per adattarsi all'imballaggio del joystick del controller di gioco.<br \/>\n3. Siamo la fabbrica della scatola di imballaggio di fonte in Cina e possiamo fornire il prezzo pi\u00f9 basso e la migliore qualit\u00e0<\/p>","protected":false},"featured_media":8527,"template":"","meta":[],"product_brand":[],"product_cat":[30,413,430,31],"product_tag":[876,874,875],"class_list":{"0":"post-8524","1":"product","2":"type-product","3":"status-publish","4":"has-post-thumbnail","6":"product_cat-by-industry","7":"product_cat-consumer-electronics-boxes","8":"product_cat-folding-cartons","9":"product_cat-paper-box-style","10":"product_tag-custom-game-controller-box","11":"product_tag-custom-game-controller-packaging","12":"product_tag-joystick-packaging-wholesale","14":"first","15":"instock","16":"shipping-taxable","17":"product-type-simple"},"_links":{"self":[{"href":"https:\/\/zojopackaging.com\/it\/wp-json\/wp\/v2\/product\/8524","targetHints":{"allow":["GET"]}}],"collection":[{"href":"https:\/\/zojopackaging.com\/it\/wp-json\/wp\/v2\/product"}],"about":[{"href":"https:\/\/zojopackaging.com\/it\/wp-json\/wp\/v2\/types\/product"}],"version-history":[{"count":1,"href":"https:\/\/zojopackaging.com\/it\/wp-json\/wp\/v2\/product\/8524\/revisions"}],"predecessor-version":[{"id":8531,"href":"https:\/\/zojopackaging.com\/it\/wp-json\/wp\/v2\/product\/8524\/revisions\/8531"}],"wp:featuredmedia":[{"embeddable":true,"href":"https:\/\/zojopackaging.com\/it\/wp-json\/wp\/v2\/media\/8527"}],"wp:attachment":[{"href":"https:\/\/zojopackaging.com\/it\/wp-json\/wp\/v2\/media?parent=8524"}],"wp:term":[{"taxonomy":"product_brand","embeddable":true,"href":"https:\/\/zojopackaging.com\/it\/wp-json\/wp\/v2\/product_brand?post=8524"},{"taxonomy":"product_cat","embeddable":true,"href":"https:\/\/zojopackaging.com\/it\/wp-json\/wp\/v2\/product_cat?post=8524"},{"taxonomy":"product_tag","embeddable":true,"href":"https:\/\/zojopackaging.com\/it\/wp-json\/wp\/v2\/product_tag?post=8524"}],"curies":[{"name":"wp","href":"https:\/\/api.w.org\/{rel}","templated":true}]}}