{"id":8532,"date":"2025-03-29T10:26:01","date_gmt":"2025-03-29T02:26:01","guid":{"rendered":"https:\/\/zojopackaging.com\/?post_type=product&#038;p=8532"},"modified":"2025-03-29T10:51:54","modified_gmt":"2025-03-29T02:51:54","slug":"custom-printed-hair-extension-packaging-boxes-wholesale","status":"publish","type":"product","link":"https:\/\/zojopackaging.com\/it\/product\/custom-printed-hair-extension-packaging-boxes-wholesale\/","title":{"rendered":"Scatole d'imballaggio dell'estensione dei capelli stampate su ordinazione all'ingrosso"},"content":{"rendered":"<h2 id=\"product-description-of-printed-hair-extension-packaging-box-wholesale-\">Scatola d'imballaggio dell'estensione dei capelli stampata su ordinazione all'ingrosso<\/h2>\n<h3 id=\"-1-350g-high-weight-white-card-substrate-double-guarantee-of-printing-accuracy-and-protection-\"><strong>1. Supporto in cartoncino bianco da 350 g ad alta grammatura: doppia garanzia di precisione di stampa e protezione.<\/strong><\/h3>\n<p>Utilizzando il cartoncino bianco da 350 g come materiale di base, la superficie \u00e8 lucidata con precisione e la levigatezza raggiunge lo standard del livello di stampa (lucentezza \u226590%), in grado di presentare perfettamente grafica ad alta definizione e colori sfumati. Le sue caratteristiche includono:<\/p>\n<ul>\n<li><strong>Elevata capacit\u00e0 di carico<\/strong>: Adatto al peso dei prodotti per parrucche (peso delle extension convenzionali 0,1-0,5 kg), la resistenza alla compressione raggiunge 1,2 volte lo standard industriale, garantendo che il corpo della scatola non si deformi durante il trasporto.<\/li>\n<li><strong>Certificazione ambientale<\/strong>: Ha superato la certificazione di gestione forestale FSC, soddisfa gli standard di esportazione europei e americani e risponde alle esigenze di sviluppo sostenibile del marchio.<\/li>\n<li><strong>Riproduzione del colore<\/strong>: Supporta la stampa a tinte piatte Pantone, il controllo della differenza cromatica \u22643%, la corrispondenza accurata con la serie verde macaron (come Pantone 13-0110 Verde Cenere), la riduzione dell'affaticamento visivo e la creazione di un'atmosfera di guarigione naturale.<\/li>\n<\/ul>\n<h3 id=\"-second-window-design-macaron-color-system-a-deep-combination-of-aesthetics-and-function-\"><strong>2. Design della finestra + sistema di colori macaron: una profonda combinazione di estetica e funzionalit\u00e0<\/strong><\/h3>\n<ol>\n<li><strong>La finestra trasparente ottimizza l'esperienza del consumatore<\/strong><\/li>\n<li><strong>Materiale della finestra<\/strong>: Pellicola trasparente in PVC o calotta acrilica personalizzabile, spessore opzionale di 0,5-1,2 mm, trasmittanza della luce \u226590%, visualizzazione intuitiva del colore e della struttura dei prodotti per l'estensione dei capelli.<\/li>\n<li><strong>Forma della finestra<\/strong>: Supporta disegni circolari, a forma di cuore e di cavit\u00e0 speciali, e il bordo della finestra adotta la tecnologia di stampa a caldo\/UV per migliorare la resistenza allo strappo e la raffinatezza visiva.<\/li>\n<li><strong>La psicologia del colore d\u00e0 potere ai marchi<\/strong><\/li>\n<li><strong>Tonalit\u00e0 principale verde macaron<\/strong>: Grazie alla combinazione di verde a bassa saturazione e bianco avorio sfumato, simula l'immagine visiva della \"barra di ossigeno della foresta\" e si adatta al concetto di cura dei capelli sani.<\/li>\n<li><strong>Processo di stampa dinamico<\/strong>: Utilizzando la stampa offset + la tecnologia UV locale per ottenere il rilievo della texture della foglia verde o l'effetto di contrasto opaco, migliorano la narrazione dell'imballaggio e l'attrattiva dello scaffale.<\/li>\n<\/ol>\n<h3 id=\"-three-full-dimensional-customized-services-exclusive-adaptation-from-box-type-to-lining-\"><strong>3. Servizi personalizzati full-dimensionali: adattamento esclusivo dal tipo di scatola al rivestimento.<\/strong><\/h3>\n<ol>\n<li><strong>Tipo di scatola e innovazione strutturale<\/strong><\/li>\n<li><strong>Tipo di scatola di base<\/strong>Coperchio superiore e inferiore (a prova di polvere e di schiacciamento), cassettiera (comodo accesso), scatola a forma di libro ribaltabile (forte senso della cerimonia), design del gancio di supporto per adattarsi all'esposizione verticale nei supermercati.<\/li>\n<li><strong>Sviluppo di forma speciale<\/strong>esagono (stile retr\u00f2), trapezio arrotondato (presa ergonomica), coperchio magnetico (esperienza di apertura e chiusura di alto livello), le dimensioni millimetriche corrispondono esattamente alle specifiche dei prodotti per l'estensione dei capelli.<\/li>\n<li><strong>Matrice del processo di superficie<\/strong><\/li>\n<li><strong>Strato protettivo<\/strong>: rivestimento in pellicola lucida (antigraffio), pellicola opaca touch (anti-impronta), rivestimento impermeabile nano opzionale per prolungare la durata dell'imballaggio.<\/li>\n<li><strong>Processo a valore aggiunto<\/strong>LOGO stampato a caldo, motivo del marchio in rilievo, slogan fluorescente serigrafato, supporto del codice QR\/impianto di chip NFC per ottenere la tracciabilit\u00e0 anticontraffazione.<\/li>\n<\/ol>\n<h3 id=\"-fourth-branded-lining-system-an-advanced-solution-from-protection-to-value-added-\"><strong>4. Sistema di rivestimento a marchio: una soluzione avanzata dalla protezione al valore aggiunto<\/strong><\/h3>\n<ol>\n<li><strong>Configurazione della protezione del nucleo<\/strong><\/li>\n<li><strong>Rivestimento antisismico<\/strong>: Lo stampo di precisione in EVA si adatta al contorno dell'estensione dei capelli e le prestazioni di ammortizzazione soddisfano lo standard ASTM D4169, adatto alle esigenze di trasporto transfrontaliero.<\/li>\n<li><strong>Trattamento antistatico<\/strong>: La resistenza superficiale della fodera di floccaggio \u00e8 \u226410^6\u03a9, che impedisce l'adsorbimento statico delle fibre di parrucca a causa dell'attrito.<\/li>\n<li><strong>Estensione del valore del marchio<\/strong><\/li>\n<li><strong>Posizionamento ambientale<\/strong>: Fodera in carta alveolare degradabile + stampa con inchiostro di soia, in linea con la certificazione ambientale REACH dell'UE.<\/li>\n<li><strong>Posizionamento di fascia alta<\/strong>: Fodera in cotone vellutato + illustrazione della storia del marchio in argento caldo, migliora il senso della cerimonia di unboxing e il punto di memoria del cliente.<\/li>\n<\/ol>\n<h3 id=\"-five-china-s-source-factory-advantages-extreme-cost-effectiveness-and-agile-delivery-\"><strong>5. I vantaggi della Cina: estrema economicit\u00e0 e agilit\u00e0 di consegna.<\/strong><\/h3>\n<p>In qualit\u00e0 di fabbrica di origine della cintura centrale dell'industria dell'imballaggio nel Delta del Fiume delle Perle, integriamo le risorse dell'intera catena:<\/p>\n<ol>\n<li><strong>Vantaggio di costo<\/strong>: Contando su una linea di produzione automatizzata con una capacit\u00e0 produttiva annuale di oltre 5.000 tonnellate, il prezzo della stessa qualit\u00e0 \u00e8 15%-20% inferiore al prezzo medio del mercato.<\/li>\n<li><strong>Risposta agile<\/strong><\/li>\n<li><strong>Ciclo di prova<\/strong>: I rendering 3D e le scatole campione fisiche vengono forniti entro 48 ore e l'ispezione AR remota \u00e8 supportata.<\/li>\n<li><strong>Produzione di massa<\/strong>: Ordine minimo di 1.000 pezzi, consegna estremamente rapida in 72 ore e spedizione logistica transfrontaliera FOB\/DDP.<\/li>\n<li><strong>Sistema di controllo della qualit\u00e0<\/strong><\/li>\n<li>Test QA di processo completo (colorimetro, drop tester), tasso di rendimento \u2265 99,5%.<\/li>\n<li>Forniamo documenti di certificazione ISO9001 e rapporti sui materiali SGS per aiutare i marchi ad andare all'estero in conformit\u00e0.<\/li>\n<\/ol>\n<p><strong>Casi di successo e adattamento della scena<\/strong><\/p>\n<ul>\n<li><strong>Colpito il commercio elettronico transfrontaliero<\/strong>: Scatola con gancio a finestra verde macaron personalizzata per una marca di parrucche nordamericana, con rivestimento antiurto in EVA, il tasso di riacquisto della stessa categoria su Amazon \u00e8 aumentato di 35%.<\/li>\n<li><strong>Esclusivamente per i saloni di alta gamma<\/strong>: Scatola di aspirazione magnetica esagonale + rivestimento di floccaggio + LOGO stampato a caldo, che aiuta i marchi nazionali di estensione dei capelli a raggiungere un premio terminale di 40%.<\/li>\n<li><strong>Prodotto di concezione ecologica<\/strong>: rivestimento in carta alveolare biodegradabile + stampa con inchiostro di soia, approvato per l'acquisto all'ingrosso dai marchi europei certificati B Corp.<\/li>\n<\/ul>","protected":false},"excerpt":{"rendered":"<p>1. Cartoncino bianco da 350 g, superficie liscia adatta alla stampa di alta qualit\u00e0.<br \/>\n2. Il design della finestra consente ai consumatori di osservare direttamente i prodotti interni,<br \/>\n3. Il colore verde macaron riduce l'affaticamento visivo e crea un'atmosfera rilassante e curativa.<br \/>\n4. Il tipo di scatola, il materiale, il colore, le dimensioni e il processo di stampa superficiale possono essere personalizzati all'infinito per adattarsi all'imballaggio della parrucca di estensione dei capelli.<\/p>","protected":false},"featured_media":8533,"template":"","meta":[],"product_brand":[],"product_cat":[30,421,430,31],"product_tag":[877,879,878],"class_list":{"0":"post-8532","1":"product","2":"type-product","3":"status-publish","4":"has-post-thumbnail","6":"product_cat-by-industry","7":"product_cat-custom-hair-extension-boxes","8":"product_cat-folding-cartons","9":"product_cat-paper-box-style","10":"product_tag-custom-hair-extension-packaging","11":"product_tag-hair-extension-boxes-wholesale","12":"product_tag-hair-extension-packaging","14":"first","15":"instock","16":"shipping-taxable","17":"product-type-simple"},"_links":{"self":[{"href":"https:\/\/zojopackaging.com\/it\/wp-json\/wp\/v2\/product\/8532","targetHints":{"allow":["GET"]}}],"collection":[{"href":"https:\/\/zojopackaging.com\/it\/wp-json\/wp\/v2\/product"}],"about":[{"href":"https:\/\/zojopackaging.com\/it\/wp-json\/wp\/v2\/types\/product"}],"version-history":[{"count":1,"href":"https:\/\/zojopackaging.com\/it\/wp-json\/wp\/v2\/product\/8532\/revisions"}],"predecessor-version":[{"id":8539,"href":"https:\/\/zojopackaging.com\/it\/wp-json\/wp\/v2\/product\/8532\/revisions\/8539"}],"wp:featuredmedia":[{"embeddable":true,"href":"https:\/\/zojopackaging.com\/it\/wp-json\/wp\/v2\/media\/8533"}],"wp:attachment":[{"href":"https:\/\/zojopackaging.com\/it\/wp-json\/wp\/v2\/media?parent=8532"}],"wp:term":[{"taxonomy":"product_brand","embeddable":true,"href":"https:\/\/zojopackaging.com\/it\/wp-json\/wp\/v2\/product_brand?post=8532"},{"taxonomy":"product_cat","embeddable":true,"href":"https:\/\/zojopackaging.com\/it\/wp-json\/wp\/v2\/product_cat?post=8532"},{"taxonomy":"product_tag","embeddable":true,"href":"https:\/\/zojopackaging.com\/it\/wp-json\/wp\/v2\/product_tag?post=8532"}],"curies":[{"name":"wp","href":"https:\/\/api.w.org\/{rel}","templated":true}]}}