{"id":8540,"date":"2025-03-29T10:52:04","date_gmt":"2025-03-29T02:52:04","guid":{"rendered":"https:\/\/zojopackaging.com\/?post_type=product&#038;p=8540"},"modified":"2025-03-29T11:18:18","modified_gmt":"2025-03-29T03:18:18","slug":"custom-cannabis-concentrate-telescopic-packaging-wholesale","status":"publish","type":"product","link":"https:\/\/zojopackaging.com\/it\/product\/custom-cannabis-concentrate-telescopic-packaging-wholesale\/","title":{"rendered":"Imballaggio telescopico del concentrato di cannabis personalizzato all'ingrosso"},"content":{"rendered":"<h2 id=\"product-description-of-cannabis-concentrate-telescopic-packaging-wholesale\">Imballaggio telescopico del concentrato di cannabis personalizzato all'ingrosso<\/h2>\n<h3 id=\"-1-environmentally-friendly-and-sustainable-material-system-industrial-grade-protection-and-green-certification-\"><strong>1. Sistema di materiali ecocompatibili e sostenibili: protezione di livello industriale e certificazione verde<\/strong><\/h3>\n<p>Adottare\u00a0<strong>Carta patinata C2S da 157 g + cartone rigido da 1000 g<\/strong>\u00a0struttura composita per ottenere un doppio passo avanti in termini di protezione ambientale e funzionalit\u00e0:<\/p>\n<ul>\n<li><strong>Caratteristiche del materiale<\/strong>: La levigatezza della superficie della carta patinata C2S raggiunge lo standard di stampa (lucentezza \u226585%), restituendo con precisione i colori ad alta saturazione; la resistenza alla compressione del cartone rigido raggiunge 1,5 volte lo standard industriale, adatto al peso e alla forma dei concentrati di cannabis (come la cera da dab, la resina viva).<\/li>\n<li><strong>Certificazione ambientale<\/strong>: Il tasso di riciclabilit\u00e0 del materiale \u00e8 superiore a 95% e soddisfa i requisiti normativi dei mercati europei e americani in materia di imballaggi sostenibili.<\/li>\n<\/ul>\n<h3 id=\"-second-magnetic-embedded-structure-minimalist-aesthetics-and-functional-innovation-\"><strong>2. Struttura di chiusura magnetica: estetica minimalista e innovazione funzionale<\/strong><\/h3>\n<ol>\n<li><strong>Tecnologia di chiusura magnetica<\/strong><\/li>\n<li><strong>Design a magnete nascosto<\/strong>: Il magnete \u00e8 incorporato all'interno della scatola per evitare l'usura esterna (ad esempio, l'anello magnetico tradizionale NdFeB \u00e8 facile da ossidare). Il materiale magnetico in ferrite \u00e8 combinato con il cartone attraverso il processo di stampaggio a iniezione per ottenere una forza di aspirazione verticale \u2265 3N\/cm\u00b2, e la durata di apertura e chiusura supera le 5000 volte.<\/li>\n<li><strong>Ottimizzazione strutturale<\/strong>: Adatto per coperchi superiori e inferiori e scatole a conchiglia, supporta conchiglie magnetiche (posizionamento di alto livello) o guide magnetiche a cassetto (accesso comodo), e il controllo della tolleranza a livello millimetrico garantisce la tenuta della chiusura.<\/li>\n<li><strong>Minimalismo visivo<\/strong><\/li>\n<li>La chiusura magnetica senza viti e fibbie a vista, abbinata al trattamento superficiale con pellicola opaca\/luminosa, esalta il senso di tecnologia e di posizionamento di alta gamma.<\/li>\n<\/ol>\n<h3 id=\"-iii-spot-uv-process-high-precision-printing-and-second-level-curing-\"><strong>3. Processo Spot UV: stampa ad alta precisione e polimerizzazione di secondo livello.<\/strong><\/h3>\n<ol>\n<li><strong>Tecnologia di stampa dinamica<\/strong><\/li>\n<li><strong>Goffratura UV parziale<\/strong>: L'effetto di goffratura 3D del LOGO e della texture delle foglie di cannabis \u00e8 ottenuto grazie alla tecnologia di stampa offset CNC, il tempo di polimerizzazione UV \u00e8 di \u22645 secondi e l'efficienza \u00e8 aumentata di 90% rispetto all'essiccazione termica tradizionale.<\/li>\n<li><strong>Gestione del colore<\/strong>: Supporto Pantone spot color + stampa in quadricromia sfumata, controllo della differenza di colore \u22643%, ad esempio, il verde fluorescente (Pantone 802C) pu\u00f2 aumentare il tasso di riconoscimento dello scaffale di 40%.<\/li>\n<li><strong>Sistema di protezione della superficie<\/strong><\/li>\n<li>Rivestimento in pellicola brillante (antigraffio) + nano rivestimento impermeabile (antiperdita), adattato alle caratteristiche dei concentrati di cannabis che risentono facilmente della temperatura e dell'umidit\u00e0.<\/li>\n<\/ol>\n<h3 id=\"-iv-full-dimensional-customization-solution-precise-adaptation-from-box-type-to-lining-\"><strong>4. Soluzione di personalizzazione a tutto tondo: adattamento preciso dal tipo di scatola al rivestimento.<\/strong><\/h3>\n<ol>\n<li><strong>Innovazione del tipo di scatola<\/strong><\/li>\n<li><strong>Tipo di scatola di base<\/strong>: scatola telescopica (adatta a pi\u00f9 specifiche di concentrati), scatola magnetica esagonale (stile retr\u00f2), scatola con finestra trasparente (visualizzazione intuitiva della consistenza del prodotto).<\/li>\n<li><strong>Integrazione funzionale<\/strong>: Il design a gancio ottimizza l'esposizione verticale nei supermercati o incorpora i chip NFC per ottenere la tracciabilit\u00e0 anticontraffazione.<\/li>\n<li><strong>Sistema di rivestimento<\/strong><\/li>\n<li><strong>Rivestimento antisismico in EVA<\/strong>L'apertura di precisione dello stampo si adatta al contorno del concentrato (come vasi di vetro, contenitori in silicone), le prestazioni di ammortizzazione raggiungono lo standard ASTM D4169 e supportano l'aggiornamento al rivestimento in flock (antistatico) o al rivestimento in carta alveolare degradabile (posizionamento ambientale).<\/li>\n<\/ol>\n<h3 id=\"-v-advantages-of-china-s-source-factory-compliance-cost-and-agile-delivery-\"><strong>5. Vantaggi della fabbrica di origine cinese: conformit\u00e0, costi e consegna agile<\/strong><\/h3>\n<p>In qualit\u00e0 di fabbrica situata nella fascia industriale centrale del Delta del Fiume delle Perle, forniamo:<\/p>\n<ol>\n<li><strong>Garanzia di conformit\u00e0<\/strong><\/li>\n<li>Materie prime cartacee certificate FSC + sistema di controllo qualit\u00e0 ISO 9001, che fornisce rapporti di prova SGS e documenti di conformit\u00e0 per l'esportazione.<\/li>\n<li><strong>Prestazioni di costo ottimali<\/strong><\/li>\n<li>La capacit\u00e0 produttiva annuale supera le 5.000 tonnellate e l'approvvigionamento su larga scala rende il costo 15%-20% inferiore al prezzo medio di mercato, sostenendo un ordine minimo di 1.000 pezzi.<\/li>\n<li><strong>Risposta agile<\/strong><\/li>\n<li>Forniamo rendering 3D + scatole campione fisiche entro 48 ore, produzione di massa entro 72 ore, supporto per la spedizione transfrontaliera FOB\/DDP.<\/li>\n<\/ol>\n<p><strong>Scenari applicativi e casi di successo<\/strong><\/p>\n<ul>\n<li><strong>Prodotti pi\u00f9 venduti nel commercio elettronico transfrontaliero<\/strong>: Scatole magnetiche retrattili verdi fluorescenti personalizzate per un marchio nordamericano, con rivestimento antivibrazioni in EVA, il tasso di riacquisto della stessa categoria su Amazon \u00e8 aumentato di 35%.<\/li>\n<li><strong>Mercato medicale di fascia alta<\/strong>: Scatole magnetiche nere opache + processo di stampa a caldo UV parziale, aiutano un premio europeo di marca marijuana medica terminale di 50%.<\/li>\n<li><strong>Linea concettuale di protezione ambientale<\/strong>: Fodera in carta alveolare degradabile + stampa con inchiostro di soia, imprese certificate B Corp per l'acquisto all'ingrosso.<\/li>\n<\/ul>","protected":false},"excerpt":{"rendered":"<p>1. 157 g di carta patinata C2S + 1000 g di cartone rigido, materiali ecologici e sostenibili.<br \/>\n2. Scatola con chiusura magnetica, design con magnete incorporato per evitare l'usura esterna, visivamente pi\u00f9 semplice.<br \/>\n3. Spot UV, polimerizzazione completa in pochi secondi, produzione ad alta efficienza.<br \/>\n4. Personalizzazione illimitata del tipo di scatola, del materiale, del colore, delle dimensioni, del processo di stampa superficiale per adattarsi al vostro concentrato, alla resione viva, all'imballaggio della cera da tampone.<\/p>","protected":false},"featured_media":8543,"template":"","meta":[],"product_brand":[],"product_cat":[30,420,424,31],"product_tag":[880,750,881],"class_list":{"0":"post-8540","1":"product","2":"type-product","3":"status-publish","4":"has-post-thumbnail","6":"product_cat-by-industry","7":"product_cat-custom-cannabis-boxes","8":"product_cat-magnetic-closure-boxes","9":"product_cat-paper-box-style","10":"product_tag-cannabis-packaging-wholesale","11":"product_tag-concentrate-packaging","12":"product_tag-concentrate-telescopic-packaging","14":"first","15":"instock","16":"shipping-taxable","17":"product-type-simple"},"_links":{"self":[{"href":"https:\/\/zojopackaging.com\/it\/wp-json\/wp\/v2\/product\/8540","targetHints":{"allow":["GET"]}}],"collection":[{"href":"https:\/\/zojopackaging.com\/it\/wp-json\/wp\/v2\/product"}],"about":[{"href":"https:\/\/zojopackaging.com\/it\/wp-json\/wp\/v2\/types\/product"}],"version-history":[{"count":1,"href":"https:\/\/zojopackaging.com\/it\/wp-json\/wp\/v2\/product\/8540\/revisions"}],"predecessor-version":[{"id":8547,"href":"https:\/\/zojopackaging.com\/it\/wp-json\/wp\/v2\/product\/8540\/revisions\/8547"}],"wp:featuredmedia":[{"embeddable":true,"href":"https:\/\/zojopackaging.com\/it\/wp-json\/wp\/v2\/media\/8543"}],"wp:attachment":[{"href":"https:\/\/zojopackaging.com\/it\/wp-json\/wp\/v2\/media?parent=8540"}],"wp:term":[{"taxonomy":"product_brand","embeddable":true,"href":"https:\/\/zojopackaging.com\/it\/wp-json\/wp\/v2\/product_brand?post=8540"},{"taxonomy":"product_cat","embeddable":true,"href":"https:\/\/zojopackaging.com\/it\/wp-json\/wp\/v2\/product_cat?post=8540"},{"taxonomy":"product_tag","embeddable":true,"href":"https:\/\/zojopackaging.com\/it\/wp-json\/wp\/v2\/product_tag?post=8540"}],"curies":[{"name":"wp","href":"https:\/\/api.w.org\/{rel}","templated":true}]}}