{"id":8571,"date":"2025-03-29T13:47:37","date_gmt":"2025-03-29T05:47:37","guid":{"rendered":"https:\/\/zojopackaging.com\/?post_type=product&#038;p=8571"},"modified":"2025-03-29T15:21:51","modified_gmt":"2025-03-29T07:21:51","slug":"elegant-vintage-custom-jewelry-necklace-packaging-ring-boxes","status":"publish","type":"product","link":"https:\/\/zojopackaging.com\/it\/product\/elegant-vintage-custom-jewelry-necklace-packaging-ring-boxes\/","title":{"rendered":"Eleganti scatole vintage per l'imballaggio di collane e anelli di gioielli personalizzati"},"content":{"rendered":"<h2 id=\"product-description-of-vintage-customized-jewelry-necklace-packaging-ring-box-\">Eleganti scatole vintage per l'imballaggio di collane e anelli di gioielli personalizzati<\/h2>\n<h3 id=\"-1-environmentally-friendly-material-system-sustainability-and-luxury-coexist-\"><strong>1. Sistema di materiali ecocompatibili: sostenibilit\u00e0 e lusso coesistono<\/strong><\/h3>\n<p>Adottare\u00a0<strong>Carta artistica speciale da 120 g + cartone rigido da 1200 g<\/strong>\u00a0struttura composita, tenendo conto delle esigenze di protezione ambientale e di estetica:<\/p>\n<ul>\n<li><strong>Caratteristiche del materiale<\/strong>: La superficie della carta speciale \u00e8 goffrata con fibre naturali per presentare una texture vintage (come la pergamena o il tocco della seta) ed \u00e8 abbinata a un cartone ad alta grammatura da 1200 g. La resistenza alla compressione \u00e8 1,5 volte superiore allo standard industriale, in grado di sopportare la pressione di impilamento del trasporto (&gt;50 kg\/m\u00b2), adatta alla forma delicata dei gioielli.<\/li>\n<li><strong>Certificazione ambientale<\/strong>: La certificazione di gestione forestale FSC \u00e8 stata superata, il tasso di riciclabilit\u00e0 del materiale \u00e8 superiore a 95% e soddisfa i requisiti normativi per gli imballaggi sostenibili nei mercati europei e americani.<\/li>\n<\/ul>\n<h3 id=\"-second-the-top-and-bottom-cover-box-design-ritual-sense-and-functional-innovation-\"><strong>2. Il design della scatola del coperchio superiore e inferiore: senso rituale e innovazione funzionale<\/strong><\/h3>\n<ol>\n<li><strong>Struttura di separazione del coperchio superiore<\/strong><\/li>\n<li>Il coperchio superiore e il fondo della scatola sono separati da guide di scorrimento o da un'aspirazione magnetica e non \u00e8 necessario separarli completamente durante l'apertura e la chiusura, il che non solo evita il difetto della facilit\u00e0 di ribaltamento del coperchio superiore e di quello inferiore tradizionali, ma aumenta anche il senso di rituale quando si apre la scatola.<\/li>\n<li>Controllo della tolleranza di precisione (\u00b10,3 mm), dopo la chiusura si forma uno spazio protettivo completamente avvolto e le prestazioni a prova di polvere e umidit\u00e0 sono migliorate da 40%.<\/li>\n<li><strong>Dettagli estetici retr\u00f2<\/strong><\/li>\n<li>Il bordo del corpo della scatola adotta un processo di bordatura con stampa a caldo per simulare lo stile di rilegatura dei libri classici; la parete interna pu\u00f2 essere rivestita con un panno di seta opaco, che ha un tocco delicato e riduce il rischio di danni da attrito dei gioielli.<\/li>\n<\/ol>\n<h3 id=\"-three-full-dimensional-customization-solution-precise-adaptation-from-material-to-process-\"><strong>3.Soluzione per la personalizzazione a tutto tondo: adattamento preciso dal materiale al processo<\/strong><\/h3>\n<ol>\n<li><strong>Innovazione nei materiali e nei colori<\/strong><\/li>\n<li><strong>Selezione carta speciale<\/strong>: Fornire 20+ texture come la carta kraft antica, la carta di seta metallica, la carta in fibra vegetale, ecc., supportare la libreria di colori speciali Pantone (come il vino rosso d'annata Pantone 19-1655) o la stampa a gradiente, il controllo della differenza di colore \u22643%.<\/li>\n<li><strong>Processo di superficie<\/strong>: rivestimento in pellicola opaca (anti-impronta), rilievo UV locale (come l'effetto stereoscopico 3D dei totem floreali) o processo di ruggine in rame antico in rilievo per migliorare la texture retr\u00f2.<\/li>\n<li><strong>Adattamento del tipo e delle dimensioni della scatola<\/strong><\/li>\n<li>Tipo di scatola di base: rotonda, esagonale, a forma di libro con coperchio ribaltabile, supporto per lo sviluppo di forme speciali (come la scatola per finestre vuote a forma di cuore).<\/li>\n<li>Dimensioni flessibili: si adattano a un singolo anello (dimensioni minime 5\u00d75 cm) o a set multipli (come la scatola combinata collana + orecchini + bracciale).<\/li>\n<\/ol>\n<h3 id=\"-fourth-three-dimensional-display-lining-system-a-deep-combination-of-function-and-aesthetics-\"><strong>4. Sistema di rivestimento per display tridimensionali: una profonda combinazione di funzionalit\u00e0 ed estetica<\/strong><\/h3>\n<ol>\n<li><strong>Tecnologia della fodera del cuscino<\/strong><\/li>\n<li>Utilizza schiuma EVA ad alta densit\u00e0 per scolpire una staffa tridimensionale, rivestita di seta o velluto sulla superficie, che si adatta accuratamente al contorno dei gioielli (come la scanalatura ad arco della collana, il supporto colonnare dell'anello), ottenendo un effetto di visualizzazione \"galleggiante\".<\/li>\n<li>Divisori personalizzabili: aggiungete scomparti indipendenti per riporre gli strumenti di manutenzione o le story card del marchio per aumentare il valore aggiunto.<\/li>\n<li><strong>Opzioni di aggiornamento dei materiali<\/strong><\/li>\n<li><strong>Posizionamento ambientale<\/strong>: Fodera in carta alveolare degradabile + stampa con inchiostro di soia, in linea con gli standard della certificazione B Corp.<\/li>\n<li><strong>Posizionamento di fascia alta<\/strong>: Fodera di floccaggio con stampa a caldo di emblemi di famiglia o motivi dipinti a mano per trasmettere il patrimonio storico del marchio.<\/li>\n<\/ol>\n<h3 id=\"-v-hot-stamping-technology-empowerment-luxury-vision-and-brand-narrative-\"><strong>5. Potenziamento della tecnologia di stampa a caldo: visione del lusso e narrazione del marchio<\/strong><\/h3>\n<ol>\n<li><strong>Tecnologia di stampa a caldo in rilievo 3D<\/strong><\/li>\n<li>Grazie alla goffratura ad alta temperatura degli stampi CNC, si ottengono effetti tridimensionali di stampa a caldo come LOGO e motivi a vite. Lo spessore della lamina metallica pu\u00f2 variare da 0,1 a 0,3 mm (ad esempio oro bronzo e oro rosa) e la resistenza all'usura \u00e8 aumentata da 60%.<\/li>\n<li>Design dinamico: supporta il contrasto tra la stampa a caldo e lo sfondo opaco, come la stampa a caldo del motivo dell'erba riccia europea con la base di carta antica, ripristinando l'estetica del Rinascimento.<\/li>\n<li><strong>Funzioni anticontraffazione e a valore aggiunto<\/strong><\/li>\n<li>\u00c8 possibile impiantare etichette olografiche a caldo o chip NFC e verificare l'autenticit\u00e0 scansionando il codice e accedendo alla pagina della cultura del marchio.<\/li>\n<\/ol>\n<h3 id=\"-vi-intelligent-manufacturing-and-service-system-transparent-delivery-and-cost-advantages-\"><strong>6. Sistema di produzione e servizio intelligente: consegna trasparente e vantaggi di costo<\/strong><\/h3>\n<ol>\n<li><strong>Sistema di gestione MES<\/strong><\/li>\n<li>Tracciabilit\u00e0 digitale dell'intero processo: dall'inserimento dell'ordine all'ispezione della qualit\u00e0 e all'imballaggio, sincronizzazione in tempo reale dell'avanzamento della produzione per garantire una consegna puntuale entro 7-12 giorni lavorativi.<\/li>\n<li>Controllo di qualit\u00e0: Attraverso il colorimetro (\u0394E\u22642), il tester di caduta (altezza di 1,2 m non distruttivo) e altre apparecchiature, il tasso di rendimento \u00e8 \u226599,5%.<\/li>\n<li><strong>Supporto all'avviamento a costo zero<\/strong><\/li>\n<li><strong>Design gratuito<\/strong>: I rendering 3D + l'ispezione virtuale AR sono forniti entro 48 ore, a supporto di proposte in stile retro rococ\u00f2, art nouveau e altro.<\/li>\n<li><strong>Campione di 3 giorni<\/strong>: Adotta una linea di produzione flessibile per piccoli lotti e consegna le scatole di campioni fisici entro 72 ore.<\/li>\n<li><strong>Vantaggio di prezzo<\/strong><\/li>\n<li>Facendo affidamento sulla capacit\u00e0 produttiva su larga scala della cintura industriale del Delta del Fiume delle Perle, il prezzo della stessa qualit\u00e0 \u00e8 15%-20% inferiore al prezzo medio del mercato, con un ordine minimo di 1.000 pezzi.<\/li>\n<\/ol>\n<p><strong>Scenari applicativi e casi di successo<\/strong><\/p>\n<ul>\n<li><strong>Marchio di gioielli di lusso leggeri<\/strong>: Scatola a forma di libro personalizzata con stampa a caldo di colore rosso vino per un marchio europeo, rivestita con una staffa tridimensionale per esporre collane antiche, e il premio del terminale \u00e8 aumentato di 50%.<\/li>\n<li><strong>L'articolo pi\u00f9 venduto nel commercio elettronico transfrontaliero<\/strong>: Scatola in rame antico con rivestimento degradabile, ha ottenuto 10.000 ordini da marchi nordamericani di protezione ambientale.<\/li>\n<li><strong>Personalizzazione del matrimonio<\/strong>: Scatola con finestra a forma di cuore + emblema di famiglia impresso in oro, che diventa la confezione regalo standard per i marchi di fedi di fascia alta.<\/li>\n<\/ul>\n<p><strong>Agisci ora<\/strong>\u00a0Dalla progettazione alla consegna, forniamo una soluzione di packaging unica, che consente a ogni gioiello di raccontare la storia del marchio attraverso la confezione definitiva!<\/p>","protected":false},"excerpt":{"rendered":"<p>1. 120 g di carta speciale + 1200 g di cartone materiale ecologico<br \/>\n2. Il coperchio e la base della scatola adottano il metodo di separazione del coperchio superiore per migliorare l'esperienza di apertura della scatola da parte dell'utente.<br \/>\n3. Il materiale cartaceo speciale rende la scatola semplice ma con una sensazione di lusso di alto livello.<br \/>\n4. Altamente personalizzabile, materiale, colore, dimensione, processo di stampa superficiale per adattarsi alla vostra confezione di gioielli, collane e anelli.<\/p>","protected":false},"featured_media":8573,"template":"","meta":[],"product_brand":[],"product_cat":[30,415,425,31],"product_tag":[890,892,891],"class_list":{"0":"post-8571","1":"product","2":"type-product","3":"status-publish","4":"has-post-thumbnail","6":"product_cat-by-industry","7":"product_cat-custom-jewelry-boxes-by-industry","8":"product_cat-lid-and-base-gift-box","9":"product_cat-paper-box-style","10":"product_tag-custom-jewelry-packaging","11":"product_tag-elegant-necklace-packaging","12":"product_tag-vintage-ring-boxes","14":"first","15":"instock","16":"shipping-taxable","17":"product-type-simple"},"_links":{"self":[{"href":"https:\/\/zojopackaging.com\/it\/wp-json\/wp\/v2\/product\/8571","targetHints":{"allow":["GET"]}}],"collection":[{"href":"https:\/\/zojopackaging.com\/it\/wp-json\/wp\/v2\/product"}],"about":[{"href":"https:\/\/zojopackaging.com\/it\/wp-json\/wp\/v2\/types\/product"}],"version-history":[{"count":1,"href":"https:\/\/zojopackaging.com\/it\/wp-json\/wp\/v2\/product\/8571\/revisions"}],"predecessor-version":[{"id":8579,"href":"https:\/\/zojopackaging.com\/it\/wp-json\/wp\/v2\/product\/8571\/revisions\/8579"}],"wp:featuredmedia":[{"embeddable":true,"href":"https:\/\/zojopackaging.com\/it\/wp-json\/wp\/v2\/media\/8573"}],"wp:attachment":[{"href":"https:\/\/zojopackaging.com\/it\/wp-json\/wp\/v2\/media?parent=8571"}],"wp:term":[{"taxonomy":"product_brand","embeddable":true,"href":"https:\/\/zojopackaging.com\/it\/wp-json\/wp\/v2\/product_brand?post=8571"},{"taxonomy":"product_cat","embeddable":true,"href":"https:\/\/zojopackaging.com\/it\/wp-json\/wp\/v2\/product_cat?post=8571"},{"taxonomy":"product_tag","embeddable":true,"href":"https:\/\/zojopackaging.com\/it\/wp-json\/wp\/v2\/product_tag?post=8571"}],"curies":[{"name":"wp","href":"https:\/\/api.w.org\/{rel}","templated":true}]}}