{"id":8587,"date":"2025-03-29T14:41:35","date_gmt":"2025-03-29T06:41:35","guid":{"rendered":"https:\/\/zojopackaging.com\/?post_type=product&#038;p=8587"},"modified":"2025-03-29T15:21:23","modified_gmt":"2025-03-29T07:21:23","slug":"custom-printed-candle-packaging-boxes-wholesale","status":"publish","type":"product","link":"https:\/\/zojopackaging.com\/it\/product\/custom-printed-candle-packaging-boxes-wholesale\/","title":{"rendered":"Scatole d'imballaggio per candele stampate su misura all'ingrosso"},"content":{"rendered":"<h3 id=\"custom-printed-candle-packaging-box-wholesale\">Scatola d'imballaggio per candele stampata su misura all'ingrosso<\/h3>\n<h4 id=\"-i-environmentally-friendly-materials-and-recyclable-design-\"><strong>1. Materiali ecologici e design riciclabile<\/strong><\/h4>\n<ol>\n<li><strong>Cartone ondulato<\/strong>\u00a0Utilizzando il cartone ondulato ad alta resistenza come materiale di base, ha un'eccellente resistenza alla compressione e prestazioni di ammortizzazione, e pu\u00f2 essere riutilizzato o riciclato attraverso la tecnologia della pasta riciclata. Il suo ciclo di degradazione naturale \u00e8 breve (circa 3-6 mesi), il che soddisfa gli standard ambientali internazionali e riduce il peso dei rifiuti di imballaggio sull'ambiente.<\/li>\n<\/ol>\n<h4 id=\"-ii-highly-customized-services-\"><strong>2. Servizi altamente personalizzati<\/strong><\/h4>\n<ol>\n<li><strong>Opzioni di personalizzazione flessibili<\/strong><\/li>\n<li><strong>Materiale<\/strong>: Oltre alla carta ondulata, supporta materiali compositi come il cartone bianco e il cartone kraft per soddisfare diversi requisiti di portata.<\/li>\n<li><strong>Colore<\/strong>: Sono disponibili 42 colori standard e colori macaron (come il rosa pesca e il viola mirtillo). I toni a bassa saturazione possono ridurre l'affaticamento visivo e migliorare l'attrattiva degli scaffali.<\/li>\n<li><strong>Dimensione<\/strong>: Supporta la personalizzazione del diametro interno\/esterno (errore \u2264 0,1 mm), adatto a contenitori per candele cilindrici, quadrati e di forma speciale.<\/li>\n<li><strong>Processo di stampa<\/strong>: Stampa offset, serigrafia, laminazione UV, stampa a caldo\/argento, goffratura, ecc. opzionali, per ottenere loghi di marca o motivi artistici di alta precisione.<\/li>\n<li><strong>Vassoio interno e protezione della superficie rispettosi dell'ambiente<\/strong><\/li>\n<li><strong>Vassoio interno stampato in polpa di cellulosa<\/strong>: Il vassoio interno in polpa di cellulosa degradabile viene personalizzato con un processo di pressatura a secco per fissare con precisione la posizione della candela ed evitare danni da trasporto.<\/li>\n<li><strong>Tecnologia di laminazione<\/strong>: La superficie \u00e8 rivestita con pellicola PET o BOPP, che ha funzioni impermeabili e a prova di umidit\u00e0, e il colore stampato non sbiadisce per pi\u00f9 di 5 anni grazie alla tecnologia di rivestimento UV.<\/li>\n<\/ol>\n<h4 id=\"-iii-intelligent-production-and-fast-delivery-\"><strong>3. Produzione intelligente e consegna rapida<\/strong><\/h4>\n<ol>\n<li><strong>Linea di produzione completamente automatica<\/strong>\u00a0Lo stabilimento \u00e8 dotato di macchine fustellatrici completamente automatiche, laminatrici e apparecchiature di stampa ad alta velocit\u00e0, con una capacit\u00e0 produttiva giornaliera di 1 milione di pezzi, in grado di supportare una produzione continua 24 ore su 24. Ad esempio, la linea di produzione di cartoni pieghevoli di Qingdao Shimei Packaging pu\u00f2 raggiungere una produzione standardizzata di 100.000 pezzi al giorno.<\/li>\n<li><strong>Processo di risposta rapida<\/strong><\/li>\n<li><strong>Campione di 3 giorni<\/strong>: Dopo che il cliente ha fornito la bozza di progetto o il campione, la conferma del campione sar\u00e0 completata entro 72 ore.<\/li>\n<li><strong>Consegna in 7-14 giorni<\/strong>: Affidandosi al sistema ERP per ottimizzare la programmazione della produzione, sono necessari solo 7 giorni lavorativi dalla conferma dell'ordine alla spedizione del lotto, soddisfacendo i requisiti di tempestivit\u00e0 del commercio elettronico transfrontaliero e delle promozioni natalizie.<\/li>\n<\/ol>\n<h4 id=\"-iv-value-added-services-and-cost-advantages-\"><strong>4. Servizi a valore aggiunto e vantaggi di costo<\/strong><\/h4>\n<ol>\n<li><strong>Assistenza tecnica gratuita<\/strong><\/li>\n<li><strong>Supporto alla progettazione<\/strong>: La fabbrica mette a disposizione un team di progettazione professionale per ottimizzare la struttura della scatola, il layout e le soluzioni visive del marchio a titolo gratuito.<\/li>\n<li><strong>Esempio di esperienza<\/strong>: I clienti che effettuano il primo ordine possono richiedere campioni gratuiti (limitati a 3 modelli) per testare l'adattabilit\u00e0 dell'imballaggio e le prestazioni di protezione.<\/li>\n<li><strong>Competitivit\u00e0 dei prezzi<\/strong>\u00a0Grazie all'approvvigionamento su larga scala delle materie prime (come la riduzione di 15% dei costi di approvvigionamento di cartone bianco) e alla produzione automatizzata, il costo per pezzo \u00e8 di soli 0,1 yuan (ordine minimo di 5.000 pezzi), ossia 30% in meno rispetto al costo complessivo degli imballaggi tradizionali.<\/li>\n<\/ol>\n<h4 id=\"-v-application-scenarios-and-market-adaptation-\"><strong>5. Scenari di applicazione e adattamento al mercato<\/strong><\/h4>\n<ul>\n<li><strong>Esposizione al dettaglio<\/strong>: Combinazione di colori Macaron con motivi geometrici minimalisti, adatta a negozi di articoli da regalo, marchi per la casa e banchi di profumi di alta gamma.<\/li>\n<li><strong>Trasporto transfrontaliero<\/strong>: I materiali ecologici che soddisfano la certificazione FSC sono adattati ai requisiti di imballaggio ecologico della piattaforma.<\/li>\n<\/ul>\n<p><strong>Sintesi<\/strong>\u00a0Le scatole di imballaggio per candele stampate su misura bilanciano l'immagine del marchio, il controllo dei costi e la responsabilit\u00e0 sostenibile grazie a materiali ecologici, produzione intelligente e servizi personalizzati. L'ottimizzazione completa, dalla progettazione alla consegna, offre ai produttori e ai rivenditori di candele soluzioni di imballaggio efficienti e a bassa soglia.<\/p>","protected":false},"excerpt":{"rendered":"<p>1. Il materiale del cartone ondulato pu\u00f2 essere riutilizzato o riciclato in pasta di legno, il ciclo di degradazione naturale \u00e8 rapido e rispettoso dell'ambiente.<br \/>\n2. Design pieghevole, si appiattisce per essere riposto, riducendo lo spazio di stoccaggio.<br \/>\n3. Altamente personalizzabile, materiale, colore, dimensione, processo di stampa superficiale per adattarsi all'imballaggio delle candele.<\/p>","protected":false},"featured_media":8588,"template":"","meta":[],"product_brand":[],"product_cat":[30,416,430,31],"product_tag":[896,898,897],"class_list":{"0":"post-8587","1":"product","2":"type-product","3":"status-publish","4":"has-post-thumbnail","6":"product_cat-by-industry","7":"product_cat-custom-candle-boxes","8":"product_cat-folding-cartons","9":"product_cat-paper-box-style","10":"product_tag-candle-packaging","11":"product_tag-candle-packaging-boxes","12":"product_tag-custom-boxes-wholesale","14":"first","15":"instock","16":"shipping-taxable","17":"product-type-simple"},"_links":{"self":[{"href":"https:\/\/zojopackaging.com\/it\/wp-json\/wp\/v2\/product\/8587","targetHints":{"allow":["GET"]}}],"collection":[{"href":"https:\/\/zojopackaging.com\/it\/wp-json\/wp\/v2\/product"}],"about":[{"href":"https:\/\/zojopackaging.com\/it\/wp-json\/wp\/v2\/types\/product"}],"version-history":[{"count":1,"href":"https:\/\/zojopackaging.com\/it\/wp-json\/wp\/v2\/product\/8587\/revisions"}],"predecessor-version":[{"id":8594,"href":"https:\/\/zojopackaging.com\/it\/wp-json\/wp\/v2\/product\/8587\/revisions\/8594"}],"wp:featuredmedia":[{"embeddable":true,"href":"https:\/\/zojopackaging.com\/it\/wp-json\/wp\/v2\/media\/8588"}],"wp:attachment":[{"href":"https:\/\/zojopackaging.com\/it\/wp-json\/wp\/v2\/media?parent=8587"}],"wp:term":[{"taxonomy":"product_brand","embeddable":true,"href":"https:\/\/zojopackaging.com\/it\/wp-json\/wp\/v2\/product_brand?post=8587"},{"taxonomy":"product_cat","embeddable":true,"href":"https:\/\/zojopackaging.com\/it\/wp-json\/wp\/v2\/product_cat?post=8587"},{"taxonomy":"product_tag","embeddable":true,"href":"https:\/\/zojopackaging.com\/it\/wp-json\/wp\/v2\/product_tag?post=8587"}],"curies":[{"name":"wp","href":"https:\/\/api.w.org\/{rel}","templated":true}]}}