{"id":8595,"date":"2025-03-29T15:22:14","date_gmt":"2025-03-29T07:22:14","guid":{"rendered":"https:\/\/zojopackaging.com\/?post_type=product&#038;p=8595"},"modified":"2025-03-29T15:50:59","modified_gmt":"2025-03-29T07:50:59","slug":"premium-luxury-spirits-whisky-paper-tube-packaging-wholesale","status":"publish","type":"product","link":"https:\/\/zojopackaging.com\/it\/product\/premium-luxury-spirits-whisky-paper-tube-packaging-wholesale\/","title":{"rendered":"Premium Luxury Spirits Whisky carta tubo imballaggio all'ingrosso"},"content":{"rendered":"<h3 id=\"wholesale-instructions-for-premium-luxury-spirits-whiskey-paper-tube-packaging\">all'ingrosso Premium Luxury Spirits Whiskey Paper Tube Packaging<\/h3>\n<h4 id=\"-1-structural-advantages-scientific-pressure-bearing-all-round-protection-\"><strong>1. Vantaggi strutturali: Protezione scientifica a pressione e a tutto tondo<\/strong><\/h4>\n<p>L'imballaggio in tubo di carta adotta un\u00a0<strong>design della struttura cilindrica<\/strong>che consente di ottenere un'elevata resistenza alla pressione, disperdendo uniformemente le forze esterne, ed \u00e8 particolarmente adatto a prodotti fragili e di alto valore come liquori e whisky. Le sue propriet\u00e0 fisiche sono in grado di attenuare efficacemente le vibrazioni e gli urti durante il trasporto. Lo strato interno pu\u00f2 essere abbinato a un\u00a0<strong>struttura di rivestimento personalizzata<\/strong>\u00a0(come il rivestimento a griglia simmetrica a scatto o a cuscino) per migliorare ulteriormente le prestazioni di fissaggio e ammortizzazione, garantendo che la bottiglia sia sicura e intatta in un ambiente logistico complesso.<\/p>\n<h4 id=\"-2-functional-innovation-sealing-and-convenience-coexist-\"><strong>2. Innovazione funzionale: Sigillatura e praticit\u00e0 coesistono<\/strong><\/h4>\n<p>L'imballaggio in tubo di carta supporta\u00a0<strong>struttura completamente sigillata o riapribile<\/strong>\u00a0design:<\/p>\n<ul>\n<li><strong>versione completamente sigillata<\/strong>Utilizzando la tecnologia di laminazione alimentare, combinata con materiali a prova di umidit\u00e0 dello strato interno (come la carta composita in foglio di alluminio), per bloccare la penetrazione di ossigeno e umidit\u00e0 e prolungare la durata di conservazione del liquore.<\/li>\n<li><strong>Versione apribile<\/strong>: Il coperchio magnetico o la struttura a fibbia filettata sono comodi per i consumatori che possono prenderli pi\u00f9 volte, mantenendo la tenuta, soddisfacendo le esigenze di raccolta e di esposizione delle confezioni regalo di liquori di alta gamma.<\/li>\n<\/ul>\n<h4 id=\"-third-environmental-sustainability-green-technology-empowers-brand-value-\"><strong>3. Sostenibilit\u00e0 ambientale: la tecnologia verde rafforza il valore del marchio<\/strong><\/h4>\n<p>Il materiale di imballaggio \u00e8\u00a0<strong>100% pasta riciclabile<\/strong>\u00a0o\u00a0<strong>Fibra di legno certificata FSC<\/strong>Il processo di produzione adotta la tecnologia di piegatura senza adesivo per ridurre l'inquinamento chimico. In combinazione con la stampa con inchiostro a base d'acqua e la tecnologia di laminazione biodegradabile, il prodotto \u00e8 a basse emissioni di carbonio e rispetta l'ambiente durante l'intero ciclo di vita, dalla produzione allo smaltimento, in linea con gli standard ambientali REACH dell'UE.<\/p>\n<h4 id=\"-fourth-visual-impact-red-aesthetics-and-brand-memory-enhancement-\"><strong>4. Impatto visivo: estetica rossa e rafforzamento della memoria del marchio<\/strong><\/h4>\n<p>Il colore principale adotta\u00a0<strong>rosso ad alta saturazione (contabilit\u00e0 per 70%)<\/strong>in combinazione con trattamenti opachi o lucidi, per trasmettere un tono lussuoso e appassionato del marchio. Il rosso ha\u00a0<strong>attrazione visiva naturale<\/strong>\u00a0nell'esposizione a scaffale. I dati sperimentali dimostrano che il tasso di attenzione dei consumatori nei confronti delle confezioni rosse \u00e8 37% superiore a quello dei colori tradizionali. Il design pu\u00f2 incorporare LOGO stampati a caldo, texture in rilievo o totem culturali (come i modelli in stile boemo) per approfondire il riconoscimento del marchio.<\/p>\n<h4 id=\"-v-efficient-production-process-spot-uv-and-automation-empowerment-\"><strong>5. Processo produttivo efficiente: Spot UV e automazione<\/strong><\/h4>\n<p>Adottare\u00a0<strong>Processo di verniciatura locale Spot UV<\/strong>La tecnologia di polimerizzazione istantanea a raggi ultravioletti consente di ottenere un preciso effetto superficiale luminoso locale, di ridurre il tempo di polimerizzazione a 0,1 secondi, di supportare la stampa continua e la connessione senza soluzione di continuit\u00e0 con la post-elaborazione e di migliorare l'efficienza produttiva di oltre 30%. In combinazione con la tecnologia di composizione digitale (come la modellazione 3D), il layout del modello pu\u00f2 essere regolato rapidamente per soddisfare le esigenze di ordini personalizzati in piccoli lotti.<\/p>\n<h4 id=\"-sixth-highly-customized-service-flexible-adaptation-from-material-to-process-\"><strong>6. Servizio altamente personalizzato: adattamento flessibile dal materiale al processo<\/strong><\/h4>\n<ul>\n<li><strong>Selezione del materiale<\/strong>: Fornisce una variet\u00e0 di substrati come carta ondulata, cartone rigido, carta composita in fibra di bamb\u00f9, ecc. per soddisfare i diversi requisiti di portanza e consistenza.<\/li>\n<li><strong>Dimensioni e struttura<\/strong>: Supporta gamme di personalizzazione da 50 mm a 300 mm di diametro e da 200 mm a 800 mm di altezza e pu\u00f2 essere adattato a bottiglie di vino singole o a set di combinazioni di pi\u00f9 bottiglie.<\/li>\n<li><strong>Tecnologia di superficie<\/strong>: stampa a caldo, goffratura, incisione laser, laminazione laser della pellicola e altri processi opzionali, e persino chip NFC incorporati per ottenere la tracciabilit\u00e0 anticontraffazione.<\/li>\n<\/ul>\n<h4 id=\"-vii-added-value-enhancement-lamination-and-lamination-technology-upgrade-\"><strong>7. Miglioramento del valore aggiunto: Aggiornamento della tecnologia di laminazione e accoppiamento<\/strong><\/h4>\n<p>Attraverso\u00a0<strong>Laminazione BOPP<\/strong>\u00a0o\u00a0<strong>Processo di laminazione del PETG<\/strong>La resistenza all'usura, l'impermeabilit\u00e0 e la lucentezza dell'imballaggio sono notevolmente migliorate, rendendo il tubo di carta paragonabile alla consistenza delle scatole di metallo e di legno, riducendo al contempo il peso complessivo e i costi di trasporto. Allo strato di laminazione pu\u00f2 essere aggiunto anche un rivestimento antibatterico per soddisfare gli elevati standard di igiene e sicurezza degli alcolici di fascia alta.<\/p>\n<h4 id=\"-viii-one-stop-service-support-zero-cost-cooperation-start-\"><strong>8. Servizio unico di assistenza: avvio della cooperazione a costo zero<\/strong><\/h4>\n<p>In qualit\u00e0 di fabbrica professionale di imballaggi per alcolici, forniamo:<\/p>\n<ul>\n<li><strong>Design gratuito<\/strong>: Un team che ha vinto premi internazionali di design elabora soluzioni di packaging su misura, integrando la cultura del marchio e le tendenze del mercato.<\/li>\n<li><strong>Campioni gratuiti<\/strong>: I rendering 3D e le prove fisiche vengono forniti entro 48 ore, a supporto dei test di prestazione (come la simulazione di caduta e di umidit\u00e0).<\/li>\n<li><strong>Assistenza tecnica<\/strong>: Guida completa dall'ottimizzazione strutturale al processo di produzione di massa per garantire un tasso di rendimento \u2265 99,5%.<\/li>\n<li><strong>Vantaggio di prezzo<\/strong>: L'approvvigionamento su larga scala e la produzione automatizzata riducono i costi e il prezzo di una qualit\u00e0 simile \u00e8 15%-20% inferiore alla media del mercato.<\/li>\n<\/ul>","protected":false},"excerpt":{"rendered":"<p>1. Il tubo di carta cilindrico disperde uniformemente le forze esterne. La struttura \u00e8 stabile e protettiva.<br \/>\n2. Pu\u00f2 essere progettata come struttura completamente sigillata o riapribile in base alle esigenze, prevenendo efficacemente l'umidit\u00e0 e l'ossidazione.<br \/>\n3. Pu\u00f2 essere altamente personalizzato in termini di materiale, colore, dimensioni e processo di stampa superficiale, per adattarsi al packaging di liquori, whisky e vino rosso.<\/p>","protected":false},"featured_media":8598,"template":"","meta":[],"product_brand":[],"product_cat":[30,419,31,429],"product_tag":[900,899,901],"class_list":{"0":"post-8595","1":"product","2":"type-product","3":"status-publish","4":"has-post-thumbnail","6":"product_cat-by-industry","7":"product_cat-custom-wines-spirits-boxes","8":"product_cat-paper-box-style","9":"product_cat-paper-tube-boxes","10":"product_tag-luxury-whisky-packaging-wholesale","11":"product_tag-premium-spirits-paper-tube","12":"product_tag-spirits-whisky-packaging-wholesale","14":"first","15":"instock","16":"shipping-taxable","17":"product-type-simple"},"_links":{"self":[{"href":"https:\/\/zojopackaging.com\/it\/wp-json\/wp\/v2\/product\/8595","targetHints":{"allow":["GET"]}}],"collection":[{"href":"https:\/\/zojopackaging.com\/it\/wp-json\/wp\/v2\/product"}],"about":[{"href":"https:\/\/zojopackaging.com\/it\/wp-json\/wp\/v2\/types\/product"}],"version-history":[{"count":1,"href":"https:\/\/zojopackaging.com\/it\/wp-json\/wp\/v2\/product\/8595\/revisions"}],"predecessor-version":[{"id":8602,"href":"https:\/\/zojopackaging.com\/it\/wp-json\/wp\/v2\/product\/8595\/revisions\/8602"}],"wp:featuredmedia":[{"embeddable":true,"href":"https:\/\/zojopackaging.com\/it\/wp-json\/wp\/v2\/media\/8598"}],"wp:attachment":[{"href":"https:\/\/zojopackaging.com\/it\/wp-json\/wp\/v2\/media?parent=8595"}],"wp:term":[{"taxonomy":"product_brand","embeddable":true,"href":"https:\/\/zojopackaging.com\/it\/wp-json\/wp\/v2\/product_brand?post=8595"},{"taxonomy":"product_cat","embeddable":true,"href":"https:\/\/zojopackaging.com\/it\/wp-json\/wp\/v2\/product_cat?post=8595"},{"taxonomy":"product_tag","embeddable":true,"href":"https:\/\/zojopackaging.com\/it\/wp-json\/wp\/v2\/product_tag?post=8595"}],"curies":[{"name":"wp","href":"https:\/\/api.w.org\/{rel}","templated":true}]}}