{"id":8611,"date":"2025-03-29T16:22:17","date_gmt":"2025-03-29T08:22:17","guid":{"rendered":"https:\/\/zojopackaging.com\/?post_type=product&#038;p=8611"},"modified":"2025-03-29T16:55:13","modified_gmt":"2025-03-29T08:55:13","slug":"high-quality-customized-jewelry-drawer-paper-box-manufacturer","status":"publish","type":"product","link":"https:\/\/zojopackaging.com\/it\/product\/high-quality-customized-jewelry-drawer-paper-box-manufacturer\/","title":{"rendered":"Alta qualit\u00e0 su misura gioielli cassetto scatola di carta Fornitore"},"content":{"rendered":"<h2 id=\"manufacturer-s-description-of-high-quality-custom-jewelry-drawer-paper-boxes\">Descrizione del produttore di scatole di carta per cassetti di gioielli personalizzate di alta qualit\u00e0<\/h2>\n<h3 id=\"-1-innovative-box-design-and-environmental-sustainability-\"><strong>1. Design innovativo della scatola e sostenibilit\u00e0 ambientale<\/strong><\/h3>\n<p>Come fabbrica senior specializzata nella produzione di scatole per l'imballaggio di gioielli, adottiamo d<strong>design della scatola rawer<\/strong>La struttura di apertura scorrevole \u00e8 il cuore della scatola, combinata con l'ergonomia per ottimizzare l'esperienza di apertura e chiusura. Il corpo della scatola e il cassetto interno sono collegati da binari di precisione, l'apertura e la chiusura sono fluide e lo smorzamento \u00e8 moderato, il che consente non solo di evitare scivolamenti accidentali, ma anche di verificarne la durata attraverso ripetute aperture e chiusure. Il materiale \u00e8\u00a0<strong>157 g di carta patinata C2S + 1200 g di cartone rigido<\/strong>La superficie \u00e8 trattata con un processo di verniciatura ad alta lucentezza, il tocco \u00e8 delicato e liscio, e ha un'eccellente adesione di stampa, che pu\u00f2 presentare con precisione modelli complessi e loghi di marca. Inoltre, il cartone ha superato la certificazione forestale FSC per garantire che la fonte delle materie prime soddisfi gli standard di protezione ambientale e favorisca il riciclaggio.<\/p>\n<h3 id=\"-second-luxury-details-and-brand-value-enhancement-\"><strong>2. Dettagli di lusso e valorizzazione del marchio<\/strong><\/h3>\n<p>Per migliorare l'attrattiva visiva e la riconoscibilit\u00e0 del marchio della confezione, intarsiamo\u00a0<strong>perle naturali o accessori di imitazione di perle<\/strong> sulla parte superiore del corpo della scatola, fissandoli con la tecnologia dell'intarsio a mano, che non solo mantiene la lucentezza naturale ma aumenta anche il lusso complessivo. La stampa della superficie adotta la tecnologia CMKY<strong>\u00a0tecnologia di stampa ad alta precisione<\/strong>supporta la personalizzazione dei colori spot Pantone ed \u00e8 parzialmente abbinata alla tecnologia di stampa a caldo, laminazione UV o goffratura. Ad esempio, in corrispondenza del logo del marchio vengono utilizzati rigonfiamenti UV tridimensionali per formare un doppio punto di memoria, al tatto e alla vista. La fodera \u00e8 realizzata in\u00a0<strong>materiale di floccaggio personalizzato<\/strong>e il contorno dei gioielli \u00e8 accuratamente adattato grazie alla modellazione 3D. Ad esempio, la scanalatura dell'anello adotta una scanalatura ondulata in velluto e la staffa della collana adotta una struttura di sospensione regolabile, che non solo protegge il prodotto dai graffi, ma migliora anche l'estetica del display.<\/p>\n<h3 id=\"-three-full-link-customized-service-capabilities-\"><strong>3.Capacit\u00e0 di servizio personalizzato full-link<\/strong><\/h3>\n<p>Affidarsi a\u00a0<strong>16 anni di esperienza nella produzione di imballaggi per gioielli<\/strong>Forniamo una personalizzazione a tutto tondo, dalla progettazione alla produzione:<\/p>\n<ol>\n<li><strong>Adattamento flessibile della scatola<\/strong>: Supporta una variet\u00e0 di tipi di scatole derivate, come coperture superiori e inferiori, coperture a ribalta, chiusure magnetiche, ecc., con una gamma di dimensioni da 30mm\u00d730mm a 300mm\u00d7300mm, soddisfacendo le esigenze di conservazione di gioielli singoli o di set completi di gioielli.<\/li>\n<li><strong>Soluzione di aggiornamento dei materiali<\/strong>: Oltre al cartoncino standard, \u00e8 possibile scegliere materiali speciali come il cartoncino oro e argento, la carta perlata e la carta riempita di pelle, oppure sovrapporre processi compositi come i bordi metallici e l'impiallacciatura in pelle per adattarsi a scenari personalizzati di alto livello.<\/li>\n<li><strong>Espansione intelligente delle funzioni<\/strong>: Pu\u00f2 integrare chip RFID anticontraffazione, tag di rilevamento NFC, ecc. Gli utenti possono ottenere informazioni sulla tracciabilit\u00e0 dei prodotti toccando i loro telefoni cellulari per aumentare la fiducia dei consumatori.<\/li>\n<\/ol>\n<h3 id=\"-fourth-large-scale-production-and-quality-control-guarantee-\"><strong>4. Produzione su larga scala e garanzia di controllo della qualit\u00e0<\/strong><\/h3>\n<p>La fabbrica ha\u00a0<strong>20 linee di produzione completamente automatiche<\/strong>con una capacit\u00e0 produttiva media giornaliera di 100.000 pezzi, in grado di supportare prove di stampa ultraveloci in 48 ore e consegne su larga scala entro 15 giorni. Il sistema di controllo della qualit\u00e0 ha superato\u00a0<strong>Certificazione di gestione della qualit\u00e0 ISO 9001<\/strong>\u00a0e\u00a0<strong>Certificazione ambientale FSC<\/strong>e implementa un triplo processo di test:<\/p>\n<ul>\n<li><strong>Test sulle materie prime<\/strong>: Test di laboratorio sulla grammatura del cartone, sulla resistenza alla piegatura e sul contenuto di metalli pesanti dell'inchiostro;<\/li>\n<li><strong>Monitoraggio del processo di produzione<\/strong>: Utilizzare un colorimetro per calibrare i colori di stampa in tempo reale e garantire la coerenza dei lotti;<\/li>\n<li><strong>Test di pressione del prodotto finito<\/strong>: Simulare l'ambiente di trasporto per testare la scatola di imballaggio in caso di compressione, caduta e cicli di temperatura e umidit\u00e0, con una resistenza al carico di oltre 20 kg.<\/li>\n<\/ul>\n<h4 id=\"-five-one-stop-service-and-industry-solutions-\"><strong>5. Servizio unico e soluzioni per il settore<\/strong><\/h4>\n<p>Il nostro team di professionisti fornisce\u00a0<strong>supporto gratuito alla progettazione<\/strong>tra cui rendering strutturale 3D, soluzioni di integrazione del marchio VI e suggerimenti per l'ottimizzazione dei costi. Posizionamento di mercato mirato:<\/p>\n<ul>\n<li><strong>Clienti e-commerce transfrontalieri<\/strong>: Fornire imballaggi leggeri e soluzioni logistiche antiurto che soddisfino i requisiti delle piattaforme Amazon ed eBay;<\/li>\n<li><strong>Marchi di gioielli di alta gamma<\/strong>: Collaborare con team di design italiani per sviluppare scatole regalo artistiche in edizione limitata, integrando l'artigianato orientale della lacca con l'estetica minimalista occidentale;<\/li>\n<li><strong>Esigenze di attivit\u00e0 promozionale<\/strong>: Supporta ordini di piccoli lotti (minimo 500 pezzi) e pu\u00f2 essere abbinato a borse personalizzate, carte di garanzia e altri materiali periferici.<\/li>\n<\/ul>\n<p><strong>Valore della cooperazione<\/strong>: Scegliendo noi, otterrete una soluzione di packaging per gioielli che combina funzionalit\u00e0, arte e responsabilit\u00e0 ambientale, trasmettendo storie di marca attraverso i mezzi di confezionamento e aumentando lo spazio premium del prodotto.<\/p>","protected":false},"excerpt":{"rendered":"<p>1. Carta patinata C2S da 157 g, materiale cartonato rigido da 1200 g, superficie liscia, forte adesione, stampa nitida.<br \/>\n2. Con gli accessori di perle, aumenta il senso di lusso e l'attrattiva visiva e migliora il riconoscimento del marchio.<br \/>\n3. Il tipo di scatola, le dimensioni, il materiale e la stampa della superficie possono essere altamente personalizzati per soddisfare la vostra scatola di imballaggio per gioielli.<\/p>","protected":false},"featured_media":8612,"template":"","meta":[],"product_brand":[],"product_cat":[30,415,31,426],"product_tag":[906,904,905],"class_list":{"0":"post-8611","1":"product","2":"type-product","3":"status-publish","4":"has-post-thumbnail","6":"product_cat-by-industry","7":"product_cat-custom-jewelry-boxes-by-industry","8":"product_cat-paper-box-style","9":"product_cat-paper-drawer-boxes","10":"product_tag-customized-jewelry-box","11":"product_tag-high-quality-logo-customized-jewelry-drawer-paper-box-manufacturer-jewelry-drawer-paper-box","12":"product_tag-jewelry-box-manufacturer","14":"first","15":"instock","16":"shipping-taxable","17":"product-type-simple"},"_links":{"self":[{"href":"https:\/\/zojopackaging.com\/it\/wp-json\/wp\/v2\/product\/8611","targetHints":{"allow":["GET"]}}],"collection":[{"href":"https:\/\/zojopackaging.com\/it\/wp-json\/wp\/v2\/product"}],"about":[{"href":"https:\/\/zojopackaging.com\/it\/wp-json\/wp\/v2\/types\/product"}],"version-history":[{"count":1,"href":"https:\/\/zojopackaging.com\/it\/wp-json\/wp\/v2\/product\/8611\/revisions"}],"predecessor-version":[{"id":8623,"href":"https:\/\/zojopackaging.com\/it\/wp-json\/wp\/v2\/product\/8611\/revisions\/8623"}],"wp:featuredmedia":[{"embeddable":true,"href":"https:\/\/zojopackaging.com\/it\/wp-json\/wp\/v2\/media\/8612"}],"wp:attachment":[{"href":"https:\/\/zojopackaging.com\/it\/wp-json\/wp\/v2\/media?parent=8611"}],"wp:term":[{"taxonomy":"product_brand","embeddable":true,"href":"https:\/\/zojopackaging.com\/it\/wp-json\/wp\/v2\/product_brand?post=8611"},{"taxonomy":"product_cat","embeddable":true,"href":"https:\/\/zojopackaging.com\/it\/wp-json\/wp\/v2\/product_cat?post=8611"},{"taxonomy":"product_tag","embeddable":true,"href":"https:\/\/zojopackaging.com\/it\/wp-json\/wp\/v2\/product_tag?post=8611"}],"curies":[{"name":"wp","href":"https:\/\/api.w.org\/{rel}","templated":true}]}}