{"id":8626,"date":"2025-03-29T16:56:23","date_gmt":"2025-03-29T08:56:23","guid":{"rendered":"https:\/\/zojopackaging.com\/?post_type=product&#038;p=8626"},"modified":"2025-03-29T17:22:16","modified_gmt":"2025-03-29T09:22:16","slug":"premium-custom-printed-perfume-fragrance-boxes-manufacturer","status":"publish","type":"product","link":"https:\/\/zojopackaging.com\/it\/product\/premium-custom-printed-perfume-fragrance-boxes-manufacturer\/","title":{"rendered":"Premium Custom stampato profumo fragranza scatole Fornitore"},"content":{"rendered":"<h3 id=\"manufacturer-s-description-of-high-quality-custom-printed-perfume-and-aromatherapy-boxes\">Descrizione del produttore di scatole per profumi e aromaterapia stampate su misura di alta qualit\u00e0<\/h3>\n<h4 id=\"-1-innovative-design-and-humanized-experience-\"><strong>1. Design innovativo ed esperienza umana<\/strong><\/h4>\n<p>In qualit\u00e0 di fabbrica professionale, da molti anni impegnata nel settore della produzione di imballaggi, ridefiniamo la convenienza delle scatole per profumi e aromaterapia con\u00a0<strong>design della carta e della chiusura dei cassetti<\/strong>\u00a0come nucleo centrale. Il corpo della scatola adotta una struttura di precisione a guide di scorrimento e il coperchio della scatola pu\u00f2 essere aperto e chiuso senza problemi con una sola pressione della mano, senza bisogno di premere con due mani o di passaggi complicati (in base al concetto di ottimizzazione strutturale brevettato). Il cassetto interno e l'involucro esterno sono fissati da fibbie magnetiche, che non solo assicurano la stabilit\u00e0 del trasporto, ma consentono anche agli utenti di prendere e mettere rapidamente i prodotti. I bordi del corpo della scatola sono arrotondati e abbinati alla tecnologia della superficie opaca, che ha un tocco delicato ed \u00e8 antiscivolo, tenendo conto della praticit\u00e0 e della sensazione di alto livello.<\/p>\n<h4 id=\"-2-luxury-materials-and-environmental-protection-concept-\"><strong>2. Materiali di lusso e concetto di protezione ambientale<\/strong><\/h4>\n<p>Il corpo principale dell'imballaggio adotta\u00a0<strong>157 g di carta patinata C2S + 1200 g di cartone rigido<\/strong>La superficie \u00e8 trattata con una tecnologia di rivestimento ad alta precisione, con una forte adesione alla stampa e resistenza ai graffi. La lucentezza della carta patinata \u00e8 in grado di presentare con precisione i dettagli del processo, come la stampa a caldo e la goffratura UV, mentre il pannello rigido ha superato la certificazione forestale FSC per garantire che la fonte delle materie prime soddisfi gli standard ambientali e favorisca il riciclaggio. Il rivestimento utilizza materiali biodegradabili\u00a0<strong>floccaggio personalizzato o materiale EVA<\/strong>e si adatta con precisione al contorno del prodotto grazie alla tecnologia di modellazione 3D. Ad esempio, il flacone di profumo rotondo \u00e8 fissato con una scanalatura ad anello e il bastoncino per aromaterapia a strisce \u00e8 progettato con una staffa a scatto per ridurre lo spazio tra le confezioni e migliorare la resistenza agli urti.<\/p>\n<h4 id=\"-third-visual-aesthetics-and-brand-value-transmission-\"><strong>3. Estetica visiva e trasmissione del valore del marchio<\/strong><\/h4>\n<ol>\n<li><strong>Sistema di decorazione a nastro<\/strong>:\u00a0<strong>Nastri tessuti a mano<\/strong>\u00a0sono incastonati al centro o sul lato del coperchio della scatola. Sono disponibili materiali di seta, raso o stampa a caldo e si utilizzano fiocchi, nappe e altre forme per migliorare il riconoscimento del marchio. Ad esempio, un nastro rosa chiaro con fibbie di perle \u00e8 adatto al tono romantico del profumo femminile; un nastro intrecciato blu scuro si adatta al temperamento calmo del profumo neutro.<\/li>\n<li><strong>Linguaggio di design minimalista<\/strong>: Con il colore Morandi come tono principale, l'estetica elegante del \"less is more\" \u00e8 evidenziata dal contrasto tra materiali opachi e lucidi, dal layout vuoto e da altre tecniche. Il logo del marchio adotta la tecnologia locale di goffratura UV, che \u00e8 tridimensionale e resistente all'usura, formando un punto di memoria visivo unico sotto la luce e l'ombra.<\/li>\n<\/ol>\n<h4 id=\"-fourth-full-link-customized-service-\"><strong>4. Servizio personalizzato full-link<\/strong><\/h4>\n<p>Affidarsi a\u00a0<strong>16 anni di esperienza nella produzione di imballaggi<\/strong>Forniamo una soluzione unica, dalla progettazione alla produzione in serie:<\/p>\n<ul>\n<li><strong>Adattamento flessibile della scatola<\/strong>: Supporta strutture derivate come coperture superiori e inferiori, scatole a forma di libro e lembi magnetici. Le dimensioni vanno da 30 mm\u00d730 mm a 300 mm\u00d7300 mm e sono adatte per confezioni di prova di profumi da 1 ml e confezioni regalo per aromaterapia da 200 ml.<\/li>\n<li><strong>Espansione della funzione<\/strong>: Pu\u00f2 integrare chip RFID anticontraffazione e tag di rilevamento NFC, e gli utenti possono ottenere informazioni sulla tracciabilit\u00e0 dei prodotti toccando i loro telefoni cellulari; oppure aggiungere moduli a lento rilascio di fragranze per rendere la scatola di imballaggio stessa un vettore di fragranze.<\/li>\n<li><strong>Sistema di produzione intelligente<\/strong>20 linee di produzione completamente automatiche, dotate di fustellatrici CNC e impianti di stampaggio a caldo di alta precisione, supportano prove di stampa ultraveloci in 48 ore, completano la consegna di ordini da 100.000 pezzi entro 15 giorni e superano la certificazione del sistema di qualit\u00e0 ISO 9001.<\/li>\n<\/ul>\n<h4 id=\"-v-scenario-based-application-and-market-competitiveness-\"><strong>5. Applicazione basata su scenari e competitivit\u00e0 del mercato<\/strong><\/h4>\n<p>Questo tipo di imballaggio non \u00e8 adatto solo ai prodotti di profumeria e aromaterapia, ma pu\u00f2 essere esteso anche ai prodotti di fascia alta per la cura della pelle, ai regali di gioielleria e ad altri settori. Ad esempio:<\/p>\n<ul>\n<li><strong>Confezione regalo limitata al Festival<\/strong>: Combinate i nastri con fiocchi di neve stampati a caldo con il cartoncino con venature di pino per creare un set a tema invernale;<\/li>\n<li><strong>Marca serie congiunta<\/strong>: Collaborazione con artisti per disegnare nastri con motivi astratti, che si abbinano al corpo nero opaco della scatola e creano uno stile di lusso leggero. Trasmettendo le storie del marchio attraverso i mezzi di imballaggio, lo spazio premium dei prodotti dei clienti pu\u00f2 essere aumentato di oltre 30%, riducendo al contempo il tasso di perdita nel trasporto a meno di 0,5%.<\/li>\n<\/ul>\n<p><strong>Valore della cooperazione<\/strong>: Scegliendo noi, otterrete una soluzione di packaging che combina funzionalit\u00e0, abilit\u00e0 artistica e responsabilit\u00e0 ambientale, e che potenzia il valore del marchio con l'artigianalit\u00e0.<\/p>","protected":false},"excerpt":{"rendered":"<p>1. L'apertura e la chiusura del cassetto non richiedono passaggi complicati. Gli utenti possono facilmente prendere e mettere i prodotti con una sola mano, migliorando l'efficienza dell'apertura della scatola.<br \/>\n2. Gli accessori a nastro sono gli elementi decorativi fondamentali che possono aumentare il valore aggiunto del prodotto.<br \/>\n3. La carta patinata C2S da 157 g e il cartoncino rigido da 1200 g sono materiali ecologici, resistenti e durevoli.<\/p>","protected":false},"featured_media":8627,"template":"","meta":[],"product_brand":[],"product_cat":[30,417,31,426],"product_tag":[225,910,911],"class_list":{"0":"post-8626","1":"product","2":"type-product","3":"status-publish","4":"has-post-thumbnail","6":"product_cat-by-industry","7":"product_cat-custom-perfume-boxes-by-industry","8":"product_cat-paper-box-style","9":"product_cat-paper-drawer-boxes","10":"product_tag-custom-perfume-boxes","11":"product_tag-fragrance-boxes-manufacturer","12":"product_tag-premium-perfume-boxes","14":"first","15":"instock","16":"shipping-taxable","17":"product-type-simple"},"_links":{"self":[{"href":"https:\/\/zojopackaging.com\/it\/wp-json\/wp\/v2\/product\/8626","targetHints":{"allow":["GET"]}}],"collection":[{"href":"https:\/\/zojopackaging.com\/it\/wp-json\/wp\/v2\/product"}],"about":[{"href":"https:\/\/zojopackaging.com\/it\/wp-json\/wp\/v2\/types\/product"}],"version-history":[{"count":1,"href":"https:\/\/zojopackaging.com\/it\/wp-json\/wp\/v2\/product\/8626\/revisions"}],"predecessor-version":[{"id":8636,"href":"https:\/\/zojopackaging.com\/it\/wp-json\/wp\/v2\/product\/8626\/revisions\/8636"}],"wp:featuredmedia":[{"embeddable":true,"href":"https:\/\/zojopackaging.com\/it\/wp-json\/wp\/v2\/media\/8627"}],"wp:attachment":[{"href":"https:\/\/zojopackaging.com\/it\/wp-json\/wp\/v2\/media?parent=8626"}],"wp:term":[{"taxonomy":"product_brand","embeddable":true,"href":"https:\/\/zojopackaging.com\/it\/wp-json\/wp\/v2\/product_brand?post=8626"},{"taxonomy":"product_cat","embeddable":true,"href":"https:\/\/zojopackaging.com\/it\/wp-json\/wp\/v2\/product_cat?post=8626"},{"taxonomy":"product_tag","embeddable":true,"href":"https:\/\/zojopackaging.com\/it\/wp-json\/wp\/v2\/product_tag?post=8626"}],"curies":[{"name":"wp","href":"https:\/\/api.w.org\/{rel}","templated":true}]}}