{"id":8662,"date":"2025-03-29T18:52:17","date_gmt":"2025-03-29T10:52:17","guid":{"rendered":"https:\/\/zojopackaging.com\/?post_type=product&#038;p=8662"},"modified":"2025-03-29T19:08:58","modified_gmt":"2025-03-29T11:08:58","slug":"black-small-cardboard-100ml-perfume-spray-packaging-boxes","status":"publish","type":"product","link":"https:\/\/zojopackaging.com\/it\/product\/black-small-cardboard-100ml-perfume-spray-packaging-boxes\/","title":{"rendered":"Scatole di cartone nero piccolo 100ml profumo spray imballaggio"},"content":{"rendered":"<h3 id=\"black-small-cardboard-100ml-perfume-spray-packaging-box-product\">Piccolo cartone nero 100ml profumo spray imballaggio scatola prodotto<\/h3>\n<h4 id=\"1-environmentally-friendly-materials-and-sustainable-design-\">1.\u00a0<strong>Materiali ecologici e design sostenibile<\/strong><\/h4>\n<p>Questo prodotto utilizza\u00a0<strong>Carta similpelle da 120 g (carta similpelle touch) e Cartone rigido da 1200 g (cartone)<\/strong>\u00a0materiali combinati, tenendo conto dei concetti di texture di alto livello e di protezione ambientale.<\/p>\n<ul>\n<li><strong>Substrato verde<\/strong>: La carta similpelle si basa su un substrato di carta riciclabile e biodegradabile, con un rivestimento opaco sulla superficie, che combina la delicata texture della pelle con le caratteristiche di protezione ambientale della carta. Lo strato interno di cartone da 1200 g \u00e8 realizzato con una tecnologia di incollaggio senza colla, in linea con gli standard REACH dell'UE, e favorisce il riciclaggio.<\/li>\n<li><strong>Certificazione sostenibile<\/strong>: Il materiale ha superato la certificazione forestale FSC e i test ambientali SGS, con un ciclo di degradazione di \u2264180 giorni, in linea con la tendenza globale al consumo ecologico.<\/li>\n<\/ul>\n<h4 id=\"2-magnetic-box-type-precise-alignment-and-efficient-opening-and-closing-\">2.\u00a0<strong>Tipo di scatola a chiusura magnetica: allineamento preciso e apertura e chiusura efficienti<\/strong><\/h4>\n<p>Innovativo\u00a0<strong>scatola con chiusura magnetica<\/strong>Il coperchio della scatola viene allineato e fissato automaticamente grazie ai magneti incorporati e l'efficienza di apertura e chiusura aumenta di 50%.<\/p>\n<ul>\n<li><strong>Vantaggi funzionali<\/strong>:<\/li>\n<li>Errore di spaziatura del magnete \u22640,1 mm, forza di adsorbimento \u22651,2N, che garantisce l'assenza di allentamenti durante il trasporto;<\/li>\n<li>Il coperchio \u00e8 progettato in modo da non presentare giunture quando \u00e8 chiuso, isolando efficacemente l'ossigeno e l'umidit\u00e0 e prolungando la durata di conservazione del profumo.<\/li>\n<li><strong>Esperienza dell'utente<\/strong>: L'operazione di apertura e chiusura pu\u00f2 essere completata con una sola mano e il suono magnetico \u00e8 nitido e piacevole, dando un senso di rituale al momento del disimballaggio.<\/li>\n<\/ul>\n<h4 id=\"3-hot-stamping-process-dual-empowerment-of-vision-and-value-\">3. Foglio argento per stampa a caldo <strong>processo: duplice empowerment di visione e valore<\/strong><\/h4>\n<p>Adottare\u00a0<strong>tecnologia di stampa a caldo dell'argento a livello nanometrico<\/strong>Il foglio di metallo viene fissato con precisione alla superficie della scatola attraverso un processo di goffratura ad alta temperatura.<\/p>\n<ul>\n<li><strong>Tecnologia in primo piano<\/strong>:<\/li>\n<li>Supporta il rilievo tridimensionale, il laser a specchio e altri effetti, la resistenza all'attrito dell'area di stampa a caldo raggiunge la durezza 3H e la chiarezza del modello raggiunge i 300 dpi;<\/li>\n<li>LOGO del marchio personalizzabile, totem o testo artistico, differenza di colore standard \u0394E\u22641,5 (ISO 12647-2), per aumentare lo spazio premium del prodotto.<\/li>\n<li><strong>Caso di applicazione<\/strong>: Fare riferimento al design del packaging di lusso, come il processo di stampa a caldo della scatola del profumo Dita von Teese Signature, per trasformare il logo del marchio in un simbolo visivo da collezione.<\/li>\n<\/ul>\n<h4 id=\"4-unlimited-customization-comprehensive-adaptation-from-function-to-aesthetics-\">4.\u00a0<strong>Personalizzazione illimitata: adattamento completo dalla funzione all'estetica<\/strong><\/h4>\n<ol>\n<li><strong>Tipo e dimensione della scatola<\/strong>: Supporta il coperchio magnetico a ribalta, il coperchio superiore e inferiore, il tipo di cassetto e altri tipi di scatola, adatti a bottiglie di profumo da 30ml a 200ml, con un tasso di errore di \u22640,1mm.<\/li>\n<li><strong>Colore e materiale<\/strong>:<\/li>\n<li><strong>Colore principale<\/strong>: Fornisce 12 carte colori Pantone come il nero classico, il blu Morandi, l'oro champagne, ecc. e gli effetti opaco\/lucido possono essere commutati;<\/li>\n<li><strong>Materiale aggiornato<\/strong>: Carta floccata opzionale, carta composita con lamina metallica, ecc. per soddisfare le esigenze di imballaggio di lusso.<\/li>\n<li><strong>Ottimizzazione del rivestimento interno<\/strong>:<\/li>\n<li><strong>Vassoio interno in EVA fustellato<\/strong>: Tagliato con precisione secondo il contorno della bottiglia di profumo, le prestazioni di ammortizzazione raggiungono lo standard ASTM D4169 e il rapporto di vuoto \u00e8 \u22645%;<\/li>\n<li><strong>Design a strati<\/strong>: \u00c8 possibile aggiungere blocchi indipendenti per memorizzare le istruzioni e gli accessori degli ugelli, aumentando il tasso di utilizzo dello spazio di 30%.<\/li>\n<\/ol>\n<h4 id=\"5-production-strength-and-delivery-guarantee-\">5.\u00a0<strong>Forza di produzione e garanzia di consegna<\/strong><\/h4>\n<ul>\n<li><strong>Capacit\u00e0 della fabbrica<\/strong>: Direttamente collegato al\u00a0<strong>fabbrica professionale del cartone d'imballaggio del profumo<\/strong>\u00a0nella regione del Delta del Fiume delle Perle, dotata di oltre 20 linee di produzione completamente automatiche, che coprono la stampa a caldo, la fustellatura, l'incollaggio delle scatole e altri processi, con una capacit\u00e0 produttiva media giornaliera di oltre 100.000 unit\u00e0.<\/li>\n<li><strong>Vantaggi del servizio<\/strong>:<\/li>\n<li>I file di prova 3D vengono forniti entro 48 ore e le scatole campione fisiche vengono consegnate entro 72 ore;<\/li>\n<li>Supporto 50 pezzi di ordine minimo, nessuna tassa di versione aggiuntiva, e il prezzo unitario di grandi ordini pu\u00f2 essere basso come 3 yuan \/ scatola.<\/li>\n<li><strong>Standard di controllo della qualit\u00e0<\/strong>: Certificazione del sistema di qualit\u00e0 ISO 9001 superata, portata \u226515 kg e altezza anticaduta di 1,5 m.<\/li>\n<\/ul>\n<h4 id=\"vi-technical-parameters-and-scene-adaptation-\">6. <strong>Parametri tecnici e adattamento della scena<\/strong><\/h4>\n<table>\n<thead>\n<tr>\n<th>Progetto<\/th>\n<th>Parametri\/impegni<\/th>\n<\/tr>\n<\/thead>\n<tbody>\n<tr>\n<td>Certificazione ambientale<\/td>\n<td>FSC, SGS, RoHS, REACH<\/td>\n<\/tr>\n<tr>\n<td>Vita magnetica<\/td>\n<td>\u2265100.000 aperture e chiusure<\/td>\n<\/tr>\n<tr>\n<td style=\"text-align: center;\">Adesione alla stampa a caldo<\/td>\n<td>Voto 4B nel test Baige<\/td>\n<\/tr>\n<tr>\n<td>Quantit\u00e0 minima ordinabile<\/td>\n<td>500 pezzi<\/td>\n<\/tr>\n<tr>\n<td>Ciclo di consegna<\/td>\n<td>7-10 giorni (meno di 10.000 pezzi)<\/td>\n<\/tr>\n<\/tbody>\n<\/table>\n<p><strong>Scegliere noi non significa solo scegliere il packaging, ma anche regalare al proprio profumo un'esperienza di lusso sostenibile.<\/strong><\/p>","protected":false},"excerpt":{"rendered":"<p>1. Carta similpelle da 120 g, cartone di carta rigida da 1200 g 100% materiale ecologico<br \/>\n2. La scatola di chiusura magnetica pu\u00f2 realizzare l'allineamento automatico e l'adsorbimento stabile dei magneti, migliorando notevolmente l'efficienza di utilizzo.<br \/>\n3. La carta similpelle \u00e8 realizzata con un substrato di carta riciclabile e biodegradabile, in linea con la tendenza al consumo ecologico.<\/p>","protected":false},"featured_media":8665,"template":"","meta":[],"product_brand":[],"product_cat":[30,417,424,31],"product_tag":[943,945,944],"class_list":{"0":"post-8662","1":"product","2":"type-product","3":"status-publish","4":"has-post-thumbnail","6":"product_cat-by-industry","7":"product_cat-custom-perfume-boxes-by-industry","8":"product_cat-magnetic-closure-boxes","9":"product_cat-paper-box-style","10":"product_tag-100ml-perfume-packaging","11":"product_tag-black-perfume-boxes","12":"product_tag-perfume-spray-packaging","14":"first","15":"instock","16":"shipping-taxable","17":"product-type-simple"},"_links":{"self":[{"href":"https:\/\/zojopackaging.com\/it\/wp-json\/wp\/v2\/product\/8662","targetHints":{"allow":["GET"]}}],"collection":[{"href":"https:\/\/zojopackaging.com\/it\/wp-json\/wp\/v2\/product"}],"about":[{"href":"https:\/\/zojopackaging.com\/it\/wp-json\/wp\/v2\/types\/product"}],"version-history":[{"count":1,"href":"https:\/\/zojopackaging.com\/it\/wp-json\/wp\/v2\/product\/8662\/revisions"}],"predecessor-version":[{"id":8675,"href":"https:\/\/zojopackaging.com\/it\/wp-json\/wp\/v2\/product\/8662\/revisions\/8675"}],"wp:featuredmedia":[{"embeddable":true,"href":"https:\/\/zojopackaging.com\/it\/wp-json\/wp\/v2\/media\/8665"}],"wp:attachment":[{"href":"https:\/\/zojopackaging.com\/it\/wp-json\/wp\/v2\/media?parent=8662"}],"wp:term":[{"taxonomy":"product_brand","embeddable":true,"href":"https:\/\/zojopackaging.com\/it\/wp-json\/wp\/v2\/product_brand?post=8662"},{"taxonomy":"product_cat","embeddable":true,"href":"https:\/\/zojopackaging.com\/it\/wp-json\/wp\/v2\/product_cat?post=8662"},{"taxonomy":"product_tag","embeddable":true,"href":"https:\/\/zojopackaging.com\/it\/wp-json\/wp\/v2\/product_tag?post=8662"}],"curies":[{"name":"wp","href":"https:\/\/api.w.org\/{rel}","templated":true}]}}