{"id":8676,"date":"2025-03-29T19:09:27","date_gmt":"2025-03-29T11:09:27","guid":{"rendered":"https:\/\/zojopackaging.com\/?post_type=product&#038;p=8676"},"modified":"2025-03-29T19:35:04","modified_gmt":"2025-03-29T11:35:04","slug":"custom-personalized-rings-necklaces-gift-box-wholesale","status":"publish","type":"product","link":"https:\/\/zojopackaging.com\/it\/product\/custom-personalized-rings-necklaces-gift-box-wholesale\/","title":{"rendered":"Anelli personalizzati personalizzati Collane Scatola regalo all'ingrosso"},"content":{"rendered":"<h3 id=\"customized-personalized-ring-and-necklace-gift-box-wholesale-product-description\">Scatola regalo personalizzata per anelli e collane all'ingrosso<\/h3>\n<h4 id=\"1-head-and-bottom-lid-box-type-the-perfect-balance-of-ritual-and-convenience-\">1.\u00a0<strong>Tipo di scatola con coperchio e base: il perfetto equilibrio tra rituale e praticit\u00e0<\/strong><\/h4>\n<p>Questo prodotto adotta\u00a0<strong>tipo di scatola con coperchio e base<\/strong>Il coperchio superiore e la scatola inferiore si aprono e si chiudono con una sola mano grazie a una precisa struttura a nido, che migliora l'esperienza di apertura e protezione.<\/p>\n<ul>\n<li><strong>Vantaggi funzionali<\/strong>: Lo spazio interno del corpo della scatola si adatta alle dimensioni di anelli, collane e altri accessori, l'angolo di apertura del coperchio superiore \u00e8 \u226560\u00b0 e l'apertura e la chiusura possono essere completate con una sola spinta della mano, evitando i danni all'imballaggio causati da operazioni macchinose.<\/li>\n<li><strong>Design estetico<\/strong>: Il coperchio della scatola si adatta perfettamente quando \u00e8 chiuso e la superficie pu\u00f2 essere personalizzata con texture in rilievo o totem del marchio, con un colore principale blu macaron opaco per creare un'atmosfera curativa.<\/li>\n<\/ul>\n<h4 id=\"2-special-paper-material-a-double-breakthrough-in-environmental-protection-and-high-end-\">2.\u00a0<strong>Materiale cartaceo speciale: un doppio passo avanti per la tutela dell'ambiente e l'alta gamma<\/strong><\/h4>\n<p>Selezionare\u00a0<strong>Carta speciale certificata FSC<\/strong>superando i limiti della carta tradizionale e combinando la tecnologia di protezione ambientale per ottenere soluzioni di imballaggio sostenibili.<\/p>\n<ul>\n<li><strong>Propriet\u00e0 del materiale<\/strong>:<\/li>\n<li>Lo strato superficiale \u00e8 costituito da\u00a0<strong>carta tattile simile alla pelle<\/strong>\u00a0o\u00a0<strong>carta speciale con struttura a fori stenopeici<\/strong>con uno spessore di 0,12 mm, una rigidit\u00e0 conforme allo standard ASTM D774 e una resistenza allo scoppio \u226580kPa;<\/li>\n<li>Lo strato interno \u00e8 abbinato a\u00a0<strong>Cartone riciclato da 1200 g<\/strong>Il processo di incollaggio senza colla riduce l'inquinamento chimico e il ciclo di degradazione \u00e8 di \u2264180 giorni.<\/li>\n<li><strong>Scenari di applicazione<\/strong>: Adatto per l'esposizione di gioiellerie, il trasporto di e-commerce, la personalizzazione di regali di alta gamma e altri scenari, che supportano il riciclaggio.<\/li>\n<\/ul>\n<h4 id=\"3-hot-stamping-process-details-empower-brand-value-\">3. Sliver h<strong>processo di stampaggio della lamina: i dettagli rafforzano il valore del marchio<\/strong><\/h4>\n<p>Attraverso\u00a0<strong>tecnologia di stampaggio a caldo di livello nanometrico<\/strong>\u00c8 possibile ottenere linee di stampa a caldo e loghi sottili fino a 0,1 mm per aumentare il valore aggiunto del prodotto.<\/p>\n<ul>\n<li><strong>Tecnologia in primo piano<\/strong>:<\/li>\n<li>Supporto\u00a0<strong>stampa a caldo tridimensionale a rilievo<\/strong>,\u00a0<strong>effetto laser a specchio<\/strong>, standard di differenza cromatica \u0394E\u22641,5 (ISO 12647-2), l'adesione raggiunge il livello 4B del test Baige;<\/li>\n<li>Personalizzabile il LOGO del marchio, il testo artistico o il totem culturale, i casi di riferimento includono la scatola per anelli con stampa a caldo della serie Chow Tai Fook ING e il design della scatola regalo Tiffany Blue Book.<\/li>\n<\/ul>\n<h4 id=\"4-unlimited-customization-comprehensive-adaptation-from-function-to-aesthetics-\">4.\u00a0<strong>Personalizzazione illimitata: adattamento completo dalla funzione all'estetica<\/strong><\/h4>\n<ol>\n<li><strong>Tipo e dimensione della scatola<\/strong>: Supporta tipi di scatole come il coperchio superiore e inferiore, il tipo di cassetto, il coperchio magnetico, ecc., adattandosi ad anelli (da 5\u00d75 cm a 9\u00d79 cm), collane (scatola lunga 22\u00d75 cm) e altre dimensioni, con un tasso di errore di \u22640,1 mm.<\/li>\n<li><strong>Colore e materiale<\/strong>:<\/li>\n<li><strong>Colore principale<\/strong>: 12 schede colori Pantone, tra cui\u00a0<strong>Blu Morandi<\/strong>\u00a0e oro champagne, con la possibilit\u00e0 di alternare gli effetti opaco\/lucido;<\/li>\n<li><strong>Opzioni di aggiornamento<\/strong>: Carta floccata opzionale, carta composita con lamina metallica o superficie tattile goffrata personalizzata.<\/li>\n<li><strong>Ottimizzazione del rivestimento interno<\/strong>:<\/li>\n<li><strong>Vassoio interno in EVA fustellato<\/strong>: Tagliato con precisione in base al profilo del prodotto, rapporto di vuoto \u22645%, prestazioni di ammortizzazione conformi allo standard ASTM D4169;<\/li>\n<li><strong>Design a strati<\/strong>: \u00c8 possibile aggiungere blocchi indipendenti per conservare certificati e strumenti di manutenzione. Le valigette di riferimento includono la fodera in velluto di cotone perlato della serie Little Prince.<\/li>\n<\/ol>\n<h4 id=\"5-production-strength-and-delivery-guarantee-\">5.\u00a0<strong>Forza di produzione e garanzia di consegna<\/strong><\/h4>\n<ul>\n<li><strong>Produzione completamente automatica<\/strong>: Direttamente collegato al\u00a0<strong>fabbrica di scatole da imballaggio professionale<\/strong>\u00a0nella regione del Delta del Fiume delle Perle, dotata di oltre 20 linee di produzione completamente automatiche, che coprono la stampa a caldo, la fustellatura, l'incollaggio delle scatole e altri processi, con una capacit\u00e0 produttiva media giornaliera di oltre 100.000 pezzi e una consegna completata in 7-14 giorni.<\/li>\n<li><strong>Vantaggi del servizio<\/strong>:<\/li>\n<li><strong>Campioni e disegni gratuiti<\/strong>: I file di prova 3D vengono forniti entro 48 ore, le scatole campione fisiche vengono consegnate entro 72 ore e un ordine minimo di 50 pezzi \u00e8 supportato senza costi di versione;<\/li>\n<li><strong>Vantaggi del prezzo<\/strong>: Il modello di vendita diretta in fabbrica riduce la differenza di prezzo tra gli intermediari e il prezzo unitario \u00e8 di 1,6 yuan\/scatola (negoziabile per grandi quantit\u00e0).<\/li>\n<li><strong>Standard di controllo della qualit\u00e0<\/strong>: Certificazione del sistema di qualit\u00e0 ISO 9001 superata, portata \u226515 kg, altezza anticaduta 1,5 m e risarcimento completo per i danni da trasporto.<\/li>\n<\/ul>\n<h4 id=\"vi-technical-parameters-and-brand-empowerment-\">6. <strong>Parametri tecnici e potenziamento del marchio<\/strong><\/h4>\n<table>\n<thead>\n<tr>\n<th>Progetto<\/th>\n<th>Parametri\/impegni<\/th>\n<\/tr>\n<\/thead>\n<tbody>\n<tr>\n<td>Certificazione ambientale<\/td>\n<td>FSC, SGS, RoHS, REACH<\/td>\n<\/tr>\n<tr>\n<td>Precisione della stampa a caldo<\/td>\n<td>Precisione delle linee 0,1 mm, risoluzione del modello 300 dpi<\/td>\n<\/tr>\n<tr>\n<td>Quantit\u00e0 minima ordinabile<\/td>\n<td>500 pezzi<\/td>\n<\/tr>\n<tr>\n<td>Ciclo di consegna<\/td>\n<td>7-14 giorni (meno di 10.000 pezzi)<\/td>\n<\/tr>\n<\/tbody>\n<\/table>\n<p><strong>Scegliere noi non significa solo scegliere il packaging, ma anche dare al vostro marchio un gene di lusso sostenibile.<\/strong><\/p>","protected":false},"excerpt":{"rendered":"<p>1. Il coperchio e la scatola di base sono saldamente incastrati e possono essere aperti con una sola mano per un facile utilizzo.<br \/>\n2. Il materiale cartaceo speciale supera l'uso della carta tradizionale e si adegua alla tendenza dello sviluppo sostenibile.<br \/>\n3. La lamina d'argento per la stampa a caldo aumenta il valore aggiunto del prodotto e il piccolo effetto della stampa a caldo pu\u00f2 essere visualizzato chiaramente.<\/p>","protected":false},"featured_media":8678,"template":"","meta":[],"product_brand":[],"product_cat":[30,415,425,31],"product_tag":[948,947,946],"class_list":{"0":"post-8676","1":"product","2":"type-product","3":"status-publish","4":"has-post-thumbnail","6":"product_cat-by-industry","7":"product_cat-custom-jewelry-boxes-by-industry","8":"product_cat-lid-and-base-gift-box","9":"product_cat-paper-box-style","10":"product_tag-custom-box-wholesale","11":"product_tag-necklaces-gift-box","12":"product_tag-rings-gift-box","14":"first","15":"instock","16":"shipping-taxable","17":"product-type-simple"},"_links":{"self":[{"href":"https:\/\/zojopackaging.com\/it\/wp-json\/wp\/v2\/product\/8676","targetHints":{"allow":["GET"]}}],"collection":[{"href":"https:\/\/zojopackaging.com\/it\/wp-json\/wp\/v2\/product"}],"about":[{"href":"https:\/\/zojopackaging.com\/it\/wp-json\/wp\/v2\/types\/product"}],"version-history":[{"count":2,"href":"https:\/\/zojopackaging.com\/it\/wp-json\/wp\/v2\/product\/8676\/revisions"}],"predecessor-version":[{"id":8683,"href":"https:\/\/zojopackaging.com\/it\/wp-json\/wp\/v2\/product\/8676\/revisions\/8683"}],"wp:featuredmedia":[{"embeddable":true,"href":"https:\/\/zojopackaging.com\/it\/wp-json\/wp\/v2\/media\/8678"}],"wp:attachment":[{"href":"https:\/\/zojopackaging.com\/it\/wp-json\/wp\/v2\/media?parent=8676"}],"wp:term":[{"taxonomy":"product_brand","embeddable":true,"href":"https:\/\/zojopackaging.com\/it\/wp-json\/wp\/v2\/product_brand?post=8676"},{"taxonomy":"product_cat","embeddable":true,"href":"https:\/\/zojopackaging.com\/it\/wp-json\/wp\/v2\/product_cat?post=8676"},{"taxonomy":"product_tag","embeddable":true,"href":"https:\/\/zojopackaging.com\/it\/wp-json\/wp\/v2\/product_tag?post=8676"}],"curies":[{"name":"wp","href":"https:\/\/api.w.org\/{rel}","templated":true}]}}