{"id":8684,"date":"2025-03-29T19:35:52","date_gmt":"2025-03-29T11:35:52","guid":{"rendered":"https:\/\/zojopackaging.com\/?post_type=product&#038;p=8684"},"modified":"2025-03-29T20:12:05","modified_gmt":"2025-03-29T12:12:05","slug":"premium-custom-assorted-loose-teas-gift-boxes-manufacturer","status":"publish","type":"product","link":"https:\/\/zojopackaging.com\/it\/product\/premium-custom-assorted-loose-teas-gift-boxes-manufacturer\/","title":{"rendered":"Premium Custom Assorted Loose Teas scatole regalo Produttore"},"content":{"rendered":"<h3 id=\"product-description-of-high-quality-customized-assorted-bulk-tea-gift-box\">Scatola regalo per t\u00e8 sfuso assortito personalizzato di alta qualit\u00e0<\/h3>\n<h4 id=\"-1-environmentally-friendly-and-sustainable-materials-157g-c2s-coated-art-paper-1200g-hardboard-\"><strong>1. Materiali ecologici e sostenibili: carta patinata C2S da 157 g + pannello rigido da 1200 g.<\/strong><\/h4>\n<p>La confezione regalo \u00e8 realizzata in carta patinata C2S da 157 g e in cartone rigido da 1200 g, tenendo conto sia della consistenza che delle propriet\u00e0 di protezione ambientale. La superficie della carta patinata C2S \u00e8 delicata e liscia, in grado di offrire effetti di stampa di alta precisione, mentre il cartone rigido fornisce alla confezione regalo un supporto strutturale per garantire resistenza alla compressione e durata. Il materiale \u00e8 conforme alla certificazione FSC, \u00e8 degradabile e riciclabile e soddisfa le richieste dei consumatori moderni di imballaggi ecologici.<\/p>\n<h4 id=\"-2-magnetic-box-design-embedded-magnets-taking-into-account-both-aesthetics-and-functionality-\"><strong>2. Design della scatola con chiusura magnetica: magneti incorporati, tenendo conto sia dell'estetica che della funzionalit\u00e0.<\/strong><\/h4>\n<p>La struttura della chiusura magnetica evita il problema dell'usura delle tradizionali fibbie magnetiche a vista grazie al design a magnete incorporato, migliorando la scorrevolezza dell'apertura e della chiusura e la durata di vita. La linea della scatola \u00e8 semplice e ordinata e, una volta chiusa, si adatta saldamente all'interno della scatola, che risulta visivamente pi\u00f9 di alto livello. Questo design \u00e8 particolarmente adatto alle scene di regali aziendali, in quanto trasmette un senso di raffinatezza e di rituale.<\/p>\n<h4 id=\"-3-geometric-design-aesthetic-balance-between-rationality-and-sensibility-\"><strong>3. Design geometrico: Equilibrio estetico tra razionalit\u00e0 e sensibilit\u00e0<\/strong><\/h4>\n<p>La superficie della confezione regalo utilizza la grafica geometrica come linguaggio di design principale e costruisce un equilibrio tra ordine razionale e tensione artistica attraverso la decostruzione e la riorganizzazione di elementi come triangoli e cerchi. Ad esempio, la linea di demarcazione a rombi simboleggia le venature naturali delle foglie di t\u00e8, mentre l'abbellimento circolare a caldo riecheggia il gusto pastoso della zuppa di t\u00e8. Questo design non solo trasmette il moderno stile minimalista, ma implica anche l'implicazione culturale del \"quadrato e del cerchio\" nella filosofia orientale.<\/p>\n<h4 id=\"-4-cardboard-lining-both-economical-and-environmentally-friendly-advantages-\"><strong>4. Rivestimento in cartone: vantaggi economici ed ecologici.<\/strong><\/h4>\n<p>Il rivestimento \u00e8 fustellato con cartone ad alta densit\u00e0 e la protezione dagli urti \u00e8 ottenuta con una struttura a nido d'ape o a strati. Il costo del cartone \u00e8 pari a solo 1\/3 del rivestimento in EVA e la lavorazione \u00e8 flessibile, in grado di soddisfare le esigenze personalizzate delle lattine di t\u00e8 di forma speciale o delle bustine di t\u00e8 sfuse. Il materiale non contiene adesivi chimici, soddisfa gli standard di contatto con gli alimenti e supporta il riciclaggio 100%.<\/p>\n<h4 id=\"-5-lamination-process-physical-protection-and-visual-upgrade-in-one-\"><strong>5. Processo di laminazione: protezione fisica e miglioramento visivo in un'unica soluzione.<\/strong><\/h4>\n<p>La superficie adotta un processo di laminazione a base d'acqua per formare uno strato protettivo trasparente, a prova di umidit\u00e0, anti-fouling e resistente all'usura. La laminazione opaca presenta una texture di basso livello, mentre quella lucida aumenta la saturazione dei colori. Ad esempio, la texture dell'oro \u00e8 pi\u00f9 tridimensionale dopo la laminazione. Il costo del processo \u00e8 solo 60% del rivestimento UV, ma pu\u00f2 ottenere effetti visivi di alto livello simili, il che rappresenta la migliore soluzione economica.<\/p>\n<h4 id=\"-6-highly-customized-service-comprehensive-adaptation-from-box-type-to-printing-\"><strong>6. Servizio altamente personalizzato: adattamento completo dal tipo di scatola alla stampa.<\/strong><\/h4>\n<p>Supportare la personalizzazione di tutte le dimensioni:<\/p>\n<ul>\n<li><strong>Tipo di scatola<\/strong>Oltre 20 tipi di scatole di base, come coperchi superiori e inferiori, scatole a forma di libro, scatole a cassetto, ecc;<\/li>\n<li><strong>Stampa<\/strong>Stampa a caldo, goffratura, UV locale, serigrafia e altri processi, con supporto di tinte piatte Pantone ed effetti sfumati;<\/li>\n<li><strong>Funzione<\/strong>: design modulare, come gli alloggiamenti per i servizi da t\u00e8 integrati, l'area di confezionamento delle bustine di t\u00e8 indipendente e il vassoio interno staccabile;<\/li>\n<li><strong>Tema<\/strong>Personalizzazione di scene come festival, affari e matrimoni, come la stampa a caldo di elementi del Mid-Autumn Festival o l'inserimento del LOGO aziendale.<\/li>\n<\/ul>\n<h4 id=\"-7-chinese-source-manufacturers-free-design-samples-high-cost-performance-\"><strong>7. Produttori di origine cinese: progettazione gratuita + campioni + prestazioni ad alto costo<\/strong><\/h4>\n<p>In qualit\u00e0 di azienda manifatturiera cinese con 10 anni di esperienza nel campo del confezionamento del t\u00e8, forniamo:<\/p>\n<ul>\n<li><strong>Servizio a soglia zero<\/strong>: progettazione e prove di stampa gratuite, ordine minimo di 1 pezzo, consegna entro 3-7 giorni;<\/li>\n<li><strong>Vantaggio di prezzo<\/strong>: La produzione su larga scala riduce i costi di 30%, ad esempio il prezzo unitario di una confezione regalo magnetica standard \u00e8 di soli US$0,15\/pezzo (a partire da 2.000 pezzi);<\/li>\n<li><strong>Garanzia di qualit\u00e0<\/strong>: Ha superato la certificazione HACCP e dispone di un sistema di ispezione della qualit\u00e0 a processo completo per garantire una resistenza alla compressione \u2265200kg\/m\u00b2 e una tolleranza all'umidit\u00e0 \u226585%RH.<\/li>\n<\/ul>\n<h4 id=\"-cooperation-process-\"><strong>Processo di cooperazione<\/strong><\/h4>\n<ol>\n<li><strong>Comunicazione della domanda<\/strong>: Fornire informazioni quali categorie di t\u00e8, budget, preferenze di design, ecc;<\/li>\n<li><strong>Progettazione dello schema<\/strong>: Produzione di rendering 3D e campioni di materiale entro 3 giorni lavorativi;<\/li>\n<li><strong>Conferma della prova di stampa<\/strong>: Vengono inviati campioni fisici gratuiti e sono supportate 5 regolazioni dei dettagli;<\/li>\n<li><strong>Produzione di massa<\/strong>: Consegna entro 30 giorni (entro 20.000 pezzi), supporto per il monitoraggio della logistica globale.<\/li>\n<\/ol>\n<h3 id=\"-why-choose-us-\"><strong>Perch\u00e9 scegliere noi?<\/strong><\/h3>\n<ul>\n<li><strong>Potenziamento culturale<\/strong>: Incorporare le trame calligrafiche e gli elementi del patrimonio culturale immateriale nelle confezioni (come i motivi a nuvola impressi in oro) per aumentare il valore culturale delle confezioni regalo;<\/li>\n<li><strong>Servizio unico<\/strong>: Dalla progettazione dell'imballaggio all'approvvigionamento del t\u00e8 e allo sdoganamento logistico, forniamo una gestione fiduciaria dell'intero processo;<\/li>\n<li><strong>Impegno sostenibile<\/strong>: Sistema di tracciabilit\u00e0 dell'impronta di carbonio + inchiostro a base vegetale per aiutare la strategia ESG del marchio.<\/li>\n<\/ul>\n<p><strong>Richiedete subito campioni e preventivi gratuiti<\/strong>: Inviate un messaggio privato o visitate il sito ufficiale per iniziare il vostro viaggio di personalizzazione di confezioni regalo esclusive di t\u00e8.<\/p>","protected":false},"excerpt":{"rendered":"<p>1. Carta patinata C2S da 157 g, cartoncino rigido da 1200 g, materiali ecologici e sostenibili.<br \/>\n2. Tipo di scatola con chiusura magnetica, design con magnete incorporato per evitare l'usura esterna e rendere la scatola di imballaggio di alto livello.<br \/>\n3. Il design geometrico bilancia razionalit\u00e0 e sensibilit\u00e0, tenendo conto della profondit\u00e0 estetica e del pragmatismo.<\/p>","protected":false},"featured_media":8685,"template":"","meta":[],"product_brand":[],"product_cat":[30,422,424,31],"product_tag":[951,949,950],"class_list":{"0":"post-8684","1":"product","2":"type-product","3":"status-publish","4":"has-post-thumbnail","6":"product_cat-by-industry","7":"product_cat-custom-gourmet-boxes-by-industry","8":"product_cat-magnetic-closure-boxes","9":"product_cat-paper-box-style","10":"product_tag-custom-assorted-boxes","11":"product_tag-loose-teas-gift-boxes","12":"product_tag-teas-gift-boxes-manufacturer","14":"first","15":"instock","16":"shipping-taxable","17":"product-type-simple"},"_links":{"self":[{"href":"https:\/\/zojopackaging.com\/it\/wp-json\/wp\/v2\/product\/8684","targetHints":{"allow":["GET"]}}],"collection":[{"href":"https:\/\/zojopackaging.com\/it\/wp-json\/wp\/v2\/product"}],"about":[{"href":"https:\/\/zojopackaging.com\/it\/wp-json\/wp\/v2\/types\/product"}],"version-history":[{"count":1,"href":"https:\/\/zojopackaging.com\/it\/wp-json\/wp\/v2\/product\/8684\/revisions"}],"predecessor-version":[{"id":8690,"href":"https:\/\/zojopackaging.com\/it\/wp-json\/wp\/v2\/product\/8684\/revisions\/8690"}],"wp:featuredmedia":[{"embeddable":true,"href":"https:\/\/zojopackaging.com\/it\/wp-json\/wp\/v2\/media\/8685"}],"wp:attachment":[{"href":"https:\/\/zojopackaging.com\/it\/wp-json\/wp\/v2\/media?parent=8684"}],"wp:term":[{"taxonomy":"product_brand","embeddable":true,"href":"https:\/\/zojopackaging.com\/it\/wp-json\/wp\/v2\/product_brand?post=8684"},{"taxonomy":"product_cat","embeddable":true,"href":"https:\/\/zojopackaging.com\/it\/wp-json\/wp\/v2\/product_cat?post=8684"},{"taxonomy":"product_tag","embeddable":true,"href":"https:\/\/zojopackaging.com\/it\/wp-json\/wp\/v2\/product_tag?post=8684"}],"curies":[{"name":"wp","href":"https:\/\/api.w.org\/{rel}","templated":true}]}}