{"id":8691,"date":"2025-03-29T20:12:13","date_gmt":"2025-03-29T12:12:13","guid":{"rendered":"https:\/\/zojopackaging.com\/?post_type=product&#038;p=8691"},"modified":"2025-03-29T20:43:31","modified_gmt":"2025-03-29T12:43:31","slug":"custom-towel-athletic-sleeve-shoe-packaging-box-wholesale","status":"publish","type":"product","link":"https:\/\/zojopackaging.com\/it\/product\/custom-towel-athletic-sleeve-shoe-packaging-box-wholesale\/","title":{"rendered":"Personalizzato asciugamano atletico manica scarpa Packaging Box all'ingrosso"},"content":{"rendered":"<h2 id=\"-high-end-customized-towel-sports-overshoe-packaging-box-technical-parameters-\"><strong>1. Scatola d'imballaggio personalizzata di alta gamma dell'asciugamano di sport overshoe<\/strong><\/h2>\n<ol>\n<li><strong>Tecnologia dei materiali di base<\/strong>\u00a0Adotta un substrato di cartone grigio ad alta resistenza da 1200GSM + una struttura di copertura in carta patinata da 157GSM. Il cartone grigio fornisce un supporto rigido per garantire che la resistenza alla compressione del trasporto raggiunga i 30 kg\/\u33a1; la levigatezza della superficie della carta patinata raggiunge pi\u00f9 di 1000, supporta la stampa del logo del marchio ad alta precisione su 150 righe e il grado di riproduzione del colore \u00e8 migliorato di 40%.<\/li>\n<li><strong>Struttura innovativa della cassettiera<\/strong>\u00a0La resistenza all'apertura e alla chiusura \u00e8 controllata nell'intervallo 0,5-1,2N ed \u00e8 dotata di un sistema di fibbie antiscivolo. La scatola esterna e il vassoio interno adottano il processo di annidamento dei coperchi superiore e inferiore, con una tolleranza di \u00b10,3 mm, per ottenere un'esperienza di apertura setosa. Il LOGO in rilievo pu\u00f2 essere personalizzato sul lato della scatola e la precisione al tatto raggiunge livelli di concavo e convesso di 0,1 mm.<\/li>\n<li><strong>Sistema estetico funzionale Ribbon<\/strong>\u00a0Offre tre opzioni di nastro: satinato\/opaco\/laser, con larghezza regolabile di 15-50 mm e prova di carico di 8 kg. L'originale design brevettato a \"doppio nodo\" pu\u00f2 non solo fissare le soprascarpe per evitare lo spostamento, ma anche essere staccato per essere utilizzato come braccialetto sportivo o lacci per le scarpe. Supporta il processo di stampa UV a freddo per stampare gli slogan del marchio e i caratteri sono resistenti all'attrito per oltre 2.000 volte.<\/li>\n<\/ol>\n<h2 id=\"-visual-and-environmental-performance-optimization-plan-\"><strong>2. Piano di ottimizzazione delle prestazioni visive e ambientali<\/strong><\/h2>\n<ol>\n<li><strong>Sistema di colori antistress<\/strong>\u00a0Promuove principalmente il Verde Morandi (Pantone 16-5938TPG), che \u00e8 stato verificato da esperimenti di psicologia del colore per ridurre i livelli di cortisolo salivare di 15% e l'indice di ansia di 22%. Con l'ausilio della texture a vena stampata a caldo a gradiente, l'angolo di rifrazione della luce \u00e8 ottimizzato a 15\u00b0-75\u00b0 e le luci e le ombre dinamiche migliorano il livello visivo.<\/li>\n<li><strong>Tecnologia di stampa a caldo aggiornata<\/strong>\u00a0Grazie alla tecnologia di stampa a caldo con nano-goffratura, lo spessore dello strato d'oro \u00e8 di 0,08-0,12\u03bcm e la resistenza agli agenti atmosferici raggiunge il livello 5 (standard ISO 4892). Supporta la stampa a caldo con posizionamento 3D, il testo minimo stampato a caldo \u00e8 di 0,8 mm ed \u00e8 chiaramente visibile, mentre il contrasto tra la texture metallica e il substrato opaco \u00e8 aumentato di 300%.<\/li>\n<li><strong>Sistema di laminazione a doppia protezione<\/strong>\u00a0Processo di laminazione a base d'acqua (emissione di VOC &lt;2%), spessore del film 12\u03bcm, livello di resistenza all&#039;abrasione 4H (ASTM D3363). Il modulo tattile offre tre opzioni: pelle scamosciata\/sabbia cristallina\/sensazione di pelle, e il coefficiente di attrito \u00e8 ottimizzato rispettivamente a 0,35\/0,28\/0,18, il che migliora il senso della cerimonia di unboxing.<\/li>\n<\/ol>\n<h2 id=\"-in-depth-customization-service-system-\"><strong>3. Sistema di servizi di personalizzazione approfondita<\/strong><\/h2>\n<ol>\n<li><strong>Matrice di personalizzazione multidimensionale<\/strong><\/li>\n<li><strong>Libreria di tipo box<\/strong>Copre 6 tipi di scatole di base (tipo libro\/coperchio inferiore e inferiore\/doppia porta, ecc.) + 12 strutture di forma speciale (arco\/cava\/portatutto pieghevole, ecc.).<\/li>\n<li><strong>Biblioteca dei materiali<\/strong>: pannelli in fibra di bamb\u00f9 sostituibili (contenenti materiali rinnovabili 30%)\/ PET alimentare e altre opzioni ecocompatibili<\/li>\n<li><strong>Biblioteca di processo<\/strong>8 soluzioni di trattamento della superficie, come la stampa a caldo combinata con la goffratura e la smaltatura UV locale.<\/li>\n<li><strong>Soluzione di rivestimento intelligente<\/strong>\u00a0Utilizzo della tecnologia di fustellatura della schiuma a memoria di forma EVA, densit\u00e0 45D\u00b15, adatta alla diversa distribuzione della pressione della scarpa. Sviluppare un sistema di partizione a tre canali:<\/li>\n<li>Cabina principale: Modellazione con scansione 3D, errore &lt;0,5 mm<\/li>\n<li>Area accessori: lavagna divisoria magnetica, combinazione libera fino a 12 tipi di materiale<\/li>\n<li>Strato secco: impiantato con fibra di carbone attivo, gamma di controllo dell'umidit\u00e0 40%-60%RH<\/li>\n<\/ol>\n<h2 id=\"-advantages-of-china-s-source-factory-\"><strong>Vantaggi della fabbrica di origine cinese<\/strong><\/h2>\n<ol>\n<li><strong>Garanzia di una catena di fornitura flessibile<\/strong> 50 unit\u00e0 di stampa Heidelberg Speedmaster tedesche, che supportano ordini flessibili di 500-10.000.000 di pezzi. Prova di stampa ultraveloce in 48 ore, con effetto mockup 3D e doppio servizio di conferma del campione fisico. Il servizio di progettazione gratuito comprende:<\/li>\n<li>Piano di adattamento del marchio VI (comprese 5 versioni di proposte)<\/li>\n<li>Rapporto di prova di simulazione del trasporto (standard ISTA 3A)<\/li>\n<li>Elenco della contabilit\u00e0 dell'impronta di carbonio (conforme alla certificazione EPD)<\/li>\n<\/ol>","protected":false},"excerpt":{"rendered":"<p>1. Il cassetto portacarte \u00e8 scorrevole e rappresenta una buona scelta per bilanciare funzionalit\u00e0 e design estetico.<br \/>\n2. Gli accessori a nastro svolgono un ruolo importante nella decorazione, nel branding e nelle applicazioni funzionali grazie alla loro diversit\u00e0 e praticit\u00e0.<br \/>\n3. Il tipo di scatola, le dimensioni, il materiale, il design e il processo di stampa superficiale possono essere altamente personalizzati per adattarsi all'imballaggio delle scarpe sportive dell'asciugamano.<\/p>","protected":false},"featured_media":8696,"template":"","meta":[],"product_brand":[],"product_cat":[30,414,31,426],"product_tag":[953,952,954],"class_list":{"0":"post-8691","1":"product","2":"type-product","3":"status-publish","4":"has-post-thumbnail","6":"product_cat-by-industry","7":"product_cat-custom-apparel-boxes","8":"product_cat-paper-box-style","9":"product_cat-paper-drawer-boxes","10":"product_tag-athletic-sleeve-packaging-box","11":"product_tag-custom-towel-packaging","12":"product_tag-shoe-packaging-box-wholesale","14":"first","15":"instock","16":"shipping-taxable","17":"product-type-simple"},"_links":{"self":[{"href":"https:\/\/zojopackaging.com\/it\/wp-json\/wp\/v2\/product\/8691","targetHints":{"allow":["GET"]}}],"collection":[{"href":"https:\/\/zojopackaging.com\/it\/wp-json\/wp\/v2\/product"}],"about":[{"href":"https:\/\/zojopackaging.com\/it\/wp-json\/wp\/v2\/types\/product"}],"version-history":[{"count":1,"href":"https:\/\/zojopackaging.com\/it\/wp-json\/wp\/v2\/product\/8691\/revisions"}],"predecessor-version":[{"id":8698,"href":"https:\/\/zojopackaging.com\/it\/wp-json\/wp\/v2\/product\/8691\/revisions\/8698"}],"wp:featuredmedia":[{"embeddable":true,"href":"https:\/\/zojopackaging.com\/it\/wp-json\/wp\/v2\/media\/8696"}],"wp:attachment":[{"href":"https:\/\/zojopackaging.com\/it\/wp-json\/wp\/v2\/media?parent=8691"}],"wp:term":[{"taxonomy":"product_brand","embeddable":true,"href":"https:\/\/zojopackaging.com\/it\/wp-json\/wp\/v2\/product_brand?post=8691"},{"taxonomy":"product_cat","embeddable":true,"href":"https:\/\/zojopackaging.com\/it\/wp-json\/wp\/v2\/product_cat?post=8691"},{"taxonomy":"product_tag","embeddable":true,"href":"https:\/\/zojopackaging.com\/it\/wp-json\/wp\/v2\/product_tag?post=8691"}],"curies":[{"name":"wp","href":"https:\/\/api.w.org\/{rel}","templated":true}]}}