{"id":8699,"date":"2025-03-29T20:43:56","date_gmt":"2025-03-29T12:43:56","guid":{"rendered":"https:\/\/zojopackaging.com\/?post_type=product&#038;p=8699"},"modified":"2025-03-29T21:48:00","modified_gmt":"2025-03-29T13:48:00","slug":"premium-gourmet-assorted-chocolates-truffles-candy-gift-box","status":"publish","type":"product","link":"https:\/\/zojopackaging.com\/it\/product\/premium-gourmet-assorted-chocolates-truffles-candy-gift-box\/","title":{"rendered":"Premium Gourmet Assortito Cioccolatini Tartufi Caramelle Scatola Regalo"},"content":{"rendered":"<h2 id=\"-product-description-of-premium-gourmet-assorted-chocolate-truffle-candy-gift-box-\"><strong>Descrizione del prodotto di Premium Gourmet Assorted Chocolate Truffle Candy Gift Box<\/strong><\/h2>\n<h3 id=\"2-special-paper-material-and-surface-technology-luxurious-tactile-and-visual-experience\">1. Materiale cartaceo speciale e tecnologia di superficie: esperienza tattile e visiva di lusso<\/h3>\n<p>La confezione regalo utilizza\u00a0<strong>substrato di carta speciale importata<\/strong>Come la carta in pelle di litchi, la carta perlata o la carta intrecciata in fibra, con una texture in pelle naturale o in metallo opaco sulla superficie. Attraverso la goffratura, la stampa a caldo, l'UV parziale e altri processi, viene creato un effetto di rilievo tridimensionale, come la texture calligrafica o le linee dorate, che conferiscono all'imballaggio una connotazione culturale e un valore artistico. I materiali cartacei sono tutti certificati FSC, ecologici e riciclabili, tenendo conto del senso del lusso e del concetto di sviluppo sostenibile.<\/p>\n<h3 id=\"3-highly-customized-service-all-round-adaptation-from-box-type-to-lining\">2. Servizio altamente personalizzato: adattamento completo dal tipo di scatola al rivestimento.<\/h3>\n<ol>\n<li><strong>Personalizzazione flessibile del tipo e delle dimensioni della scatola<\/strong>Supporta una variet\u00e0 di strutture come la copertura superiore e inferiore, il tipo di cassetto, il taglio a forma speciale, ecc. per adattarsi alle esigenze di disposizione dei tartufi di cioccolato di diverse specifiche (come il diametro 15-30 mm).<\/li>\n<li><strong>Processo di stampa in superficie<\/strong>: rivestimento opzionale in poliuretano a base d'acqua (impermeabile e antiolio), incisione laser, stampa di griglie 3D, ecc., ad esempio, lo spessore del rivestimento raggiunge gli 8g\/\u33a1 e la resistenza ai graffi \u00e8 migliorata di 200%.<\/li>\n<li><strong>Soluzione di rivestimento personalizzata<\/strong>utilizzando cotone perlato EVA o EPE di grado alimentare, apertura precisa dello stampo attraverso la tecnologia di scansione 3D, per ottenere il posizionamento e il fissaggio indipendente delle caramelle al tartufo, eccellenti prestazioni di tamponamento e un coefficiente sismico di 320kPa.<\/li>\n<\/ol>\n<h3 id=\"4-folding-structure-and-logistics-optimization-efficient-warehousing-and-low-cost-transportation\">3. Struttura pieghevole e ottimizzazione della logistica: stoccaggio efficiente e trasporto a basso costo<\/h3>\n<p>La confezione regalo adotta\u00a0<strong>design pieghevole appiattibile<\/strong>che riduce il volume della scatola vuota di 70% e aumenta il tasso di utilizzo dello spazio di stoccaggio di 50%. In fase di impilamento, il design della nervatura di rinforzo inferiore pu\u00f2 sopportare un carico di 15 kg, adatto al processo di imballaggio della linea di produzione automatizzata. \u00c8 compatibile con le dimensioni standard dei pallet durante il trasporto, riducendo i costi logistici di 20%-30%.<\/p>\n<h3 id=\"5-triple-protection-process-all-round-guarantee-of-product-quality\">4. Triplo processo di protezione: garanzia di qualit\u00e0 del prodotto a 360\u00b0.<\/h3>\n<ol>\n<li><strong>Tecnologia di rivestimento delle superfici<\/strong>Il rivestimento poliuretanico a base d'acqua \u00e8 utilizzato per formare una barriera impermeabile di livello nano. Le prestazioni di impermeabilit\u00e0 superano il test di umidit\u00e0 di 48 ore 90% e bloccano efficacemente la penetrazione del vapore acqueo.<\/li>\n<\/ol>\n<h3 id=\"vi-advantages-of-china-s-source-factory-one-stop-service-and-cost-advantage\">5. Vantaggi della fabbrica di origine cinese: servizio one-stop e vantaggio di costo<\/h3>\n<p>Come il\u00a0<strong>La fabbrica di imballaggi di origine cinese<\/strong>, forniamo:<\/p>\n<ul>\n<li><strong>Campioni e disegni gratuiti<\/strong>: La prototipazione viene completata entro 3 giorni lavorativi e la generazione di progetti intelligenti AI \u00e8 supportata.<\/li>\n<li><strong>Produzione flessibile<\/strong>: Supporta un ordine minimo di 100 scatole e il prezzo \u00e8 30%-40% inferiore a quello di prodotti simili sul mercato.<\/li>\n<li><strong>Ispezione della qualit\u00e0 del processo completo<\/strong>: Ha superato la certificazione di sicurezza alimentare ISO 22000 e il materiale di rivestimento \u00e8 conforme agli standard FDA.<\/li>\n<\/ul>\n<p><strong>Personalizzate ora la vostra esclusiva confezione regalo<\/strong>\u00a0Contattateci per ottenere campioni gratuiti e soluzioni di design, per potenziare il valore del marchio con un packaging estremo e per rendere ogni tartufo di cioccolato un'opera d'arte che trasmette il vostro cuore.<\/p>","protected":false},"excerpt":{"rendered":"<p>1. La scatola di imballaggio a doppia porta ha un'esclusiva impostazione di apertura simmetrica, che crea un vantaggio differenziato in termini di funzionalit\u00e0 e presentazione visiva.<br \/>\n2. Materiale cartaceo speciale con linee di texture speciali, dall'aspetto lussuoso e di alto livello, che migliora l'effetto del marchio.<br \/>\n3. Il tipo di scatola, le dimensioni, il materiale, il design e il processo di stampa superficiale possono essere altamente personalizzati per adattarsi al vostro imballaggio di caramelle al tartufo di cioccolato assortite.<\/p>","protected":false},"featured_media":8700,"template":"","meta":[],"product_brand":[],"product_cat":[30,422,428,31],"product_tag":[956,955,957],"class_list":{"0":"post-8699","1":"product","2":"type-product","3":"status-publish","4":"has-post-thumbnail","6":"product_cat-by-industry","7":"product_cat-custom-gourmet-boxes-by-industry","8":"product_cat-irregular-shaped-gift-boxes","9":"product_cat-paper-box-style","10":"product_tag-chocolates-candy-gift-box","11":"product_tag-premium-chocolates-gift-box","12":"product_tag-truffles-candy-gift-box","14":"first","15":"instock","16":"shipping-taxable","17":"product-type-simple"},"_links":{"self":[{"href":"https:\/\/zojopackaging.com\/it\/wp-json\/wp\/v2\/product\/8699","targetHints":{"allow":["GET"]}}],"collection":[{"href":"https:\/\/zojopackaging.com\/it\/wp-json\/wp\/v2\/product"}],"about":[{"href":"https:\/\/zojopackaging.com\/it\/wp-json\/wp\/v2\/types\/product"}],"version-history":[{"count":1,"href":"https:\/\/zojopackaging.com\/it\/wp-json\/wp\/v2\/product\/8699\/revisions"}],"predecessor-version":[{"id":8707,"href":"https:\/\/zojopackaging.com\/it\/wp-json\/wp\/v2\/product\/8699\/revisions\/8707"}],"wp:featuredmedia":[{"embeddable":true,"href":"https:\/\/zojopackaging.com\/it\/wp-json\/wp\/v2\/media\/8700"}],"wp:attachment":[{"href":"https:\/\/zojopackaging.com\/it\/wp-json\/wp\/v2\/media?parent=8699"}],"wp:term":[{"taxonomy":"product_brand","embeddable":true,"href":"https:\/\/zojopackaging.com\/it\/wp-json\/wp\/v2\/product_brand?post=8699"},{"taxonomy":"product_cat","embeddable":true,"href":"https:\/\/zojopackaging.com\/it\/wp-json\/wp\/v2\/product_cat?post=8699"},{"taxonomy":"product_tag","embeddable":true,"href":"https:\/\/zojopackaging.com\/it\/wp-json\/wp\/v2\/product_tag?post=8699"}],"curies":[{"name":"wp","href":"https:\/\/api.w.org\/{rel}","templated":true}]}}