{"id":8708,"date":"2025-03-29T21:48:29","date_gmt":"2025-03-29T13:48:29","guid":{"rendered":"https:\/\/zojopackaging.com\/?post_type=product&#038;p=8708"},"modified":"2025-03-31T10:38:49","modified_gmt":"2025-03-31T02:38:49","slug":"premium-custom-coffee-magnetic-closure-gift-boxes","status":"publish","type":"product","link":"https:\/\/zojopackaging.com\/it\/product\/premium-custom-coffee-magnetic-closure-gift-boxes\/","title":{"rendered":"Scatole regalo personalizzate Premium con chiusura magnetica per il caff\u00e8"},"content":{"rendered":"<h2 id=\"-product-description-of-advanced-customized-coffee-magnetic-gift-box-\">Scatole regalo personalizzate Premium con chiusura magnetica per il caff\u00e8<\/h2>\n<h3 id=\"-1-innovative-magnetic-embedded-design-\"><strong>1. Design innovativo delle scatole con chiusura magnetica<\/strong><\/h3>\n<p>Questo prodotto adotta un design delle scatole con chiusura a magnete e la struttura magnetica \u00e8 nascosta all'interno del corpo della scatola, evitando i difetti dei tradizionali magneti a vista che sono facili da indossare e compromettono l'aspetto. L'apertura e la chiusura magnetica avvengono in modo fluido e stabile, migliorando la comodit\u00e0 di utilizzo e prolungando la durata dell'imballaggio. \u00c8 adatto per le scene regalo ad alta frequenza di apertura e chiusura.<\/p>\n<h3 id=\"-2-strong-and-environmentally-friendly-material-\"><strong>2. Materiale resistente ed ecologico<\/strong><\/h3>\n<p>Il corpo della scatola adotta la tecnologia composita della carta grigia da 1200 GSM ad alta grammatura e della carta patinata da 157 GSM, che presenta resistenza alla pressione e durata, eccellente capacit\u00e0 di carico e pu\u00f2 sopportare la pressione del trasporto su lunghe distanze. Il materiale soddisfa gli standard di protezione ambientale, la carta grigia \u00e8 riciclabile e degradabile e la stampa su carta patinata \u00e8 espressiva, tenendo conto della sostenibilit\u00e0 e della texture di alto livello.<\/p>\n<h3 id=\"-3-double-sided-high-definition-printing-technology-\"><strong>3. Tecnologia di stampa ad alta definizione su entrambi i lati<\/strong><\/h3>\n<p>Grazie al processo di stampa fronte\/retro, il logo del marchio, le informazioni sul prodotto e i motivi artistici sono presentati con precisione sulla superficie del corpo della scatola, con l'ausilio di colori spot Pantone, vernice locale UV e altri processi per migliorare l'impatto visivo e il riconoscimento del marchio. Ad esempio, il coperchio della scatola pu\u00f2 essere stampato con la storia dell'origine del caff\u00e8 e il fondo della scatola pu\u00f2 mostrare la guida all'erogazione per trasmettere il valore del marchio in tutte le direzioni.<\/p>\n<h3 id=\"-4-highly-flexible-customization-scheme-\"><strong>4. Schema di personalizzazione altamente flessibile<\/strong><\/h3>\n<ul>\n<li><strong>Tipo e dimensione della scatola<\/strong>: Supporta varie strutture come coperchi superiori e inferiori, scatole a forma di libro, cassettiere (come le scatole a tubo e a disco), adatte a diverse forme di prodotto come capsule di caff\u00e8, sacchetti per le orecchie appesi, chicchi di caff\u00e8, ecc.<\/li>\n<li><strong>Colore e materiale<\/strong>: Offrono effetti superficiali opachi, lucidi, con stampa a caldo\/argento, in rilievo e di altro tipo; il materiale pu\u00f2 essere scelto tra carta patinata, carta artistica, ecc. per soddisfare le esigenze dei regali aziendali o dei temi delle festivit\u00e0.<\/li>\n<li><strong>Effetto stampa<\/strong>: Combina la stampa digitale e la tecnologia serigrafica per ottenere modelli complessi come il gradiente e la stereoscopia 3D, adatti al tono del marchio.<\/li>\n<\/ul>\n<h3 id=\"-5-precisely-fit-eva-shockproof-lining-\"><strong>5. Fodera antiurto in EVA a misura di precisione<\/strong><\/h3>\n<p>Fodera in schiuma EVA personalizzata in base alle dimensioni del prodotto, con densit\u00e0 opzionale di 25\u00b0-50\u00b0, tramite taglio CNC per garantire una perfetta aderenza ai prodotti da caff\u00e8, ridurre le vibrazioni del trasporto e lo spreco di spazio. Il rivestimento supporta il trattamento antistatico, adatto alle esigenze di protezione degli accessori elettronici per il caff\u00e8 (come gli accessori per le caffettiere manuali).<\/p>\n<h3 id=\"-6-triple-protection-lamination-process-\"><strong>6. Processo di laminazione a tripla protezione<\/strong><\/h3>\n<p>La superficie adotta una tecnologia di laminazione di livello nanometrico, che ha funzioni impermeabili, antiolio e antiumidit\u00e0, resiste efficacemente agli schizzi di liquidi e all'ambiente umido e protegge la stampa del corpo della scatola dallo sbiadimento e dalla deformazione. Questo processo pu\u00f2 anche migliorare la resistenza all'usura della superficie e prolungare il periodo di conservazione delle scatole regalo nei magazzini e nella logistica.<\/p>\n<h3 id=\"-7-fully-automated-and-efficient-production-\"><strong>7. Produzione completamente automatizzata ed efficiente<\/strong><\/h3>\n<p>Basandosi su una linea di produzione completamente automatica, raggiunge una capacit\u00e0 produttiva giornaliera di 10 milioni di pezzi (10.000.000 di pezzi), coprendo le fasi di fustellatura, laminazione, assemblaggio magnetico, laminazione del rivestimento e altri processi. Grazie al sistema di controllo intelligente PLC e alle apparecchiature di ispezione visiva, garantiamo che l'accuratezza della produzione e il tasso di rendimento raggiungano il 99,5%, soddisfacendo le esigenze di ordini urgenti e consegne su larga scala.<\/p>\n<h3 id=\"-8-advantageous-service-of-the-source-factory-\"><strong>8. Servizio vantaggioso della fabbrica di origine<\/strong><\/h3>\n<p>In qualit\u00e0 di fabbrica di origine di imballaggi per caff\u00e8 in Cina, forniamo:<\/p>\n<ul>\n<li><strong>Campioni e disegni gratuiti<\/strong>: Il team di professionisti fornisce bozze di progettazione 3D entro 1 giorno, i campioni fisici vengono inviati entro 2 giorni e sono supportate regolazioni personalizzate.<\/li>\n<li><strong>Ottimizzazione dei costi<\/strong>: L'approvvigionamento su larga scala e la produzione automatizzata riducono i costi e il prezzo della stessa qualit\u00e0 \u00e8 30% inferiore a quello del mercato.<\/li>\n<li><strong>Soluzione unica<\/strong>: Dalla progettazione dell'imballaggio, alla selezione dei materiali, alla logistica e alla distribuzione, l'intero servizio di processo garantisce la realizzazione del progetto nei tempi previsti.<\/li>\n<\/ul>\n<p><strong>Scenario di applicazione<\/strong><\/p>\n<ul>\n<li><strong>Regalo d'affari<\/strong>: L'apertura e la chiusura magnetica sottolineano il senso della cerimonia e la combinazione del sistema di colori aziendali VI rafforza l'immagine del marchio.<\/li>\n<li><strong>Confezione regalo per le vacanze<\/strong>: Il rivestimento \u00e8 adatto a una combinazione di prodotti di caff\u00e8 di diverse specifiche.<\/li>\n<li><strong>Commercio elettronico al dettaglio<\/strong>: Il rivestimento impermeabile e la fodera antisismica garantiscono la sicurezza del trasporto e riducono il tasso di perdita post-vendita.<\/li>\n<\/ul>\n<p><strong>Agisci ora<\/strong>\u00a0Contattate la fabbrica di origine in Cina, ottenete campioni gratuiti e soluzioni di design e iniziate il vostro viaggio nella personalizzazione delle confezioni di caff\u00e8 di alta gamma!<\/p>","protected":false},"excerpt":{"rendered":"<p>1. Scatola d'imballaggio magnetica, design con magnete incorporato per evitare l'usura esterna.<br \/>\n2. Realizzato in cartone grigio da 1200 GSM e carta patinata da 157 GSM, resistente, ecologico e sostenibile.<br \/>\n3. Stampa su due lati, pu\u00f2 stampare le informazioni sul prodotto e il logo del marchio sulla superficie della scatola per migliorare l'effetto del marchio.<\/p>","protected":false},"featured_media":8713,"template":"","meta":[],"product_brand":[],"product_cat":[30,422,424,31],"product_tag":[959,958,960],"class_list":{"0":"post-8708","1":"product","2":"type-product","3":"status-publish","4":"has-post-thumbnail","6":"product_cat-by-industry","7":"product_cat-custom-gourmet-boxes-by-industry","8":"product_cat-magnetic-closure-boxes","9":"product_cat-paper-box-style","10":"product_tag-coffee-magnetic-closure-boxes","11":"product_tag-custom-coffee-boxes","12":"product_tag-premium-coffee-gift-boxes","14":"first","15":"instock","16":"shipping-taxable","17":"product-type-simple"},"_links":{"self":[{"href":"https:\/\/zojopackaging.com\/it\/wp-json\/wp\/v2\/product\/8708","targetHints":{"allow":["GET"]}}],"collection":[{"href":"https:\/\/zojopackaging.com\/it\/wp-json\/wp\/v2\/product"}],"about":[{"href":"https:\/\/zojopackaging.com\/it\/wp-json\/wp\/v2\/types\/product"}],"version-history":[{"count":3,"href":"https:\/\/zojopackaging.com\/it\/wp-json\/wp\/v2\/product\/8708\/revisions"}],"predecessor-version":[{"id":8728,"href":"https:\/\/zojopackaging.com\/it\/wp-json\/wp\/v2\/product\/8708\/revisions\/8728"}],"wp:featuredmedia":[{"embeddable":true,"href":"https:\/\/zojopackaging.com\/it\/wp-json\/wp\/v2\/media\/8713"}],"wp:attachment":[{"href":"https:\/\/zojopackaging.com\/it\/wp-json\/wp\/v2\/media?parent=8708"}],"wp:term":[{"taxonomy":"product_brand","embeddable":true,"href":"https:\/\/zojopackaging.com\/it\/wp-json\/wp\/v2\/product_brand?post=8708"},{"taxonomy":"product_cat","embeddable":true,"href":"https:\/\/zojopackaging.com\/it\/wp-json\/wp\/v2\/product_cat?post=8708"},{"taxonomy":"product_tag","embeddable":true,"href":"https:\/\/zojopackaging.com\/it\/wp-json\/wp\/v2\/product_tag?post=8708"}],"curies":[{"name":"wp","href":"https:\/\/api.w.org\/{rel}","templated":true}]}}