{"id":8729,"date":"2025-03-31T10:39:02","date_gmt":"2025-03-31T02:39:02","guid":{"rendered":"https:\/\/zojopackaging.com\/?post_type=product&#038;p=8729"},"modified":"2025-03-31T10:56:55","modified_gmt":"2025-03-31T02:56:55","slug":"china-high-quality-irregular-shape-custom-perfume-gift-box","status":"publish","type":"product","link":"https:\/\/zojopackaging.com\/it\/product\/china-high-quality-irregular-shape-custom-perfume-gift-box\/","title":{"rendered":"Cina Alta qualit\u00e0 Forma irregolare Scatola regalo profumo personalizzato"},"content":{"rendered":"<h3 id=\"product-description-of-china-s-high-quality-irregular-shape-custom-perfume-gift-box\">Descrizione del prodotto di alta qualit\u00e0 Cina forma irregolare Custom profumo Gift Box<\/h3>\n<h4 id=\"-1-multi-dimensional-innovative-design-integration-of-environmental-protection-concept-brand-narrative-and-user-experience-\"><strong>1. Design innovativo multidimensionale: integrazione del concetto di protezione ambientale, della narrazione del marchio e dell'esperienza dell'utente.<\/strong><\/h4>\n<p>Questa confezione regalo di profumi si basa su un design che rispetta l'ambiente, utilizza materiali riciclabili e rinnovabili e cartone grigio certificato FSC, combina la tecnologia di tracciamento dell'impronta di carbonio e pratica un concetto di produzione ecologica. Il design della confezione integra la narrazione culturale del marchio e racconta storie di marca come l'ispirazione naturale, l'estetica orientale o la tecnologia di produzione dei profumi di alta gamma attraverso la tecnologia di goffratura, la stampa a caldo del LOGO e il testo nascosto. In termini di esperienza d'uso, l'innovativa struttura di apertura obliqua \u00e8 abbinata a un design di apertura e chiusura magnetico, che d\u00e0 il senso della cerimonia di unboxing, l'etichetta interattiva AR incorporata, la scansione del codice pu\u00f2 sbloccare l'interpretazione della fragranza e l'esperienza immersiva del profumo.<\/p>\n<h4 id=\"-2-double-sided-color-printing-and-macaron-color-system-balance-of-visual-aesthetics-and-function-\"><strong>2. Stampa a colori su entrambi i lati e sistema di colori macaron: equilibrio tra estetica e funzionalit\u00e0.<\/strong><\/h4>\n<p>La confezione regalo adotta la tecnologia di stampa offset ad alta precisione su due lati, abbinata al sistema di colori macaron a bassa saturazione (come il verde menta, il rosa chiaro, il viola chiaro), attraverso un design a gradiente morbido e a contrasto geometrico, che riduce l'affaticamento visivo e crea una sensazione di sogno e di fascia alta. Il processo di stampa supporta la calibrazione dei colori spot Pantone, con una differenza di colore di \u22645%, garantendo una presentazione accurata dei loghi del marchio e dei dettagli del modello. Il design della fodera incorpora una texture opaca dello stesso colore, che forma un'eco visiva con la scatola esterna, rafforzando l'unit\u00e0 estetica complessiva.<\/p>\n<h4 id=\"-3-high-weight-material-and-structural-strength-1200gsm-gray-board-157gsm-coated-paper-\"><strong>3. Materiale ad alta grammatura e resistenza strutturale: cartone grigio da 1200GSM + carta patinata da 157GSM.<\/strong><\/h4>\n<p>Il corpo principale della confezione regalo \u00e8 costituito da un cartone grigio ad alta resistenza da 1200GSM come scheletro, con una resistenza alla compressione di 50kg\/m\u00b2, che garantisce l'assenza di deformazioni durante il trasporto; lo strato esterno \u00e8 ricoperto da carta patinata da 157GSM, con una levigatezza superficiale di \u2265800s, che supporta la stampa in quadricromia e la tecnologia di stampa a caldo a livello di micron, presentando perfettamente il LOGO del marchio e i motivi complessi. Il materiale ha superato la certificazione SGS, non contiene metalli pesanti e sostanze pericolose volatili ed \u00e8 conforme agli standard REACH dell'UE.<\/p>\n<h4 id=\"-4-functional-surface-treatment-three-proof-coating-technology-\"><strong>4. Trattamento funzionale della superficie: tecnologia di rivestimento a tre prove<\/strong><\/h4>\n<p>La superficie della confezione regalo adotta una tecnologia di rivestimento di livello nanometrico, con funzioni di impermeabilit\u00e0 (livello IPX4), antiolio (angolo di contatto \u2265 110\u00b0) e antiumidit\u00e0 (nessuna deformazione in presenza di umidit\u00e0 90%), resistendo efficacemente alla penetrazione dei liquidi e all'erosione dell'umidit\u00e0 nell'ambiente di trasporto. Il rivestimento mantiene anche il tocco naturale della carta e gli effetti opachi\/lucidi sono opzionali, tenendo conto sia della protezione che della texture di alto livello.<\/p>\n<h4 id=\"-5-source-factory-advantages-free-samples-design-services-high-cost-performance-\"><strong>5. Vantaggi della fabbrica di origine: campioni gratuiti + servizi di progettazione + prestazioni ad alto costo<\/strong><\/h4>\n<p>In qualit\u00e0 di fabbrica di origine di imballaggi per profumi locali in Cina, forniamo servizi di prova gratuiti (consegna entro 3-5 giorni lavorativi), supportiamo la progettazione esclusiva 1 a 1 e la soluzione comprende la modellazione 3D, la selezione dei materiali e la raccomandazione di combinazione dei processi. Grazie alla produzione su larga scala e alle capacit\u00e0 di integrazione della catena di fornitura, il prezzo \u00e8 30%-50% inferiore a quello delle fabbriche OEM tradizionali, con un ordine minimo di 1.000 pezzi e senza costi di stampo.<\/p>\n<h4 id=\"-6-intelligent-production-fully-automatic-line-mes-transparent-management-\"><strong>6. Produzione intelligente: linea completamente automatica + gestione trasparente MES<\/strong><\/h4>\n<p>Lo stabilimento \u00e8 dotato di fustellatrici completamente automatiche, linee di stampa UV e sistemi di pallettizzazione robotizzati, con una capacit\u00e0 produttiva giornaliera di 10 milioni di pezzi, in grado di supportare consegne ultraveloci in 72 ore. Attraverso il sistema MES per monitorare l'avanzamento della produzione in tempo reale, i clienti possono visualizzare lo stato degli ordini di lavoro, i rapporti di ispezione della qualit\u00e0 e il monitoraggio della logistica online, con una precisione di consegna \u226599%, eliminando il funzionamento a \"scatola nera\" delle fabbriche tradizionali.<\/p>\n<h4 id=\"-7-customized-eva-lining-precision-adaptation-and-shock-absorption-protection-\"><strong>7. Fodera in EVA personalizzata: adattamento di precisione e protezione dall'assorbimento degli urti.<\/strong><\/h4>\n<p>Sulla base dei dati di scansione 3D dei prodotti dei clienti, \u00e8 stato realizzato un rivestimento personalizzato in EVA ad alta densit\u00e0 (densit\u00e0 45\u00b15kg\/m\u00b3), con una precisione di scanalatura di \u00b10,2 mm, adatto a bottiglie di profumo di forma speciale, accessori per ugelli, ecc. Il rivestimento adotta una struttura divisa, il tasso di utilizzo dello spazio \u00e8 aumentato di 40% e, grazie al trattamento antistatico, la resistenza all'impatto del trasporto raggiunge lo standard ISTA 3A.<\/p>\n<h4 id=\"-8-all-round-customization-options-breaking-the-boundaries-of-design-\"><strong>8. Opzioni di personalizzazione a tutto tondo: Superare i confini del design<\/strong><\/h4>\n<p>Supporta le seguenti dimensioni di personalizzazione:<\/p>\n<ul>\n<li><strong>Tipo di scatola<\/strong>23 strutture irregolari come la scatola di sospensione esagonale, la scatola magnetica a forma di libro, la scatola a gradini piramidali, ecc;<\/li>\n<li><strong>Materiale<\/strong>: 50+ carte speciali come la carta vellutata tattile, la carta a forma di stella, il cartone composito spazzolato metallico, ecc;<\/li>\n<li><strong>Artigianato<\/strong>UV locale, stampa a freddo, incisione laser, stampa a inchiostro profumato;<\/li>\n<li><strong>Funzione<\/strong>chip NFC integrato, inchiostro termosensibile che cambia colore e altri moduli interattivi intelligenti.<\/li>\n<\/ul>\n<h3 id=\"-cooperation-value-and-commitment-\"><strong>Valore e impegno della cooperazione<\/strong><\/h3>\n<p>Con il concetto fondamentale di \"protezione dell'ambiente \u00d7 intelligenza \u00d7 arte\", forniamo soluzioni di packaging one-stop, dalla progettazione alla consegna, per i marchi globali di profumi di fascia alta. Grazie alla fornitura diretta dalla fonte, alla produzione flessibile e alla gestione trasparente, aiutiamo i marchi a ridurre 30% il costo complessivo, migliorando al contempo l'esperienza dell'utente finale e la competitivit\u00e0 del mercato.\u00a0<strong>Richiedete subito un campione gratuito e iniziate il vostro esclusivo viaggio nell'estetica dei profumi.<\/strong><\/p>","protected":false},"excerpt":{"rendered":"<p>1. La confezione di profumo di forma irregolare \u00e8 innovativa sotto molteplici aspetti, tra cui il design ambientale, la narrazione del marchio e l'ottimizzazione dell'esperienza utente.<br \/>\n2. La stampa a colori su due lati, con colori macaron per ridurre l'affaticamento visivo, soddisfa la fantasia delle confezioni di profumi di alta gamma.<br \/>\n3. Realizzato in cartone grigio da 1200 GSM e carta patinata da 157 GSM, adatto alla stampa del logo del marchio.<\/p>","protected":false},"featured_media":8730,"template":"","meta":[],"product_brand":[],"product_cat":[30,417,428,31],"product_tag":[961,245,962],"class_list":{"0":"post-8729","1":"product","2":"type-product","3":"status-publish","4":"has-post-thumbnail","6":"product_cat-by-industry","7":"product_cat-custom-perfume-boxes-by-industry","8":"product_cat-irregular-shaped-gift-boxes","9":"product_cat-paper-box-style","10":"product_tag-china-perfume-box","11":"product_tag-custom-perfume-gift-box","12":"product_tag-irregular-shape-perfume-box","14":"first","15":"instock","16":"shipping-taxable","17":"product-type-simple"},"_links":{"self":[{"href":"https:\/\/zojopackaging.com\/it\/wp-json\/wp\/v2\/product\/8729","targetHints":{"allow":["GET"]}}],"collection":[{"href":"https:\/\/zojopackaging.com\/it\/wp-json\/wp\/v2\/product"}],"about":[{"href":"https:\/\/zojopackaging.com\/it\/wp-json\/wp\/v2\/types\/product"}],"version-history":[{"count":1,"href":"https:\/\/zojopackaging.com\/it\/wp-json\/wp\/v2\/product\/8729\/revisions"}],"predecessor-version":[{"id":8736,"href":"https:\/\/zojopackaging.com\/it\/wp-json\/wp\/v2\/product\/8729\/revisions\/8736"}],"wp:featuredmedia":[{"embeddable":true,"href":"https:\/\/zojopackaging.com\/it\/wp-json\/wp\/v2\/media\/8730"}],"wp:attachment":[{"href":"https:\/\/zojopackaging.com\/it\/wp-json\/wp\/v2\/media?parent=8729"}],"wp:term":[{"taxonomy":"product_brand","embeddable":true,"href":"https:\/\/zojopackaging.com\/it\/wp-json\/wp\/v2\/product_brand?post=8729"},{"taxonomy":"product_cat","embeddable":true,"href":"https:\/\/zojopackaging.com\/it\/wp-json\/wp\/v2\/product_cat?post=8729"},{"taxonomy":"product_tag","embeddable":true,"href":"https:\/\/zojopackaging.com\/it\/wp-json\/wp\/v2\/product_tag?post=8729"}],"curies":[{"name":"wp","href":"https:\/\/api.w.org\/{rel}","templated":true}]}}