{"id":8737,"date":"2025-03-31T10:57:16","date_gmt":"2025-03-31T02:57:16","guid":{"rendered":"https:\/\/zojopackaging.com\/?post_type=product&#038;p=8737"},"modified":"2025-03-31T11:23:20","modified_gmt":"2025-03-31T03:23:20","slug":"custom-apparel-clothes-dress-collapsible-gift-box-wholesale","status":"publish","type":"product","link":"https:\/\/zojopackaging.com\/it\/product\/custom-apparel-clothes-dress-collapsible-gift-box-wholesale\/","title":{"rendered":"Abbigliamento personalizzato Vestiti Dress Collapsible Gift Box all'ingrosso"},"content":{"rendered":"<h2 id=\"custom-clothing-dress-foldable-magnetic-gift-box-wholesale-product-description\">Abbigliamento personalizzato Vestiti Dress Collapsible Gift Box all'ingrosso<\/h2>\n<h3 id=\"-product-core-highlights-\"><strong>Caratteristiche principali del prodotto<\/strong><\/h3>\n<ol>\n<li><strong>Chiusura magnetica Design pieghevole<\/strong> Adottando una struttura a magnete nascosto, l'apertura e la chiusura magnetica sono fluide ed evitano il problema dell'usura causato dal magnete esposto. Una volta collassato, il volume pu\u00f2 essere compresso a 1\/3 dello stato aperto, riducendo significativamente i costi di trasporto e di stoccaggio. Grazie alla tecnologia di ottimizzazione del circuito magnetico di precisione, la forza di adsorbimento \u00e8 stabile (3-5N), garantendo la stabilit\u00e0 della chiusura, un comodo funzionamento con una sola mano e un senso di cerimonia di disimballaggio.<\/li>\n<li><strong>Tema rosa Stampa a colori su entrambi i lati<\/strong>\u00a0Utilizzando la carta patinata C2S da 157 g come supporto, la tecnologia di stampa a colori ad alta precisione su entrambi i lati, il colore principale \u00e8 il rosa tenue (personalizzazione della scheda colore Pantone), combinato con principi psicologici per stimolare associazioni emotive romantiche e dolci. Lo strato interno \u00e8 disegnato con motivi femminili come fiori e pizzi per aumentare la fantasia dei consumatori e il desiderio di acquistare prodotti di abbigliamento.<\/li>\n<li><strong>Accessori per nastri e identificazione del marchio<\/strong>\u00a0I nastri personalizzati (materiali opzionali di raso\/chiffon) sono standard, con fiocchi a contrasto o tecnologia di stampa a caldo del LOGO per migliorare la bellezza e il livello visivo del disimballaggio. Supportare la personalizzazione del nastro con il logo del marchio e rafforzare i punti di memoria del marchio attraverso la differenziazione del colore e dell'artigianato.<\/li>\n<li><strong>Tecnologia di stampa a caldo dell'oro di lusso leggero<\/strong> La tecnologia di stampa a caldo in oro parziale viene utilizzata per presentare effetti di contrasto opachi e lucidi su dettagli come il LOGO e la cornice della scatola, e stampata con inchiostri ecologici, tenendo conto della texture lussuosa e dei concetti di sostenibilit\u00e0.<\/li>\n<\/ol>\n<h4 id=\"-environmentally-friendly-materials-and-structural-innovation-\"><strong>Materiali ecologici e innovazione strutturale<\/strong><\/h4>\n<ul>\n<li><strong>Combinazione di materiali<\/strong>: 157 g di carta patinata bianca C2S (certificata FSC) sullo strato esterno + 1200 g di cartone grigio duro sullo strato interno, con una resistenza alla compressione di 200 kg\/\u33a1 e un tasso di riciclabilit\u00e0 superiore a 90%.<\/li>\n<li><strong>Struttura pieghevole<\/strong>: Struttura tridimensionale a nido d'ape + design dell'angolo di posizionamento conico a 60\u00b0, che consente di ottenere una precisione di posizionamento ripetuta a livello di 0,1 mm, adatta alle esigenze di confezionamento di abbigliamento di forma speciale.<\/li>\n<\/ul>\n<h4 id=\"-highly-customized-service-\"><strong>Servizio altamente personalizzato<\/strong><\/h4>\n<ol>\n<li><strong>Tipo e dimensione della scatola<\/strong>: Fornisce 10+ tipi di scatola, come il coperchio superiore e inferiore, il tipo di cassetto, il tipo di libro a fogli mobili, ecc., con una gamma di dimensioni da 50\u00d730\u00d75 cm a 80\u00d750\u00d715 cm, supporta la personalizzazione delle dimensioni non standard e l'errore \u00e8 controllato entro \u00b10,5 mm.<\/li>\n<li><strong>Adattamento del rivestimento interno<\/strong>: Il rivestimento in EVA\/spugna \u00e8 personalizzato in base al contorno del prodotto, con una densit\u00e0 di 30-80 kg\/m\u00b3, un'azione tampone precisa e a prova di urto, e l'utilizzo dello spazio \u00e8 aumentato di 40%.<\/li>\n<li><strong>Tecnologia di superficie<\/strong>20+ effetti come vernice locale UV, goffratura, laser, ecc. sono opzionali, supportano il numero di colori speciali Pantone, la stampa a gradiente e la tecnologia di goffratura 3D.<\/li>\n<\/ol>\n<h4 id=\"-application-scenarios-and-benefits-\"><strong>Scenari di applicazione e vantaggi<\/strong><\/h4>\n<ul>\n<li><strong>Marchio premium<\/strong>: Migliorare il valore aggiunto del prodotto attraverso un imballaggio di alta qualit\u00e0. Le indagini condotte sui clienti dimostrano che la confezione regalo pu\u00f2 aumentare il prezzo degli abiti di 15%-20%.<\/li>\n<li><strong>Ottimizzazione della logistica<\/strong>: Dopo la piegatura, i costi di trasporto sono ridotti da 30%, che \u00e8 adatto per le esigenze di containerizzazione di piccoli pezzi nel commercio elettronico transfrontaliero.<\/li>\n<li><strong>Certificazione ambientale<\/strong>: Conformi agli standard REACH dell'UE e FDA degli Stati Uniti e certificati biodegradabili dall'SGS.<\/li>\n<\/ul>\n<h4 id=\"-ordering-process-\"><strong>Processo di ordinazione<\/strong><\/h4>\n<ol>\n<li>Fornire le dimensioni dell'abbigliamento\/dei requisiti di progettazione \u2192 2. Modellazione 3D per confermare la struttura della scatola \u2192 3. Preventivo per la soluzione di materiale\/processo \u2192 4. Realizzazione del campione (5-7 giorni lavorativi) Realizzazione del campione (5-7 giorni lavorativi) \u2192 5. Produzione in serie (MOQ 500 pezzi, 10-15 giorni). Produzione in serie (MOQ 500 pezzi, tempi di consegna 10-15 giorni).<\/li>\n<\/ol>\n<p><strong>Caso di cooperazione<\/strong>: Ha servito marchi come SHEIN e UR, con una capacit\u00e0 produttiva media mensile di 300.000 pezzi e un tasso di personalizzazione di 85%.<\/p>\n<p><strong>Personalizza ora<\/strong>: Trasmettere il calore del marchio attraverso un packaging esclusivo, rendendo ogni abito un regalo da sogno per le ragazze.<\/p>","protected":false},"excerpt":{"rendered":"<p>1. Scatola con chiusura magnetica, design con magnete incorporato per evitare l'usura esterna, design pieghevole per ridurre l'utilizzo dello spazio durante il trasporto.<br \/>\n2. La stampa rosa pu\u00f2 ispirare associazioni emotive romantiche e dolci, migliorare la fantasia delle ragazze in fatto di abbigliamento, vestiti e abiti.<br \/>\n3. Stampa a colori su due lati per migliorare l'effetto di abbinamento dei colori e soddisfare le esigenze delle ragazze.<\/p>","protected":false},"featured_media":8738,"template":"","meta":[],"product_brand":[],"product_cat":[30,427,414,31],"product_tag":[964,963,965],"class_list":{"0":"post-8737","1":"product","2":"type-product","3":"status-publish","4":"has-post-thumbnail","6":"product_cat-by-industry","7":"product_cat-collapsible-gift-boxes","8":"product_cat-custom-apparel-boxes","9":"product_cat-paper-box-style","10":"product_tag-clothes-box-wholesale","11":"product_tag-custom-apparel-gift-box","12":"product_tag-dress-collapsible-gift-box","14":"first","15":"instock","16":"shipping-taxable","17":"product-type-simple"},"_links":{"self":[{"href":"https:\/\/zojopackaging.com\/it\/wp-json\/wp\/v2\/product\/8737","targetHints":{"allow":["GET"]}}],"collection":[{"href":"https:\/\/zojopackaging.com\/it\/wp-json\/wp\/v2\/product"}],"about":[{"href":"https:\/\/zojopackaging.com\/it\/wp-json\/wp\/v2\/types\/product"}],"version-history":[{"count":1,"href":"https:\/\/zojopackaging.com\/it\/wp-json\/wp\/v2\/product\/8737\/revisions"}],"predecessor-version":[{"id":8743,"href":"https:\/\/zojopackaging.com\/it\/wp-json\/wp\/v2\/product\/8737\/revisions\/8743"}],"wp:featuredmedia":[{"embeddable":true,"href":"https:\/\/zojopackaging.com\/it\/wp-json\/wp\/v2\/media\/8738"}],"wp:attachment":[{"href":"https:\/\/zojopackaging.com\/it\/wp-json\/wp\/v2\/media?parent=8737"}],"wp:term":[{"taxonomy":"product_brand","embeddable":true,"href":"https:\/\/zojopackaging.com\/it\/wp-json\/wp\/v2\/product_brand?post=8737"},{"taxonomy":"product_cat","embeddable":true,"href":"https:\/\/zojopackaging.com\/it\/wp-json\/wp\/v2\/product_cat?post=8737"},{"taxonomy":"product_tag","embeddable":true,"href":"https:\/\/zojopackaging.com\/it\/wp-json\/wp\/v2\/product_tag?post=8737"}],"curies":[{"name":"wp","href":"https:\/\/api.w.org\/{rel}","templated":true}]}}