{"id":8744,"date":"2025-03-31T11:23:34","date_gmt":"2025-03-31T03:23:34","guid":{"rendered":"https:\/\/zojopackaging.com\/?post_type=product&#038;p=8744"},"modified":"2025-03-31T11:35:36","modified_gmt":"2025-03-31T03:35:36","slug":"high-quality-smart-mobile-phone-packaging-boxes-wholesale","status":"publish","type":"product","link":"https:\/\/zojopackaging.com\/it\/product\/high-quality-smart-mobile-phone-packaging-boxes-wholesale\/","title":{"rendered":"Alta qualit\u00e0 Smart Mobile Phone Packaging Boxes all'ingrosso"},"content":{"rendered":"<h2 id=\"high-quality-smartphone-packaging-box-wholesale-product-description\">Alta qualit\u00e0 Smart Mobile Phone Packaging Boxes all'ingrosso<\/h2>\n<h3 id=\"1-top-and-bottom-cover-box-design-both-safety-and-brand-display-\">1.\u00a0<strong>Design della scatola di copertura superiore e inferiore, sia per la sicurezza che per l'esposizione del marchio<\/strong><\/h3>\n<p>Adottando una struttura integrata di coperchio superiore e inferiore, la chiusura senza soluzione di continuit\u00e0 \u00e8 ottenuta grazie alla tecnologia di apertura dello stampo di precisione, evitando efficacemente i danni agli articoli causati dall'estrusione e dalla collisione durante il trasporto. La superficie della scatola pu\u00f2 essere stampata con il LOGO del marchio ad alta definizione, con informazioni sul prodotto o con la tecnologia di stampa laser a caldo, con un effetto di rilievo tridimensionale, che migliora significativamente il riconoscimento del marchio e la texture di alto livello, attirando l'attenzione dei consumatori.<\/p>\n<h3 id=\"2-environmentally-friendly-and-sustainable-materials-taking-into-account-strength-and-environmental-responsibility-\">2.\u00a0<strong>Materiali ecologici e sostenibili, che tengono conto della resistenza e della responsabilit\u00e0 ambientale.<\/strong><\/h3>\n<p>Il materiale di base \u00e8\u00a0<strong>Carta patinata C2S da 157 g + cartoncino rigido da 1200 g<\/strong>. La carta patinata esterna fornisce una base di stampa delicata, mentre il cartone rigido interno ha una resistenza alla compressione di oltre 3 volte superiore allo standard industriale. Ha superato la certificazione forestale FSC e i test ambientali dell'UE (RoHS) ed \u00e8 100% riciclabile e degradabile. La superficie \u00e8 ricoperta da un rivestimento ecologico opaco\/lucido a base d'acqua per evitare l'inquinamento da inchiostro tradizionale, in linea con la tendenza globale dell'imballaggio ecologico.<\/p>\n<h3 id=\"3-highly-customized-service-all-round-adaptation-needs-\">3.\u00a0<strong>Servizio altamente personalizzato, esigenze di adattamento a tutto tondo<\/strong><\/h3>\n<ul>\n<li><strong>Tipo di scatola flessibile<\/strong>Supporta pi\u00f9 di 20 tipi di scatole, come il coperchio superiore e inferiore, il tipo a cassetto, la scatola a forma di libro, ecc;<\/li>\n<li><strong>Dimensioni precise<\/strong>copre l'intera gamma di dimensioni dei telefoni cellulari, da 4,7 a 7,2 pollici, con una tolleranza di controllo di \u00b10,5 mm;<\/li>\n<li><strong>Processi diversi<\/strong>: stampa a caldo opzionale\/argento, vernice locale UV, goffratura, laser e altri trattamenti di superficie, supporto di stampa a colori speciali Pantone, differenza di colore \u0394E\u22641,5;<\/li>\n<li><strong>Aggiornamento del materiale<\/strong>: possono essere sostituiti con speciali materiali ecologici, come il cartone in polpa di canna da zucchero e i materiali compositi in fibra di bamb\u00f9.<\/li>\n<\/ul>\n<h3 id=\"4-intelligent-lining-system-precise-product-protection-\">4.\u00a0<strong>Sistema di rivestimento intelligente, protezione precisa del prodotto<\/strong><\/h3>\n<p>Adotta una fodera in spugna EVA o in polpa di cellulosa a nido d'ape, personalizza la posizione dello scomparto in base alle dimensioni tridimensionali del telefono cellulare (lunghezza \u00d7 larghezza \u00d7 spessore), realizza\u00a0<strong>Fissazione a distanza zero<\/strong>e le prestazioni antisismiche sono certificate da ISTA 3A. Supporta un design a strati, compatibile con l'archiviazione integrata di accessori (come caricabatterie e auricolari) e aumenta l'utilizzo dello spazio di 40%.<\/p>\n<h3 id=\"5-triple-protective-coating-technology-to-resist-environmental-erosion-\">5.\u00a0<strong>Tecnologia a triplo rivestimento protettivo per resistere all'erosione ambientale<\/strong><\/h3>\n<p>La superficie \u00e8 ricoperta da una pellicola impermeabile e antiolio di livello nano (rivestimento PVDC), che consente di raggiungere un livello di impermeabilit\u00e0 IPX4, di non subire deformazioni per 48 ore in un ambiente con un'umidit\u00e0 di 90% e di avere una permeabilit\u00e0 all'olio inferiore a 0,1%. Lo strato interno aggiunge setacci molecolari a prova di umidit\u00e0 per assorbire l'umidit\u00e0 nella confezione e garantire la stabilit\u00e0 dei prodotti elettronici in ambienti con temperature e umidit\u00e0 estreme.<\/p>\n<h3 id=\"6-fully-automatic-intelligent-manufacturing-system-dual-guarantee-of-production-capacity-and-delivery-\">6.\u00a0<strong>Sistema di produzione intelligente completamente automatico, doppia garanzia di capacit\u00e0 produttiva e consegna<\/strong><\/h3>\n<p>Affidarsi a\u00a0<strong>36 linee di assemblaggio completamente automatiche<\/strong>con l'ispezione visiva AI integrata e il sistema logistico AGV, la capacit\u00e0 produttiva giornaliera supera i 10 milioni di pezzi e il ciclo di risposta agli ordini \u00e8 ridotto a 48 ore. Supporta la modalit\u00e0 di consegna JIT (Just-in-Time), il tasso di errore degli ordini di lotto &lt;0,3% e ha ottenuto la certificazione del sistema di gestione della qualit\u00e0 ISO 9001.<\/p>\n<h3 id=\"7-source-factory-advantage-zero-cost-empowerment-brand-\">7.\u00a0<strong>Vantaggio della fabbrica di origine, marchio di potenziamento a costo zero<\/strong><\/h3>\n<p>Come il\u00a0<strong>scatola di imballaggio del telefono cellulare fabbrica di fonte ODM\/OEM<\/strong>\u00a0nell'area di produzione principale del Delta del Fiume delle Perle in Cina, forniamo:<\/p>\n<ul>\n<li><strong>prove di stampa gratuite<\/strong>I campioni fisici saranno inviati entro 3 giorni lavorativi;<\/li>\n<li><strong>design gratuito<\/strong>: un team di professionisti fornisce 3 serie di soluzioni progettuali (compresi i rendering 3D);<\/li>\n<li><strong>vantaggio di prezzo<\/strong>L'approvvigionamento su larga scala riduce i costi di 30% e il prezzo iniziale dell'ordine di 100.000 pezzi \u00e8 di soli 0,48 yuan\/pezzo.<\/li>\n<\/ul>\n<h3 id=\"technical-parameters\">Parametri tecnici<\/h3>\n<table>\n<thead>\n<tr>\n<th>Progetto<\/th>\n<th>Parametro<\/th>\n<th>Standard di certificazione<\/th>\n<\/tr>\n<\/thead>\n<tbody>\n<tr>\n<td>Resistenza alla compressione<\/td>\n<td>\u22658000N\/\u33a1<\/td>\n<td>GB\/T 6544-2008<\/td>\n<\/tr>\n<tr>\n<td>Test di caduta<\/td>\n<td>10 volte a 1,2 m di altezza senza danni<\/td>\n<td>ISTA 3A<\/td>\n<\/tr>\n<tr>\n<td>Contenuto di umidit\u00e0<\/td>\n<td>\u22649%<\/td>\n<td>ISO 535:2014<\/td>\n<\/tr>\n<tr>\n<td>Ciclo di consegna<\/td>\n<td>5-15 giorni (a seconda del volume dell'ordine)<\/td>\n<td>-<\/td>\n<\/tr>\n<\/tbody>\n<\/table>\n<p>Per ulteriori soluzioni personalizzate o campioni, contattate il nostro team di progettazione. Vi forniremo una soluzione di confezionamento completa con un\u00a0<strong>Meccanismo di risposta 24 ore su 24<\/strong>.<\/p>","protected":false},"excerpt":{"rendered":"<p>1. Il tipo di scatola con coperchio superiore e inferiore adotta la struttura del coperchio superiore e inferiore, che pu\u00f2 prevenire efficacemente il danneggiamento degli articoli contenuti nella confezione, e il marchio pu\u00f2 essere chiaramente contrassegnato per consentire ai consumatori di prestare attenzione.<br \/>\n2. 157 g di carta patinata C2S + 1200 g di cartoncino rigido Imballaggio sostenibile e rispettoso dell'ambiente<br \/>\n3. Il tipo di scatola, le dimensioni, il colore, il materiale e l'effetto di stampa superficiale possono essere altamente personalizzati per adattarsi all'imballaggio dello smartphone.<\/p>","protected":false},"featured_media":8749,"template":"","meta":[],"product_brand":[],"product_cat":[30,413,425,31],"product_tag":[966,968,967],"class_list":{"0":"post-8744","1":"product","2":"type-product","3":"status-publish","4":"has-post-thumbnail","6":"product_cat-by-industry","7":"product_cat-consumer-electronics-boxes","8":"product_cat-lid-and-base-gift-box","9":"product_cat-paper-box-style","10":"product_tag-high-quality-phone-packaging","11":"product_tag-phone-boxes-wholesale","12":"product_tag-smart-mobile-phone-packaging","14":"first","15":"instock","16":"shipping-taxable","17":"product-type-simple"},"_links":{"self":[{"href":"https:\/\/zojopackaging.com\/it\/wp-json\/wp\/v2\/product\/8744","targetHints":{"allow":["GET"]}}],"collection":[{"href":"https:\/\/zojopackaging.com\/it\/wp-json\/wp\/v2\/product"}],"about":[{"href":"https:\/\/zojopackaging.com\/it\/wp-json\/wp\/v2\/types\/product"}],"version-history":[{"count":1,"href":"https:\/\/zojopackaging.com\/it\/wp-json\/wp\/v2\/product\/8744\/revisions"}],"predecessor-version":[{"id":8750,"href":"https:\/\/zojopackaging.com\/it\/wp-json\/wp\/v2\/product\/8744\/revisions\/8750"}],"wp:featuredmedia":[{"embeddable":true,"href":"https:\/\/zojopackaging.com\/it\/wp-json\/wp\/v2\/media\/8749"}],"wp:attachment":[{"href":"https:\/\/zojopackaging.com\/it\/wp-json\/wp\/v2\/media?parent=8744"}],"wp:term":[{"taxonomy":"product_brand","embeddable":true,"href":"https:\/\/zojopackaging.com\/it\/wp-json\/wp\/v2\/product_brand?post=8744"},{"taxonomy":"product_cat","embeddable":true,"href":"https:\/\/zojopackaging.com\/it\/wp-json\/wp\/v2\/product_cat?post=8744"},{"taxonomy":"product_tag","embeddable":true,"href":"https:\/\/zojopackaging.com\/it\/wp-json\/wp\/v2\/product_tag?post=8744"}],"curies":[{"name":"wp","href":"https:\/\/api.w.org\/{rel}","templated":true}]}}