{"id":8751,"date":"2025-03-31T11:36:10","date_gmt":"2025-03-31T03:36:10","guid":{"rendered":"https:\/\/zojopackaging.com\/?post_type=product&#038;p=8751"},"modified":"2025-03-31T11:52:11","modified_gmt":"2025-03-31T03:52:11","slug":"custom-dental-teeth-aligner-packaging-rigid-gift-boxes","status":"publish","type":"product","link":"https:\/\/zojopackaging.com\/it\/product\/custom-dental-teeth-aligner-packaging-rigid-gift-boxes\/","title":{"rendered":"Scatole regalo rigide per l'imballaggio degli allineatori dentali personalizzati"},"content":{"rendered":"<h2 id=\"customized-dental-braces-packaging-hard-gift-box-product-description\">Scatole regalo rigide per l'imballaggio degli allineatori dentali personalizzati<\/h2>\n<h3 id=\"-1-pull-out-box-design-convenient-opening-and-closing-experience-\"><strong>1. Design della scatola di carta a cassetti, comoda esperienza di apertura e chiusura<\/strong><\/h3>\n<p>Adottare\u00a0<strong>struttura di scorrimento a cassetti sovrapponibili<\/strong>Il corpo della scatola scorre e si apre senza problemi e il tempo di funzionamento si riduce di oltre 50%. La scatola interna e la scatola esterna sono collegate da un binario a scanalatura di precisione per garantire che il processo di trazione sia stabile e privo di inceppamenti, adatto all'uso frequente di bretelle. Grazie al design ergonomico della maniglia con scanalatura semicircolare, \u00e8 possibile aprirla facilmente con una sola mano per migliorare l'esperienza dell'utente.<\/p>\n<h3 id=\"-2-ribbon-accessories-and-brand-aesthetics-integration-\"><strong>2. Accessori a nastro e integrazione dell'estetica del marchio<\/strong><\/h3>\n<p>La parte superiore della confezione regalo \u00e8 abbinata a\u00a0<strong>decorazione a nastro personalizzata<\/strong>che pu\u00f2 essere scelto tra materiali satinati o con texture in rilievo e supporta il ricamo del logo del marchio. Il colore del nastro si abbina al processo di stampa a caldo, come l'oro champagne, il rosso scuro e cos\u00ec via, per migliorare la stratificazione visiva. In combinazione con il\u00a0<strong>carrozzeria completamente nera<\/strong>Il nastro diventa il tocco finale, rafforzando il riconoscimento del marchio e trasmettendo al tempo stesso le caratteristiche di un regalo di alta gamma.<\/p>\n<h3 id=\"-3-all-black-box-design-interpreting-modern-luxury-\"><strong>3. Design della scatola completamente nero, che interpreta il lusso moderno<\/strong><\/h3>\n<p>Il corpo della scatola adotta\u00a0<strong>substrato nero puro opaco<\/strong>e presenta una texture delicata grazie a uno speciale processo di rivestimento per evitare residui di impronte digitali. Il nero simboleggia professionalit\u00e0 e fiducia, in linea con la tonalit\u00e0 del settore medico dentale. Il bordo del coperchio della scatola \u00e8 rifinito con 3 mm d'oro, per sottolineare il senso della tecnologia e dell'estetica moderna in modo discreto.<\/p>\n<h3 id=\"-4-hot-stamping-process-enhances-visual-texture-\"><strong>4. Il processo di stampa a caldo migliora la texture visiva<\/strong><\/h3>\n<p>Utilizzo\u00a0<strong>tecnologia di stampaggio a caldo ad alta precisione<\/strong>Il logo del marchio, il motivo geometrico dei denti o la scritta personalizzata vengono presentati sulla superficie della scatola. Supporta effetti multipli come oro opaco, oro brillante e lamina colorata, con una precisione di linea di 0,1 mm. Lo strato di stampa a caldo \u00e8 resistente ai graffi per garantire che non sbiadisca dopo un uso prolungato, conferendo all'imballaggio un valore da collezione.<\/p>\n<h3 id=\"-5-environmentally-friendly-materials-and-sustainable-structures-\"><strong>5. Materiali ecologici e strutture sostenibili<\/strong><\/h3>\n<p>Il corpo principale adotta\u00a0<strong>Carta patinata C2S da 157 g + cartone rigido da 1200 g<\/strong>\u00a0con una resistenza alla compressione di oltre 50 kg, che soddisfa la certificazione ambientale FSC. Il rivestimento utilizza cotone EVA degradabile in sostituzione dei tradizionali riempitivi in plastica e il tasso di riciclaggio complessivo del materiale di imballaggio raggiunge i 95%. La struttura della scatola \u00e8 priva di colla e pu\u00f2 essere smontata senza inquinamento grazie all'assemblaggio a scatto.<\/p>\n<h3 id=\"-6-precise-lining-customization-to-optimize-space-utilization-\"><strong>6. Personalizzazione precisa del rivestimento per ottimizzare l'utilizzo dello spazio<\/strong><\/h3>\n<p>Fornire\u00a0<strong>soluzioni di rivestimento modulari<\/strong>:<\/p>\n<ul>\n<li><strong>Design della griglia<\/strong>: L'area dello strumento, la fessura del bastoncino da masticare e l'intercalare del foglio di istruzioni sono divisi da divisori mobili.<\/li>\n<li><strong>Supporto interno con montaggio 3D<\/strong>: Incisione laser delle scanalature di tamponamento in base alle dimensioni del correttore, con una tolleranza di \u00b10,5 mm.<\/li>\n<li><strong>Strato di fissaggio magnetico<\/strong>: I forti magneti incorporati fissano la scatola del correttore per evitare lo spostamento durante il trasporto.<\/li>\n<\/ul>\n<h3 id=\"-7-one-stop-service-advantages-of-chinese-factories-\"><strong>7. Vantaggi del servizio one-stop delle fabbriche cinesi<\/strong><\/h3>\n<ul>\n<li><strong>Campioni gratuiti<\/strong>: 3 campioni fisici (comprese le versioni base per la stampa a caldo) sono forniti per il test.<\/li>\n<li><strong>Design a costo zero<\/strong>: Il team di professionisti produce 3 serie di piani di progettazione entro 72 ore, con il supporto di anteprime di rendering 3D.<\/li>\n<li><strong>Competitivit\u00e0 dei prezzi<\/strong>: Il prezzo d'ordine iniziale per 1.000.000 di pezzi \u00e8 a partire da\u00a0<strong>0.1$\u00a0<\/strong>, comprese le tasse e la tassa sulla muffa.<\/li>\n<li><strong>Consegna veloce<\/strong>7 giorni per le prove di stampa, 15 giorni per le consegne in blocco, con il supporto della logistica globale DDP.<\/li>\n<\/ul>\n<p><strong>Processo di cooperazione<\/strong><\/p>\n<ol>\n<li><strong>Conferma dei requisiti<\/strong>: Presentare le dimensioni del correttore e il manuale della marca VI.<\/li>\n<li><strong>Proposta di design<\/strong>: Fornire rendering 3D e campioni di materiale entro 3 giorni lavorativi.<\/li>\n<li><strong>Produzione di massa<\/strong>: Godetevi uno sconto di 5% per il primo ordine.<\/li>\n<\/ol>","protected":false},"excerpt":{"rendered":"<p>1. Il design del cassetto e l'apertura scorrevole facilitano l'apertura e la chiusura da parte dell'utente, riducendo il tempo di funzionamento.<br \/>\n2. Con accessori come i nastri, si esalta la bellezza e l'attrattiva visiva e si migliora la riconoscibilit\u00e0 del marchio.<br \/>\n3. Il corpo della scatola \u00e8 stato progettato interamente in nero, che combina perfettamente il simbolo del lusso e della modernit\u00e0.<br \/>\n4. La fabbrica di imballaggi per apparecchi ortodontici della Cina pu\u00f2 fornire campioni gratuiti, progettazione gratuita e fornire prodotti di alta qualit\u00e0 al prezzo pi\u00f9 basso.<\/p>","protected":false},"featured_media":8753,"template":"","meta":[],"product_brand":[],"product_cat":[30,413,31,426],"product_tag":[969,971,970],"class_list":{"0":"post-8751","1":"product","2":"type-product","3":"status-publish","4":"has-post-thumbnail","6":"product_cat-by-industry","7":"product_cat-consumer-electronics-boxes","8":"product_cat-paper-box-style","9":"product_cat-paper-drawer-boxes","10":"product_tag-custom-dental-aligner-packaging","11":"product_tag-teeth-aligner-gift-boxes","12":"product_tag-teeth-aligner-packaging","14":"first","15":"instock","16":"shipping-taxable","17":"product-type-simple"},"_links":{"self":[{"href":"https:\/\/zojopackaging.com\/it\/wp-json\/wp\/v2\/product\/8751","targetHints":{"allow":["GET"]}}],"collection":[{"href":"https:\/\/zojopackaging.com\/it\/wp-json\/wp\/v2\/product"}],"about":[{"href":"https:\/\/zojopackaging.com\/it\/wp-json\/wp\/v2\/types\/product"}],"version-history":[{"count":2,"href":"https:\/\/zojopackaging.com\/it\/wp-json\/wp\/v2\/product\/8751\/revisions"}],"predecessor-version":[{"id":8759,"href":"https:\/\/zojopackaging.com\/it\/wp-json\/wp\/v2\/product\/8751\/revisions\/8759"}],"wp:featuredmedia":[{"embeddable":true,"href":"https:\/\/zojopackaging.com\/it\/wp-json\/wp\/v2\/media\/8753"}],"wp:attachment":[{"href":"https:\/\/zojopackaging.com\/it\/wp-json\/wp\/v2\/media?parent=8751"}],"wp:term":[{"taxonomy":"product_brand","embeddable":true,"href":"https:\/\/zojopackaging.com\/it\/wp-json\/wp\/v2\/product_brand?post=8751"},{"taxonomy":"product_cat","embeddable":true,"href":"https:\/\/zojopackaging.com\/it\/wp-json\/wp\/v2\/product_cat?post=8751"},{"taxonomy":"product_tag","embeddable":true,"href":"https:\/\/zojopackaging.com\/it\/wp-json\/wp\/v2\/product_tag?post=8751"}],"curies":[{"name":"wp","href":"https:\/\/api.w.org\/{rel}","templated":true}]}}