{"id":8760,"date":"2025-03-31T11:53:01","date_gmt":"2025-03-31T03:53:01","guid":{"rendered":"https:\/\/zojopackaging.com\/?post_type=product&#038;p=8760"},"modified":"2025-03-31T12:14:34","modified_gmt":"2025-03-31T04:14:34","slug":"custom-collagen-powder-sachet-packaging-boxes-wholesale","status":"publish","type":"product","link":"https:\/\/zojopackaging.com\/it\/product\/custom-collagen-powder-sachet-packaging-boxes-wholesale\/","title":{"rendered":"Scatole d'imballaggio su ordinazione della polvere di collagene della bustina all'ingrosso"},"content":{"rendered":"<h2 id=\"customized-collagen-powder-bag-magnetic-packaging-box-wholesale-product-description\">Scatole d'imballaggio su ordinazione della polvere di collagene della bustina all'ingrosso<\/h2>\n<h3 id=\"-1-magnetic-embedded-design-a-combination-of-convenience-and-durability-\"><strong>1. Progettazione integrata magnetica: Una combinazione di convenienza e durata<\/strong><\/h3>\n<p>La tecnologia magnetica incorporata viene utilizzata per ottenere l'allineamento automatico e la funzione di adsorbimento quando la scatola da imballaggio viene chiusa grazie al magnete incorporato ad alta resistenza, senza la necessit\u00e0 di parti metalliche esposte, evitando il problema della facile usura e ossidazione degli adesivi magnetici tradizionali. Questo design non solo migliora la fluidit\u00e0 dell'apertura e della chiusura (attrazione magnetica stabile e uniforme), ma prolunga anche la vita utile della scatola da imballaggio, particolarmente adatta a scenari di utilizzo ad alta frequenza (come l'uso quotidiano di prodotti sanitari). Dopo la chiusura del corpo della scatola, i bordi vengono sigillati ermeticamente, impedendo efficacemente l'umidit\u00e0 e la polvere e garantendo la tenuta del prodotto.<\/p>\n<h3 id=\"-2-double-sided-high-definition-color-printing-visual-communication-of-brand-and-product-characteristics-\"><strong>2. Stampa a colori ad alta definizione su entrambi i lati: comunicazione visiva del marchio e delle caratteristiche del prodotto.<\/strong><\/h3>\n<p>Grazie alla tecnologia di stampa a colori su due lati, all'attrezzatura rotocalco a 9 colori e all'inchiostro ecologico a base d'acqua, vengono garantiti disegni chiari e delicati e un'elevata saturazione dei colori. Il colore principale della scatola di imballaggio \u00e8 un arancione vivace, combinato con l'effetto gradiente e il processo di stampa a caldo della texture metallica del LOGO del marchio, per trasmettere un'immagine calda e innovativa del marchio; i punti chiave di vendita della polvere di collagene (come \"le piccole molecole sono facili da assorbire\" e \"la vitamina C aggiunta\") possono essere stampati sul retro per rafforzare i punti di memoria dei clienti. Supporto della personalizzazione dei colori Pantone per soddisfare le esigenze unificate del marchio VI.<\/p>\n<h3 id=\"-3-environmentally-friendly-materials-and-structural-optimization-sustainability-and-practicality-are-equally-important-\"><strong>3. Materiali ecocompatibili e ottimizzazione strutturale: sostenibilit\u00e0 e praticit\u00e0 sono ugualmente importanti.<\/strong><\/h3>\n<ul>\n<li><strong>Materiale<\/strong>: Lo strato esterno utilizza carta patinata C2S da 157 g (texture opaca, resistenza ai graffi), mentre lo strato interno utilizza cartone rigido da 1200 g (capacit\u00e0 di carico di 5 kg, forte resistenza alla pressione), entrambi hanno superato la certificazione forestale FSC e possono essere 100% riciclati e degradabili.<\/li>\n<li><strong>Design della fodera interna<\/strong>: Fodera personalizzata in EVA o cartone riciclato, che fissa il sacchetto di polvere di collagene attraverso una struttura a nido d'ape o fessure pieghevoli, massimizza l'uso dello spazio (una singola scatola pu\u00f2 ospitare 10-20 sacchetti) e riduce le perdite dovute al trasporto. La superficie interna del rivestimento \u00e8 ricoperta da una pellicola in PE per uso alimentare, a prova di umidit\u00e0 e antivegetativa.<\/li>\n<\/ul>\n<h3 id=\"-4-fully-automated-production-efficient-delivery-and-cost-advantages-\"><strong>4. Produzione completamente automatizzata: consegna efficiente e vantaggi in termini di costi<\/strong><\/h3>\n<p>La fabbrica \u00e8 dotata di linee di produzione completamente automatiche per la fustellatura, l'assemblaggio magnetico e la stampa UV, con una capacit\u00e0 produttiva giornaliera di 10 milioni di pezzi, in grado di supportare la consegna di 100.000 ordini entro 72 ore. La linea di produzione integra un sistema di ispezione della qualit\u00e0 AI per garantire che l'errore di dimensione di ogni lotto di prodotti sia \u22640,5 mm, che l'uniformit\u00e0 dell'attrazione magnetica sia conforme allo standard e che il tasso di difettosit\u00e0 sia inferiore a 0,1%. La produzione su larga scala riduce significativamente il prezzo unitario e il costo degli ordini in blocco (a partire da 100.000 pezzi) pu\u00f2 essere compresso a 70% di prodotti simili.<\/p>\n<h3 id=\"-5-one-stop-customization-service-seamless-support-from-design-to-samples-\"><strong>5. Servizio di personalizzazione one-stop: supporto continuo dalla progettazione alla campionatura.<\/strong><\/h3>\n<p>Come fabbrica di origine in Cina, fornisce:<\/p>\n<ul>\n<li><strong>Prova di stampa gratuita<\/strong>: I campioni fisici saranno inviati entro 3 giorni lavorativi, a supporto delle regolazioni della struttura e dell'effetto di stampa.<\/li>\n<li><strong>Supporto alla progettazione<\/strong>: Team di professionisti forniscono rendering 3D e soluzioni di materiali basati sulle esigenze del marchio, compatibili con le specifiche di imballaggio delle piattaforme di e-commerce transfrontaliere (come Amazon e Shopify).<\/li>\n<li><strong>Fornitura transfrontaliera<\/strong>: Supporta certificazioni internazionali come FDA e REACH e fornisce servizi a valore aggiunto come l'etichettatura e la consegna di scatole divise.<\/li>\n<\/ul>\n<hr \/>\n<h2 id=\"-technical-parameters-\"><strong>Parametri tecnici<\/strong><\/h2>\n<table>\n<thead>\n<tr>\n<th>Progetto<\/th>\n<th>Specifiche tecniche<\/th>\n<\/tr>\n<\/thead>\n<tbody>\n<tr>\n<td>Materiale<\/td>\n<td>Carta artistica C2S da 157 g + cartoncino da 1200 g<\/td>\n<\/tr>\n<tr>\n<td>Attrazione magnetica<\/td>\n<td>\u22653N (misurato 10.000 volte di apertura e chiusura senza attenuazione)<\/td>\n<\/tr>\n<tr>\n<td>Processo di stampa<\/td>\n<td>Stampa rotocalcografica su entrambi i lati + stampa parziale UV\/caldo<\/td>\n<\/tr>\n<tr>\n<td>Quantit\u00e0 minima ordinabile<\/td>\n<td>500 pezzi<\/td>\n<\/tr>\n<tr>\n<td>Ciclo di consegna<\/td>\n<td>7-15 giorni (a seconda del volume dell'ordine)<\/td>\n<\/tr>\n<\/tbody>\n<\/table>\n<hr \/>\n<p><strong>Vantaggi della cooperazione<\/strong><\/p>\n<ul>\n<li><strong>Vantaggio di prezzo<\/strong>: Fornitura diretta da parte della fabbrica, nessuna differenza di prezzo tra gli intermediari.<\/li>\n<li><strong>Certificazione verde<\/strong>: Soddisfa lo standard UE EN13432 per la biodegradabilit\u00e0, contribuendo agli obiettivi ESG del marchio.<\/li>\n<li><strong>Personalizzazione flessibile<\/strong>supporta diverse strutture, come scatole di forma speciale e cassettiere, ed \u00e8 adatto a sacchetti di polvere di collagene di diverse specifiche.<\/li>\n<\/ul>","protected":false},"excerpt":{"rendered":"<p>1. La scatola di chiusura magnetica, con il suo design incorporato, evita il vantaggio dell'usura esposta e pu\u00f2 allineare e assorbire automaticamente quando la scatola di imballaggio \u00e8 chiusa.<br \/>\n2. La stampa a colori su due lati migliora l'effetto di abbinamento dei colori. Le caratteristiche del vostro prodotto e i vantaggi del vostro marchio possono essere stampati sulla scatola per migliorare l'impressione del cliente.<br \/>\n3. L'arancione \u00e8 un colore caldo, dotato di vitalit\u00e0 e calore, che pu\u00f2 far sentire i clienti rinvigoriti.<\/p>","protected":false},"featured_media":8761,"template":"","meta":[],"product_brand":[],"product_cat":[30,422,424,31],"product_tag":[972,974,973],"class_list":{"0":"post-8760","1":"product","2":"type-product","3":"status-publish","4":"has-post-thumbnail","6":"product_cat-by-industry","7":"product_cat-custom-gourmet-boxes-by-industry","8":"product_cat-magnetic-closure-boxes","9":"product_cat-paper-box-style","10":"product_tag-collagen-packaging","11":"product_tag-custom-collagen-boxes-wholesale","12":"product_tag-powder-sachet-packaging","14":"first","15":"instock","16":"shipping-taxable","17":"product-type-simple"},"_links":{"self":[{"href":"https:\/\/zojopackaging.com\/it\/wp-json\/wp\/v2\/product\/8760","targetHints":{"allow":["GET"]}}],"collection":[{"href":"https:\/\/zojopackaging.com\/it\/wp-json\/wp\/v2\/product"}],"about":[{"href":"https:\/\/zojopackaging.com\/it\/wp-json\/wp\/v2\/types\/product"}],"version-history":[{"count":1,"href":"https:\/\/zojopackaging.com\/it\/wp-json\/wp\/v2\/product\/8760\/revisions"}],"predecessor-version":[{"id":8767,"href":"https:\/\/zojopackaging.com\/it\/wp-json\/wp\/v2\/product\/8760\/revisions\/8767"}],"wp:featuredmedia":[{"embeddable":true,"href":"https:\/\/zojopackaging.com\/it\/wp-json\/wp\/v2\/media\/8761"}],"wp:attachment":[{"href":"https:\/\/zojopackaging.com\/it\/wp-json\/wp\/v2\/media?parent=8760"}],"wp:term":[{"taxonomy":"product_brand","embeddable":true,"href":"https:\/\/zojopackaging.com\/it\/wp-json\/wp\/v2\/product_brand?post=8760"},{"taxonomy":"product_cat","embeddable":true,"href":"https:\/\/zojopackaging.com\/it\/wp-json\/wp\/v2\/product_cat?post=8760"},{"taxonomy":"product_tag","embeddable":true,"href":"https:\/\/zojopackaging.com\/it\/wp-json\/wp\/v2\/product_tag?post=8760"}],"curies":[{"name":"wp","href":"https:\/\/api.w.org\/{rel}","templated":true}]}}