{"id":8784,"date":"2025-03-31T13:49:24","date_gmt":"2025-03-31T05:49:24","guid":{"rendered":"https:\/\/zojopackaging.com\/?post_type=product&#038;p=8784"},"modified":"2025-03-31T14:25:06","modified_gmt":"2025-03-31T06:25:06","slug":"custom-printed-coffee-tea-packaging-box-wholesale-supplier","status":"publish","type":"product","link":"https:\/\/zojopackaging.com\/it\/product\/custom-printed-coffee-tea-packaging-box-wholesale-supplier\/","title":{"rendered":"Personalizzato stampato caff\u00e8 t\u00e8 Packaging Box Fornitore all'ingrosso"},"content":{"rendered":"<h2 id=\"1-environmentally-friendly-materials-sustainable-concept\">1. Materiali ecologici, concetto sostenibile<\/h2>\n<p>Le nostre scatole per il confezionamento di caff\u00e8 e t\u00e8 sono realizzate in\u00a0<strong>materiali riciclabili e rispettosi dell'ambiente<\/strong>come la fibra di bamb\u00f9, la pasta di bagassa, la base di carta ad alto contenuto di fibre, ecc. per garantire che i prodotti soddisfino gli standard ambientali internazionali (come la certificazione ISO9001, BRCGS). Il materiale \u00e8 sia **durevole che leggero<\/p>\n<h2 id=\"2-flexible-customization-to-highlight-brand-personality\">2. Personalizzazione flessibile per evidenziare la personalit\u00e0 del marchio<\/h2>\n<ol>\n<li><strong>Logo e design artistico<\/strong>: \u00c8 possibile aggiungere loghi del marchio, codici QR, motivi stagionali o elementi culturali e presentare effetti visivi di alta precisione attraverso la stampa offset, la stampa flessografica e altri processi. Ad esempio, \u00e8 possibile fare riferimento al design degli elementi tradizionali delle confezioni di t\u00e8 che combina l'estetica moderna per migliorare il riconoscimento del marchio.<\/li>\n<li><strong>Rivestimento e struttura personalizzati<\/strong>: In base alle dimensioni di prodotti come chicchi di caff\u00e8, bustine di t\u00e8, bastoncini istantanei, ecc., \u00e8 possibile progettare rivestimenti a strati in stile cassetto o scanalature fisse per ridurre lo spreco di spazio e ottimizzare l'efficienza di stoccaggio e trasporto. Ad esempio, il design dell'apertura e della chiusura magnetica della scatola per il t\u00e8 Pu'er tiene conto sia della praticit\u00e0 che del rituale.<\/li>\n<\/ol>\n<h2 id=\"3-multiple-styles-adapted-to-market-positioning\">3. Stili multipli, adattati al posizionamento sul mercato<\/h2>\n<p>Fornire\u00a0<strong>scatola regalo, scatola per biglietti, cilindro<\/strong>\u00a0e altri stili tra cui scegliere:<\/p>\n<ul>\n<li><strong>Scatola rigida<\/strong>: adatto a set regalo di alta gamma, con accessori in metallo o texture in legno, che evidenziano il posizionamento di lusso.<\/li>\n<li><strong>scatola di cartone<\/strong>Leggero e semplice, adatto a scenari quotidiani di vendita al dettaglio, utilizzando bicchieri di carta patinata ecologica o sacchetti di carta antiapertura, tenendo conto della sicurezza e della convenienza.<\/li>\n<li><strong>Imballaggio in tubo di carta<\/strong>: adatto per la conservazione di t\u00e8 o caff\u00e8 sfuso in grani, con rivestimento in PLA degradabile, sia per la tenuta che per l'estetica.<\/li>\n<\/ul>\n<h2 id=\"4-multifunctional-application-scenarios\">4. Scenari applicativi multifunzionali<\/h2>\n<p>Il prodotto si adatta ampiamente a\u00a0<strong>caff\u00e8, t\u00e8, alimenti salutari e set regalo<\/strong>\u00a0e altri campi:<\/p>\n<ul>\n<li>Confezionamento del caff\u00e8 in grani: utilizzare sacchetti di carta verticali o bicchieri in PLA trasparente per ottimizzare le propriet\u00e0 barriera e trattenere l'aroma.<\/li>\n<li>Scatola regalo per bustine di t\u00e8: combinata con un rivestimento a scomparti e un design essiccante, prolunga la durata di conservazione del t\u00e8.<\/li>\n<li>Bevande istantanee: scatole di carta leggera con strato interno a prova di umidit\u00e0, adatte al trasporto e-commerce e all'esposizione offline.<\/li>\n<\/ul>\n<h2 id=\"v-efficient-service-and-guarantee\">5. Servizio e garanzia efficienti<\/h2>\n<ol>\n<li><strong>Basso quantitativo minimo d'ordine<\/strong>: quantit\u00e0 minima d'ordine\u00a0<strong>500 pezzi<\/strong>, supportano l'ordine di prova di piccoli lotti e la produzione su larga scala.<\/li>\n<li><strong>Consegna veloce<\/strong>: il ciclo di produzione richiede solo\u00a0<strong>7-12 giorni lavorativi<\/strong>, la propria fabbrica e le attrezzature di automazione per garantire la puntualit\u00e0 delle consegne.<\/li>\n<li><strong>Servizio a valore aggiunto gratuito<\/strong>:<\/li>\n<li>Fornire\u00a0<strong>campioni gratuiti<\/strong>\u00a0e la verifica della progettazione, con test sui materiali e verifiche strutturali.<\/li>\n<li>Fornitura diretta dalla fabbrica di origine in Cina, nessuna differenza di prezzo intermediario, garanzia\u00a0<strong>prestazioni ad alto costo<\/strong>.<\/li>\n<\/ol>\n<h2 id=\"reasons-to-choose-us\">Motivi per scegliere noi<\/h2>\n<ul>\n<li><strong>Vantaggi tecnici<\/strong>: Laboratorio di purificazione a 300.000 livelli e attrezzature di stampa avanzate per garantire che i prodotti soddisfino gli standard di sicurezza alimentare.<\/li>\n<li><strong>Esperienza di caso<\/strong>: Al servizio di clienti nazionali ed esteri nell'industria alimentare, chimica quotidiana e dei regali.<\/li>\n<\/ul>","protected":false},"excerpt":{"rendered":"<p>\u2705 Branding eco-compatibile - I materiali riciclabili sono in linea con le moderne tendenze di sostenibilit\u00e0.<br \/>\nOrdini minimi - Iniziare con 500 unit\u00e0 per testare il mercato, scalare a pi\u00f9 di 50k\/mese.<br \/>\n\u2705 Ingegneria di precisione - La tolleranza di \u00b10,5 mm garantisce un riempimento della macchina senza soluzione di continuit\u00e0.<br \/>\n\u2705 Conformit\u00e0 globale - Soddisfa gli standard di imballaggio UE\/USA per il commercio elettronico transfrontaliero.<br \/>\n\u2705 Servizio chiavi in mano - Modelli di design gratuiti + consegna di campioni in 48 ore.<\/p>","protected":false},"featured_media":8787,"template":"","meta":[],"product_brand":[],"product_cat":[30,422,424,31],"product_tag":[980,982,981],"class_list":{"0":"post-8784","1":"product","2":"type-product","3":"status-publish","4":"has-post-thumbnail","6":"product_cat-by-industry","7":"product_cat-custom-gourmet-boxes-by-industry","8":"product_cat-magnetic-closure-boxes","9":"product_cat-paper-box-style","10":"product_tag-custom-coffee-packaging","11":"product_tag-tea-box-wholesale","12":"product_tag-tea-packaging-box","14":"first","15":"instock","16":"shipping-taxable","17":"product-type-simple"},"_links":{"self":[{"href":"https:\/\/zojopackaging.com\/it\/wp-json\/wp\/v2\/product\/8784","targetHints":{"allow":["GET"]}}],"collection":[{"href":"https:\/\/zojopackaging.com\/it\/wp-json\/wp\/v2\/product"}],"about":[{"href":"https:\/\/zojopackaging.com\/it\/wp-json\/wp\/v2\/types\/product"}],"version-history":[{"count":2,"href":"https:\/\/zojopackaging.com\/it\/wp-json\/wp\/v2\/product\/8784\/revisions"}],"predecessor-version":[{"id":8794,"href":"https:\/\/zojopackaging.com\/it\/wp-json\/wp\/v2\/product\/8784\/revisions\/8794"}],"wp:featuredmedia":[{"embeddable":true,"href":"https:\/\/zojopackaging.com\/it\/wp-json\/wp\/v2\/media\/8787"}],"wp:attachment":[{"href":"https:\/\/zojopackaging.com\/it\/wp-json\/wp\/v2\/media?parent=8784"}],"wp:term":[{"taxonomy":"product_brand","embeddable":true,"href":"https:\/\/zojopackaging.com\/it\/wp-json\/wp\/v2\/product_brand?post=8784"},{"taxonomy":"product_cat","embeddable":true,"href":"https:\/\/zojopackaging.com\/it\/wp-json\/wp\/v2\/product_cat?post=8784"},{"taxonomy":"product_tag","embeddable":true,"href":"https:\/\/zojopackaging.com\/it\/wp-json\/wp\/v2\/product_tag?post=8784"}],"curies":[{"name":"wp","href":"https:\/\/api.w.org\/{rel}","templated":true}]}}