{"id":8795,"date":"2025-03-31T14:26:32","date_gmt":"2025-03-31T06:26:32","guid":{"rendered":"https:\/\/zojopackaging.com\/?post_type=product&#038;p=8795"},"modified":"2025-03-31T14:52:33","modified_gmt":"2025-03-31T06:52:33","slug":"luxury-fork-knife-cutlery-spoon-tableware-set-packaging-box","status":"publish","type":"product","link":"https:\/\/zojopackaging.com\/it\/product\/luxury-fork-knife-cutlery-spoon-tableware-set-packaging-box\/","title":{"rendered":"Lusso forchetta coltello posate cucchiaio stoviglie Set Packaging Box"},"content":{"rendered":"<h2 id=\"-product-overview-\"><strong>Panoramica del prodotto<\/strong><\/h2>\n<p>Questo lussuoso set di forchette, coltelli, posate e cucchiai \u00e8 stato progettato per la tavola di alto livello, combinando estetica e praticit\u00e0. Utilizza materiali ecologici e una squisita lavorazione artigianale. \u00c8 adatta per matrimoni, hotel, vendita al dettaglio di fascia alta e altre scene, e migliora l'immagine del marchio e l'esperienza dell'utente con una qualit\u00e0 eccellente.<\/p>\n<h2 id=\"-core-selling-points-\"><strong>Punti di vendita fondamentali<\/strong><\/h2>\n<ol>\n<li><strong>Design di lusso e protezione di sicurezza<\/strong><\/li>\n<li><strong>Fodera in velluto + scomparto di sicurezza<\/strong>: La fodera della confezione regalo nera \u00e8 realizzata in morbido materiale di velluto, delicato e antigraffio; il design personalizzato dello scomparto assicura che le posate, la forchetta, il cucchiaio e le stoviglie siano posizionate saldamente per evitare collisioni durante il trasporto o la conservazione.<\/li>\n<li><strong>Struttura impilabile<\/strong>: Il design modulare favorisce un accatastamento efficiente, consente di risparmiare spazio di stoccaggio e di trasporto, riduce i costi logistici e mantiene la stabilit\u00e0 della struttura della scatola di imballaggio.<\/li>\n<li><strong>Protezione dell'ambiente e durata nel tempo<\/strong><\/li>\n<li><strong>Materiale riciclabile<\/strong>: Il corpo principale \u00e8 realizzato in legno ecologico riciclato, riciclabile 100% e conforme agli standard ambientali internazionali.<\/li>\n<li><strong>Durevole<\/strong>: La superficie \u00e8 ricoperta da un rivestimento opaco resistente all'usura, resistente alla pressione e all'umidit\u00e0, riutilizzabile e in grado di mantenere a lungo un aspetto ordinato.<\/li>\n<li><strong>Artigianato e garanzia di qualit\u00e0<\/strong><\/li>\n<li><strong>Squisita maestria<\/strong>: I bordi della scatola di imballaggio sono lisci e privi di bave, le cuciture sono precise e l'apertura e la chiusura sono fluide.<\/li>\n<li><strong>Adattabilit\u00e0 delle stoviglie<\/strong>: Supporta dimensioni personalizzate, si adatta perfettamente ai set di coltelli, forchette e cucchiai in acciaio inossidabile (come i set da 24 e 36 pezzi) e si adatta alle diverse esigenze di combinazione delle stoviglie.<\/li>\n<li><strong>Scenari applicativi multifunzionali<\/strong><\/li>\n<li><strong>Affari e festeggiamenti<\/strong>: Adatto a souvenir di nozze, banchetti di hotel, regali promozionali di marca e altri scenari per migliorare il livello delle attivit\u00e0; supporta l'incisione laser del LOGO o la tecnologia di stampa a caldo per migliorare il riconoscimento del marchio.<\/li>\n<li><strong>Vendita al dettaglio di fascia alta<\/strong>: Pu\u00f2 essere utilizzato come imballaggio espositivo per stoviglie di lusso per attirare l'attenzione dei consumatori e aumentare il valore aggiunto del prodotto.<\/li>\n<li><strong>Consegna e assistenza efficienti<\/strong><\/li>\n<li><strong>Ciclo di produzione<\/strong>: La quantit\u00e0 minima ordinabile \u00e8 di 500 pezzi e la produzione viene completata entro 7-12 giorni lavorativi per garantire una consegna puntuale.<\/li>\n<li><strong>Servizio personalizzato<\/strong>: La fabbrica di origine in Cina fornisce campioni gratuiti, consulenza progettuale e adeguamento dei materiali (come la lucidatura dello specchio della ruota di stoffa, la personalizzazione della struttura della scatola di legno) per soddisfare le diverse esigenze.<\/li>\n<\/ol>\n<h2 id=\"-technical-parameters-\"><strong>Parametri tecnici<\/strong><\/h2>\n<table>\n<thead>\n<tr>\n<th>Progetto<\/th>\n<th>Specifiche tecniche<\/th>\n<\/tr>\n<\/thead>\n<tbody>\n<tr>\n<td>Fodera<\/td>\n<td>Velluto nero + strato tampone in EVA<\/td>\n<\/tr>\n<tr>\n<td>Dimensione<\/td>\n<td>Personalizzabile (standard di riferimento: 25cm\u00d718cm\u00d76cm)<\/td>\n<\/tr>\n<tr>\n<td>Portante<\/td>\n<td>\u22645kg<\/td>\n<\/tr>\n<tr>\n<td>Certificazione ambientale<\/td>\n<td>Certificazione FSC, standard ROHS<\/td>\n<\/tr>\n<\/tbody>\n<\/table>\n<h2 id=\"-cooperation-advantages-\"><strong>Vantaggi della cooperazione<\/strong><\/h2>\n<ul>\n<li><strong>Vantaggio di prezzo<\/strong>: Grazie alle risorse del cluster produttivo cinese e alle soluzioni economicamente vantaggiose, il prezzo unitario \u00e8 30%-50% inferiore a quello di prodotti simili in Europa e negli Stati Uniti.<\/li>\n<li><strong>Servizio unico<\/strong>: Seguire la progettazione, le prove di stampa e la produzione in serie, supportare la logistica transfrontaliera e i servizi di spedizione.<\/li>\n<\/ul>\n<p><strong>Consultate subito i campioni gratuiti e iniziate il vostro viaggio nella personalizzazione degli imballaggi per stoviglie di alta gamma!<\/strong><\/p>","protected":false},"excerpt":{"rendered":"<p>\u2705 Branding eco-compatibile - I materiali riciclabili sono in linea con le moderne tendenze di sostenibilit\u00e0.<br \/>\nOrdini minimi - Iniziare con 500 unit\u00e0 per testare il mercato, scalare a pi\u00f9 di 50k\/mese.<br \/>\n\u2705 Ingegneria di precisione - La tolleranza di \u00b10,5 mm garantisce un riempimento della macchina senza soluzione di continuit\u00e0.<br \/>\n\u2705 Conformit\u00e0 globale - Soddisfa gli standard di imballaggio UE\/USA per il commercio elettronico transfrontaliero.<br \/>\n\u2705 Servizio chiavi in mano - Modelli di design gratuiti + consegna di campioni in 48 ore.<\/p>","protected":false},"featured_media":8801,"template":"","meta":[],"product_brand":[],"product_cat":[30,413,428,31],"product_tag":[984,983,985],"class_list":{"0":"post-8795","1":"product","2":"type-product","3":"status-publish","4":"has-post-thumbnail","6":"product_cat-by-industry","7":"product_cat-consumer-electronics-boxes","8":"product_cat-irregular-shaped-gift-boxes","9":"product_cat-paper-box-style","10":"product_tag-cutlery-spoon-packaging","11":"product_tag-fork-knife-packaging-box","12":"product_tag-tableware-set-packaging-box","14":"first","15":"instock","16":"shipping-taxable","17":"product-type-simple"},"_links":{"self":[{"href":"https:\/\/zojopackaging.com\/it\/wp-json\/wp\/v2\/product\/8795","targetHints":{"allow":["GET"]}}],"collection":[{"href":"https:\/\/zojopackaging.com\/it\/wp-json\/wp\/v2\/product"}],"about":[{"href":"https:\/\/zojopackaging.com\/it\/wp-json\/wp\/v2\/types\/product"}],"version-history":[{"count":3,"href":"https:\/\/zojopackaging.com\/it\/wp-json\/wp\/v2\/product\/8795\/revisions"}],"predecessor-version":[{"id":8811,"href":"https:\/\/zojopackaging.com\/it\/wp-json\/wp\/v2\/product\/8795\/revisions\/8811"}],"wp:featuredmedia":[{"embeddable":true,"href":"https:\/\/zojopackaging.com\/it\/wp-json\/wp\/v2\/media\/8801"}],"wp:attachment":[{"href":"https:\/\/zojopackaging.com\/it\/wp-json\/wp\/v2\/media?parent=8795"}],"wp:term":[{"taxonomy":"product_brand","embeddable":true,"href":"https:\/\/zojopackaging.com\/it\/wp-json\/wp\/v2\/product_brand?post=8795"},{"taxonomy":"product_cat","embeddable":true,"href":"https:\/\/zojopackaging.com\/it\/wp-json\/wp\/v2\/product_cat?post=8795"},{"taxonomy":"product_tag","embeddable":true,"href":"https:\/\/zojopackaging.com\/it\/wp-json\/wp\/v2\/product_tag?post=8795"}],"curies":[{"name":"wp","href":"https:\/\/api.w.org\/{rel}","templated":true}]}}