{"id":8812,"date":"2025-03-31T14:53:11","date_gmt":"2025-03-31T06:53:11","guid":{"rendered":"https:\/\/zojopackaging.com\/?post_type=product&#038;p=8812"},"modified":"2025-03-31T15:17:40","modified_gmt":"2025-03-31T07:17:40","slug":"luxury-perfume-oil-packaging-gift-box-wholesale-with-insert","status":"publish","type":"product","link":"https:\/\/zojopackaging.com\/it\/product\/luxury-perfume-oil-packaging-gift-box-wholesale-with-insert\/","title":{"rendered":"Olio di profumo di lusso imballaggio scatola regalo all'ingrosso con inserto"},"content":{"rendered":"<h2 id=\"-core-product-highlights-\"><strong>Punti salienti del prodotto principale<\/strong><\/h2>\n<ol>\n<li><strong>Doppio lusso della vista e del tatto<\/strong><\/li>\n<li><strong>Abbinamento di colori e modelli<\/strong>: I colori principali sono un profondo blu zaffiro e un caldo rosso bordeaux, che formano un contrasto classico e trasmettono un linguaggio visivo sobrio e lussuoso; la superficie della scatola \u00e8 intarsiata con un motivo a quadrifoglio placcato oro, che simboleggia fortuna ed eternit\u00e0, e il senso tridimensionale \u00e8 migliorato grazie alla tecnologia UV locale per creare un'identit\u00e0 visiva differenziata del marchio.<\/li>\n<li><strong>Trattamento della superficie<\/strong>: La tecnologia di laminazione tattile opaca antigraffio evita i residui di impronte digitali, conferendo al corpo della scatola una delicata texture opaca e migliorando al contempo la resistenza all'usura per garantire un aspetto perfetto durante il trasporto e la visualizzazione.<\/li>\n<li><strong>Scelta dei materiali che privilegia la tutela dell'ambiente e la qualit\u00e0<\/strong><\/li>\n<li><strong>Cartone certificato FSC<\/strong>: Il corpo principale \u00e8 realizzato in cartone grigio con anima certificata FSC di 1,5 mm di spessore, con un doppio rivestimento in rame di 157 g, che ha propriet\u00e0 di resistenza alla pressione e di protezione ambientale e soddisfa gli standard internazionali di approvvigionamento sostenibile.<\/li>\n<li><strong>Fodera personalizzata<\/strong>: Sono disponibili il vassoio blister in EVA o l'involucro in velluto PU, che possono essere adattati con precisione alla bottiglia di olio di profumo da 5ml-30ml. Il rivestimento pu\u00f2 essere personalizzato con colori specifici del marchio (come oro champagne e rosso vino) per aumentare il senso di cerimonia all'apertura della scatola.<\/li>\n<li><strong>Design funzionale intelligente<\/strong><\/li>\n<li><strong>Sistema di tenuta magnetica<\/strong>: Chiusure magnetiche invisibili integrate per ottenere un'esperienza di apertura e chiusura con una sola mano. Quando \u00e8 chiuso, \u00e8 ben saldo per evitare il rischio di usura della tradizionale struttura a linguetta, adatta a frequenti scene regalo.<\/li>\n<li><strong>Pannello personalizzato del marchio<\/strong>: Il coperchio interno riserva un pannello in rilievo vuoto, che supporta la stampa laser, la stampa a caldo del logo o del codice QR (risoluzione \u2265300dpi), soddisfacendo le diverse esigenze di visualizzazione della storia del marchio, l'impiantazione di link per attivit\u00e0 promozionali, ecc.<\/li>\n<\/ol>\n<h3 id=\"-technical-parameters-and-customized-services-\"><strong>Parametri tecnici e servizi personalizzati<\/strong><\/h3>\n<table>\n<thead>\n<tr>\n<th>Progetto<\/th>\n<th>Specifiche tecniche<\/th>\n<\/tr>\n<\/thead>\n<tbody>\n<tr>\n<td><strong>Dimensione di base<\/strong><\/td>\n<td>Dimensione standard 15\u00d76\u00d73cm (diametro interno), supporto personalizzazione dimensione non standard, errore \u22641mm<\/td>\n<\/tr>\n<tr>\n<td><strong>Quantit\u00e0 minima ordinabile<\/strong><\/td>\n<td>L'ordine in serie parte da 1.000 pezzi, supporta la produzione di colori misti e versioni miste<\/td>\n<\/tr>\n<tr>\n<td><strong>Opzioni di processo<\/strong><\/td>\n<td>Stampa a caldo\/argento, goffratura, pellicola luminosa locale UV, serigrafia (corrispondenza del numero di colore Pantone)<\/td>\n<\/tr>\n<tr>\n<td><strong>Ciclo di produzione<\/strong><\/td>\n<td>5 giorni per le prove di stampa, 15-18 giorni per la produzione di massa (supporto per il servizio rapido)<\/td>\n<\/tr>\n<tr>\n<td><strong>Servizi di supporto<\/strong><\/td>\n<td>Bozza di progettazione 3D gratuita, prove fisiche e ottimizzazione delle soluzioni logistiche, supporto all'esportazione transfrontaliera di imballaggi dedicati<\/td>\n<\/tr>\n<\/tbody>\n<\/table>\n<h2 id=\"-advantages-of-made-in-china-\"><strong>Vantaggi del Made in China<\/strong><\/h2>\n<ul>\n<li><strong>Fornitura diretta dalla fabbrica di origine<\/strong>: Pi\u00f9 di 16 anni di esperienza nel settore, sistema di qualit\u00e0 ISO e certificazione SEDEX, per garantire un controllo di qualit\u00e0 di livello internazionale.<\/li>\n<li><strong>Vantaggio di costo<\/strong>: La produzione su larga scala riduce il prezzo unitario (ordini in blocco a partire da 0,50 \u00a5\/pezzo), il preventivo per la spedizione in esenzione doganale \u00e8 facoltativo e per avviare l'ordine \u00e8 necessario un deposito di 30%.<\/li>\n<li><strong>Servizi a valore aggiunto<\/strong>: Progettazione gratuita dell'adattamento del marchio VI, consulenza su soluzioni di imballaggio sostenibili e audit di conformit\u00e0 globale (come le norme REACH dell'UE).<\/li>\n<\/ul>\n<p><strong>Scenari di applicazione<\/strong>: confezioni regalo per l'anniversario di marchi di profumi di fascia alta, set comuni transfrontalieri di lusso, regali personalizzati per i membri VIP, confezioni promozionali per le festivit\u00e0 dell'e-commerce (come l'edizione limitata di Natale).<\/p>","protected":false},"excerpt":{"rendered":"<p>\u2728 Evidenzia il marchio: Il motivo a quadrifoglio dorato e il design bicolore migliorano l'esperienza dell'unboxing.<br \/>\n\u2728 Eco-Premium: I materiali riciclati durevoli sono in linea con gli obiettivi di sostenibilit\u00e0 senza compromessi di lusso.<br \/>\nEfficienza all'ingrosso: Rapidit\u00e0 di consegna, prezzi competitivi e pannelli pronti per il logo semplificano gli ordini all'ingrosso.<br \/>\nPronti per il mondo: Compatto, leggero e testato per la spedizione internazionale a costi contenuti.<\/p>","protected":false},"featured_media":8813,"template":"","meta":[],"product_brand":[],"product_cat":[30,415,428,31],"product_tag":[986,988,987],"class_list":{"0":"post-8812","1":"product","2":"type-product","3":"status-publish","4":"has-post-thumbnail","6":"product_cat-by-industry","7":"product_cat-custom-jewelry-boxes-by-industry","8":"product_cat-irregular-shaped-gift-boxes","9":"product_cat-paper-box-style","10":"product_tag-luxury-perfume-oil-packaging","11":"product_tag-perfume-oil-box-wholesale","12":"product_tag-perfume-oil-packaging","14":"first","15":"instock","16":"shipping-taxable","17":"product-type-simple"},"_links":{"self":[{"href":"https:\/\/zojopackaging.com\/it\/wp-json\/wp\/v2\/product\/8812","targetHints":{"allow":["GET"]}}],"collection":[{"href":"https:\/\/zojopackaging.com\/it\/wp-json\/wp\/v2\/product"}],"about":[{"href":"https:\/\/zojopackaging.com\/it\/wp-json\/wp\/v2\/types\/product"}],"version-history":[{"count":1,"href":"https:\/\/zojopackaging.com\/it\/wp-json\/wp\/v2\/product\/8812\/revisions"}],"predecessor-version":[{"id":8819,"href":"https:\/\/zojopackaging.com\/it\/wp-json\/wp\/v2\/product\/8812\/revisions\/8819"}],"wp:featuredmedia":[{"embeddable":true,"href":"https:\/\/zojopackaging.com\/it\/wp-json\/wp\/v2\/media\/8813"}],"wp:attachment":[{"href":"https:\/\/zojopackaging.com\/it\/wp-json\/wp\/v2\/media?parent=8812"}],"wp:term":[{"taxonomy":"product_brand","embeddable":true,"href":"https:\/\/zojopackaging.com\/it\/wp-json\/wp\/v2\/product_brand?post=8812"},{"taxonomy":"product_cat","embeddable":true,"href":"https:\/\/zojopackaging.com\/it\/wp-json\/wp\/v2\/product_cat?post=8812"},{"taxonomy":"product_tag","embeddable":true,"href":"https:\/\/zojopackaging.com\/it\/wp-json\/wp\/v2\/product_tag?post=8812"}],"curies":[{"name":"wp","href":"https:\/\/api.w.org\/{rel}","templated":true}]}}