{"id":8820,"date":"2025-03-31T15:17:51","date_gmt":"2025-03-31T07:17:51","guid":{"rendered":"https:\/\/zojopackaging.com\/?post_type=product&#038;p=8820"},"modified":"2025-03-31T15:42:24","modified_gmt":"2025-03-31T07:42:24","slug":"custom-classic-wine-packaging-box-wholesale-with-ribbon","status":"publish","type":"product","link":"https:\/\/zojopackaging.com\/it\/product\/custom-classic-wine-packaging-box-wholesale-with-ribbon\/","title":{"rendered":"Personalizzato Classic Wine Packaging Box all'ingrosso con nastro"},"content":{"rendered":"<h2 id=\"-1-magnetic-embedded-lid-design-combining-aesthetics-and-durability-\"><strong>1. Design del coperchio magnetico incorporato, che combina estetica e durata.<\/strong><\/h2>\n<ul>\n<li><strong>Tecnologia innovativa con magnete incorporato<\/strong>: Adottando una struttura magnetica nascosta, il magnete \u00e8 incorporato nel corpo della scatola attraverso uno stampo di precisione per evitare il problema delle fibbie magnetiche tradizionali esposte che si usurano e si graffiano facilmente. Quando il coperchio \u00e8 chiuso, la forza magnetica viene assorbita in modo uniforme e l'esperienza di apertura e chiusura \u00e8 fluida ed elegante, garantendo al contempo prestazioni stabili dopo un uso ripetuto.<\/li>\n<li><strong>Aggiornamento della protezione<\/strong>: Il punto magnetico \u00e8 a filo con la superficie del corpo della scatola e il design non sporgente riduce il rischio di collisioni durante il trasporto.<\/li>\n<\/ul>\n<h2 id=\"-2-customized-ribbon-accessories-to-enhance-the-visual-impact-of-the-brand-\"><strong>2. Accessori a nastro personalizzati per migliorare l'impatto visivo del marchio.<\/strong><\/h2>\n<ul>\n<li><strong>Selezione di materiali di alta gamma<\/strong>: Sono disponibili seta, raso, velluto e altri materiali per i nastri, e i classici rosso vino, oro champagne, verde scuro e altri colori sono opzionali, formando un forte contrasto visivo con il corpo della scatola nera, evidenziando la texture lussuosa.<\/li>\n<li><strong>Personalizzazione del logo del marchio<\/strong>: Supporto di stampa a caldo di LOGO di marca, testo in rilievo o ricamo sulla superficie del nastro, che pu\u00f2 migliorare il senso della cerimonia di disimballaggio del regalo e migliorare il riconoscimento del marchio.<\/li>\n<\/ul>\n<h2 id=\"-3-foldable-flat-structure-reducing-logistics-costs-by-50-\"><strong>3. Struttura piatta pieghevole, per ridurre i costi logistici di 50%<\/strong><\/h2>\n<ul>\n<li><strong>Design pieghevole brevettato<\/strong>: Il corpo della scatola adotta la tecnologia della linea di piegatura pre-stampata e la scatola vuota pu\u00f2 essere piegata a 1\/5 del volume originale, riducendo notevolmente lo spazio di stoccaggio e di trasporto. Una volta appiattita, riduce notevolmente i costi di spedizione internazionale.<\/li>\n<li><strong>Montaggio rapido<\/strong>: Dopo averla ricevuta, l'utente deve solo dispiegare il corpo della scatola e inserire la fodera per formarla. Non sono necessari n\u00e9 colla n\u00e9 attrezzi e il montaggio pu\u00f2 essere completato in 30 secondi.<\/li>\n<\/ul>\n<h2 id=\"-4-anti-scratch-matte-coating-anti-fingerprint-and-wear-resistant-dual-protection-\"><strong>4. Rivestimento opaco antigraffio, protezione doppia antimpronta e antiusura<\/strong><\/h2>\n<ul>\n<li><strong>Processo di opacizzazione a livello nanometrico<\/strong>: La superficie adotta la tecnologia di rivestimento ad olio opaco antigraffio a base d'acqua e la polimerizzazione UV forma un denso strato protettivo. La durezza Mohs \u00e8 superiore a 3H, per resistere efficacemente ai graffi da trasporto ed eliminare i problemi di residui di impronte digitali.<\/li>\n<li><strong>Ottimizzazione tattile<\/strong>: La texture opaca si combina con il corpo della scatola nera per presentare una texture opaca di basso profilo e di lusso, che esalta la sensazione di alto livello del prodotto.<\/li>\n<\/ul>\n<h2 id=\"-5-customization-of-blank-inner-panels-supporting-multiple-processes-\"><strong>5. Personalizzazione dei pannelli interni fustellati, con supporto di processi multipli<\/strong><\/h2>\n<ul>\n<li><strong>Incisione laser<\/strong>: La macchina per la marcatura laser in fibra viene utilizzata per incidere le informazioni del marchio, le scritte o i modelli sul pannello di rivestimento interno con una precisione di 0,01 mm, adatta a una variet\u00e0 di materiali di rivestimento interno come l'acciaio inossidabile, il legno e l'EVA.<\/li>\n<li><strong>Stampa a caldo\/QR Code<\/strong>: Supporta la stampa parziale a caldo, la goffratura laser e altri processi, oppure stampa direttamente codici QR dinamici da collegare al sito web ufficiale del marchio e al sistema di tracciabilit\u00e0 per migliorare l'esperienza di interazione con il cliente.<\/li>\n<\/ul>\n<h2 id=\"-6-all-black-box-body-design-interpreting-the-ultimate-modern-aesthetics-\"><strong>6. Design della carrozzeria completamente nero, che interpreta l'estetica pi\u00f9 moderna.<\/strong><\/h2>\n<ul>\n<li><strong>Applicazione della psicologia del colore<\/strong>: Il nero profondo simboleggia l'eterno classico, abbinato alla texture opaca e ai dettagli in metallo magnetico, che trasmettono il tono del marchio \"lusso in chiave low-key\", adatto ai regali aziendali di fascia alta e ai vini da collezione.<\/li>\n<li><strong>Rinforzo strutturale<\/strong>: Adotta un pannello grigio da 1200 g + materiale composito in pelle PU, con una capacit\u00e0 di carico di 10 kg, che garantisce la sicurezza del trasporto delle bottiglie di vino.<\/li>\n<\/ul>\n<h2 id=\"-7-advantages-of-china-s-source-factory-free-design-high-cost-performance-\"><strong>7. Vantaggi della fabbrica di origine cinese: progettazione gratuita + prestazioni ad alto costo<\/strong><\/h2>\n<ul>\n<li><strong>Prova a costo zero<\/strong>: La fabbrica fornisce campioni gratuiti (limitati a 3 tipi di scatole di base), supporta disegni personalizzati o lo sviluppo di soluzioni 1-on-1 da parte di progettisti esclusivi.<\/li>\n<li><strong>Sistema di quotazione della scala<\/strong>: Il prezzo d'ordine di 500 pezzi \u00e8 di soli \u00a537\/pezzo, e sono disponibili sconti esclusivi per ordini superiori a 5.000 pezzi, che \u00e8 60% inferiore a prodotti simili in Europa e negli Stati Uniti.<\/li>\n<li><strong>Garanzia di qualit\u00e0<\/strong>: Ha superato il sistema di gestione della qualit\u00e0 ISO 9001 e la certificazione SEDEX 4P, offre una garanzia di 18 mesi e supporta l'ispezione di terzi.<\/li>\n<\/ul>","protected":false},"excerpt":{"rendered":"<ul>\n<li>\ud83c\udfc6\u00a0<strong>Differenziazione del marchio<\/strong>: I motivi in lamina d'oro e la texture opaca creano un teatro di unboxing per un posizionamento premium.<\/li>\n<li>\ud83c\udf31\u00a0<strong>Prestigio sostenibile<\/strong>: I materiali certificati FSC sono in linea con le tendenze del lusso eco-consapevole.<\/li>\n<li>\ud83d\udee1\ufe0f\u00a0<strong>Pronti per la logistica<\/strong>: 30% pi\u00f9 leggero delle casse in legno massiccio con una resistenza superiore allo schiacciamento.<\/li>\n<li>\ud83d\udcbc\u00a0<strong>Efficienza degli ordini in blocco<\/strong>: La produzione di SKU miste minimizza i costi di inventario.<\/li>\n<\/ul>","protected":false},"featured_media":8826,"template":"","meta":[],"product_brand":[],"product_cat":[30,427,419,31],"product_tag":[990,989,991],"class_list":{"0":"post-8820","1":"product","2":"type-product","3":"status-publish","4":"has-post-thumbnail","6":"product_cat-by-industry","7":"product_cat-collapsible-gift-boxes","8":"product_cat-custom-wines-spirits-boxes","9":"product_cat-paper-box-style","10":"product_tag-custom-wine-packaging","11":"product_tag-wine-packaging-box","12":"product_tag-wine-packaging-wholesale","14":"first","15":"instock","16":"shipping-taxable","17":"product-type-simple"},"_links":{"self":[{"href":"https:\/\/zojopackaging.com\/it\/wp-json\/wp\/v2\/product\/8820","targetHints":{"allow":["GET"]}}],"collection":[{"href":"https:\/\/zojopackaging.com\/it\/wp-json\/wp\/v2\/product"}],"about":[{"href":"https:\/\/zojopackaging.com\/it\/wp-json\/wp\/v2\/types\/product"}],"version-history":[{"count":2,"href":"https:\/\/zojopackaging.com\/it\/wp-json\/wp\/v2\/product\/8820\/revisions"}],"predecessor-version":[{"id":8828,"href":"https:\/\/zojopackaging.com\/it\/wp-json\/wp\/v2\/product\/8820\/revisions\/8828"}],"wp:featuredmedia":[{"embeddable":true,"href":"https:\/\/zojopackaging.com\/it\/wp-json\/wp\/v2\/media\/8826"}],"wp:attachment":[{"href":"https:\/\/zojopackaging.com\/it\/wp-json\/wp\/v2\/media?parent=8820"}],"wp:term":[{"taxonomy":"product_brand","embeddable":true,"href":"https:\/\/zojopackaging.com\/it\/wp-json\/wp\/v2\/product_brand?post=8820"},{"taxonomy":"product_cat","embeddable":true,"href":"https:\/\/zojopackaging.com\/it\/wp-json\/wp\/v2\/product_cat?post=8820"},{"taxonomy":"product_tag","embeddable":true,"href":"https:\/\/zojopackaging.com\/it\/wp-json\/wp\/v2\/product_tag?post=8820"}],"curies":[{"name":"wp","href":"https:\/\/api.w.org\/{rel}","templated":true}]}}