{"id":8829,"date":"2025-03-31T15:43:47","date_gmt":"2025-03-31T07:43:47","guid":{"rendered":"https:\/\/zojopackaging.com\/?post_type=product&#038;p=8829"},"modified":"2025-03-31T16:19:50","modified_gmt":"2025-03-31T08:19:50","slug":"custom-printed-men-underwear-packaging-boxes-wholesale","status":"publish","type":"product","link":"https:\/\/zojopackaging.com\/it\/product\/custom-printed-men-underwear-packaging-boxes-wholesale\/","title":{"rendered":"Personalizzato stampato uomini biancheria intima imballaggio scatole all'ingrosso"},"content":{"rendered":"<h2 id=\"-product-overview-\"><strong>Panoramica del prodotto<\/strong><\/h2>\n<p>Questo prodotto \u00e8 una confezione regalo ecologica di fascia alta progettata per i marchi di intimo maschile. Combina praticit\u00e0 e funzioni di esposizione del marchio ed \u00e8 adatto per set di regali, confezioni regalo per le festivit\u00e0 o scenari di vendita al dettaglio quotidiani. Utilizza materiali ecocompatibili e una raffinata lavorazione artigianale, supporta servizi personalizzati a processo completo e soddisfa le esigenze di differenziazione del marchio.<\/p>\n<h3 id=\"-core-selling-points-\"><strong>Punti di vendita fondamentali<\/strong><\/h3>\n<ol>\n<li><strong>Materiali ecologici e stampa di alta qualit\u00e0<\/strong><\/li>\n<li><strong>Cartone bianco spessorato da 350 g\/materiale riciclato<\/strong>: garantisce stabilit\u00e0 di impilamento e resistenza alla pressione, rispetta gli standard ambientali ed \u00e8 riciclabile e degradabile.<\/li>\n<li><strong>Tecnologia di stampa ad alta precisione<\/strong>Supporta la stampa in quadricromia, la stampa a caldo a tinte piatte, la laminazione UV e altri processi, presenta loghi di marca, istruzioni per la cura o codici QR, la riproduzione dei colori raggiunge \u0394E\u22641,5 e non sbiadisce dopo 30 lavaggi.<\/li>\n<li><strong>Opzioni di design flessibili<\/strong><\/li>\n<li><strong>Variante con finestra trasparente<\/strong>: La parte superiore o laterale della confezione regalo pu\u00f2 essere personalizzata con una finestra semicircolare\/rettangolare in pellicola PET trasparente per visualizzare in modo intuitivo il colore e lo stile del prodotto (ad esempio il modello dell'anno zodiacale rosso, la serie modale di seta di ghiaccio).<\/li>\n<li><strong>Integrazione degli elementi del marchio<\/strong>: supporto per l'aggiunta di logo in rilievo, testo stampato a caldo, carte della storia del marchio, ecc. per migliorare la sensazione di alto livello della confezione regalo.<\/li>\n<li><strong>Struttura di precisione e funzioni pratiche<\/strong><\/li>\n<li><strong>Divisorio interno rimovibile<\/strong>: separare 3-5 pezzi di biancheria intima (come boxer, stile antibatterico, stile sportivo) per evitare spostamenti durante il trasporto e adattarsi a diverse combinazioni di prodotti.<\/li>\n<li><strong>Processo di piegatura senza cuciture<\/strong>Taglio di precisione al laser, assenza di colla, montaggio rapido in 10 secondi, bordi arrotondati senza sbavature.<\/li>\n<\/ol>\n<h3 id=\"-customized-service-and-production-advantages-\"><strong>Servizi e vantaggi di produzione personalizzati<\/strong><\/h3>\n<ol>\n<li><strong>Quantit\u00e0 minima ordinabile e ciclo di consegna<\/strong><\/li>\n<li><strong>Quantit\u00e0 minima ordinabile 500 pezzi<\/strong>Gli ordini di prova per piccoli lotti sono flessibili e supportano i test di mercato iniziali dei marchi.<\/li>\n<li><strong>Sconto per grandi quantit\u00e0<\/strong>: gli ordini di oltre 10.000 pezzi godono di prezzi differenziati (prezzo unitario a partire da 0,25 \u00a5\/pezzo) e il ciclo di produzione \u00e8 ridotto a 7 giorni.<\/li>\n<li><strong>Servizio a valore aggiunto gratuito<\/strong><\/li>\n<li><strong>Bozza e campione di progettazione 3D<\/strong>: La fabbrica fornisce la modifica del file sorgente AI\/CDR e invia campioni fisici gratuitamente (1-3 giorni lavorativi).<\/li>\n<li><strong>Soluzione unica<\/strong>: Copre l'intero processo di progettazione dell'imballaggio, la selezione dei materiali e l'imballaggio logistico (imballaggio indipendente di scatole di cartone ondulato).<\/li>\n<\/ol>\n<h3 id=\"-application-scenarios-and-case-references-\"><strong>Scenari applicativi e casi di riferimento<\/strong><\/h3>\n<ul>\n<li><strong>Confezione regalo per il festival<\/strong>: Ad esempio, la confezione regalo rossa per l'Anno del Drago \u00e8 abbinata a una finestra trasparente, con 3 mutande antibatteriche incorporate e viene fornita con compresse di aromaterapia di marca.<\/li>\n<\/ul>\n<h3 id=\"-cooperation-process-\"><strong>Processo di cooperazione<\/strong><\/h3>\n<ol>\n<li><strong>Richiesta di conferma<\/strong>: Fornire bozze\/campioni di progetto, selezionare materiali e processi.<\/li>\n<li><strong>Revisione della prova di stampa<\/strong>: Produzione completa del campione entro 3 giorni lavorativi.<\/li>\n<li><strong>Produzione di massa<\/strong>: Consegna entro 7-15 giorni dalla conferma, supportando la logistica globale (DHL\/FedEx a domicilio).<\/li>\n<\/ol>\n<hr \/>\n<h3 id=\"-factory-qualification-\"><strong>Qualificazione di fabbrica<\/strong><\/h3>\n<ul>\n<li><strong>Cina Fonte Fabbrica<\/strong>: Certificata ISO 9001, dotata di macchina da stampa offset Heidelberg a otto colori e di impianti di fustellatura completamente automatici, con una capacit\u00e0 produttiva annua di oltre 10 milioni di pezzi.<\/li>\n<li><strong>Sviluppo sostenibile<\/strong>: Fornire opzioni di stampa con carta riciclata e inchiostro di soia, in linea con il posizionamento del marchio per la tutela dell'ambiente.<\/li>\n<\/ul>\n<p><strong>Consulta ora<\/strong>: Ottenere preventivi esclusivi e soluzioni di design, rispondere entro 24 ore!<\/p>","protected":false},"excerpt":{"rendered":"<p>\u2705\u00a0<strong>Eco-consapevole<\/strong>\u00a0- 100% i materiali riciclabili riducono l'impatto ambientale<br \/>\n\u2705\u00a0<strong>Amplificatore di marca<\/strong>\u00a0- La stampa ad alta definizione aumenta il valore percepito del prodotto<br \/>\n\u2705\u00a0<strong>Efficienza dei costi<\/strong>\u00a0- Prezzi all'ingrosso a partire da $0,30\/unit\u00e0<br \/>\n\u2705\u00a0<strong>Conformit\u00e0 globale<\/strong>\u00a0- Ha superato i test di sicurezza REACH dell'UE e CPSIA degli Stati Uniti.<\/p>","protected":false},"featured_media":8830,"template":"","meta":[],"product_brand":[],"product_cat":[30,414,430,31],"product_tag":[996,995,491],"class_list":{"0":"post-8829","1":"product","2":"type-product","3":"status-publish","4":"has-post-thumbnail","6":"product_cat-by-industry","7":"product_cat-custom-apparel-boxes","8":"product_cat-folding-cartons","9":"product_cat-paper-box-style","10":"product_tag-custom-underwear-packaging-boxes","11":"product_tag-men-underwear-packaging","12":"product_tag-underwear-packaging-wholesale","14":"first","15":"instock","16":"shipping-taxable","17":"product-type-simple"},"_links":{"self":[{"href":"https:\/\/zojopackaging.com\/it\/wp-json\/wp\/v2\/product\/8829","targetHints":{"allow":["GET"]}}],"collection":[{"href":"https:\/\/zojopackaging.com\/it\/wp-json\/wp\/v2\/product"}],"about":[{"href":"https:\/\/zojopackaging.com\/it\/wp-json\/wp\/v2\/types\/product"}],"version-history":[{"count":2,"href":"https:\/\/zojopackaging.com\/it\/wp-json\/wp\/v2\/product\/8829\/revisions"}],"predecessor-version":[{"id":8849,"href":"https:\/\/zojopackaging.com\/it\/wp-json\/wp\/v2\/product\/8829\/revisions\/8849"}],"wp:featuredmedia":[{"embeddable":true,"href":"https:\/\/zojopackaging.com\/it\/wp-json\/wp\/v2\/media\/8830"}],"wp:attachment":[{"href":"https:\/\/zojopackaging.com\/it\/wp-json\/wp\/v2\/media?parent=8829"}],"wp:term":[{"taxonomy":"product_brand","embeddable":true,"href":"https:\/\/zojopackaging.com\/it\/wp-json\/wp\/v2\/product_brand?post=8829"},{"taxonomy":"product_cat","embeddable":true,"href":"https:\/\/zojopackaging.com\/it\/wp-json\/wp\/v2\/product_cat?post=8829"},{"taxonomy":"product_tag","embeddable":true,"href":"https:\/\/zojopackaging.com\/it\/wp-json\/wp\/v2\/product_tag?post=8829"}],"curies":[{"name":"wp","href":"https:\/\/api.w.org\/{rel}","templated":true}]}}