{"id":8841,"date":"2025-03-31T16:15:36","date_gmt":"2025-03-31T08:15:36","guid":{"rendered":"https:\/\/zojopackaging.com\/?post_type=product&#038;p=8841"},"modified":"2025-03-31T16:45:59","modified_gmt":"2025-03-31T08:45:59","slug":"eco-friendly-custom-logo-printed-parfum-folding-carton-box","status":"publish","type":"product","link":"https:\/\/zojopackaging.com\/it\/product\/eco-friendly-custom-logo-printed-parfum-folding-carton-box\/","title":{"rendered":"Logo personalizzato amichevole Eco stampato Parfum scatola di cartone pieghevole"},"content":{"rendered":"<div class=\"widget block block-static-block\">\n<div class=\"landing-page-section option-bottom\">\n<div class=\"custom-materials-tabs-content container container-adjustment\">\n<div class=\"custom-materials-tab-content active\">\n<div class=\"widget block block-static-block\">\n<div class=\"options-items\">\n<div class=\"flex-grid-row-option\">\n<div class=\"flex-grid-item-option\">\n<div class=\"material-box\">\n<p>Nel mercato del consumo di profumi, l'imballaggio non \u00e8 solo il \"biglietto da visita esterno\" del prodotto, ma anche il vettore principale dei valori del marchio e dell'esperienza dell'utente. Il cartone pieghevole per profumi con logo personalizzato e rispettoso dell'ambiente offre ai marchi soluzioni che combinano estetica e protezione dell'ambiente attraverso l'innovazione dei materiali, l'aggiornamento dei processi e il design funzionale. Di seguito ne analizziamo i vantaggi principali da pi\u00f9 punti di vista:<\/p>\n<h4 id=\"-1-white-card-material-smooth-base-suitable-for-multiple-printing-needs-\"><strong>1. Materiale del cartoncino bianco: base liscia, adatta a molteplici esigenze di stampa.<\/strong><\/h4>\n<p>Grazie all'utilizzo di carta in polvere singola da 350 g o di carta bianca (come la carta di prima scelta Invercote), la superficie \u00e8 delicata e liscia, con un forte assorbimento dell'inchiostro, e pu\u00f2 essere sottoposta a processi complessi come la stampa a caldo e la quadricromia. Lo spessore della carta \u00e8 opzionale (da 125 a 350 g), il che non solo garantisce la rigidit\u00e0 e la resistenza alla pressione del corpo della scatola, ma riduce anche il volume di trasporto e i costi logistici grazie al design pieghevole. Ad esempio, la scatola per vino Remy Martin XO utilizza il cartone Invercote G e ottiene uno squisito effetto di goffratura grazie alla stampa concava e alla tecnologia di stampa a caldo. Questa tecnologia \u00e8 adatta anche alla presentazione della texture delicata delle scatole di profumo.<\/p>\n<h4 id=\"-2-feminine-and-elegant-tone-gentle-colors-and-big-brand-texture-\"><strong>2. Tono femminile ed elegante: colori delicati e texture di grande marca.<\/strong><\/h4>\n<p>Il design neutro \u00e8 abbinato ai colori Morandi (come il blu foschia e il viola taro) e la texture del metallo \u00e8 esaltata dalla tecnologia di stampa a caldo dell'argento, che contrasta con i toni morbidi della stampa in quadricromia, creando un'esperienza visiva coinvolgente di \"fragranza vaporosa\". Per esempio, la scatola del profumo Polo Earth di Ralph Lauren utilizza cartone certificato FSC e bottiglie di vetro riciclabili per trasmettere il concetto di protezione dell'ambiente attraverso un design semplice, mentre il cartone pieghevole del profumo CK EVERYONE raggiunge un equilibrio tra protezione dell'ambiente e consistenza utilizzando materiali riciclati 30%.<\/p>\n<h4 id=\"-3-hot-stamping-silver-four-color-printing-upgraded-technology-outstanding-details-\"><strong>3. Stampa a caldo in argento + stampa in quadricromia: tecnologia aggiornata, dettagli eccezionali.<\/strong><\/h4>\n<p>La tecnologia di stampa a caldo in argento trasferisce la lamina metallica attraverso la pressatura a caldo per formare un motivo tridimensionale ad alta lucentezza sulla superficie della scatola di carta, che ha sia una funzione anticontraffazione che di lusso; la stampa in quadricromia restituisce accuratamente il logo del marchio e i dettagli dell'illustrazione, e la transizione del colore \u00e8 naturale e morbida. Ad esempio, le scatole di champagne Cattier utilizzano il cartone Invercote G con un processo di stampa a caldo in rilievo per ottenere un'espressione visiva elegante e moderna. Questo processo \u00e8 adatto anche alla personalizzazione del logo delle scatole di profumo, come il flacone in alluminio riciclabile e la scatola di carta ecologica delle ricariche Dior Dior.<\/p>\n<h4 id=\"-4-fsc-certification-a-global-passport-for-sustainable-materials-\"><strong>4. La certificazione FSC: un passaporto globale per i materiali sostenibili<\/strong><\/h4>\n<p>Lo stabilimento utilizza cartone certificato FSC (come il MetsBoard Natural FBB), le materie prime provengono da foreste gestite in modo sostenibile e il processo di produzione \u00e8 conforme alle normative ambientali come il REACH dell'UE e il CA Prop 65 degli USA. Ad esempio, le scatole di carta per profumi, le etichette e i coperchi in legno di Ralph Lauren sono tutti certificati FSC e la produzione di cartoncino Invercote Grade 1 aiuta il marchio a raggiungere il suo obiettivo di carbon neutrality riducendo le emissioni di carbonio e il consumo di acqua.<\/p>\n<h4 id=\"-5-touch-film-technology-a-sensory-upgrade-for-high-end-experience-\"><strong>5. Tecnologia touch film: un upgrade sensoriale per un'esperienza di alto livello<\/strong><\/h4>\n<p>Il processo touch film forma una delicata pelle scamosciata sulla superficie della scatola di carta, morbida come il velluto e con propriet\u00e0 anti-impronta e anti-graffio. Questo processo \u00e8 utilizzato soprattutto per gli imballaggi di beni di lusso. Ad esempio, le scatole di champagne Taittinger utilizzano la pellicola a lente di Fresnel per creare un'illusione di bolla 3D, mentre le scatole di profumo utilizzano pellicole tattili per rafforzare il tono del marchio, soddisfacendo le esigenze degli utenti di fascia alta per un senso di rituale.<\/p>\n<h4 id=\"-6-customized-paper-tray-structure-the-last-line-of-defense-for-transportation-safety-\"><strong>6. Struttura personalizzata del vassoio carta: l'ultima linea di difesa per la sicurezza del trasporto<\/strong><\/h4>\n<p>Il vassoio di carta incorporato pu\u00f2 essere realizzato con materiali ecologici come la polpa di canna da zucchero e la polpa di bamb\u00f9. Grazie all'apertura precisa dello stampo, pu\u00f2 adattarsi a diverse forme di bottiglia (come colli sottili o bottiglie quadrate), non solo fissando il corpo della bottiglia ma anche evitando la deformazione da estrusione. Ad esempio, la scatola di profumo stampata da Guangzhou Ruideli presenta un vassoio interno in cotone perlato e una struttura in tessuto di seta, mentre la scatola di vino Ferrari Maximum garantisce la sicurezza del trasporto grazie al cartone ad alta resistenza e al design del cuscinetto.<\/p>\n<\/div>\n<\/div>\n<\/div>\n<\/div>\n<\/div>\n<\/div>\n<\/div>\n<\/div>\n<\/div>\n<div class=\"widget block block-static-block\">\n<div class=\"landing-page-section option-bottom\">\n<div class=\"custom-materials-tabs-content container container-adjustment\">\n<div class=\"custom-materials-tab-content active\">\n<div class=\"widget block block-static-block\">\n<p><!---end of option item--><\/p>\n<\/div>\n<\/div>\n<\/div>\n<\/div>\n<\/div>","protected":false},"excerpt":{"rendered":"<p>La scatola di carta pieghevole per profumi con logo personalizzato ed ecologico integra profondamente il tono del marchio, l'esperienza dell'utente e i concetti di sostenibilit\u00e0 grazie al materiale in cartoncino bianco, al processo di quadricromia in argento a caldo, alla certificazione FSC e alla tecnologia della pellicola tattile. In futuro, con lo sviluppo degli strumenti di progettazione AI e della tecnologia di stampa digitale, l'efficienza della produzione personalizzata sar\u00e0 ulteriormente migliorata e l'innovazione dei materiali riciclati e delle strutture intelligenti continuer\u00e0 a far evolvere l'industria del packaging dei profumi in una direzione ecologica e di alto livello.<\/p>","protected":false},"featured_media":8847,"template":"","meta":[],"product_brand":[],"product_cat":[30,417,430,31],"product_tag":[1000,999,1001],"class_list":{"0":"post-8841","1":"product","2":"type-product","3":"status-publish","4":"has-post-thumbnail","6":"product_cat-by-industry","7":"product_cat-custom-perfume-boxes-by-industry","8":"product_cat-folding-cartons","9":"product_cat-paper-box-style","10":"product_tag-custom-logo-printed-box","11":"product_tag-eco-friendly-box","12":"product_tag-parfum-folding-carton-box","14":"first","15":"instock","16":"shipping-taxable","17":"product-type-grouped"},"_links":{"self":[{"href":"https:\/\/zojopackaging.com\/it\/wp-json\/wp\/v2\/product\/8841","targetHints":{"allow":["GET"]}}],"collection":[{"href":"https:\/\/zojopackaging.com\/it\/wp-json\/wp\/v2\/product"}],"about":[{"href":"https:\/\/zojopackaging.com\/it\/wp-json\/wp\/v2\/types\/product"}],"version-history":[{"count":1,"href":"https:\/\/zojopackaging.com\/it\/wp-json\/wp\/v2\/product\/8841\/revisions"}],"predecessor-version":[{"id":8866,"href":"https:\/\/zojopackaging.com\/it\/wp-json\/wp\/v2\/product\/8841\/revisions\/8866"}],"wp:featuredmedia":[{"embeddable":true,"href":"https:\/\/zojopackaging.com\/it\/wp-json\/wp\/v2\/media\/8847"}],"wp:attachment":[{"href":"https:\/\/zojopackaging.com\/it\/wp-json\/wp\/v2\/media?parent=8841"}],"wp:term":[{"taxonomy":"product_brand","embeddable":true,"href":"https:\/\/zojopackaging.com\/it\/wp-json\/wp\/v2\/product_brand?post=8841"},{"taxonomy":"product_cat","embeddable":true,"href":"https:\/\/zojopackaging.com\/it\/wp-json\/wp\/v2\/product_cat?post=8841"},{"taxonomy":"product_tag","embeddable":true,"href":"https:\/\/zojopackaging.com\/it\/wp-json\/wp\/v2\/product_tag?post=8841"}],"curies":[{"name":"wp","href":"https:\/\/api.w.org\/{rel}","templated":true}]}}