{"id":8859,"date":"2025-03-31T16:44:45","date_gmt":"2025-03-31T08:44:45","guid":{"rendered":"https:\/\/zojopackaging.com\/?post_type=product&#038;p=8859"},"modified":"2025-03-31T17:12:44","modified_gmt":"2025-03-31T09:12:44","slug":"custom-press-on-nail-packaging-box-wholesale-with-window","status":"publish","type":"product","link":"https:\/\/zojopackaging.com\/it\/product\/custom-press-on-nail-packaging-box-wholesale-with-window\/","title":{"rendered":"Personalizzato stampa su chiodo imballaggio scatola all'ingrosso con finestra"},"content":{"rendered":"<h3 id=\"-1-transparent-pvc-window-design-intuitive-display-of-products-\"><strong>1. Design trasparente della finestra in PVC, visualizzazione intuitiva dei prodotti<\/strong><\/h3>\n<p>La finestra visiva \u00e8 realizzata in materiale PVC ad alta trasmittanza, in grado di mostrare chiaramente gli stili interni delle unghie (come intagli tridimensionali, colori sfumati, ecc.) senza aprire la scatola, riducendo la perdita di imballaggio al momento dell'acquisto. Il bordo della finestra \u00e8 tagliato con precisione al laser e si adatta perfettamente al corpo della scatola, combinando bellezza e tenuta e soddisfacendo i requisiti di visualizzazione dei prodotti per unghie di fascia alta.<\/p>\n<h3 id=\"-2-magnetic-embedded-closure-system-double-protection-\"><strong>2. Sistema di chiusura magnetico incorporato, doppia protezione<\/strong><\/h3>\n<p>Il corpo della scatola adotta una struttura magnetica tagliata di precisione con magneti incorporati ad alta resistenza (la forza magnetica pu\u00f2 raggiungere 0,8-1,2T), realizzando la comoda esperienza di apertura e chiusura \"one-click closing\", evitando al contempo il problema dell'usura causato dai tradizionali magneti esposti. Il design del coperchio completamente avvolto pu\u00f2 isolare efficacemente la polvere e l'umidit\u00e0, proteggere le punte delle unghie dall'impatto del trasporto o dell'ambiente di stoccaggio e prolungare la durata di conservazione del prodotto.<\/p>\n<h3 id=\"-3-lightweight-structure-and-environmentally-friendly-materials-\"><strong>3. Struttura leggera e materiali ecologici<\/strong><\/h3>\n<p>Il corpo principale adotta\u00a0<strong>Carta patinata C2S da 157 g + cartoncino rigido da 1200 g<\/strong>\u00a0processo composito, tenendo conto sia della resistenza alla pressione che della leggerezza (il peso di una singola scatola pu\u00f2 essere controllato a 15-30 g), riducendo i costi logistici. Il materiale \u00e8 certificato FSC, favorisce il riciclaggio e la degradazione, \u00e8 conforme agli standard di protezione ambientale REACH dell'UE e aiuta il marchio a trasmettere il concetto di sviluppo sostenibile.<\/p>\n<h3 id=\"-4-full-link-customized-service-\"><strong>4. Servizio personalizzato full-link<\/strong><\/h3>\n<ul>\n<li><strong>Dimensioni e tipo di scatola<\/strong>: Supporta la personalizzazione di scatole quadrate, rotonde, di forma speciale, ecc., \u00e8 adatto per chiodi a pressione di diverse specifiche (come chiodi corti, chiodi lunghi, set di chiodi, ecc.) e la quantit\u00e0 minima ordinabile pu\u00f2 essere di soli 500 pezzi;<\/li>\n<li><strong>Stampa e processo<\/strong>: La superficie della scatola pu\u00f2 essere lavorata con goffratura UV, stampa a caldo\/argento, pellicola opaca\/luminosa, ecc. e supporta la stampa fronte\/retro all'interno e all'esterno, compresi LOGO del marchio, codice QR (link a tutorial o post-vendita), istruzioni di manutenzione multilingue, ecc;<\/li>\n<li><strong>Abbinamento di colori e materiali<\/strong>Forniamo opzioni di finestre in PVC trasparenti, smerigliate e colorate, il corpo della scatola pu\u00f2 essere stampato con colori spot Pantone o colori sfumati e il materiale pu\u00f2 essere aggiornato a plastiche per uso alimentare come PET\/PP per soddisfare le esigenze di diversi posizionamenti di mercato.<\/li>\n<\/ul>\n<h3 id=\"-5-advantages-of-china-s-source-factory-\"><strong>5. Vantaggi della fabbrica di origine cinese<\/strong><\/h3>\n<p>In qualit\u00e0 di produttore professionale di imballaggi per unghie, forniamo:<\/p>\n<ul>\n<li><strong>Prova di stampa gratuita<\/strong>: I campioni fisici saranno inviati entro 3-5 giorni lavorativi, a supporto dell'adeguamento dimensionale completo di dimensioni, materiale ed effetto di stampa;<\/li>\n<li><strong>Design unico<\/strong>: Il team di designer offre servizi di ottimizzazione della struttura del packaging e di personalizzazione della soluzione visiva in base al tono del marchio, e il costo del design di 0 yuan aiuta la differenziazione del marchio;<\/li>\n<li><strong>Vantaggio di costo<\/strong>: La produzione su larga scala pu\u00f2 comprimere il prezzo unitario a 0,1-1,8 yuan\/pezzo (a seconda della complessit\u00e0 della personalizzazione), sostenendo il pagamento anticipato 30% + il pagamento finale alla consegna.<\/li>\n<\/ul>\n<p><strong>Scenari applicabili<\/strong>: catene di saloni per unghie, marchi di e-commerce di unghie, stazioni indipendenti transfrontaliere, negozi di collezioni di bellezza di fascia alta, ecc.\u00a0<strong>Processo di cooperazione<\/strong>: comunicazione della domanda \u2192 progettazione gratuita \u2192 conferma del campione \u2192 produzione in serie \u2192 ispezione della qualit\u00e0 e consegna (tempo di consegna 7-15 giorni).<\/p>\n<p>Se avete bisogno di ottenere i manuali dei prodotti o di discutere della cooperazione, contattate il rappresentante della fabbrica cinese. Potenzieremo il vostro marchio con prezzi all'origine e capacit\u00e0 di catena di fornitura flessibile.<\/p>","protected":false},"excerpt":{"rendered":"<p>\u2705\u00a0<strong>A prova di danni<\/strong>: Protegge le unghie delicate durante il trasporto grazie alle pareti resistenti allo schiacciamento.<br \/>\n\u2705\u00a0<strong>Appeal visivo immediato<\/strong>: La finestra in PVC aumenta gli acquisti d'impulso di 40% .<br \/>\n\u2705\u00a0<strong>Amplificatore di marca<\/strong>: La stampa su tutta la superficie trasforma le scatole in mini cartelloni pubblicitari.<br \/>\n\u2705\u00a0<strong>Risparmio di spazio<\/strong>: Il profilo sottile riduce i costi di stoccaggio in magazzino.<br \/>\n\u2705\u00a0<strong>Eco-consapevole<\/strong>: I materiali riciclabili sono in linea con i valori sostenibili del marchio.<\/p>","protected":false},"featured_media":8860,"template":"","meta":[],"product_brand":[],"product_cat":[30,390,424,31],"product_tag":[1002,639,1003],"class_list":{"0":"post-8859","1":"product","2":"type-product","3":"status-publish","4":"has-post-thumbnail","6":"product_cat-by-industry","7":"product_cat-custom-cosmetics-boxes","8":"product_cat-magnetic-closure-boxes","9":"product_cat-paper-box-style","10":"product_tag-custom-press-on-nail-box","11":"product_tag-press-on-nail-packaging","12":"product_tag-press-on-nail-packaging-wholesale","14":"first","15":"instock","16":"shipping-taxable","17":"product-type-simple"},"_links":{"self":[{"href":"https:\/\/zojopackaging.com\/it\/wp-json\/wp\/v2\/product\/8859","targetHints":{"allow":["GET"]}}],"collection":[{"href":"https:\/\/zojopackaging.com\/it\/wp-json\/wp\/v2\/product"}],"about":[{"href":"https:\/\/zojopackaging.com\/it\/wp-json\/wp\/v2\/types\/product"}],"version-history":[{"count":1,"href":"https:\/\/zojopackaging.com\/it\/wp-json\/wp\/v2\/product\/8859\/revisions"}],"predecessor-version":[{"id":8878,"href":"https:\/\/zojopackaging.com\/it\/wp-json\/wp\/v2\/product\/8859\/revisions\/8878"}],"wp:featuredmedia":[{"embeddable":true,"href":"https:\/\/zojopackaging.com\/it\/wp-json\/wp\/v2\/media\/8860"}],"wp:attachment":[{"href":"https:\/\/zojopackaging.com\/it\/wp-json\/wp\/v2\/media?parent=8859"}],"wp:term":[{"taxonomy":"product_brand","embeddable":true,"href":"https:\/\/zojopackaging.com\/it\/wp-json\/wp\/v2\/product_brand?post=8859"},{"taxonomy":"product_cat","embeddable":true,"href":"https:\/\/zojopackaging.com\/it\/wp-json\/wp\/v2\/product_cat?post=8859"},{"taxonomy":"product_tag","embeddable":true,"href":"https:\/\/zojopackaging.com\/it\/wp-json\/wp\/v2\/product_tag?post=8859"}],"curies":[{"name":"wp","href":"https:\/\/api.w.org\/{rel}","templated":true}]}}