{"id":8867,"date":"2025-03-31T16:46:31","date_gmt":"2025-03-31T08:46:31","guid":{"rendered":"https:\/\/zojopackaging.com\/?post_type=product&#038;p=8867"},"modified":"2025-03-31T17:47:47","modified_gmt":"2025-03-31T09:47:47","slug":"customization-high-end-perfume-folding-carton-supplier-in-china","status":"publish","type":"product","link":"https:\/\/zojopackaging.com\/it\/product\/customization-high-end-perfume-folding-carton-supplier-in-china\/","title":{"rendered":"Personalizzazione High-end profumo cartone pieghevole fornitore in Cina"},"content":{"rendered":"<p>Nel mercato del consumo di profumi, l'imballaggio non \u00e8 solo il \"biglietto da visita esterno\" del prodotto, ma anche il vettore principale dei valori del marchio e dell'esperienza dell'utente. Il fornitore cinese di cartoni pieghevoli personalizzati per profumi di alta gamma fornisce ai marchi soluzioni sia estetiche che pratiche attraverso l'innovazione tecnologica, l'aggiornamento dei processi e i servizi personalizzati. Di seguito vengono analizzati i suoi vantaggi principali da pi\u00f9 dimensioni:<\/p>\n<h4 id=\"-1-simple-design-suitable-for-popular-best-selling-models-flexible-customization-of-materials-and-sizes-\"><strong>1. Design semplice, adatto ai modelli pi\u00f9 venduti, personalizzazione flessibile di materiali e dimensioni.<\/strong><\/h4>\n<p>I fornitori cinesi offrono una gamma completa di cartoni pieghevoli, dai modelli base alle personalizzazioni di fascia alta, utilizzando come materiale di base il cartoncino monopolvere da 350 g o il cartoncino bianco (come il cartoncino Invercote Grade 1), con una superficie liscia e delicata, adatta a processi complessi come la stampa a caldo e la stampa UV. Il design \u00e8 prevalentemente neutro, con colori Morandi (come il blu foschia e il viola taro), che non solo si conformano all'estetica del pubblico, ma riservano anche uno spazio di personalizzazione per loghi, illustrazioni, ecc. Ad esempio, alcuni produttori supportano servizi di progettazione online gratuiti e i campioni possono essere prodotti al pi\u00f9 presto entro 24 ore.<\/p>\n<h4 id=\"-2-foldable-card-box-save-freight-and-storage-costs-\"><strong>2. Scatola di cartone pieghevole: risparmia i costi di trasporto e di stoccaggio.<\/strong><\/h4>\n<p>Riduce notevolmente i costi di logistica e stoccaggio. La resistenza alla compressione e la rigidit\u00e0 sono garantite da una precisa tecnologia di fustellatura, particolarmente adatta al trasporto di fragili bottiglie di profumo. I dati dimostrano che il costo logistico dei prodotti di profumeria utilizzando i cartoni pieghevoli pu\u00f2 essere ridotto di 20%-30%.<\/p>\n<h4 id=\"-3-heidelberg-printing-technology-accurate-restoration-of-design-colors-\"><strong>3. Tecnologia di stampa Heidelberg: ripristino accurato dei colori del design<\/strong><\/h4>\n<p>I fornitori di fascia alta hanno introdotto macchine da stampa tedesche Heidelberg, combinate con la stampa in quadricromia e la tecnologia dell'argento a caldo, per ottenere un ripristino di alta precisione dello spazio colore CMYK. ZOJO Print utilizza apparecchiature Heidelberg per stampare cartoni con pellicola opaca e la deviazione della saturazione del colore \u00e8 controllata entro 3%, soddisfacendo gli standard internazionali del packaging di lusso. Alcune aziende offrono anche servizi di prova virtuale del colore AR per aiutare i clienti a vedere in anteprima l'effetto di stampa.<\/p>\n<h4 id=\"-4-matt-film-technology-high-end-texture-and-moisture-proof-and-waterproof-\"><strong>4. Tecnologia del film opaco: texture di alto livello, a prova di umidit\u00e0 e impermeabile.<\/strong><\/h4>\n<p>La tecnologia di rivestimento in pellicola opaca viene utilizzata per formare una delicata superficie scamosciata sulla superficie del cartone, morbida come il velluto e con propriet\u00e0 anti-impronta e anti-graffio. Il materiale di rivestimento \u00e8 stato appositamente trattato per soddisfare lo standard di impermeabilit\u00e0 IP65 e pu\u00f2 resistere a lievi perdite causate dalla volatilizzazione del profumo. Ad esempio, il contenuto di umidit\u00e0 di una scatola di carta con pellicola opaca prodotta da un produttore di Guangzhou \u00e8 aumentato solo di 1,2% in un test di umidit\u00e0 di 48 ore.<\/p>\n<h4 id=\"-5-automated-production-in-our-own-factory-fast-delivery-in-5-7-days-\"><strong>5. Produzione automatizzata nella nostra fabbrica, consegna veloce in 5-7 giorni.<\/strong><\/h4>\n<p>Abbiamo il vantaggio di avere linee di produzione intelligenti e una capacit\u00e0 produttiva giornaliera di oltre 100.000 pezzi. Grazie al sistema ERP, siamo in grado di collegarci senza soluzione di continuit\u00e0 dalla bozza del progetto alla produzione di massa, e la consegna pu\u00f2 avvenire in soli 5 giorni lavorativi. Ad esempio, un cliente ha personalizzato 100.000 set di scatole di carte per profumi neutri, che hanno richiesto solo 6 giorni dalla conferma del progetto all'imballaggio e alla spedizione.<\/p>\n<h4 id=\"-6-professional-sales-team-full-process-support-for-customized-packaging-solutions-\"><strong>6. Team di vendita professionale: supporto completo per soluzioni di imballaggio personalizzate.<\/strong><\/h4>\n<p>Il fornitore \u00e8 dotato di un team trasversale, che comprende progettisti, ingegneri di stampa ed esperti di logistica, in grado di fornire servizi one-stop, dalla ricerca di mercato alla selezione dei materiali, fino all'ottimizzazione del trasporto. Ad esempio, per le esigenze dei marchi di fascia alta, possiamo consigliare scatole di carta in polpa di bamb\u00f9 certificate FSC + soluzioni di struttura tampone in cotone perlato integrato; per il mercato di massa, consigliamo scatole di carta riciclata + combinazioni di processi semplificati.<\/p>","protected":false},"excerpt":{"rendered":"<p>I fornitori cinesi di cartoni pieghevoli personalizzati per profumi di fascia alta stanno rimodellando l'industria globale dell'imballaggio grazie all'innovazione tecnologica e all'ottimizzazione dei processi. In futuro, con la diffusione degli strumenti di progettazione AI e della tecnologia di stampa digitale, l'efficienza della produzione personalizzata sar\u00e0 ulteriormente migliorata e l'integrazione di materiali sostenibili e strutture intelligenti continuer\u00e0 a guidare il settore verso un'economia verde e intelligente.<\/p>","protected":false},"featured_media":8877,"template":"","meta":[],"product_brand":[],"product_cat":[30,417,430,31],"product_tag":[1004,1005,1006],"class_list":{"0":"post-8867","1":"product","2":"type-product","3":"status-publish","4":"has-post-thumbnail","6":"product_cat-by-industry","7":"product_cat-custom-perfume-boxes-by-industry","8":"product_cat-folding-cartons","9":"product_cat-paper-box-style","10":"product_tag-customization-folding-carton","11":"product_tag-folding-carton-supplier-in-china","12":"product_tag-luxury-perfume-folding-carton","14":"first","15":"instock","16":"shipping-taxable","17":"product-type-grouped"},"_links":{"self":[{"href":"https:\/\/zojopackaging.com\/it\/wp-json\/wp\/v2\/product\/8867","targetHints":{"allow":["GET"]}}],"collection":[{"href":"https:\/\/zojopackaging.com\/it\/wp-json\/wp\/v2\/product"}],"about":[{"href":"https:\/\/zojopackaging.com\/it\/wp-json\/wp\/v2\/types\/product"}],"version-history":[{"count":2,"href":"https:\/\/zojopackaging.com\/it\/wp-json\/wp\/v2\/product\/8867\/revisions"}],"predecessor-version":[{"id":8903,"href":"https:\/\/zojopackaging.com\/it\/wp-json\/wp\/v2\/product\/8867\/revisions\/8903"}],"wp:featuredmedia":[{"embeddable":true,"href":"https:\/\/zojopackaging.com\/it\/wp-json\/wp\/v2\/media\/8877"}],"wp:attachment":[{"href":"https:\/\/zojopackaging.com\/it\/wp-json\/wp\/v2\/media?parent=8867"}],"wp:term":[{"taxonomy":"product_brand","embeddable":true,"href":"https:\/\/zojopackaging.com\/it\/wp-json\/wp\/v2\/product_brand?post=8867"},{"taxonomy":"product_cat","embeddable":true,"href":"https:\/\/zojopackaging.com\/it\/wp-json\/wp\/v2\/product_cat?post=8867"},{"taxonomy":"product_tag","embeddable":true,"href":"https:\/\/zojopackaging.com\/it\/wp-json\/wp\/v2\/product_tag?post=8867"}],"curies":[{"name":"wp","href":"https:\/\/api.w.org\/{rel}","templated":true}]}}