{"id":8879,"date":"2025-03-31T17:13:27","date_gmt":"2025-03-31T09:13:27","guid":{"rendered":"https:\/\/zojopackaging.com\/?post_type=product&#038;p=8879"},"modified":"2025-03-31T17:39:50","modified_gmt":"2025-03-31T09:39:50","slug":"custom-printed-durable-golf-balls-box-packaging-supplier","status":"publish","type":"product","link":"https:\/\/zojopackaging.com\/it\/product\/custom-printed-durable-golf-balls-box-packaging-supplier\/","title":{"rendered":"Fornitore d'imballaggio della scatola delle palle da golf durevole stampata su ordinazione"},"content":{"rendered":"<h2 id=\"-core-design-features-of-the-product-\"><strong>Caratteristiche principali del prodotto<\/strong><\/h2>\n<ol>\n<li><strong>Struttura a forma di scatola con coperchio superiore e inferiore<\/strong>\u00a0I coperchi superiore e inferiore sono chiusi, e il corpo della scatola e il coperchio sono saldamente inseriti grazie a precisi processi di scanalatura e piegatura. Il corpo della scatola utilizza cartone bianco ad alta rigidit\u00e0 (come Mets\u00e4 Board Pro FBB Bright) o cartone rigido, ed \u00e8 rinforzato con un trattamento degli angoli per attutire efficacemente l'impatto esterno e proteggere le palline da golf interne da danni da estrusione o collisione. La parete interna del coperchio della scatola pu\u00f2 essere dotata di flanella antiscivolo o di uno strato tampone in EVA per aumentare ulteriormente la protezione.<\/li>\n<li><strong>Scomparto foderato personalizzabile<\/strong>\u00a0Il rivestimento \u00e8 realizzato in materiale EVA (copolimero etilene-vinilacetato) ad alta densit\u00e0 e la struttura a nido d'ape o a scanalature indipendenti pu\u00f2 essere personalizzata in base alle dimensioni della pallina da golf (diametro standard 42,67 mm). Una singola scatola pu\u00f2 contenere fino a 6 palline. Il materiale EVA ha caratteristiche di buona elasticit\u00e0, resistenza all'usura e all'umidit\u00e0. Si adatta perfettamente alla pallina per ridurre gli scuotimenti durante il trasporto e ottimizzare l'utilizzo dello spazio. Supporta un design divisorio, come gli scomparti esclusivi per accessori quali punte e guanti.<\/li>\n<li><strong>Servizio di personalizzazione a tutto tondo<\/strong><\/li>\n<li><strong>Dimensioni e tipo di scatola<\/strong>: Supporto di scatole quadrate, rotonde e di forma speciale, con dimensioni che vanno dalla singola palla portatile alle scatole regalo a pi\u00f9 palle (come 14\u00d78\u00d79 cm standard o specifiche del cliente).<\/li>\n<li><strong>Selezione del materiale<\/strong>: Fornire cartone bianco, carta artistica, carta kraft ecologica, pelle PU o scatole di legno (come le scatole regalo in mogano).<\/li>\n<li><strong>Effetto superficie<\/strong>: Pellicola lucida opzionale (effetto specchio), pellicola opaca (struttura smerigliata) o pellicola tattile, tra cui il processo di pellicola lucida pu\u00f2 migliorare significativamente la saturazione del colore e la resistenza ai graffi del motivo stampato.<\/li>\n<li><strong>Tecnologia di stampa<\/strong>: Supporta la stampa a caldo, la goffratura parziale UV, la serigrafia, ecc. e pu\u00f2 personalizzare i loghi del marchio, i loghi dell'evento o i modelli personalizzati.<\/li>\n<\/ol>\n<h2 id=\"-production-process-and-quality-control-\"><strong>Processo di produzione e controllo qualit\u00e0<\/strong><\/h2>\n<ol>\n<li><strong>Il sistema di gestione MES consente una produzione trasparente<\/strong>\u00a0L'officina adotta il sistema MES (manufacturing execution system) per monitorare in tempo reale l'avanzamento degli ordini, l'inventario dei materiali e lo stato delle attrezzature, in modo da garantire la tracciabilit\u00e0 dell'intero processo, dalla prova di progettazione alla produzione in serie. Il sistema pianifica automaticamente la produzione e avvisa in caso di anomalie, risolvendo il problema dei ritardi di consegna delle fabbriche tradizionali, e il ciclo di consegna pu\u00f2 essere ridotto a 7-12 giorni (a seconda della complessit\u00e0 della personalizzazione).<\/li>\n<li><strong>Standard di protezione ambientale e di durata<\/strong>\u00a0I materiali sono conformi alla certificazione FSC, sono stampati con inchiostri a base d'acqua e il processo di laminazione utilizza una colla ecologica priva di solventi. Il corpo della scatola \u00e8 stato sottoposto a test di caduta e a esperimenti di temperatura e umidit\u00e0 costanti per garantire che non si deformi in un ambiente da -20\u2103 a 60\u2103.<\/li>\n<\/ol>\n<h2 id=\"-supplier-service-advantages-\"><strong>Vantaggi del servizio di fornitura<\/strong><\/h2>\n<ol>\n<li><strong>Fornitura diretta dalla fabbrica di origine<\/strong>\u00a0La fabbrica cinese locale fornisce servizi di prova gratuiti e supporta un ordine minimo di 1 pezzo. Il team di progettisti pu\u00f2 fornire rendering 3D e disegni strutturali per la conferma in base alle esigenze del cliente.<\/li>\n<\/ol>\n<h2 id=\"-application-scenarios-and-market-adaptability-\"><strong>Scenari di applicazione e adattabilit\u00e0 al mercato<\/strong><\/h2>\n<p>Applicabile ai regali dei tornei di golf, ai set di marchi comuni, alle confezioni per la vendita al dettaglio e ad altri scenari,<\/p>","protected":false},"excerpt":{"rendered":"<p>1. Il tipo di scatola con parte superiore e inferiore adotta la struttura dei coperchi superiore e inferiore, in grado di prevenire efficacemente il danneggiamento degli articoli contenuti nella confezione.<br \/>\n2. Il suo rivestimento interno pu\u00f2 ospitare in tutta sicurezza fino a 6 palline da golf.<br \/>\n3. Il tipo di scatola, le dimensioni, il colore, il materiale e l'effetto di stampa superficiale possono essere altamente personalizzati per soddisfare l'imballaggio delle palline da golf.<\/p>","protected":false},"featured_media":8883,"template":"","meta":[],"product_brand":[],"product_cat":[30,413,425,31],"product_tag":[1007,1009,1008],"class_list":{"0":"post-8879","1":"product","2":"type-product","3":"status-publish","4":"has-post-thumbnail","6":"product_cat-by-industry","7":"product_cat-consumer-electronics-boxes","8":"product_cat-lid-and-base-gift-box","9":"product_cat-paper-box-style","10":"product_tag-custom-golf-balls-box","11":"product_tag-durable-golf-balls-packaging-box","12":"product_tag-golf-balls-packaging-supplier","14":"first","15":"instock","16":"shipping-taxable","17":"product-type-simple"},"_links":{"self":[{"href":"https:\/\/zojopackaging.com\/it\/wp-json\/wp\/v2\/product\/8879","targetHints":{"allow":["GET"]}}],"collection":[{"href":"https:\/\/zojopackaging.com\/it\/wp-json\/wp\/v2\/product"}],"about":[{"href":"https:\/\/zojopackaging.com\/it\/wp-json\/wp\/v2\/types\/product"}],"version-history":[{"count":1,"href":"https:\/\/zojopackaging.com\/it\/wp-json\/wp\/v2\/product\/8879\/revisions"}],"predecessor-version":[{"id":8895,"href":"https:\/\/zojopackaging.com\/it\/wp-json\/wp\/v2\/product\/8879\/revisions\/8895"}],"wp:featuredmedia":[{"embeddable":true,"href":"https:\/\/zojopackaging.com\/it\/wp-json\/wp\/v2\/media\/8883"}],"wp:attachment":[{"href":"https:\/\/zojopackaging.com\/it\/wp-json\/wp\/v2\/media?parent=8879"}],"wp:term":[{"taxonomy":"product_brand","embeddable":true,"href":"https:\/\/zojopackaging.com\/it\/wp-json\/wp\/v2\/product_brand?post=8879"},{"taxonomy":"product_cat","embeddable":true,"href":"https:\/\/zojopackaging.com\/it\/wp-json\/wp\/v2\/product_cat?post=8879"},{"taxonomy":"product_tag","embeddable":true,"href":"https:\/\/zojopackaging.com\/it\/wp-json\/wp\/v2\/product_tag?post=8879"}],"curies":[{"name":"wp","href":"https:\/\/api.w.org\/{rel}","templated":true}]}}