{"id":8887,"date":"2025-03-31T17:19:10","date_gmt":"2025-03-31T09:19:10","guid":{"rendered":"https:\/\/zojopackaging.com\/?post_type=product&#038;p=8887"},"modified":"2025-03-31T17:45:32","modified_gmt":"2025-03-31T09:45:32","slug":"custom-perfume-box-for-100ml-bottle-packaging-folding-paper-box-maker","status":"publish","type":"product","link":"https:\/\/zojopackaging.com\/it\/product\/custom-perfume-box-for-100ml-bottle-packaging-folding-paper-box-maker\/","title":{"rendered":"Scatola di profumo personalizzato per 100 ml bottiglia imballaggio pieghevole carta Box Maker"},"content":{"rendered":"<p>Nel mercato del consumo di profumi, l'imballaggio non \u00e8 solo il \"biglietto da visita esterno\" del prodotto, ma anche il vettore principale dei valori del marchio e dell'esperienza dell'utente. I produttori cinesi di cartoni pieghevoli di fascia alta forniscono ai marchi soluzioni sia estetiche che pratiche attraverso l'innovazione tecnologica, l'aggiornamento dei processi e i servizi personalizzati. Di seguito si analizzano i vantaggi principali da pi\u00f9 punti di vista:<\/p>\n<h4 id=\"-1-full-dimensional-customization-service-flexible-adaptation-of-size-material-and-process-\"><strong>1. Servizio di personalizzazione full-dimensionale: adattamento flessibile di dimensioni, materiali e processi.<\/strong><\/h4>\n<p>I fornitori cinesi offrono una gamma completa di cartoni pieghevoli, dalla personalizzazione di base a quella di fascia alta, in grado di supportare l'adattamento di bottiglie a piena capacit\u00e0 come 100ml, 50ml, 30ml e 10ml. Utilizzando come materiale di base il cartoncino a polvere singola da 350 g o il cartone bianco (come il cartoncino di primo livello Invercote), la superficie \u00e8 liscia e delicata ed \u00e8 compatibile con processi complessi come la stampa a caldo, la stampa UV e la goffratura. Ad esempio, Shenzhen Zongzheng Packaging pu\u00f2 personalizzare la serigrafia, la stampa rotocalco e altri processi per ottenere una presentazione accurata del LOGO e delle illustrazioni del marchio.<\/p>\n<h4 id=\"-2-multi-size-compatible-design-adapt-to-different-bottle-types-worry-free-customization-\"><strong>2. Design compatibile con pi\u00f9 dimensioni: si adatta a diversi tipi di bottiglie, personalizzandole senza preoccupazioni.<\/strong><\/h4>\n<p>Il cartone pieghevole adotta una struttura modulare (come il coperchio superiore e inferiore, il cassetto). Una volta aperto, \u00e8 un tipo di scatola tridimensionale. Dopo la piegatura, il volume \u00e8 solo 1\/5-1\/3 di quello originale, riducendo notevolmente i costi logistici. Alcuni produttori offrono servizi di progettazione online gratuiti e supportano prove di stampa e modifiche rapide. Ad esempio, Shenzhen Mingweiyuan Paper Products pu\u00f2 personalizzare scatole flip-top di forma speciale per adattarsi a colli di bottiglia sottili o a bottiglie quadrate. I dati dimostrano che i costi logistici dei prodotti di profumeria che utilizzano cartoni pieghevoli possono essere ridotti di 20%-30%.<\/p>\n<h4 id=\"-3-process-upgrade-highlight-the-visual-expression-of-brand-tone-\"><strong>3. Aggiornamento del processo: evidenziare l'espressione visiva del tono del marchio.<\/strong><\/h4>\n<p>La superficie del cartone pu\u00f2 essere aggiunta con stampa a caldo, UV parziale, goffratura e altri processi per migliorare la texture e la funzione anticontraffazione. Zongzheng Packaging utilizza la tecnologia di stampa a caldo per migliorare la texture del metallo e combina la tecnologia di copertura del film opaco per ottenere l'impermeabilit\u00e0 IP65, adatta alle esigenze dei profumi di fascia alta. La pagina web ha sottolineato che nel mercato cinese delle scatole di imballaggio per profumi nel 2024, il tasso di premio dei prodotti che utilizzano la stampa a caldo, i raggi UV e altri processi pu\u00f2 raggiungere 20%-30%.<\/p>\n<h4 id=\"-4-china-s-high-end-supply-chain-source-price-helping-brands-quickly-occupy-the-market-\"><strong>4. La catena di approvvigionamento cinese di fascia alta: prezzo alla fonte, aiutare i marchi a occupare rapidamente il mercato<\/strong><\/h4>\n<p>Produttori principali come Shenzhen Zongzheng Packaging hanno investito 440 milioni di yuan per costruire un parco industriale di confezioni per profumi, con una produzione giornaliera di 500.000-700.000 set di scatole di carta, riducendo i costi marginali grazie alla produzione su larga scala. Rispetto alla piattaforma Taobao, produttori come Jiali Chuang forniscono veline per il viso importate e servizi di stampa ad alta precisione con \"prezzo Taobao, qualit\u00e0 internazionale\"; ad esempio, l'errore di peso delle sue scatole di carta \u00e8 controllato a 0,1-0,5 mm.<\/p>\n<h4 id=\"-5-high-production-capacity-and-fast-delivery-7-9-days-for-delivery-quality-and-quantity-guaranteed-\"><strong>5. Alta capacit\u00e0 di produzione e consegna veloce: 7-9 giorni per la consegna, qualit\u00e0 e quantit\u00e0 garantite.<\/strong><\/h4>\n<p>Shenzhen Zongzheng Packaging ha una capacit\u00e0 produttiva giornaliera di 50.000 set, supporta la personalizzazione di piccoli lotti (1 ordine minimo) e promette che \"la consegna in ritardo deve essere compensata\". La pagina web mostra che alcuni produttori hanno raggiunto una connessione perfetta dell'intero processo di progettazione, prova e produzione attraverso il sistema ERP, e la consegna pi\u00f9 veloce \u00e8 di 5 giorni lavorativi.<\/p>\n<h4 id=\"-6-professional-team-support-full-process-customized-solutions-\"><strong>6. Supporto di un team di professionisti: soluzioni personalizzate a processo completo<\/strong><\/h4>\n<p>I fornitori sono dotati di team trasversali, che comprendono designer, ingegneri di stampa ed esperti di logistica. Ad esempio, Shenzhen Zongzheng Packaging offre servizi di progettazione gratuiti, supporta file sorgente in formato CDR\/AI e garantisce la qualit\u00e0 grazie alla certificazione tedesca Rhine. Il sito web sottolinea che il team di professionisti \u00e8 in grado di rispondere rapidamente alle esigenze e di fornire un supporto unico, dalla ricerca di mercato all'ottimizzazione del trasporto.<\/p>","protected":false},"excerpt":{"rendered":"<p>I produttori cinesi di cartoni pieghevoli personalizzati per profumi stanno rimodellando l'industria globale dell'imballaggio attraverso l'innovazione dei materiali, l'aggiornamento dei processi e i servizi digitali. In futuro, con la diffusione degli strumenti di progettazione AI e dei materiali ecologici, l'efficienza della produzione personalizzata sar\u00e0 ulteriormente migliorata e l'integrazione della produzione sostenibile e della struttura intelligente continuer\u00e0 a guidare l'evoluzione del settore verso direzioni di alto livello e rispettose dell'ambiente. Evoluzione della direzione.<\/p>","protected":false},"featured_media":8890,"template":"","meta":[],"product_brand":[],"product_cat":[30,417,430,31],"product_tag":[1010,329,1011],"class_list":{"0":"post-8887","1":"product","2":"type-product","3":"status-publish","4":"has-post-thumbnail","6":"product_cat-by-industry","7":"product_cat-custom-perfume-boxes-by-industry","8":"product_cat-folding-cartons","9":"product_cat-paper-box-style","10":"product_tag-50ml-bottle-packaging","11":"product_tag-custom-perfume-box","12":"product_tag-paper-box-maker","14":"first","15":"instock","16":"shipping-taxable","17":"product-type-grouped"},"_links":{"self":[{"href":"https:\/\/zojopackaging.com\/it\/wp-json\/wp\/v2\/product\/8887","targetHints":{"allow":["GET"]}}],"collection":[{"href":"https:\/\/zojopackaging.com\/it\/wp-json\/wp\/v2\/product"}],"about":[{"href":"https:\/\/zojopackaging.com\/it\/wp-json\/wp\/v2\/types\/product"}],"version-history":[{"count":1,"href":"https:\/\/zojopackaging.com\/it\/wp-json\/wp\/v2\/product\/8887\/revisions"}],"predecessor-version":[{"id":8902,"href":"https:\/\/zojopackaging.com\/it\/wp-json\/wp\/v2\/product\/8887\/revisions\/8902"}],"wp:featuredmedia":[{"embeddable":true,"href":"https:\/\/zojopackaging.com\/it\/wp-json\/wp\/v2\/media\/8890"}],"wp:attachment":[{"href":"https:\/\/zojopackaging.com\/it\/wp-json\/wp\/v2\/media?parent=8887"}],"wp:term":[{"taxonomy":"product_brand","embeddable":true,"href":"https:\/\/zojopackaging.com\/it\/wp-json\/wp\/v2\/product_brand?post=8887"},{"taxonomy":"product_cat","embeddable":true,"href":"https:\/\/zojopackaging.com\/it\/wp-json\/wp\/v2\/product_cat?post=8887"},{"taxonomy":"product_tag","embeddable":true,"href":"https:\/\/zojopackaging.com\/it\/wp-json\/wp\/v2\/product_tag?post=8887"}],"curies":[{"name":"wp","href":"https:\/\/api.w.org\/{rel}","templated":true}]}}