{"id":8896,"date":"2025-03-31T17:40:48","date_gmt":"2025-03-31T09:40:48","guid":{"rendered":"https:\/\/zojopackaging.com\/?post_type=product&#038;p=8896"},"modified":"2025-03-31T18:23:15","modified_gmt":"2025-03-31T10:23:15","slug":"custom-baby-pacifier-clip-teether-holder-packaging-boxes","status":"publish","type":"product","link":"https:\/\/zojopackaging.com\/it\/product\/custom-baby-pacifier-clip-teether-holder-packaging-boxes\/","title":{"rendered":"Scatole d'imballaggio su ordinazione del supporto del ciuccio del bambino clip Teether"},"content":{"rendered":"<h2 id=\"-1-box-design-of-top-and-bottom-cover-precise-fit-upgraded-protection-\"><strong>1. Design a scatola del coperchio e del coperchio della base: adattamento preciso, protezione migliorata.<\/strong><\/h2>\n<p>Viene adottata la classica struttura di copertura superiore e inferiore, composta da coperchio superiore e scatola inferiore, e l'accoppiamento senza soluzione di continuit\u00e0 \u00e8 ottenuto grazie alla precisa corrispondenza delle dimensioni. La giuntura tra il coperchio superiore e quello inferiore presenta uno spazio ragionevole, che rende agevole l'apertura e la chiusura e garantisce la tenuta, prevenendo efficacemente la polvere e l'umidit\u00e0. Il corpo della scatola \u00e8 realizzato in cartone grigio rigido o in cartone ecologico, con tecnologia di fustellatura ad alta precisione, forte resistenza alla pressione e in grado di sopportare gli urti durante il trasporto.<\/p>\n<h2 id=\"-2-customized-lining-buffer-system-safe-protection-without-dead-angles-\"><strong>2. Sistema tampone di rivestimento personalizzato: protezione sicura senza angoli morti<\/strong><\/h2>\n<p>Il rivestimento pu\u00f2 essere scelto in schiuma EVA ad alta densit\u00e0 o in materiale spugnoso, e il ciuccio, la tettarella e altri oggetti possono essere fissati con precisione attraverso scanalature indipendenti o strutture a nido d'ape per ridurre l'usura da scuotimento. Ad esempio, la densit\u00e0 del rivestimento in EVA pu\u00f2 essere selezionata tra 30-50 kg\/m\u00b3 e il tasso di apertura della struttura a nido d'ape \u00e8 di 60-85%, tenendo conto sia del tamponamento che dell'utilizzo dello spazio. Supporta il design a strati ed \u00e8 adatto a combinazioni di prodotti di diverse dimensioni, come lo stoccaggio di ciucci e scatole per la disinfezione.<\/p>\n<h2 id=\"-3-brand-visual-enhancement-printing-technology-and-creative-design-\"><strong>3. Miglioramento visivo del marchio: tecnologia di stampa e design creativo<\/strong><\/h2>\n<p>La scatola offre un'area di stampa a 360\u00b0, supporta la stampa offset in quadricromia, la serigrafia e altri processi e pu\u00f2 essere personalizzata con loghi del marchio, illustrazioni o motivi a tema infantile. I processi di superficie includono:<\/p>\n<ul>\n<li><strong>Stampaggio a caldo\/stampaggio a caldo<\/strong>: esaltare il lusso del logo del marchio;<\/li>\n<li><strong>UV parziale<\/strong>: evidenziano la lucentezza e il senso tridimensionale della grafica principale;<\/li>\n<li><strong>In rilievo<\/strong>: migliorare il livello tattile, simulando ad esempio la consistenza della pelle di madri e bambini. Il file di progettazione supporta la generazione intelligente di AI per garantire un grado di riproduzione dei colori superiore a 98%.<\/li>\n<\/ul>\n<h2 id=\"-4-full-dimensional-customization-service-flexible-adaptation-to-needs-\"><strong>4. Servizio di personalizzazione full-dimensionale: adattamento flessibile alle esigenze<\/strong><\/h2>\n<ul>\n<li><strong>Dimensioni e tipo di scatola<\/strong>Supporta strutture rotonde, quadrate, di forma speciale e di altro tipo, in grado di soddisfare le esigenze di confezionamento dei prodotti nelle diverse fasi di vita da 0 a 3 anni;<\/li>\n<li><strong>Materiale e protezione ambientale<\/strong>: fornisce cartone bianco per alimenti, cartone grigio degradabile e altre opzioni, in linea con gli standard di sicurezza FDA e UE EN71;<\/li>\n<li><strong>Colore e processo<\/strong>: Corrispondenza dei colori Pantone, supporto di effetti opachi, lucidi, smerigliati e di altre superfici.<\/li>\n<\/ul>\n<h2 id=\"-5-intelligent-production-and-fast-delivery-\"><strong>5. Produzione intelligente e consegna rapida<\/strong><\/h2>\n<p>La struttura della scatola \u00e8 altamente modulare ed \u00e8 compatibile con fustellatrici completamente automatiche, incollatrici di scatole e altre attrezzature, con una capacit\u00e0 produttiva giornaliera fino a 50.000 pezzi. L'officina utilizza il sistema di gestione MES per monitorare in tempo reale l'avanzamento della produzione, lo stato delle attrezzature e i dati sulla qualit\u00e0, e il ciclo di consegna degli ordini \u00e8 ridotto a 7-10 giorni. Grazie al centro prove digitali, la conferma del campione fisico pu\u00f2 essere fornita entro 48 ore.<\/p>\n<h2 id=\"-6-advantages-of-the-source-factory-high-cost-performance-and-worry-free-service-\"><strong>6. Vantaggi della fabbrica di origine: prestazioni ad alto costo e servizio senza preoccupazioni.<\/strong><\/h2>\n<p>Fornitura diretta dalla fabbrica di origine in Cina, basandosi sulla produzione su larga scala e sull'integrazione della catena di fornitura, il prezzo \u00e8 15%-30% inferiore al prezzo medio del mercato. Vengono forniti servizi gratuiti di progettazione, anteprima di rendering 3D e consegna di campioni, e viene supportata la personalizzazione di piccoli lotti (quantit\u00e0 di ordine minimo 500 pezzi). Il controllo di qualit\u00e0 ha superato la certificazione ISO 9001 e fornisce una garanzia di 12 mesi.<\/p>\n<h2 id=\"-7-environmental-protection-and-sustainability-\"><strong>7. Protezione e sostenibilit\u00e0 ambientale<\/strong><\/h2>\n<p>Adotta carta certificata FSC e inchiostro a base d'acqua per supportare il design del riciclo. La scatola di imballaggio pu\u00f2 essere trasformata in un contenitore per la conservazione di madre e figlio o in un giocattolo per l'educazione precoce per estendere il ciclo di vita.<\/p>\n<p><strong>Processo di cooperazione<\/strong>: comunicazione della domanda \u2192 progettazione gratuita \u2192 conferma delle bozze \u2192 programmazione MES \u2192 consegna in lotti \u2192 monitoraggio post-vendita\u00a0<strong>Scenari applicabili<\/strong>: set regalo di marca materno-infantile, piattaforma di e-commerce per il confezionamento di singoli prodotti, fornitura per l'esportazione transfrontaliera, ecc.<\/p>\n<p>Grazie all'integrazione di design, materiali e produzione intelligente, questo prodotto offre una soluzione di imballaggio unica per i prodotti per l'infanzia, dalla protezione alla comunicazione del marchio.<\/p>","protected":false},"excerpt":{"rendered":"<p>1. Il coperchio e la base adottano il design dei coperchi superiore e inferiore che si incastrano tra loro, ottenendo un'aderenza perfetta grazie a un preciso accoppiamento di dimensioni<br \/>\n2. Il rivestimento pu\u00f2 essere personalizzato con EVA ad alta densit\u00e0, spugna e altri materiali ammortizzanti, e gli elementi sono fissati attraverso scanalature indipendenti o strutture a nido d'ape per ridurre gli scuotimenti e l'usura.<br \/>\n3. Il corpo della scatola offre un'ampia area di stampa, che pu\u00f2 essere personalizzata con loghi del marchio e motivi artistici per migliorare l'immagine del marchio.<br \/>\n4. Il tipo di scatola, la dimensione, il colore, il materiale e l'effetto di stampa superficiale possono essere altamente personalizzati per adattarsi al vostro ciuccio del bambino e all'imballaggio del supporto del teether del bambino.<\/p>","protected":false},"featured_media":8897,"template":"","meta":[],"product_brand":[],"product_cat":[30,413,425,31],"product_tag":[1013,1014,1012],"class_list":{"0":"post-8896","1":"product","2":"type-product","3":"status-publish","4":"has-post-thumbnail","6":"product_cat-by-industry","7":"product_cat-consumer-electronics-boxes","8":"product_cat-lid-and-base-gift-box","9":"product_cat-paper-box-style","10":"product_tag-baby-teethers-packaging-box","11":"product_tag-custom-baby-pacifier-packaging","12":"product_tag-pacifier-clips-packaging","14":"first","15":"instock","16":"shipping-taxable","17":"product-type-simple"},"_links":{"self":[{"href":"https:\/\/zojopackaging.com\/it\/wp-json\/wp\/v2\/product\/8896","targetHints":{"allow":["GET"]}}],"collection":[{"href":"https:\/\/zojopackaging.com\/it\/wp-json\/wp\/v2\/product"}],"about":[{"href":"https:\/\/zojopackaging.com\/it\/wp-json\/wp\/v2\/types\/product"}],"version-history":[{"count":1,"href":"https:\/\/zojopackaging.com\/it\/wp-json\/wp\/v2\/product\/8896\/revisions"}],"predecessor-version":[{"id":8911,"href":"https:\/\/zojopackaging.com\/it\/wp-json\/wp\/v2\/product\/8896\/revisions\/8911"}],"wp:featuredmedia":[{"embeddable":true,"href":"https:\/\/zojopackaging.com\/it\/wp-json\/wp\/v2\/media\/8897"}],"wp:attachment":[{"href":"https:\/\/zojopackaging.com\/it\/wp-json\/wp\/v2\/media?parent=8896"}],"wp:term":[{"taxonomy":"product_brand","embeddable":true,"href":"https:\/\/zojopackaging.com\/it\/wp-json\/wp\/v2\/product_brand?post=8896"},{"taxonomy":"product_cat","embeddable":true,"href":"https:\/\/zojopackaging.com\/it\/wp-json\/wp\/v2\/product_cat?post=8896"},{"taxonomy":"product_tag","embeddable":true,"href":"https:\/\/zojopackaging.com\/it\/wp-json\/wp\/v2\/product_tag?post=8896"}],"curies":[{"name":"wp","href":"https:\/\/api.w.org\/{rel}","templated":true}]}}