{"id":8904,"date":"2025-03-31T17:48:04","date_gmt":"2025-03-31T09:48:04","guid":{"rendered":"https:\/\/zojopackaging.com\/?post_type=product&#038;p=8904"},"modified":"2025-03-31T19:21:14","modified_gmt":"2025-03-31T11:21:14","slug":"oem-perfume-pink-folding-paper-box-printing-recycled-foil-box-manufacturer","status":"publish","type":"product","link":"https:\/\/zojopackaging.com\/it\/product\/oem-perfume-pink-folding-paper-box-printing-recycled-foil-box-manufacturer\/","title":{"rendered":"OEM profumo rosa pieghevole scatola di carta stampa riciclato Foil Box Fornitore"},"content":{"rendered":"<p>Nel mercato del consumo di profumi, l'imballaggio non \u00e8 solo il \"biglietto da visita esterno\" del prodotto, ma anche il vettore principale dei valori del marchio e dell'esperienza dell'utente. I produttori cinesi di cartoni pieghevoli di fascia alta forniscono ai marchi soluzioni sia estetiche che pratiche attraverso l'innovazione tecnologica, l'aggiornamento dei processi e i servizi personalizzati. Di seguito si analizzano i vantaggi principali da pi\u00f9 punti di vista:<\/p>\n<h3 id=\"-1-350g-single-powder-card-material-thick-and-solid-suitable-for-full-capacity-bottle-types-\"><strong>1. 350 g di polvere singola materiale della scheda: spesso e solido, adatto a tipi di bottiglie a piena capacit\u00e0<\/strong><\/h3>\n<p>Utilizzando come materiale di base carta in polvere singola da 350 g (come la carta di primo livello Invercote), la superficie \u00e8 liscia e delicata, con flessibilit\u00e0 e rigidit\u00e0, e pu\u00f2 essere adattata a bottiglie di piena capacit\u00e0 come 100 ml, 50 ml e 30 ml. La struttura in carta incorporata fissa il flacone di profumo attraverso una precisa tecnologia di fustellatura, impedendo efficacemente lo scuotimento durante il trasporto e garantendo la sicurezza del prodotto. I dati dimostrano che i costi logistici dei prodotti di profumeria che utilizzano i cartoni pieghevoli possono essere ridotti di 20%-30%.<\/p>\n<h3 id=\"-2-pink-gradient-design-hazy-mist-advanced-visual-expression-\"><strong>2. Design a gradiente rosa: nebbia vaporosa, espressione visiva avanzata.<\/strong><\/h3>\n<p>Basato sul sistema di colori Morandi, l'effetto rosa sfumato \u00e8 ottenuto attraverso la stampa flessografica e la tecnologia di rivestimento UV, creando un'esperienza visiva coinvolgente di \"fragranza vaporosa\". Il team di progettazione supporta la personalizzazione dell'intero processo, dai file sorgente in formato CDR\/AI ai prodotti finiti, e i campioni possono essere prodotti al pi\u00f9 presto entro 24 ore. Ad esempio, la scatola di polvere sfumata personalizzata di un cliente utilizza un processo di stampa a caldo locale per rafforzare il LOGO del marchio, e il tasso di premio del feedback del mercato raggiunge 30%.<\/p>\n<h3 id=\"-3-hot-stamping-black-gold-process-highlight-the-brand-tone-multiple-colors-are-optional-\"><strong>3. Processo di stampa a caldo in oro nero: evidenziare il tono del marchio, pi\u00f9 colori sono opzionali<\/strong><\/h3>\n<p>Il processo di stampa a caldo e poi di stampa viene utilizzato per formare un effetto oro nero tridimensionale ad alta lucentezza sulla superficie della scatola di carta. Il colore della stampa a caldo pu\u00f2 essere personalizzato in rosso, blu, verde, champagne, ecc. Secondo i dati del Red Sun Laboratory, i film per stampa a caldo ad alta adesione della serie GR (spessore dello strato di colla \u22651,5\u03bcm) sono in grado di resistere al back-pulling dell'inchiostro e di garantire la durata del colore. Ad esempio, un marchio di fascia alta ha utilizzato il processo di stampa a caldo dell'oro nero per ottenere la sovrapposizione stratificata di LOGO e sfondo sfumato e ha vinto l'International Packaging Design Award.<\/p>\n<h3 id=\"-4-touch-film-technology-delicate-velvety-feeling-high-end-experience-upgrade-\"><strong>4. Tecnologia del film tattile: sensazione delicata e vellutata, aggiornamento dell'esperienza di alto livello.<\/strong><\/h3>\n<p>La pellicola tattile forma un tocco morbido e vellutato sulla superficie della scatola di carta, oltre a possedere propriet\u00e0 anti-impronta e anti-graffio. Il materiale di rivestimento \u00e8 trattato in modo speciale per raggiungere lo standard di impermeabilit\u00e0 IP65, in grado di resistere a lievi perdite causate dalla volatilizzazione del profumo. I dati dimostrano che la soddisfazione dei consumatori per le scatole di carta con film tattile \u00e8 40% superiore a quella delle scatole di carta ordinarie.<\/p>\n<h3 id=\"-5-china-s-powerful-factory-automated-production-daily-production-capacity-of-60-000-pieces-\"><strong>5. La potente fabbrica cinese: produzione automatizzata, capacit\u00e0 produttiva giornaliera di 60.000 pezzi.<\/strong><\/h3>\n<p>I produttori principali, come ZOJO Print, hanno investito 40 milioni di yuan per costruire una linea di produzione intelligente, utilizzando il sistema ERP per ottenere una connessione perfetta dell'intero processo di progettazione, prova e produzione, con una produzione giornaliera di 60.000 pezzi. Rispetto a una certa piattaforma di tesorizzazione, fornisce carta per il viso importata e servizi di stampa ad alta precisione al \"prezzo di fabbrica\", ad esempio l'errore di peso della scatola di carta \u00e8 controllato a 0,1-0,5 mm.<\/p>\n<h3 id=\"-6-20-year-experience-team-professional-design-solution-full-process-support-\"><strong>6. Team con 20 anni di esperienza: soluzione di progettazione professionale supporto completo del processo<\/strong><\/h3>\n<p>Disponiamo di un team trasversale, che comprende designer, ingegneri di stampa ed esperti di logistica, in grado di fornire servizi one-stop, dalla ricerca di mercato all'ottimizzazione del trasporto. Ad esempio, per le esigenze dei marchi di fascia alta, possiamo consigliare una scatola di carta in polpa di bamb\u00f9 certificata FSC + una soluzione di struttura tampone in cotone perlato incorporata; per il mercato di massa, consigliamo una combinazione di scatola in carta riciclata e processo semplificato.<\/p>\n<h3 id=\"-7-foldable-card-box-save-space-and-freight-control-brand-costs-\"><strong>7. Scatola di cartone pieghevole: risparmio di spazio e di trasporto, controllo dei costi del marchio.<\/strong><\/h3>\n<p>In combinazione con il sistema di stoccaggio automatizzato, un cliente ha ottenuto un aumento di 3 volte del volume delle singole spedizioni e una riduzione di 15% dei costi di stoccaggio grazie a questo progetto.<\/p>","protected":false},"excerpt":{"rendered":"<p>I produttori cinesi di cartoni pieghevoli OEM per profumi stanno rimodellando l'industria globale dell'imballaggio attraverso l'innovazione dei materiali, l'aggiornamento dei processi e i servizi digitali. In futuro, con la diffusione degli strumenti di progettazione AI e dei materiali ecologici, l'efficienza della produzione personalizzata sar\u00e0 ulteriormente migliorata e l'integrazione della produzione sostenibile e della struttura intelligente continuer\u00e0 a guidare l'evoluzione del settore verso direzioni di alto livello e rispettose dell'ambiente.<\/p>","protected":false},"featured_media":8910,"template":"","meta":[],"product_brand":[],"product_cat":[30,417,430,31],"product_tag":[1010,329,1011],"class_list":{"0":"post-8904","1":"product","2":"type-product","3":"status-publish","4":"has-post-thumbnail","6":"product_cat-by-industry","7":"product_cat-custom-perfume-boxes-by-industry","8":"product_cat-folding-cartons","9":"product_cat-paper-box-style","10":"product_tag-50ml-bottle-packaging","11":"product_tag-custom-perfume-box","12":"product_tag-paper-box-maker","14":"first","15":"instock","16":"shipping-taxable","17":"product-type-grouped"},"_links":{"self":[{"href":"https:\/\/zojopackaging.com\/it\/wp-json\/wp\/v2\/product\/8904","targetHints":{"allow":["GET"]}}],"collection":[{"href":"https:\/\/zojopackaging.com\/it\/wp-json\/wp\/v2\/product"}],"about":[{"href":"https:\/\/zojopackaging.com\/it\/wp-json\/wp\/v2\/types\/product"}],"version-history":[{"count":1,"href":"https:\/\/zojopackaging.com\/it\/wp-json\/wp\/v2\/product\/8904\/revisions"}],"predecessor-version":[{"id":8944,"href":"https:\/\/zojopackaging.com\/it\/wp-json\/wp\/v2\/product\/8904\/revisions\/8944"}],"wp:featuredmedia":[{"embeddable":true,"href":"https:\/\/zojopackaging.com\/it\/wp-json\/wp\/v2\/media\/8910"}],"wp:attachment":[{"href":"https:\/\/zojopackaging.com\/it\/wp-json\/wp\/v2\/media?parent=8904"}],"wp:term":[{"taxonomy":"product_brand","embeddable":true,"href":"https:\/\/zojopackaging.com\/it\/wp-json\/wp\/v2\/product_brand?post=8904"},{"taxonomy":"product_cat","embeddable":true,"href":"https:\/\/zojopackaging.com\/it\/wp-json\/wp\/v2\/product_cat?post=8904"},{"taxonomy":"product_tag","embeddable":true,"href":"https:\/\/zojopackaging.com\/it\/wp-json\/wp\/v2\/product_tag?post=8904"}],"curies":[{"name":"wp","href":"https:\/\/api.w.org\/{rel}","templated":true}]}}