{"id":8912,"date":"2025-03-31T18:23:36","date_gmt":"2025-03-31T10:23:36","guid":{"rendered":"https:\/\/zojopackaging.com\/?post_type=product&#038;p=8912"},"modified":"2025-03-31T19:02:28","modified_gmt":"2025-03-31T11:02:28","slug":"custom-luxury-cosmetic-collapsible-rigid-gift-box-wholesale","status":"publish","type":"product","link":"https:\/\/zojopackaging.com\/it\/product\/custom-luxury-cosmetic-collapsible-rigid-gift-box-wholesale\/","title":{"rendered":"Custom Luxury Cosmetic pieghevole rigida Gift Box all'ingrosso"},"content":{"rendered":"<h2 id=\"-core-advantages-of-the-product-\"><strong>Vantaggi principali del prodotto<\/strong><\/h2>\n<ol>\n<li><strong>Aspetto abbagliante della carta argento laser<\/strong>\u00a0La superficie del corpo della scatola \u00e8 realizzata in materiale di alta precisione.\u00a0<strong>materiale per schede laser in argento<\/strong>Il design \u00e8 stato elaborato con stampa UV e stampa a caldo\/argentatura per ottenere un effetto luce dinamico, che combina visivamente tecnologia e lusso. Questo design non solo si adatta alla tonalit\u00e0 dei marchi di cosmetici di fascia alta, ma attira anche l'attenzione dei consumatori quando viene esposto e rafforza la capacit\u00e0 premium del prodotto.<\/li>\n<li><strong>Contrasto di colore personalizzato all'interno della scatola<\/strong>\u00a0Supporta\u00a0<strong>personalizzazione personalizzata<\/strong>\u00a0del colore del rivestimento della scatola. I clienti possono specificare i numeri di colore Pantone o fornire disegni di progetto per ottenere un forte contrasto tra il colore della parete interna e l'aspetto del laser. Ad esempio, un rivestimento scuro con laser argentato pu\u00f2 aumentare il senso di mistero, mentre un rivestimento chiaro pu\u00f2 evidenziare la vitalit\u00e0 del prodotto.<\/li>\n<li><strong>Comoda struttura a ribalta<\/strong>\u00a0Adotta\u00a0<strong>design pieghevole della copertina ribaltabile<\/strong>che, una volta aperta, pu\u00f2 essere chiusa saldamente tramite aspirazione magnetica o struttura a fibbia. Dopo la chiusura, lo spessore \u00e8 solo 1\/3 di quello delle scatole tradizionali, il che \u00e8 comodo per il trasporto e lo stoccaggio. La scatola pu\u00f2 essere configurata in modo flessibile con divisori a strati o vassoi interni in EVA per adattarsi a cosmetici di diverse specifiche (come essenza, rossetto, polvere, ecc.) e visualizzare in modo intuitivo la forma del prodotto.<\/li>\n<li><strong>La spedizione piatta fa risparmiare sui costi<\/strong>\u00a0Il prodotto finito viene spedito sotto forma di\u00a0<strong>componenti piatti<\/strong>che pu\u00f2 essere formata semplicemente piegandola dopo che il cliente l'ha ricevuta. Rispetto alle tradizionali scatole preinstallate, pu\u00f2 ridurre il volume di trasporto di 60% e ridurre i costi logistici, risultando particolarmente adatto al commercio elettronico transfrontaliero o agli scenari di acquisto all'ingrosso.<\/li>\n<\/ol>\n<h2 id=\"-customized-service-support-\"><strong>Assistenza personalizzata<\/strong><\/h2>\n<ol>\n<li><strong>Libert\u00e0 di progettazione a tutto tondo<\/strong><\/li>\n<li><strong>Dimensione flessibile<\/strong>: Supporta la personalizzazione di tutte le dimensioni, dalle mini scatole di rossetti (5\u00d75\u00d72 cm) alle scatole regalo (30\u00d720\u00d710 cm), con un controllo dell'errore entro \u00b10,5 mm.<\/li>\n<li><strong>Processi diversi<\/strong>: Offre opzioni di stampa a caldo, goffratura, floccatura, serigrafia e altri processi e pu\u00f2 essere dotato di finestre in PVC trasparente o di dispositivi di apertura e chiusura magnetici per migliorare la funzionalit\u00e0 e l'estetica.<\/li>\n<li><strong>Aggiornamento del materiale<\/strong>: Oltre alla carta argentata laser, sono disponibili carta speciale, pelle PU, cartone a densit\u00e0 e altri materiali per soddisfare le esigenze di posizionamento dei diversi marchi.<\/li>\n<li><strong>Garanzia di qualit\u00e0 della fabbrica di origine<\/strong>\u00a0Come\u00a0<strong>Produttore di fonti di imballaggio di fascia alta in Cina<\/strong>Disponiamo di una fabbrica autogestita da 10.000\u33a1 e di oltre 200 attrezzature professionali, che supportano l'intero processo di servizio, dalla bozza del progetto (3-5 giorni) alla produzione di massa (7-15 giorni). Adottiamo carta grigia ecologica e adesivi di grado alimentare, superiamo la certificazione di qualit\u00e0 ISO e garantiamo che il prodotto soddisfi gli standard di sicurezza internazionali.<\/li>\n<\/ol>\n<h2 id=\"-price-and-batch-policy-\"><strong>Politica dei prezzi e dei lotti<\/strong><\/h2>\n<ul>\n<li><strong>Quantit\u00e0 minima ordinabile<\/strong>: 500 pezzi, le grandi quantit\u00e0 godono di sconti graduali (sconto 15% per pi\u00f9 di 5.000 pezzi).<\/li>\n<li><strong>Preventivo trasparente<\/strong>: Il prezzo franco fabbrica non include le tasse, fornisce ricevute o fatture IVA (i costi di fatturazione sono calcolati separatamente) e supporta la consegna globale via mare\/aerea.<\/li>\n<\/ul>","protected":false},"excerpt":{"rendered":"<p>1. Il corpo della scatola \u00e8 realizzato in lamina olografica stampata a caldo, che ha un effetto visivo splendido e aumenta il senso della moda e l'attrattiva del prodotto.<br \/>\n2. La scatola pu\u00f2 essere personalizzata con il colore preferito, che forma un contrasto cromatico con l'aspetto del laser e mette in risalto l'esposizione del prodotto.<br \/>\n3. La struttura pieghevole delle scatole regalo \u00e8 facile da aprire e consente di visualizzare intuitivamente lo spazio interno.<\/p>","protected":false},"featured_media":8915,"template":"","meta":[],"product_brand":[],"product_cat":[30,427,390,31],"product_tag":[1016,1015,1017],"class_list":{"0":"post-8912","1":"product","2":"type-product","3":"status-publish","4":"has-post-thumbnail","6":"product_cat-by-industry","7":"product_cat-collapsible-gift-boxes","8":"product_cat-custom-cosmetics-boxes","9":"product_cat-paper-box-style","10":"product_tag-cosmetic-collapsible-rigid-gift-box","11":"product_tag-custom-cosmetic-gift-box","12":"product_tag-luxury-cosmetic-gift-box","14":"first","15":"instock","16":"shipping-taxable","17":"product-type-simple"},"_links":{"self":[{"href":"https:\/\/zojopackaging.com\/it\/wp-json\/wp\/v2\/product\/8912","targetHints":{"allow":["GET"]}}],"collection":[{"href":"https:\/\/zojopackaging.com\/it\/wp-json\/wp\/v2\/product"}],"about":[{"href":"https:\/\/zojopackaging.com\/it\/wp-json\/wp\/v2\/types\/product"}],"version-history":[{"count":2,"href":"https:\/\/zojopackaging.com\/it\/wp-json\/wp\/v2\/product\/8912\/revisions"}],"predecessor-version":[{"id":8934,"href":"https:\/\/zojopackaging.com\/it\/wp-json\/wp\/v2\/product\/8912\/revisions\/8934"}],"wp:featuredmedia":[{"embeddable":true,"href":"https:\/\/zojopackaging.com\/it\/wp-json\/wp\/v2\/media\/8915"}],"wp:attachment":[{"href":"https:\/\/zojopackaging.com\/it\/wp-json\/wp\/v2\/media?parent=8912"}],"wp:term":[{"taxonomy":"product_brand","embeddable":true,"href":"https:\/\/zojopackaging.com\/it\/wp-json\/wp\/v2\/product_brand?post=8912"},{"taxonomy":"product_cat","embeddable":true,"href":"https:\/\/zojopackaging.com\/it\/wp-json\/wp\/v2\/product_cat?post=8912"},{"taxonomy":"product_tag","embeddable":true,"href":"https:\/\/zojopackaging.com\/it\/wp-json\/wp\/v2\/product_tag?post=8912"}],"curies":[{"name":"wp","href":"https:\/\/api.w.org\/{rel}","templated":true}]}}