{"id":8920,"date":"2025-03-31T18:50:04","date_gmt":"2025-03-31T10:50:04","guid":{"rendered":"https:\/\/zojopackaging.com\/?post_type=product&#038;p=8920"},"modified":"2025-03-31T19:13:44","modified_gmt":"2025-03-31T11:13:44","slug":"durable-custom-printed-kitchen-knife-boxes-wholesale","status":"publish","type":"product","link":"https:\/\/zojopackaging.com\/it\/product\/durable-custom-printed-kitchen-knife-boxes-wholesale\/","title":{"rendered":"Scatole di coltelli da cucina stampate personalizzate e durevoli all'ingrosso"},"content":{"rendered":"<h2 id=\"-core-function-design-\"><strong>Progettazione della funzione principale<\/strong><\/h2>\n<ol>\n<li><strong>Cassetto tipo Paper box per una facile apertura e chiusura<\/strong>\u00a0Adottare\u00a0<strong>struttura a cassetti scorrevoli<\/strong>Il corpo della scatola pu\u00f2 essere aperto e chiuso senza problemi grazie a guide di precisione e la resistenza al disimballaggio \u00e8 pari a \u22642N, per cui pu\u00f2 essere completato con una sola mano. Quando il corpo della scatola \u00e8 chiuso, lo spessore \u00e8 compresso a 1\/3 rispetto al tipo di scatola tradizionale, adatto ai cassetti della cucina o alle scene di esposizione sugli scaffali, tenendo conto della comodit\u00e0 di trasporto e dell'esperienza dell'utente.<\/li>\n<li><strong>Finestra trasparente per una visualizzazione intuitiva<\/strong>\u00a0A\u00a0<strong>Finestra trasparente in PVC<\/strong>\u00a0(spessore 0,3-0,5 mm) \u00e8 incastonato sulla parte anteriore o superiore del corpo della scatola e l'area visibile rappresenta 30%-50%. I clienti possono osservare la forma del coltello, i dettagli della lama e il logo del marchio senza aprire la scatola. Il bordo della finestra \u00e8 rinforzato con la tecnologia di laminazione UV e la resistenza ai graffi \u00e8 migliorata da 60%, evitando l'usura e la sfocatura durante il trasporto.<\/li>\n<\/ol>\n<h2 id=\"-aesthetics-and-brand-enhancement-\"><strong>Estetica e valorizzazione del marchio<\/strong><\/h2>\n<ol>\n<li><strong>Aggiornamento degli accessori decorativi<\/strong><\/li>\n<li><strong>Nastro personalizzato<\/strong>: Nastro opzionale in materiale satinato, opaco o laser, supporto per la stampa a caldo\/il LOGO del marchio in argento, larghezza da 1 a 3 cm, possibilit\u00e0 di fissaggio con fibbia magnetica o fessura.<\/li>\n<li><strong>Etichetta funzionale<\/strong>: Etichetta aggiuntiva anticontraffazione a strappo o etichetta di parametro del prodotto, stampata con inchiostro alimentare, che forma uno strato visivo tridimensionale con il nastro.<\/li>\n<\/ol>\n<h2 id=\"-full-dimensional-customization-service-\"><strong>Servizio di personalizzazione full-dimensional<\/strong><\/h2>\n<ol>\n<li><strong>Adattamento flessibile alle esigenze di confezionamento<\/strong><\/li>\n<li><strong>Selezione del tipo di scatola<\/strong>: Supporta 6 tipi di scatole di base, come il coperchio superiore e inferiore, la scatola per libri, la scatola per cassetti, ecc. e pu\u00f2 personalizzare strutture di forma speciale (come le scanalature per il manico del coltello a forma di arco).<\/li>\n<li><strong>Combinazione di materiali<\/strong>: Lo strato esterno \u00e8 realizzato in carta patinata 157GSM (opaca\/luminosa), lo strato interno \u00e8 in cartone grigio 1200GSM, ha superato la certificazione ambientale FSC e ha una capacit\u00e0 di carico di 10kg.<\/li>\n<li><strong>Aggiornamento tecnologico<\/strong>: Sono disponibili 12 processi di trattamento superficiale, tra cui goffratura, UV parziale, stampa a caldo, goffratura, ecc. e la grafica del marchio pu\u00f2 essere aggiunta al lato della scatola dei coltelli.<\/li>\n<\/ol>\n<h2 id=\"-safety-and-environmental-protection-guarantee-\"><strong>Garanzia di sicurezza e protezione ambientale<\/strong><\/h2>\n<ol>\n<li><strong>Protezione precisa del rivestimento<\/strong>\u00a0Personalizzato\u00a0<strong>Fodera in EVA<\/strong>\u00a0(densit\u00e0 0,15-0,3 g\/cm\u00b3) in base alle dimensioni del coltello, accuratamente inciso con incisione CNC, errore \u22640,2 mm, adatto a diversi tipi di lama come coltelli da taglio, coltelli Santoku e coltelli da frutta. Il rivestimento pu\u00f2 essere progettato a strati e possono essere aggiunti dei divisori per collocare accessori come pietre per affilare e oli per la cura.<\/li>\n<\/ol>\n<h2 id=\"-source-factory-support-policy-\"><strong>Politica di supporto alla fabbrica di origine<\/strong><\/h2>\n<ol>\n<li><strong>Modello di cooperazione a rischio zero<\/strong><\/li>\n<li><strong>Prova di stampa gratuita<\/strong>: Vengono forniti 3 piani di progettazione di base e i campioni fisici saranno inviati entro 48 ore.<\/li>\n<li><strong>Preventivo per la scala<\/strong>: Ordine minimo 500 pezzi, sconto 15% per oltre 5.000 pezzi.<\/li>\n<li><strong>Consegna globale<\/strong>: Supporto del trasporto marittimo (30-45 giorni), del trasporto aereo (7-10 giorni) e della consegna di piccoli lotti di e-commerce transfrontalieri.<\/li>\n<\/ol>","protected":false},"excerpt":{"rendered":"<p>1. Il design del cassetto e l'apertura scorrevole facilitano l'apertura e la chiusura da parte degli utenti, riducendo il tempo di funzionamento e migliorando l'esperienza di disimballaggio.<br \/>\n2. Il design della finestra consente ai clienti di vedere i prodotti all'interno in modo pi\u00f9 intuitivo, riducendo i costi di comunicazione.<br \/>\n3. Con accessori come i nastri, aumenta la bellezza e l'attrattiva visiva e migliora la riconoscibilit\u00e0 del marchio.<br \/>\n4. Il tipo di scatola, le dimensioni, il colore, il materiale e l'effetto di stampa superficiale possono essere altamente personalizzati per soddisfare l'imballaggio dei coltelli da cucina.<\/p>","protected":false},"featured_media":8932,"template":"","meta":[],"product_brand":[],"product_cat":[30,413,31,426],"product_tag":[1018,1019,1020],"class_list":{"0":"post-8920","1":"product","2":"type-product","3":"status-publish","4":"has-post-thumbnail","6":"product_cat-by-industry","7":"product_cat-consumer-electronics-boxes","8":"product_cat-paper-box-style","9":"product_cat-paper-drawer-boxes","10":"product_tag-custom-kitchen-knife-boxes","11":"product_tag-custom-kitchen-knife-boxes-wholesale","12":"product_tag-custom-printed-knife-packaging-boxes","14":"first","15":"instock","16":"shipping-taxable","17":"product-type-simple"},"_links":{"self":[{"href":"https:\/\/zojopackaging.com\/it\/wp-json\/wp\/v2\/product\/8920","targetHints":{"allow":["GET"]}}],"collection":[{"href":"https:\/\/zojopackaging.com\/it\/wp-json\/wp\/v2\/product"}],"about":[{"href":"https:\/\/zojopackaging.com\/it\/wp-json\/wp\/v2\/types\/product"}],"version-history":[{"count":3,"href":"https:\/\/zojopackaging.com\/it\/wp-json\/wp\/v2\/product\/8920\/revisions"}],"predecessor-version":[{"id":8936,"href":"https:\/\/zojopackaging.com\/it\/wp-json\/wp\/v2\/product\/8920\/revisions\/8936"}],"wp:featuredmedia":[{"embeddable":true,"href":"https:\/\/zojopackaging.com\/it\/wp-json\/wp\/v2\/media\/8932"}],"wp:attachment":[{"href":"https:\/\/zojopackaging.com\/it\/wp-json\/wp\/v2\/media?parent=8920"}],"wp:term":[{"taxonomy":"product_brand","embeddable":true,"href":"https:\/\/zojopackaging.com\/it\/wp-json\/wp\/v2\/product_brand?post=8920"},{"taxonomy":"product_cat","embeddable":true,"href":"https:\/\/zojopackaging.com\/it\/wp-json\/wp\/v2\/product_cat?post=8920"},{"taxonomy":"product_tag","embeddable":true,"href":"https:\/\/zojopackaging.com\/it\/wp-json\/wp\/v2\/product_tag?post=8920"}],"curies":[{"name":"wp","href":"https:\/\/api.w.org\/{rel}","templated":true}]}}